{"id":87,"date":"2013-05-07T11:26:58","date_gmt":"2013-05-07T09:26:58","guid":{"rendered":"http:\/\/wp.unil.ch\/chronozones\/?page_id=87"},"modified":"2024-09-06T15:56:24","modified_gmt":"2024-09-06T13:56:24","slug":"chronozones-16-2010","status":"publish","type":"page","link":"https:\/\/wp.unil.ch\/chronozones\/numeros\/chronozones-16-2010\/","title":{"rendered":"Chronozones 16 (2010)"},"content":{"rendered":"<h4>Sommaire<\/h4>\n<ul>\n<li><span style=\"font-family: Verdana,Arial,Helvetica,sans-serif;font-size: small\"><em>Aur\u00e9lie L\u00fcthi,<\/em> <strong>Ils sont fous ces Anciens ! R\u00e9flexions (rom)antique sur la d\u00e9mence<\/strong><\/span><\/li>\n<li><span style=\"font-family: Verdana,Arial,Helvetica,sans-serif;font-size: small\"><em>St\u00e9phane Pittet, <\/em><strong>Quels sabres pour l&rsquo;Antiquit\u00e9 ?<\/strong><\/span><\/li>\n<li><span style=\"font-family: Verdana,Arial,Helvetica,sans-serif;font-size: small\"><em>Margot Daeppen, <\/em><strong>La brique crue, de la maison \u00e0 la ziggurat<\/strong> <\/span><\/li>\n<li><span style=\"font-family: Verdana,Arial,Helvetica,sans-serif;font-size: small\"><em>Antoine Viredaz, <\/em><strong>Comment importer un po\u00e8te <\/strong><\/span><\/li>\n<li><span style=\"font-family: Verdana,Arial,Helvetica,sans-serif;font-size: small\"><em>Yann Mamin, <\/em><strong>Une <em>villa<\/em> gallo-romaine en p\u00e9riph\u00e9rie de <em> Lousonna<\/em><\/strong><\/span><\/li>\n<li><span style=\"font-family: Verdana,Arial,Helvetica,sans-serif;font-size: small\"><em>Erwan Le Bec, <strong>Aventicum<\/strong><\/em><strong> \u00e0 l&rsquo;heure chr\u00e9tienne<\/strong><\/span><\/li>\n<li><span style=\"font-family: Verdana,Arial,Helvetica,sans-serif;font-size: small\"><em>Claire Diebold, Nathana\u00ebl Carron, <\/em>Dossier 2009 : Road (bad) trip<\/span><\/li>\n<li><span style=\"font-family: Verdana,Arial,Helvetica,sans-serif;font-size: small\"><em>Florian Pfingsttag ,<\/em> <strong>Quand la barque \u00e9gyptienne d\u00e9rive<\/strong><\/span><\/li>\n<li><span style=\"font-family: Verdana,Arial,Helvetica,sans-serif;font-size: small\"><em>Fanny Guex,<\/em> <strong>Les repr\u00e9sentations grecques de l&rsquo;Inde, Voyage entre imaginaire et r\u00e9alit\u00e9<\/strong><\/span><\/li>\n<li><span style=\"font-family: Verdana,Arial,Helvetica,sans-serif;font-size: small\"><em>Yannick Diebold, <\/em><strong>Aster\u00f4n Wars<\/strong><\/span><\/li>\n<li><span style=\"font-family: Verdana,Arial,Helvetica,sans-serif;font-size: small\"><em>Florian Chiaradia, <strong>Les voies d&rsquo;eau int\u00e9rieures, en Italie et au Nord des Alpes<\/strong><\/em><\/span><\/li>\n<li><span style=\"font-family: Verdana,Arial,Helvetica,sans-serif;font-size: small\"><em>Aur\u00e9lie Crausaz, Claire Diebold, <\/em><strong>So co(o)l !<\/strong><\/span><\/li>\n<li><span style=\"font-family: Verdana,Arial,Helvetica,sans-serif;font-size: small\"><em>Nicolas Consiglio, <\/em> <strong>Dernier voyage<\/strong><\/span><\/li>\n<li><span style=\"font-family: Verdana,Arial,Helvetica,sans-serif;font-size: small\"><em>Collectif, <\/em> <strong>Venus d&rsquo;ailleurs&#8230;..<\/strong><\/span><\/li>\n<li><span style=\"font-family: Verdana,Arial,Helvetica,sans-serif;font-size: small\"><em>Pascal Burgunder, <\/em> <strong>Une exp\u00e9dition arch\u00e9ologique <\/strong><\/span><\/li>\n<li><span style=\"font-family: Verdana,Arial,Helvetica,sans-serif;font-size: small\"><em>Fanny Dao, <\/em> <strong>Le soleil ne cachera plus la lune<\/strong><\/span><\/li>\n<li><span style=\"font-family: Verdana,Arial,Helvetica,sans-serif;font-size: small\"><em>Michael Krieger, Antoine Tenud, Amaury Tissot, <\/em> <strong>Play Metal, learn Antiquity !<\/strong><\/span><\/li>\n<li><span style=\"font-family: Verdana,Arial,Helvetica,sans-serif;font-size: small\"><em>Adeline Pichot, <\/em> <strong>Apicullus<\/strong><\/span><\/li>\n<\/ul>\n<p>\u27a4 <a href=\"https:\/\/wp.unil.ch\/chronozones\/commander\/\" data-type=\"page\" data-id=\"7\">Disponible en ligne<\/a><\/p>\n<p><a title=\"Commander\" href=\"https:\/\/wp.unil.ch\/chronozones\/commander\/\">Commande de num\u00e9ros de Chronozones<\/a> \u2022 Retour \u00e0 la <a title=\"Num\u00e9ros\" href=\"https:\/\/wp.unil.ch\/chronozones\/numeros\/\">liste des num\u00e9ros<\/a><\/p>\n","protected":false},"excerpt":{"rendered":"<p>Sommaire Aur\u00e9lie L\u00fcthi, Ils sont fous ces Anciens ! R\u00e9flexions (rom)antique sur la d\u00e9mence St\u00e9phane Pittet, Quels sabres pour l&rsquo;Antiquit\u00e9 ? Margot Daeppen, La brique crue, de la maison \u00e0 &hellip; <\/p>\n","protected":false},"author":1258,"featured_media":0,"parent":9,"menu_order":16,"comment_status":"closed","ping_status":"closed","template":"","meta":{"_seopress_robots_primary_cat":"","_seopress_titles_title":"","_seopress_titles_desc":"","_seopress_robots_index":"","footnotes":""},"class_list":["post-87","page","type-page","status-publish"],"_links":{"self":[{"href":"https:\/\/wp.unil.ch\/chronozones\/wp-json\/wp\/v2\/pages\/87","targetHints":{"allow":["GET"]}}],"collection":[{"href":"https:\/\/wp.unil.ch\/chronozones\/wp-json\/wp\/v2\/pages"}],"about":[{"href":"https:\/\/wp.unil.ch\/chronozones\/wp-json\/wp\/v2\/types\/page"}],"author":[{"embeddable":true,"href":"https:\/\/wp.unil.ch\/chronozones\/wp-json\/wp\/v2\/users\/1258"}],"replies":[{"embeddable":true,"href":"https:\/\/wp.unil.ch\/chronozones\/wp-json\/wp\/v2\/comments?post=87"}],"version-history":[{"count":1,"href":"https:\/\/wp.unil.ch\/chronozones\/wp-json\/wp\/v2\/pages\/87\/revisions"}],"predecessor-version":[{"id":673,"href":"https:\/\/wp.unil.ch\/chronozones\/wp-json\/wp\/v2\/pages\/87\/revisions\/673"}],"up":[{"embeddable":true,"href":"https:\/\/wp.unil.ch\/chronozones\/wp-json\/wp\/v2\/pages\/9"}],"wp:attachment":[{"href":"https:\/\/wp.unil.ch\/chronozones\/wp-json\/wp\/v2\/media?parent=87"}],"curies":[{"name":"wp","href":"https:\/\/api.w.org\/{rel}","templated":true}]}}