{"id":83,"date":"2013-05-07T11:25:03","date_gmt":"2013-05-07T09:25:03","guid":{"rendered":"http:\/\/wp.unil.ch\/chronozones\/?page_id=83"},"modified":"2024-09-06T15:55:39","modified_gmt":"2024-09-06T13:55:39","slug":"chronozones-14-2008","status":"publish","type":"page","link":"https:\/\/wp.unil.ch\/chronozones\/numeros\/chronozones-14-2008\/","title":{"rendered":"Chronozones 14 (2008)"},"content":{"rendered":"<h4>Sommaire<\/h4>\n<ul>\n<li><span style=\"font-family: Verdana,Arial,Helvetica,sans-serif;font-size: small\"><em>Aur\u00e9lie Luthi,<\/em> <strong>Le chien dans l&rsquo;antiquit\u00e9 : terrible pr\u00e9dateur ou gentil toutou?<\/strong><\/span><\/li>\n<li><span style=\"font-family: Verdana,Arial,Helvetica,sans-serif;font-size: small\"><em>Antoine Tenud, <\/em><strong>Commerce et transport maritime \u00e9trusque en Gaule m\u00e9ridonale<\/strong><\/span><\/li>\n<li><span style=\"font-family: Verdana,Arial,Helvetica,sans-serif;font-size: small\"><em>Natasha Rossel, <\/em><strong>Les inhumations en position assise en Gaule<\/strong> <\/span><\/li>\n<li><span style=\"font-family: Verdana,Arial,Helvetica,sans-serif;font-size: small\"><em> St\u00e9phanie Baechler, Fanny Dao, <\/em><strong>Les enfants cach\u00e9s du Parc Piguet<\/strong><\/span><\/li>\n<li><span style=\"font-family: Verdana,Arial,Helvetica,sans-serif;font-size: small\"><em>Jessica Cuerq, Marie Walz, <\/em><strong>Les Anglais, ces descendants d&rsquo;En\u00e9e<\/strong><\/span><\/li>\n<li><span style=\"font-family: Verdana,Arial,Helvetica,sans-serif;font-size: small\"><em>David Auberson, <\/em> <strong>Albert Naef, un p\u00e8re de l&rsquo;arch\u00e9ologie moderne<\/strong><\/span><\/li>\n<li><span style=\"font-family: Verdana,Arial,Helvetica,sans-serif;font-size: small\"><em>Natasha Hataway, Alexandre Sp\u00fchler, <\/em> <strong>Faire table commune avec Dieu et Mithra<\/strong><\/span><\/li>\n<li><span style=\"font-family: Verdana,Arial,Helvetica,sans-serif;font-size: small\"><em>Camille Avellan, <\/em><strong>Dossier 2008 : Pour une histoire de la cuisine<\/strong> <\/span><\/li>\n<li><span style=\"font-family: Verdana,Arial,Helvetica,sans-serif;font-size: small\"><em> Aline Dezarsens, Sophie Jaccoud, Claire Oppliger,<\/em> <strong>Cuisine et litt\u00e9rature grecque, un m\u00e9lange de saveurs<\/strong><\/span><\/li>\n<li><span style=\"font-family: Verdana,Arial,Helvetica,sans-serif;font-size: small\"><em>Guy Ackermann, <\/em><strong>Les cuisines de D\u00e9los<\/strong> <\/span><\/li>\n<li><span style=\"font-family: Verdana,Arial,Helvetica,sans-serif;font-size: small\"><em>Mirja Lehmann, Manuel Martinez de Tejada, Louise Pillet, <\/em><strong>La cuisine dans la litt\u00e9rature latine : entre frugalit\u00e9 et opulence<\/strong><\/span><\/li>\n<li><span style=\"font-family: Verdana,Arial,Helvetica,sans-serif;font-size: small\"><em>Yann Mamin, <\/em><strong>Les boulangeries de Pompe\u00ef : artisanat local ou production de masse?<\/strong><\/span><\/li>\n<li><span style=\"font-family: Verdana,Arial,Helvetica,sans-serif;font-size: small\"><em>Laurent Saget, <\/em><strong>De la carri\u00e8re \u00e0 la cuisine : les meules rotatives<\/strong><\/span><\/li>\n<li><span style=\"font-family: Verdana,Arial,Helvetica,sans-serif;font-size: small\"><em>Camille Avelan, <\/em> <strong>Les c\u00e9ramiques culinaires \u00e0 Bibracte : approches combin\u00e9es<\/strong><\/span><\/li>\n<li><span style=\"font-family: Verdana,Arial,Helvetica,sans-serif;font-size: small\"><em>Nicole Beuret, Catherine Martini, <\/em><strong>Les festins rituels gaulois<\/strong><\/span><\/li>\n<li><span style=\"font-family: Verdana,Arial,Helvetica,sans-serif;font-size: small\"><em> Karine Meylan,<\/em> <strong>Le dernier Banquet<\/strong><\/span><\/li>\n<li><span style=\"font-family: Verdana,Arial,Helvetica,sans-serif;font-size: small\"><em>Natacha Rossel, <\/em><strong>Quelques recettes de cuisine antique&#8230;<\/strong><\/span><\/li>\n<li><span style=\"font-family: Verdana,Arial,Helvetica,sans-serif;font-size: small\"><em>Jennifer Genovese, <\/em><strong>Le Lupercal \u00e0 Rome, retour sur une d\u00e9couverte contrevers\u00e9e<\/strong><\/span><\/li>\n<li><span style=\"font-family: Verdana,Arial,Helvetica,sans-serif;font-size: small\"><em>Pascal Morisod, <\/em> <strong>Ame et psych\u00e9 : Platon et Freud r\u00e9unis<\/strong><\/span><\/li>\n<li><span style=\"font-family: Verdana,Arial,Helvetica,sans-serif;font-size: small\"><em>Pierre-Alain Capt, <\/em><strong>La c\u00e9ramique : entre r\u00e9flexion et exp\u00e9rimentation<\/strong><\/span><\/li>\n<\/ul>\n<p>\u27a4 <a href=\"https:\/\/wp.unil.ch\/chronozones\/commander\/\" data-type=\"page\" data-id=\"7\">Disponible en ligne<\/a><\/p>\n<p><a title=\"Commander\" href=\"https:\/\/wp.unil.ch\/chronozones\/commander\/\">Commande de num\u00e9ros de Chronozones<\/a> \u2022 Retour \u00e0 la <a title=\"Num\u00e9ros\" href=\"https:\/\/wp.unil.ch\/chronozones\/numeros\/\">liste des num\u00e9ros<\/a><\/p>\n","protected":false},"excerpt":{"rendered":"<p>Sommaire Aur\u00e9lie Luthi, Le chien dans l&rsquo;antiquit\u00e9 : terrible pr\u00e9dateur ou gentil toutou? Antoine Tenud, Commerce et transport maritime \u00e9trusque en Gaule m\u00e9ridonale Natasha Rossel, Les inhumations en position assise &hellip; <\/p>\n","protected":false},"author":1258,"featured_media":0,"parent":9,"menu_order":14,"comment_status":"closed","ping_status":"closed","template":"","meta":{"_seopress_robots_primary_cat":"","_seopress_titles_title":"","_seopress_titles_desc":"","_seopress_robots_index":"","footnotes":""},"class_list":["post-83","page","type-page","status-publish"],"_links":{"self":[{"href":"https:\/\/wp.unil.ch\/chronozones\/wp-json\/wp\/v2\/pages\/83","targetHints":{"allow":["GET"]}}],"collection":[{"href":"https:\/\/wp.unil.ch\/chronozones\/wp-json\/wp\/v2\/pages"}],"about":[{"href":"https:\/\/wp.unil.ch\/chronozones\/wp-json\/wp\/v2\/types\/page"}],"author":[{"embeddable":true,"href":"https:\/\/wp.unil.ch\/chronozones\/wp-json\/wp\/v2\/users\/1258"}],"replies":[{"embeddable":true,"href":"https:\/\/wp.unil.ch\/chronozones\/wp-json\/wp\/v2\/comments?post=83"}],"version-history":[{"count":1,"href":"https:\/\/wp.unil.ch\/chronozones\/wp-json\/wp\/v2\/pages\/83\/revisions"}],"predecessor-version":[{"id":671,"href":"https:\/\/wp.unil.ch\/chronozones\/wp-json\/wp\/v2\/pages\/83\/revisions\/671"}],"up":[{"embeddable":true,"href":"https:\/\/wp.unil.ch\/chronozones\/wp-json\/wp\/v2\/pages\/9"}],"wp:attachment":[{"href":"https:\/\/wp.unil.ch\/chronozones\/wp-json\/wp\/v2\/media?parent=83"}],"curies":[{"name":"wp","href":"https:\/\/api.w.org\/{rel}","templated":true}]}}