{"id":81,"date":"2013-05-07T11:23:30","date_gmt":"2013-05-07T09:23:30","guid":{"rendered":"http:\/\/wp.unil.ch\/chronozones\/?page_id=81"},"modified":"2024-09-06T15:55:21","modified_gmt":"2024-09-06T13:55:21","slug":"chronozones-13-2007","status":"publish","type":"page","link":"https:\/\/wp.unil.ch\/chronozones\/numeros\/chronozones-13-2007\/","title":{"rendered":"Chronozones 13 (2007)"},"content":{"rendered":"<h4>Sommaire<\/h4>\n<ul>\n<li><span style=\"font-family: Verdana,Arial,Helvetica,sans-serif;font-size: small\"><em>Florence Bertholet,<\/em> <strong> Les inscriptions fun\u00e9raires du territoire de la Suisse actuelle<\/strong><\/span><\/li>\n<li><span style=\"font-family: Verdana,Arial,Helvetica,sans-serif;font-size: small\"><em>Nicolas Gex, <\/em><strong>Qui est Aristonicos ?<\/strong><\/span><\/li>\n<li><span style=\"font-family: Verdana,Arial,Helvetica,sans-serif;font-size: small\"><em>Fanny Dao, Natasha Hathaway, <\/em><strong>Les tourbi\u00e8res : des \u00e9crins pour l&rsquo;arch\u00e9ologie<\/strong> <\/span><\/li>\n<li><span style=\"font-family: Verdana,Arial,Helvetica,sans-serif;font-size: small\"><em> Fabien Maret, <\/em><strong>Virgile parodi\u00e9<\/strong><\/span><\/li>\n<li><span style=\"font-family: Verdana,Arial,Helvetica,sans-serif;font-size: small\"><em>Laurent Saget, <\/em> <strong>Un thiase marin sur le <em>forum<\/em> de Nyon<\/strong><\/span><\/li>\n<li><span style=\"font-family: Verdana,Arial,Helvetica,sans-serif;font-size: small\"><em>Guy Ackermann, <\/em> <strong>Le voyage de N\u00e9ron en Gr\u00e8ce vu par la numismatique<\/strong><\/span><\/li>\n<li><span style=\"font-family: Verdana,Arial,Helvetica,sans-serif;font-size: small\"><em>Pascal Burgunder, <\/em><strong> Myrmekion : une colonie grecque sur le Bosphore cimm\u00e9rien<\/strong><\/span><\/li>\n<li><span style=\"font-family: Verdana,Arial,Helvetica,sans-serif;font-size: small\"><em> Olivier Heubi,<\/em> <strong>Un <em>oppidum<\/em> helv\u00e8te \u00e0 Sermuz<\/strong><\/span><\/li>\n<li><span style=\"font-family: Verdana,Arial,Helvetica,sans-serif;font-size: small\"><em>Thierry Luginb\u00fchl,<\/em><strong> Arch\u00e9ologie et exp\u00e9rimentation<\/strong> <\/span><\/li>\n<li><span style=\"font-family: Verdana,Arial,Helvetica,sans-serif;font-size: small\"><em>Micha\u00ebl Hewer, <\/em><strong>Exp\u00e9rimentation guerri\u00e8re : l&rsquo;armement celtique en question<\/strong><\/span><\/li>\n<li><span style=\"font-family: Verdana,Arial,Helvetica,sans-serif;font-size: small\"><em>C\u00e9dric Cramatte, <\/em><strong>C&rsquo;est pas une mince \u00e0 fer!<\/strong><\/span><\/li>\n<li><span style=\"font-family: Verdana,Arial,Helvetica,sans-serif;font-size: small\"><em>Markita Volken, <\/em><strong>Calc\u00e9ologie, la m\u00e9decine l\u00e9gale des vieux souliers<\/strong><\/span><\/li>\n<li><span style=\"font-family: Verdana,Arial,Helvetica,sans-serif;font-size: small\"><em>Yann Mamin, <\/em> <strong>L&rsquo;arch\u00e9ologie du vin, des vestiges \u00e0 la d\u00e9gustation<\/strong><\/span><\/li>\n<li><span style=\"font-family: Verdana,Arial,Helvetica,sans-serif;font-size: small\"><em>Aline Dezarsens, Yannick Diebold, <\/em><strong>La r\u00e9volte d&rsquo;Andromaque <\/strong><\/span><\/li>\n<li><span style=\"font-family: Verdana,Arial,Helvetica,sans-serif;font-size: small\"><em> Fabien Kr\u00e4henb\u00fchl, Michael Krieger,<\/em> <strong>Trait\u00e9 sur le poisson, le vin et l&rsquo;amour<\/strong><\/span><\/li>\n<li><span style=\"font-family: Verdana,Arial,Helvetica,sans-serif;font-size: small\"><em>Camille Avellan, <\/em><strong>Stupeur et tremblement \u00e0 Kami-takamori <\/strong><\/span><\/li>\n<li><span style=\"font-family: Verdana,Arial,Helvetica,sans-serif;font-size: small\"><em>Reine-Marie B\u00e9rard, <\/em><strong>Princes, danseurs et autres sangliers<\/strong><\/span><\/li>\n<\/ul>\n<p>\u27a4 <a href=\"https:\/\/wp.unil.ch\/chronozones\/commander\/\" data-type=\"page\" data-id=\"7\">Disponible en ligne<\/a><\/p>\n<p><a title=\"Commander\" href=\"https:\/\/wp.unil.ch\/chronozones\/commander\/\">Commande de num\u00e9ros de Chronozones<\/a> \u2022 Retour \u00e0 la <a title=\"Num\u00e9ros\" href=\"https:\/\/wp.unil.ch\/chronozones\/numeros\/\">liste des num\u00e9ros<\/a><\/p>\n","protected":false},"excerpt":{"rendered":"<p>Sommaire Florence Bertholet, Les inscriptions fun\u00e9raires du territoire de la Suisse actuelle Nicolas Gex, Qui est Aristonicos ? Fanny Dao, Natasha Hathaway, Les tourbi\u00e8res : des \u00e9crins pour l&rsquo;arch\u00e9ologie Fabien &hellip; <\/p>\n","protected":false},"author":1258,"featured_media":0,"parent":9,"menu_order":13,"comment_status":"closed","ping_status":"closed","template":"","meta":{"_seopress_robots_primary_cat":"","_seopress_titles_title":"","_seopress_titles_desc":"","_seopress_robots_index":"","footnotes":""},"class_list":["post-81","page","type-page","status-publish"],"_links":{"self":[{"href":"https:\/\/wp.unil.ch\/chronozones\/wp-json\/wp\/v2\/pages\/81","targetHints":{"allow":["GET"]}}],"collection":[{"href":"https:\/\/wp.unil.ch\/chronozones\/wp-json\/wp\/v2\/pages"}],"about":[{"href":"https:\/\/wp.unil.ch\/chronozones\/wp-json\/wp\/v2\/types\/page"}],"author":[{"embeddable":true,"href":"https:\/\/wp.unil.ch\/chronozones\/wp-json\/wp\/v2\/users\/1258"}],"replies":[{"embeddable":true,"href":"https:\/\/wp.unil.ch\/chronozones\/wp-json\/wp\/v2\/comments?post=81"}],"version-history":[{"count":1,"href":"https:\/\/wp.unil.ch\/chronozones\/wp-json\/wp\/v2\/pages\/81\/revisions"}],"predecessor-version":[{"id":670,"href":"https:\/\/wp.unil.ch\/chronozones\/wp-json\/wp\/v2\/pages\/81\/revisions\/670"}],"up":[{"embeddable":true,"href":"https:\/\/wp.unil.ch\/chronozones\/wp-json\/wp\/v2\/pages\/9"}],"wp:attachment":[{"href":"https:\/\/wp.unil.ch\/chronozones\/wp-json\/wp\/v2\/media?parent=81"}],"curies":[{"name":"wp","href":"https:\/\/api.w.org\/{rel}","templated":true}]}}