{"id":737,"date":"2025-09-08T18:40:17","date_gmt":"2025-09-08T16:40:17","guid":{"rendered":"https:\/\/wp.unil.ch\/chronozones\/?page_id=737"},"modified":"2025-09-08T18:43:43","modified_gmt":"2025-09-08T16:43:43","slug":"chronozones-30-2025","status":"publish","type":"page","link":"https:\/\/wp.unil.ch\/chronozones\/numeros\/chronozones-30-2025\/","title":{"rendered":"Chronozones 30 (2025)"},"content":{"rendered":"\n<p class=\"has-medium-font-size\">Sommaire <\/p>\n\n\n\n<p>Anniversaire<\/p>\n\n\n\n<ul class=\"wp-block-list\">\n<li><em>Maxime Aubert et Samuel Meyer<\/em>, <strong><em>Chronozones<\/em> : 31 ans de passion \u00e9tudiante pour l\u2019Antiquit\u00e9<\/strong><\/li>\n<\/ul>\n\n\n\n<p>Dossier th\u00e9matique : <em><strong>L&rsquo;Antiquit\u00e9 revisit\u00e9e<\/strong><\/em><\/p>\n\n\n\n<ul class=\"wp-block-list\">\n<li><em>Claudio Pacheco Martins<\/em>, <strong>La Description de la Gr\u00e8ce : l\u2019absence de la stoa d\u2019Attale II<\/strong><\/li>\n\n\n\n<li><em>Emilie Bosisio<\/em>, <strong>Claude, l\u2019empereur \u00e9truscologue<\/strong><\/li>\n\n\n\n<li><em>Camilla Proto<\/em>, <strong>Entre fid\u00e9lit\u00e9 et id\u00e9alisation : le cas de la <em>Pompeian Court<\/em> au <em>Crystal Palace<\/em><\/strong><\/li>\n\n\n\n<li><em>Charlotte Palthey<\/em>, <strong>La maison pomp\u00e9ienne d\u2019Alfred Normand, une restitution id\u00e9ale ?<\/strong><\/li>\n\n\n\n<li><em>Marie Fasel<\/em>, <strong><em>Il\u00edou M\u00e9lathron<\/em>. La r\u00e9sidence autobiographique de Heinrich Schliemann<\/strong><\/li>\n\n\n\n<li><em>Evan Vaucher<\/em>, <strong>Mithra, le dieu bizuteur ? R\u00e9flexions sur la violence d\u2019une initiation<\/strong><\/li>\n\n\n\n<li><em>Simon Renard<\/em>, <strong><em>Scipione l\u2019Africano<\/em> : l\u2019imaginaire antique au service de Mussolini<\/strong><\/li>\n\n\n\n<li><em>Charlotte Emaresi<\/em>, <strong>Cl\u00e9op\u00e2tre VII, entre mythe et r\u00e9alit\u00e9<\/strong><\/li>\n\n\n\n<li><em>Thibaut Voumard<\/em>, <strong>Wonder Woman <em>vs<\/em> Circ\u00e9<\/strong><\/li>\n<\/ul>\n\n\n\n<p>Materia<\/p>\n\n\n\n<ul class=\"wp-block-list\">\n<li><em>Thibaut Voumard<\/em>, <strong>Circ\u00e9 : vilaine sorci\u00e8re ou bonne f\u00e9e ?<\/strong><\/li>\n\n\n\n<li><em>Th\u00e9o Vonnez et Aris Baiardi<\/em>, <strong>Carnivores romains : chiens et chat de Vidy-Boulodrome<\/strong><\/li>\n\n\n\n<li><em>Sora Schertenleib<\/em>, <strong>La tour de la Moli\u00e8re : un tr\u00e9sor m\u00e9di\u00e9val \u00e0 d\u00e9chiffrer<\/strong><\/li>\n\n\n\n<li><em>Aris Baiardi<\/em>, <strong><em>Quid in tegulis<\/em> ? Analyse des marques de Vidy-Boulodrome<\/strong><\/li>\n<\/ul>\n\n\n\n<p>Antemnae<\/p>\n\n\n\n<ul class=\"wp-block-list\">\n<li><em>Naguy Belkhir et Yann Travaglini<\/em>, <strong>Des d\u00e9clamations pas si petites\u2026<\/strong><\/li>\n\n\n\n<li><em>Findeo et Mendeo<\/em>, <strong>Du d\u00e9chiffrement du lin\u00e9aire A : traduction d\u2019une tablette in\u00e9dite<\/strong><\/li>\n<\/ul>\n\n\n\n<p><\/p>\n\n\n\n<p><a href=\"https:\/\/wp.unil.ch\/chronozones\/commander\/\">Commande de num\u00e9ros de Chronozones<\/a> \u2022 Retour \u00e0 la <a href=\"https:\/\/wp.unil.ch\/chronozones\/numeros\/\">liste des num\u00e9ros<\/a><\/p>\n","protected":false},"excerpt":{"rendered":"<p>Sommaire Anniversaire Dossier th\u00e9matique : L&rsquo;Antiquit\u00e9 revisit\u00e9e Materia Antemnae Commande de num\u00e9ros de Chronozones \u2022 Retour \u00e0 la liste des num\u00e9ros<\/p>\n","protected":false},"author":1002696,"featured_media":0,"parent":9,"menu_order":30,"comment_status":"open","ping_status":"closed","template":"","meta":{"_seopress_robots_primary_cat":"","_seopress_titles_title":"","_seopress_titles_desc":"","_seopress_robots_index":"","footnotes":""},"class_list":["post-737","page","type-page","status-publish"],"_links":{"self":[{"href":"https:\/\/wp.unil.ch\/chronozones\/wp-json\/wp\/v2\/pages\/737","targetHints":{"allow":["GET"]}}],"collection":[{"href":"https:\/\/wp.unil.ch\/chronozones\/wp-json\/wp\/v2\/pages"}],"about":[{"href":"https:\/\/wp.unil.ch\/chronozones\/wp-json\/wp\/v2\/types\/page"}],"author":[{"embeddable":true,"href":"https:\/\/wp.unil.ch\/chronozones\/wp-json\/wp\/v2\/users\/1002696"}],"replies":[{"embeddable":true,"href":"https:\/\/wp.unil.ch\/chronozones\/wp-json\/wp\/v2\/comments?post=737"}],"version-history":[{"count":1,"href":"https:\/\/wp.unil.ch\/chronozones\/wp-json\/wp\/v2\/pages\/737\/revisions"}],"predecessor-version":[{"id":738,"href":"https:\/\/wp.unil.ch\/chronozones\/wp-json\/wp\/v2\/pages\/737\/revisions\/738"}],"up":[{"embeddable":true,"href":"https:\/\/wp.unil.ch\/chronozones\/wp-json\/wp\/v2\/pages\/9"}],"wp:attachment":[{"href":"https:\/\/wp.unil.ch\/chronozones\/wp-json\/wp\/v2\/media?parent=737"}],"curies":[{"name":"wp","href":"https:\/\/api.w.org\/{rel}","templated":true}]}}