{"id":56,"date":"2013-05-07T11:11:18","date_gmt":"2013-05-07T09:11:18","guid":{"rendered":"http:\/\/wp.unil.ch\/chronozones\/?page_id=56"},"modified":"2024-09-06T15:54:19","modified_gmt":"2024-09-06T13:54:19","slug":"chronozones-10-2004","status":"publish","type":"page","link":"https:\/\/wp.unil.ch\/chronozones\/numeros\/chronozones-10-2004\/","title":{"rendered":"Chronozones 10 (2004)"},"content":{"rendered":"\n<h4 class=\"wp-block-heading\">Sommaire<\/h4>\n\n\n\n<ul class=\"wp-block-list\">\n<li><span style=\"font-family: Verdana,Arial,Helvetica,sans-serif;font-size: small\"><em><span style=\"font-family: Verdana,Arial,Helvetica,sans-serif;font-size: small\">Richard Sylvestre,<\/span><\/em><strong><span style=\"font-family: Verdana,Arial,Helvetica,sans-serif;font-size: small\">&nbsp;<\/span><a href=\"https:\/\/wp.unil.ch\/chronozones\/files\/2013\/07\/sylvestre2004.pdf\">Les graffiti sur c\u00e9ramique de la villa d&rsquo;Orbe-Bosc\u00e9az<\/a> (en ligne)<\/strong><\/span><\/li>\n\n\n\n<li><span style=\"font-family: Verdana,Arial,Helvetica,sans-serif;font-size: small\"><em><span style=\"font-family: Verdana,Arial,Helvetica,sans-serif;font-size: small\">Patrick Michel<\/span><\/em><span style=\"font-family: Verdana,Arial,Helvetica,sans-serif;font-size: small\">,<\/span><strong><span style=\"font-family: Verdana,Arial,Helvetica,sans-serif;font-size: small\">&nbsp;<\/span>Le culte b\u00e9tylique<\/strong><\/span><\/li>\n\n\n\n<li><span style=\"font-family: Verdana,Arial,Helvetica,sans-serif\"><span style=\"font-family: Verdana,Arial,Helvetica,sans-serif\"><span style=\"font-size: small\"><em>Sylvain Gailloud,<\/em><\/span><\/span><strong> <span style=\"font-size: small\">Des Romains \u00e0 Alphonse Daudet, une histoire de moulins&#8230;<\/span><\/strong><\/span><\/li>\n\n\n\n<li><span style=\"font-family: Verdana,Arial,Helvetica,sans-serif\"><span style=\"font-family: Verdana,Arial,Helvetica,sans-serif\"><span style=\"font-size: small\"><em>Pascal Morisod,&nbsp;<\/em><\/span><\/span><span style=\"font-size: small\"><strong>D&rsquo;Ath\u00e8nes \u00e0 Berne, la voix du peuple&#8230;<\/strong><\/span><\/span><\/li>\n\n\n\n<li><span style=\"font-family: Verdana,Arial,Helvetica,sans-serif;font-size: small\"><em>Ga\u00eble F\u00e9ret, C\u00e9dric Cramatte,&nbsp;<\/em><strong>Quand les oiseaux parlent au dieu&#8230;<\/strong><\/span><\/li>\n\n\n\n<li><span style=\"font-family: Verdana,Arial,Helvetica,sans-serif;font-size: small\"><em>Emilie Rossier,&nbsp;&nbsp;<\/em><strong><a href=\"https:\/\/wp.unil.ch\/chronozones\/files\/2013\/07\/rossier2004.pdf\">La musique dans l&rsquo;Empire romain<\/a><\/strong> <strong>(en ligne)<\/strong><\/span><\/li>\n\n\n\n<li><span style=\"font-family: Verdana,Arial,Helvetica,sans-serif;font-size: small\"><em>Fr\u00e9d\u00e9ric Carrard,&nbsp;<\/em><strong>Les H\u00e9lv\u00e8tes, des buveurs d&rsquo;eau ?<\/strong><\/span><\/li>\n\n\n\n<li><span style=\"font-family: Verdana,Arial,Helvetica,sans-serif;font-size: small\"><em>Mathilde Rouyer, <\/em><strong>Epomanduorum, vicus exceptionnel<\/strong><\/span><\/li>\n\n\n\n<li><span style=\"font-family: Verdana,Arial,Helvetica,sans-serif;font-size: small\"><em>Jordan Anastassov, Beno\u00eet Dubosson, Christopher Kaiser, <\/em><strong>Nouvelles d\u00e9couvertes \u00e0 Sboryanovo<\/strong><\/span><\/li>\n\n\n\n<li><span style=\"font-family: Verdana,Arial,Helvetica,sans-serif;font-size: small\"><em>Thierry Luginb\u00fchl,&nbsp;<\/em><strong>R\u00e9flexions sur les sanctuaires hindous, romains et gaulois<\/strong> <\/span><\/li>\n\n\n\n<li><span style=\"font-family: Verdana,Arial,Helvetica,sans-serif;font-size: small\"><em>David Genillard,<\/em>&nbsp;<strong><a href=\"https:\/\/wp.unil.ch\/chronozones\/files\/2013\/07\/genillard2004.pdf\">Pr\u00e9sent imparfait<\/a> (en ligne)<\/strong><\/span><\/li>\n\n\n\n<li><span style=\"font-family: Verdana,Arial,Helvetica,sans-serif;font-size: small\"><em>Jana Hoznour,<\/em> <strong>Kalevala, kesako ?<\/strong><\/span><\/li>\n<\/ul>\n\n\n\n<p>\u27a4 <a href=\"https:\/\/wp.unil.ch\/chronozones\/commander\/\" data-type=\"page\" data-id=\"7\">Volume complet en ligne<\/a><\/p>\n\n\n\n<p><a title=\"Commander\" href=\"https:\/\/wp.unil.ch\/chronozones\/commander\/\">Commande de num\u00e9ros de Chronozones<\/a> \u2022 Retour \u00e0 la <a title=\"Num\u00e9ros\" href=\"https:\/\/wp.unil.ch\/chronozones\/numeros\/\">liste des num\u00e9ros<\/a><\/p>\n","protected":false},"excerpt":{"rendered":"<p>Sommaire \u27a4 Volume complet en ligne Commande de num\u00e9ros de Chronozones \u2022 Retour \u00e0 la liste des num\u00e9ros<\/p>\n","protected":false},"author":1258,"featured_media":0,"parent":9,"menu_order":10,"comment_status":"closed","ping_status":"closed","template":"","meta":{"_seopress_robots_primary_cat":"","_seopress_titles_title":"","_seopress_titles_desc":"","_seopress_robots_index":"","footnotes":""},"class_list":["post-56","page","type-page","status-publish"],"_links":{"self":[{"href":"https:\/\/wp.unil.ch\/chronozones\/wp-json\/wp\/v2\/pages\/56","targetHints":{"allow":["GET"]}}],"collection":[{"href":"https:\/\/wp.unil.ch\/chronozones\/wp-json\/wp\/v2\/pages"}],"about":[{"href":"https:\/\/wp.unil.ch\/chronozones\/wp-json\/wp\/v2\/types\/page"}],"author":[{"embeddable":true,"href":"https:\/\/wp.unil.ch\/chronozones\/wp-json\/wp\/v2\/users\/1258"}],"replies":[{"embeddable":true,"href":"https:\/\/wp.unil.ch\/chronozones\/wp-json\/wp\/v2\/comments?post=56"}],"version-history":[{"count":1,"href":"https:\/\/wp.unil.ch\/chronozones\/wp-json\/wp\/v2\/pages\/56\/revisions"}],"predecessor-version":[{"id":667,"href":"https:\/\/wp.unil.ch\/chronozones\/wp-json\/wp\/v2\/pages\/56\/revisions\/667"}],"up":[{"embeddable":true,"href":"https:\/\/wp.unil.ch\/chronozones\/wp-json\/wp\/v2\/pages\/9"}],"wp:attachment":[{"href":"https:\/\/wp.unil.ch\/chronozones\/wp-json\/wp\/v2\/media?parent=56"}],"curies":[{"name":"wp","href":"https:\/\/api.w.org\/{rel}","templated":true}]}}