{"id":52,"date":"2013-05-07T11:06:10","date_gmt":"2013-05-07T09:06:10","guid":{"rendered":"http:\/\/wp.unil.ch\/chronozones\/?page_id=52"},"modified":"2024-09-06T15:53:32","modified_gmt":"2024-09-06T13:53:32","slug":"chronozones-8-2002","status":"publish","type":"page","link":"https:\/\/wp.unil.ch\/chronozones\/numeros\/chronozones-8-2002\/","title":{"rendered":"Chronozones 8 (2002)"},"content":{"rendered":"\n<h4 class=\"wp-block-heading\">Sommaire<\/h4>\n\n\n\n<ul class=\"wp-block-list\">\n<li><span style=\"font-family: Verdana,Arial,Helvetica,sans-serif;font-size: small\"><em>F. Carrard<\/em><strong>, Les Celtes de la grande expansion. h\u00e9ros ou chair \u00e0 balistes?<\/strong><\/span><\/li>\n\n\n\n<li><span style=\"font-family: Verdana,Arial,Helvetica,sans-serif;font-size: small\"><em>C. Grezet<\/em>,&nbsp;<strong><a href=\"https:\/\/wp.unil.ch\/chronozones\/files\/2013\/07\/grezet2002.pdf\">Aper\u00e7u de g\u00e9n\u00e9alogie antique: les Camilli<\/a><\/strong> <strong>(en ligne)<\/strong><\/span><\/li>\n\n\n\n<li><span style=\"font-family: Verdana,Arial,Helvetica,sans-serif;font-size: small\"><em>L. Pidoux<\/em>,<strong><a href=\"https:\/\/wp.unil.ch\/chronozones\/files\/2013\/07\/pidoux2002.pdf\"> Des \u00abanti-fun\u00e9railles\u00bb pour Hector<\/a><\/strong> <strong>(en ligne)<\/strong><\/span><\/li>\n\n\n\n<li><span style=\"font-family: Verdana,Arial,Helvetica,sans-serif;font-size: small\"><em>H. Amoroso,<\/em><strong> Monde souterrain et cultes \u00abchtoniens\u00bb<\/strong><\/span><\/li>\n\n\n\n<li><span style=\"font-family: Verdana,Arial,Helvetica,sans-serif;font-size: small\"><em>E. Mouquin, M. Widmer,<\/em><strong> Les Doriens et la chute du monde myc\u00e9nien: l&rsquo;enqu\u00eate progresse<\/strong><\/span><\/li>\n\n\n\n<li><span style=\"font-family: Verdana,Arial,Helvetica,sans-serif;font-size: small\"><em>J. Jenny,<\/em><strong> Aphrodite en coquille<\/strong><\/span><\/li>\n\n\n\n<li><span style=\"font-family: Verdana,Arial,Helvetica,sans-serif;font-size: small\"><em>S. B\u00fcngen,<\/em><strong><a href=\"https:\/\/wp.unil.ch\/chronozones\/files\/2013\/07\/bundgen2002.pdf\"> Nata vimpi curmi da: de la bi\u00e8re chez les Celtes<\/a><\/strong><\/span><\/li>\n\n\n\n<li><span style=\"font-family: Verdana,Arial,Helvetica,sans-serif;font-size: small\"><em>J. Anastassov,<\/em><strong> Projet Sboryanovo. Une collaboration arch\u00e9ologique en Bulgarie<\/strong><\/span><\/li>\n\n\n\n<li><span style=\"font-family: Verdana,Arial,Helvetica,sans-serif;font-size: small\"><em>T. Luginb\u00fchl,<\/em><strong> <em>Ex oriente lux?<\/em> Religion gauloise et tradition hindoue<\/strong><\/span><\/li>\n\n\n\n<li><span style=\"font-family: Verdana,Arial,Helvetica,sans-serif;font-size: small\"><em>A. Schopfer, S. Freudiger,<\/em><strong> Sankhu (N\u00e9pal). G\u00e9ographie sacr\u00e9e<\/strong><\/span><\/li>\n\n\n\n<li><span style=\"font-family: Verdana,Arial,Helvetica,sans-serif;font-size: small\"><em>L. Flutsch,<\/em><strong> L&rsquo;arch\u00e9ologie \u00e0 vendre<\/strong><\/span><\/li>\n<\/ul>\n\n\n\n<p>\u27a4 <a href=\"https:\/\/wp.unil.ch\/chronozones\/commander\/\" data-type=\"page\" data-id=\"7\">Volume complet en ligne<\/a><\/p>\n\n\n\n<p><a title=\"Commander\" href=\"https:\/\/wp.unil.ch\/chronozones\/commander\/\">Commande de num\u00e9ros de Chronozones<\/a> \u2022 Retour \u00e0 la <a title=\"Num\u00e9ros\" href=\"https:\/\/wp.unil.ch\/chronozones\/numeros\/\">liste des num\u00e9ros<\/a><\/p>\n","protected":false},"excerpt":{"rendered":"<p>Sommaire \u27a4 Volume complet en ligne Commande de num\u00e9ros de Chronozones \u2022 Retour \u00e0 la liste des num\u00e9ros<\/p>\n","protected":false},"author":1258,"featured_media":0,"parent":9,"menu_order":8,"comment_status":"closed","ping_status":"closed","template":"","meta":{"_seopress_robots_primary_cat":"","_seopress_titles_title":"","_seopress_titles_desc":"","_seopress_robots_index":"","footnotes":""},"class_list":["post-52","page","type-page","status-publish"],"_links":{"self":[{"href":"https:\/\/wp.unil.ch\/chronozones\/wp-json\/wp\/v2\/pages\/52","targetHints":{"allow":["GET"]}}],"collection":[{"href":"https:\/\/wp.unil.ch\/chronozones\/wp-json\/wp\/v2\/pages"}],"about":[{"href":"https:\/\/wp.unil.ch\/chronozones\/wp-json\/wp\/v2\/types\/page"}],"author":[{"embeddable":true,"href":"https:\/\/wp.unil.ch\/chronozones\/wp-json\/wp\/v2\/users\/1258"}],"replies":[{"embeddable":true,"href":"https:\/\/wp.unil.ch\/chronozones\/wp-json\/wp\/v2\/comments?post=52"}],"version-history":[{"count":2,"href":"https:\/\/wp.unil.ch\/chronozones\/wp-json\/wp\/v2\/pages\/52\/revisions"}],"predecessor-version":[{"id":665,"href":"https:\/\/wp.unil.ch\/chronozones\/wp-json\/wp\/v2\/pages\/52\/revisions\/665"}],"up":[{"embeddable":true,"href":"https:\/\/wp.unil.ch\/chronozones\/wp-json\/wp\/v2\/pages\/9"}],"wp:attachment":[{"href":"https:\/\/wp.unil.ch\/chronozones\/wp-json\/wp\/v2\/media?parent=52"}],"curies":[{"name":"wp","href":"https:\/\/api.w.org\/{rel}","templated":true}]}}