{"id":505,"date":"2023-11-05T15:37:38","date_gmt":"2023-11-05T14:37:38","guid":{"rendered":"https:\/\/wp.unil.ch\/chronozones\/?page_id=505"},"modified":"2025-09-19T10:48:32","modified_gmt":"2025-09-19T08:48:32","slug":"actualites","status":"publish","type":"page","link":"https:\/\/wp.unil.ch\/chronozones\/a-propos\/actualites\/","title":{"rendered":"Actualit\u00e9s"},"content":{"rendered":"\n<p class=\"has-medium-font-size\"><strong>01.10.2025<\/strong> \u2013 Vernissage du 30e num\u00e9ro<\/p>\n\n\n\n<p>Le vernissage de la 30\u1d49 \u00e9dition de <em>Chronozones <\/em>aura lieu le <strong>mercredi 1er octobre 2025 d\u00e8s 17h30<\/strong>, en salle \u00ab\u00a0c\u00e9ram\u00a0\u00bb (Anthropole 1021, UNIL).<\/p>\n\n\n\n<p>Cet \u00e9v\u00e9nement sera pr\u00e9c\u00e9d\u00e9, <strong>\u00e0 16h30 dans la m\u00eame salle<\/strong>, de la rencontre avec les potentiel\u00b7le\u00b7s <a href=\"https:\/\/wp.unil.ch\/chronozones\/contribuer-au-bulletin\/\" data-type=\"page\" data-id=\"315\">auteurs et autrices d&rsquo;articles pour le num\u00e9ro 31<\/a>.<\/p>\n\n\n<div class=\"wp-block-image\">\n<figure class=\"aligncenter size-large is-resized\"><a href=\"https:\/\/wp.unil.ch\/chronozones\/files\/2025\/09\/cz30_vernissage_affiche_v2.jpg\"><img loading=\"lazy\" decoding=\"async\" width=\"724\" height=\"1024\" src=\"https:\/\/wp.unil.ch\/chronozones\/files\/2025\/09\/cz30_vernissage_affiche_v2-724x1024.jpg\" alt=\"cz30 vernissage affiche v2\" class=\"wp-image-755\" style=\"width:490px;height:auto\" srcset=\"https:\/\/wp.unil.ch\/chronozones\/files\/2025\/09\/cz30_vernissage_affiche_v2-724x1024.jpg 724w, https:\/\/wp.unil.ch\/chronozones\/files\/2025\/09\/cz30_vernissage_affiche_v2-212x300.jpg 212w, https:\/\/wp.unil.ch\/chronozones\/files\/2025\/09\/cz30_vernissage_affiche_v2-768x1086.jpg 768w, https:\/\/wp.unil.ch\/chronozones\/files\/2025\/09\/cz30_vernissage_affiche_v2.jpg 849w\" sizes=\"auto, (max-width: 724px) 100vw, 724px\" \/><\/a><\/figure>\n<\/div>\n\n\n<p class=\"has-medium-font-size\"><strong>09.10.2024<\/strong> \u2013 Vernissage du 29e num\u00e9ro !<\/p>\n\n\n\n<p>Le vernissage du 29e num\u00e9ro de <em>Chronozones<\/em> aura lieu le <strong>mercredi 9 octobre 2024 \u00e0 18h, en salle \u00ab\u00a0c\u00e9ram\u00a0\u00bb (ANT-1021).<\/strong><\/p>\n\n\n\n<p>Ce sera l&rsquo;occasion d&rsquo;acheter ce nouveau volume, mais aussi les plus anciens \u00e0 prix r\u00e9duits ! Vous aurez aussi la chance de go\u00fbter au mythique \u00ab\u00a0<strong>vin merveilleux<\/strong>\u00ab\u00a0, dont l&rsquo;histoire est pr\u00e9sent\u00e9e dans le dossier du volume.<\/p>\n\n\n\n<p>Ce vernissage sera pr\u00e9c\u00e9d\u00e9, <strong>\u00e0 17h dans la m\u00eame salle<\/strong>, de la rencontre avec les potentiels auteurs d&rsquo;articles pour le num\u00e9ro 30.<\/p>\n\n\n<div class=\"wp-block-image\">\n<figure class=\"aligncenter size-large is-resized\"><a href=\"https:\/\/wp.unil.ch\/chronozones\/files\/2024\/09\/Affiche-vernissage-CZ29_v3.png\"><img alt=\"\" loading=\"lazy\" decoding=\"async\" width=\"709\" height=\"1024\" src=\"https:\/\/wp.unil.ch\/chronozones\/files\/2024\/09\/Affiche-vernissage-CZ29_v3-709x1024.png\" alt=\"\" class=\"wp-image-683\" style=\"width:490px;height:auto\" srcset=\"https:\/\/wp.unil.ch\/chronozones\/files\/2024\/09\/Affiche-vernissage-CZ29_v3-709x1024.png 709w, https:\/\/wp.unil.ch\/chronozones\/files\/2024\/09\/Affiche-vernissage-CZ29_v3-208x300.png 208w, https:\/\/wp.unil.ch\/chronozones\/files\/2024\/09\/Affiche-vernissage-CZ29_v3-768x1109.png 768w, https:\/\/wp.unil.ch\/chronozones\/files\/2024\/09\/Affiche-vernissage-CZ29_v3.png 831w\" sizes=\"auto, (max-width: 709px) 100vw, 709px\" \/><\/a><\/figure>\n<\/div>\n\n\n<div style=\"height:25px\" aria-hidden=\"true\" class=\"wp-block-spacer\"><\/div>\n\n\n\n<p class=\"has-medium-font-size\"><strong>01.08.2024<\/strong> \u2013 Le 29e num\u00e9ro est publi\u00e9 ! <\/p>\n\n\n\n<p>N&rsquo;attendez plus pour <a href=\"https:\/\/wp.unil.ch\/chronozones\/commander\/\" data-type=\"page\" data-id=\"7\">commander<\/a> la 29e \u00e9dition de Chronozones !<\/p>\n\n\n\n<p><strong>\u00ab\u00a0La t\u00eate dans les \u00e9toiles\u00a0\u00bb<\/strong> : tel est le th\u00e8me du dossier de cette ann\u00e9e. Des signes du zodiaque aux viols mythologiques, en rencontrant au passage une guerri\u00e8res viking et un escape game pomp\u00e9ien, vous d\u00e9couvrirez dans ce volume tant des n\u00e9buleuses r\u00e9cemment \u00e9claircies que des plan\u00e8tes trop longtemps \u00e9clips\u00e9es. <a href=\"https:\/\/wp.unil.ch\/chronozones\/numeros\/chronozones-29-2024\/\">Lire le sommaire.<\/a><\/p>\n\n\n\n<p>Embarquez dans la navette, les \u00e9toiles n\u2019attendent plus que vous ! Bonne lecture !<\/p>\n\n\n<div class=\"wp-block-image\">\n<figure class=\"aligncenter size-large is-resized\"><a href=\"https:\/\/wp.unil.ch\/chronozones\/files\/2024\/08\/CZ29_livret-final_titre-glissees.jpg\"><img alt=\"\" loading=\"lazy\" decoding=\"async\" width=\"724\" height=\"1024\" src=\"https:\/\/wp.unil.ch\/chronozones\/files\/2024\/08\/CZ29_livret-final_titre-glissees-724x1024.jpg\" alt=\"\" class=\"wp-image-609\" style=\"width:485px;height:auto\" srcset=\"https:\/\/wp.unil.ch\/chronozones\/files\/2024\/08\/CZ29_livret-final_titre-glissees-724x1024.jpg 724w, https:\/\/wp.unil.ch\/chronozones\/files\/2024\/08\/CZ29_livret-final_titre-glissees-212x300.jpg 212w, https:\/\/wp.unil.ch\/chronozones\/files\/2024\/08\/CZ29_livret-final_titre-glissees-768x1087.jpg 768w, https:\/\/wp.unil.ch\/chronozones\/files\/2024\/08\/CZ29_livret-final_titre-glissees.jpg 848w\" sizes=\"auto, (max-width: 724px) 100vw, 724px\" \/><\/a><\/figure>\n<\/div>\n\n\n<div style=\"height:25px\" aria-hidden=\"true\" class=\"wp-block-spacer\"><\/div>\n\n\n\n<p class=\"has-medium-font-size\"><strong>05-06.07.2024<\/strong> \u2013 Portes ouvertes des fouilles-\u00e9coles de Lousonna-Vidy<\/p>\n\n\n\n<p>Retrouvez votre revue pr\u00e9f\u00e9r\u00e9e au stand de vente de livres lors des portes ouvertes du chantier arch\u00e9ologique UNIL de Vidy-Boulodrome ! <\/p>\n\n\n\n<p>Vous pourrez notamment y pr\u00e9-commander pour la premi\u00e8re fois notre 29e num\u00e9ro !<\/p>\n\n\n\n<p>Vendredi 5 juillet 2024 : 14h-18h<br>Samedi 6 juillet 2024 : 10h-17h<\/p>\n\n\n\n<p>Plus d&rsquo;infos : <a href=\"https:\/\/www.unil.ch\/iasa\/fr\/home\/menuinst\/recherche\/chantiers-archeologiques\/vidy.html\">unil.ch\/lettres<\/a><\/p>\n\n\n<div class=\"wp-block-image\">\n<figure class=\"aligncenter size-large is-resized\"><a href=\"https:\/\/wp.unil.ch\/chronozones\/files\/2024\/08\/Portes-ouvertes-Vidy-2024.jpg\"><img alt=\"\" loading=\"lazy\" decoding=\"async\" width=\"1024\" height=\"939\" src=\"https:\/\/wp.unil.ch\/chronozones\/files\/2024\/08\/Portes-ouvertes-Vidy-2024-1024x939.jpg\" alt=\"\" class=\"wp-image-591\" style=\"width:419px;height:auto\" srcset=\"https:\/\/wp.unil.ch\/chronozones\/files\/2024\/08\/Portes-ouvertes-Vidy-2024-1024x939.jpg 1024w, https:\/\/wp.unil.ch\/chronozones\/files\/2024\/08\/Portes-ouvertes-Vidy-2024-300x275.jpg 300w, https:\/\/wp.unil.ch\/chronozones\/files\/2024\/08\/Portes-ouvertes-Vidy-2024-768x705.jpg 768w, https:\/\/wp.unil.ch\/chronozones\/files\/2024\/08\/Portes-ouvertes-Vidy-2024.jpg 1308w\" sizes=\"auto, (max-width: 1024px) 100vw, 1024px\" \/><\/a><\/figure>\n<\/div>\n\n\n<div style=\"height:25px\" aria-hidden=\"true\" class=\"wp-block-spacer\"><\/div>\n\n\n\n<p class=\"has-medium-font-size\"><strong>14.11.2023<\/strong> \u2013 Vernissage du 28e num\u00e9ro et ap\u00e9ritif<\/p>\n\n\n\n<p>D\u00e8s 17h30 \u00e0 la salle \u00ab\u00a0c\u00e9ram\u00a0\u00bb (1021) de l&rsquo;Anthropole \u2013 UNIL<\/p>\n\n\n\n<p>Nous nous r\u00e9jouissons de vous pr\u00e9senter le 28e num\u00e9ro (2023) de Chronozones et de partager avec vous un ap\u00e9ritif. Profitez de venir discuter avec les autrices et les auteurs !<\/p>\n\n\n\n<p>Vous pourrez \u00e9galement acheter les anciens volumes, depuis les origines de la revue \u00e0 aujourd&rsquo;hui, avec des <em>OFFRES EXCEPTIONNELLES<\/em> pour l&rsquo;occasion !<\/p>\n\n\n\n<p>Pour plus d&rsquo;infos, n&rsquo;h\u00e9sitez pas \u00e0 nous \u00e9crire : <a href=\"mailto:chronozones@unil.ch\">chronozones@unil.ch<\/a><\/p>\n\n\n<div class=\"wp-block-image\">\n<figure class=\"aligncenter size-large is-resized\"><a href=\"https:\/\/wp.unil.ch\/chronozones\/files\/2023\/11\/Affiche-vernissage-CZ28-v2.jpg\"><img alt=\"\" loading=\"lazy\" decoding=\"async\" width=\"683\" height=\"1024\" src=\"https:\/\/wp.unil.ch\/chronozones\/files\/2023\/11\/Affiche-vernissage-CZ28-v2-683x1024.jpg\" alt=\"\" class=\"wp-image-506\" style=\"width:430px;height:auto\" srcset=\"https:\/\/wp.unil.ch\/chronozones\/files\/2023\/11\/Affiche-vernissage-CZ28-v2-683x1024.jpg 683w, https:\/\/wp.unil.ch\/chronozones\/files\/2023\/11\/Affiche-vernissage-CZ28-v2-200x300.jpg 200w, https:\/\/wp.unil.ch\/chronozones\/files\/2023\/11\/Affiche-vernissage-CZ28-v2-768x1152.jpg 768w, https:\/\/wp.unil.ch\/chronozones\/files\/2023\/11\/Affiche-vernissage-CZ28-v2.jpg 800w\" sizes=\"auto, (max-width: 683px) 100vw, 683px\" \/><\/a><\/figure>\n<\/div>","protected":false},"excerpt":{"rendered":"<p>01.10.2025 \u2013 Vernissage du 30e num\u00e9ro Le vernissage de la 30\u1d49 \u00e9dition de Chronozones aura lieu le mercredi 1er octobre 2025 d\u00e8s 17h30, en salle \u00ab\u00a0c\u00e9ram\u00a0\u00bb (Anthropole 1021, UNIL). Cet &hellip; <\/p>\n","protected":false},"author":1002696,"featured_media":0,"parent":165,"menu_order":0,"comment_status":"closed","ping_status":"closed","template":"","meta":{"_seopress_robots_primary_cat":"","_seopress_titles_title":"","_seopress_titles_desc":"","_seopress_robots_index":"","footnotes":""},"class_list":["post-505","page","type-page","status-publish"],"_links":{"self":[{"href":"https:\/\/wp.unil.ch\/chronozones\/wp-json\/wp\/v2\/pages\/505","targetHints":{"allow":["GET"]}}],"collection":[{"href":"https:\/\/wp.unil.ch\/chronozones\/wp-json\/wp\/v2\/pages"}],"about":[{"href":"https:\/\/wp.unil.ch\/chronozones\/wp-json\/wp\/v2\/types\/page"}],"author":[{"embeddable":true,"href":"https:\/\/wp.unil.ch\/chronozones\/wp-json\/wp\/v2\/users\/1002696"}],"replies":[{"embeddable":true,"href":"https:\/\/wp.unil.ch\/chronozones\/wp-json\/wp\/v2\/comments?post=505"}],"version-history":[{"count":4,"href":"https:\/\/wp.unil.ch\/chronozones\/wp-json\/wp\/v2\/pages\/505\/revisions"}],"predecessor-version":[{"id":756,"href":"https:\/\/wp.unil.ch\/chronozones\/wp-json\/wp\/v2\/pages\/505\/revisions\/756"}],"up":[{"embeddable":true,"href":"https:\/\/wp.unil.ch\/chronozones\/wp-json\/wp\/v2\/pages\/165"}],"wp:attachment":[{"href":"https:\/\/wp.unil.ch\/chronozones\/wp-json\/wp\/v2\/media?parent=505"}],"curies":[{"name":"wp","href":"https:\/\/api.w.org\/{rel}","templated":true}]}}