{"id":47,"date":"2013-05-05T18:11:29","date_gmt":"2013-05-05T16:11:29","guid":{"rendered":"http:\/\/wp.unil.ch\/chronozones\/?page_id=47"},"modified":"2024-09-06T15:52:54","modified_gmt":"2024-09-06T13:52:54","slug":"chronozones-7-2001","status":"publish","type":"page","link":"https:\/\/wp.unil.ch\/chronozones\/numeros\/chronozones-7-2001\/","title":{"rendered":"Chronozones 7 (2001)"},"content":{"rendered":"\n<h4 class=\"wp-block-heading\">Sommaire<\/h4>\n\n\n\n<ul class=\"wp-block-list\">\n<li><span style=\"font-family: Verdana,Arial,Helvetica,sans-serif\"><em><span style=\"font-size: small\">O. Th\u00e9venaz<\/span><\/em><span style=\"font-size: small\">,<strong><a href=\"https:\/\/wp.unil.ch\/chronozones\/files\/2013\/07\/volume7Thevenaz.pdf\">Spectacles et th\u00e9\u00e2tralit\u00e9s dans la Vie de Caligula de Su\u00e9tone <\/a>(en ligne)<\/strong><\/span><\/span><\/li>\n\n\n\n<li><span style=\"font-family: Verdana,Arial,Helvetica,sans-serif;font-size: small\"><em>M. Cettou<\/em>, <strong>La Tasse Farn\u00e8se<\/strong><\/span><\/li>\n\n\n\n<li><span style=\"font-family: Verdana,Arial,Helvetica,sans-serif;font-size: small\"><em>C. Br\u00e9laz<\/em>, <strong>Jucundus, Sulpicii &amp; Cie, banquiers priv\u00e9s \u00e0 Pomp\u00e9i<\/strong><\/span><\/li>\n\n\n\n<li><span style=\"font-family: Verdana,Arial,Helvetica,sans-serif;font-size: small\"><em>A. Mirimanoff<\/em>, <a title=\"Chronozones 7 (2001) - Article de A. Mirimanoff\" rel=\"noopener\" href=\"https:\/\/www2.unil.ch\/chronozones\/articlesOnline\/volume7Mirimanof.pdf\" target=\"_blank\"><strong>Entre l&rsquo;Orient et l&rsquo;Occident: les sceaux du \u00abLyre-Player Group\u00bb<\/strong><\/a><strong> (en ligne)<\/strong><\/span><\/li>\n\n\n\n<li><span style=\"font-family: Verdana,Arial,Helvetica,sans-serif;font-size: small\"><em>D. Lugrin<\/em>, <strong>Venit, invenit vicit Archim\u00e8de de Syracuse<\/strong><\/span><\/li>\n\n\n\n<li><span style=\"font-family: Verdana,Arial,Helvetica,sans-serif;font-size: small\"><em>A. Schenk<\/em>,&nbsp;<strong><a href=\"https:\/\/wp.unil.ch\/chronozones\/files\/2013\/07\/volume7Schenk.pdf\">Cheval et \u00e9quitation dans l&rsquo;Antiquit\u00e9: \u00e0 la rencontre de \u00abla plus noble conqu\u00eate de l&rsquo;homme\u00bb<\/a> (en ligne)<\/strong><\/span><\/li>\n\n\n\n<li><span style=\"font-family: Verdana,Arial,Helvetica,sans-serif;font-size: small\"><em>J. Duvauchelle<\/em>, <strong>D&rsquo;un sanglier \u00e0 l&rsquo;\u00e9clat\u00e9e aux regards de daims, sur fond d&rsquo;un cr\u00e9puscule rougeoyant du Jura&#8230;<\/strong><\/span><\/li>\n\n\n\n<li><span style=\"font-family: Verdana,Arial,Helvetica,sans-serif;font-size: small\"><em>Y. Dubois<\/em>, <strong>Chateaubriand \u00e0 Pomp\u00e9i: un arch\u00e9ologue de notre temps<\/strong><\/span><\/li>\n\n\n\n<li><span style=\"font-family: Verdana,Arial,Helvetica,sans-serif;font-size: small\"><em>P. Burgunder<\/em>, <strong>Les Grenouilles d&rsquo;Aristophane n&rsquo;ont pas fini de coasser&#8230;<\/strong><\/span><\/li>\n<\/ul>\n\n\n\n<p>\u27a4 <a href=\"https:\/\/wp.unil.ch\/chronozones\/commander\/\" data-type=\"page\" data-id=\"7\">Volume complet en ligne<\/a><\/p>\n\n\n\n<p><a title=\"Commander\" href=\"https:\/\/wp.unil.ch\/chronozones\/commander\/\">Commande de num\u00e9ros de Chronozones<\/a> \u2022 Retour \u00e0 la <a title=\"Num\u00e9ros\" href=\"https:\/\/wp.unil.ch\/chronozones\/numeros\/\">liste des num\u00e9ros<\/a><\/p>\n","protected":false},"excerpt":{"rendered":"<p>Sommaire \u27a4 Volume complet en ligne Commande de num\u00e9ros de Chronozones \u2022 Retour \u00e0 la liste des num\u00e9ros<\/p>\n","protected":false},"author":1258,"featured_media":0,"parent":9,"menu_order":7,"comment_status":"closed","ping_status":"closed","template":"","meta":{"_seopress_robots_primary_cat":"","_seopress_titles_title":"","_seopress_titles_desc":"","_seopress_robots_index":"","footnotes":""},"class_list":["post-47","page","type-page","status-publish"],"_links":{"self":[{"href":"https:\/\/wp.unil.ch\/chronozones\/wp-json\/wp\/v2\/pages\/47","targetHints":{"allow":["GET"]}}],"collection":[{"href":"https:\/\/wp.unil.ch\/chronozones\/wp-json\/wp\/v2\/pages"}],"about":[{"href":"https:\/\/wp.unil.ch\/chronozones\/wp-json\/wp\/v2\/types\/page"}],"author":[{"embeddable":true,"href":"https:\/\/wp.unil.ch\/chronozones\/wp-json\/wp\/v2\/users\/1258"}],"replies":[{"embeddable":true,"href":"https:\/\/wp.unil.ch\/chronozones\/wp-json\/wp\/v2\/comments?post=47"}],"version-history":[{"count":1,"href":"https:\/\/wp.unil.ch\/chronozones\/wp-json\/wp\/v2\/pages\/47\/revisions"}],"predecessor-version":[{"id":663,"href":"https:\/\/wp.unil.ch\/chronozones\/wp-json\/wp\/v2\/pages\/47\/revisions\/663"}],"up":[{"embeddable":true,"href":"https:\/\/wp.unil.ch\/chronozones\/wp-json\/wp\/v2\/pages\/9"}],"wp:attachment":[{"href":"https:\/\/wp.unil.ch\/chronozones\/wp-json\/wp\/v2\/media?parent=47"}],"curies":[{"name":"wp","href":"https:\/\/api.w.org\/{rel}","templated":true}]}}