{"id":42,"date":"2013-05-05T17:04:33","date_gmt":"2013-05-05T15:04:33","guid":{"rendered":"http:\/\/wp.unil.ch\/chronozones\/?page_id=42"},"modified":"2024-09-06T15:52:02","modified_gmt":"2024-09-06T13:52:02","slug":"chronozones-5-1999","status":"publish","type":"page","link":"https:\/\/wp.unil.ch\/chronozones\/numeros\/chronozones-5-1999\/","title":{"rendered":"Chronozones 5 (1999)"},"content":{"rendered":"\n<h4 class=\"wp-block-heading\">Sommaire<\/h4>\n\n\n\n<ul class=\"wp-block-list\">\n<li><span style=\"font-family: Verdana,Arial,Helvetica,sans-serif;font-size: small\"><em><span style=\"font-family: Verdana,Arial,Helvetica,sans-serif\"> <span style=\"font-size: small\"><em>S. B\u00fcndgen,<\/em> <strong>Prospection-inventaire, un exemple de mise en oeuvre dans les Monts du Forez<\/strong><\/span><\/span><\/em><\/span><\/li>\n\n\n\n<li><span style=\"font-family: Verdana,Arial,Helvetica,sans-serif;font-size: small\"><em>T. Luginb\u00fchl,<\/em> <strong><a href=\"https:\/\/wp.unil.ch\/chronozones\/files\/2013\/07\/volume5Lug.pdf\">Hindouisme et religion celtique. De Katmandou \u00e0 Lousonna&#8230; <\/a>(en ligne)<\/strong><\/span><\/li>\n\n\n\n<li><span style=\"font-family: Verdana,Arial,Helvetica,sans-serif;font-size: small\"><em>F. Fischer,<\/em> <strong>Critias et l&rsquo;Atlantide<\/strong><\/span><\/li>\n\n\n\n<li><span style=\"font-family: Verdana,Arial,Helvetica,sans-serif;font-size: small\"><em>N. Vuichard, D. Wagner,<\/em> <strong>Docteur Panthia, femme m\u00e9decin<\/strong><\/span><\/li>\n\n\n\n<li><span style=\"font-family: Verdana,Arial,Helvetica,sans-serif;font-size: small\"><em>E. Sauteur,<\/em>&nbsp;<strong><a href=\"https:\/\/wp.unil.ch\/chronozones\/files\/2013\/07\/volume5Sauteur.pdf\">Les inscriptions bilingues \u00e9trusco-latines<\/a> <\/strong><strong>(en ligne)<\/strong><\/span><\/li>\n\n\n\n<li><span style=\"font-family: Verdana,Arial,Helvetica,sans-serif;font-size: small\"><em>F. Gregorio,<\/em> <strong>Comment \u00e9duquer l&rsquo;homme? Isocrate contre Platon<\/strong><\/span><\/li>\n\n\n\n<li><span style=\"font-family: Verdana,Arial,Helvetica,sans-serif;font-size: small\"><em>S. Thorimbert, F. Carrard,<\/em> <strong>Les migrations des Bo\u00efens. Entre v\u00e9rit\u00e9 historique et arch\u00e9ologie<\/strong><\/span><\/li>\n\n\n\n<li><span style=\"font-family: Verdana,Arial,Helvetica,sans-serif;font-size: small\"><em>J. P. van der Von,<\/em> <strong>Les effets de la rotation terrestre sur l&rsquo;homme, les animaux et les plantes<\/strong><\/span><\/li>\n\n\n\n<li><span style=\"font-family: Verdana,Arial,Helvetica,sans-serif;font-size: small\"><em>H. Tissot,<\/em><strong><a href=\"https:\/\/wp.unil.ch\/chronozones\/files\/2013\/07\/volume5Tissot.pdf\"> A la recherche de l&rsquo;\u00e2ge perdu<\/a><\/strong> <strong>(en ligne)<\/strong><\/span><\/li>\n\n\n\n<li><span style=\"font-family: Verdana,Arial,Helvetica,sans-serif;font-size: small\"><em>C. Br\u00e9laz,<\/em><strong> Paul Collart. Un arch\u00e9ologue suisse en 1930<\/strong><\/span><\/li>\n\n\n\n<li><span style=\"font-family: Verdana,Arial,Helvetica,sans-serif;font-size: small\"><em>Y. Dubois,<\/em><a title=\"Chronozones 5 (1999) - Article de Y. Dubois\" href=\"https:\/\/www2.unil.ch\/chronozones\/articlesOnline\/volume5Dubois.pdf\" target=\"_blank\" rel=\"noopener\"><strong>\u00a0<\/strong><\/a><strong><a href=\"https:\/\/wp.unil.ch\/chronozones\/files\/2013\/07\/volume5Dubois.pdf\">Le pav\u00e9 \u00e0 la mosa\u00efque, grandeur et d\u00e9cr\u00e9pitude<\/a><\/strong> <strong>(en ligne)<\/strong><br><\/span><\/li>\n<\/ul>\n\n\n\n<p>\u27a4 <a href=\"https:\/\/wp.unil.ch\/chronozones\/commander\/\" data-type=\"page\" data-id=\"7\">Volume complet en ligne<\/a><\/p>\n\n\n\n<p><a title=\"Commander\" href=\"https:\/\/wp.unil.ch\/chronozones\/commander\/\">Commande de num\u00e9ros de Chronozones<\/a> \u2022 Retour \u00e0 la <a title=\"Num\u00e9ros\" href=\"https:\/\/wp.unil.ch\/chronozones\/numeros\/\">liste des num\u00e9ros<\/a><\/p>\n","protected":false},"excerpt":{"rendered":"<p>Sommaire \u27a4 Volume complet en ligne Commande de num\u00e9ros de Chronozones \u2022 Retour \u00e0 la liste des num\u00e9ros<\/p>\n","protected":false},"author":1258,"featured_media":0,"parent":9,"menu_order":5,"comment_status":"closed","ping_status":"closed","template":"","meta":{"_seopress_robots_primary_cat":"","_seopress_titles_title":"","_seopress_titles_desc":"","_seopress_robots_index":"","footnotes":""},"class_list":["post-42","page","type-page","status-publish"],"_links":{"self":[{"href":"https:\/\/wp.unil.ch\/chronozones\/wp-json\/wp\/v2\/pages\/42","targetHints":{"allow":["GET"]}}],"collection":[{"href":"https:\/\/wp.unil.ch\/chronozones\/wp-json\/wp\/v2\/pages"}],"about":[{"href":"https:\/\/wp.unil.ch\/chronozones\/wp-json\/wp\/v2\/types\/page"}],"author":[{"embeddable":true,"href":"https:\/\/wp.unil.ch\/chronozones\/wp-json\/wp\/v2\/users\/1258"}],"replies":[{"embeddable":true,"href":"https:\/\/wp.unil.ch\/chronozones\/wp-json\/wp\/v2\/comments?post=42"}],"version-history":[{"count":1,"href":"https:\/\/wp.unil.ch\/chronozones\/wp-json\/wp\/v2\/pages\/42\/revisions"}],"predecessor-version":[{"id":661,"href":"https:\/\/wp.unil.ch\/chronozones\/wp-json\/wp\/v2\/pages\/42\/revisions\/661"}],"up":[{"embeddable":true,"href":"https:\/\/wp.unil.ch\/chronozones\/wp-json\/wp\/v2\/pages\/9"}],"wp:attachment":[{"href":"https:\/\/wp.unil.ch\/chronozones\/wp-json\/wp\/v2\/media?parent=42"}],"curies":[{"name":"wp","href":"https:\/\/api.w.org\/{rel}","templated":true}]}}