{"id":40,"date":"2013-05-05T16:50:12","date_gmt":"2013-05-05T14:50:12","guid":{"rendered":"http:\/\/wp.unil.ch\/chronozones\/?page_id=40"},"modified":"2024-09-06T15:51:10","modified_gmt":"2024-09-06T13:51:10","slug":"chronozones-4-1998","status":"publish","type":"page","link":"https:\/\/wp.unil.ch\/chronozones\/numeros\/chronozones-4-1998\/","title":{"rendered":"Chronozones 4 (1998)"},"content":{"rendered":"\n<h4 class=\"wp-block-heading\">Sommaire<\/h4>\n\n\n\n<p>La totalit\u00e9 du volume 4 est disponible en ligne <a href=\"https:\/\/wp.unil.ch\/chronozones\/files\/2013\/07\/volume4Entier.pdf\">ici<\/a>.<\/p>\n\n\n\n<ul class=\"wp-block-list\">\n<li><span style=\"font-family: Verdana,Arial,Helvetica,sans-serif\"><span style=\"font-size: small\"><em>S. Bujard<\/em><strong>,&nbsp;<a href=\"https:\/\/wp.unil.ch\/chronozones\/files\/2013\/07\/volume4Bujard.pdf\">Couvrez ce gland que je ne saurai voir&#8230;<\/a> (en ligne)<\/strong><\/span><\/span><\/li>\n\n\n\n<li><span style=\"font-size: small\"><span style=\"font-family: Verdana,Arial,Helvetica,sans-serif\"><em>Y. Bubloz<\/em><strong>,&nbsp;<a href=\"https:\/\/wp.unil.ch\/chronozones\/files\/2013\/07\/volume4Bubloz.pdf\">Quand la d\u00e9monologie fournit des arguments au v\u00e9g\u00e9tarisme<\/a> (en ligne)<\/strong><\/span><\/span><\/li>\n\n\n\n<li><span style=\"font-size: small\"><span style=\"font-family: Verdana,Arial,Helvetica,sans-serif\"><em>C. Br\u00e9laz<\/em><strong>, La parole aux inscriptions<\/strong><\/span><\/span><\/li>\n\n\n\n<li><span style=\"font-size: small\"><span style=\"font-family: Verdana,Arial,Helvetica,sans-serif\"><em>C. Br\u00e9laz<\/em><strong>,<a href=\"https:\/\/wp.unil.ch\/chronozones\/files\/2013\/07\/Volume4Brelaz.pdf\"> L&rsquo;histoire mouvement\u00e9e d&rsquo;une inscription lausannoise oubli\u00e9e<\/a> (en ligne)<\/strong><\/span><\/span><\/li>\n\n\n\n<li><span style=\"font-size: small\"><span style=\"font-family: Verdana,Arial,Helvetica,sans-serif\"> <em>L. Pernet<\/em><strong>, Diane, d\u00e9esse pa\u00efenne au Xe si\u00e8cle, aux origines de la sorci\u00e8re volante<\/strong><\/span><\/span><\/li>\n\n\n\n<li><span style=\"font-size: small\"><span style=\"font-family: Verdana,Arial,Helvetica,sans-serif\"><em>A. Sch\u00f6pfer<\/em><strong>,&nbsp;<a href=\"https:\/\/wp.unil.ch\/chronozones\/files\/2013\/07\/volume4Schopfer.pdf\">Epigraphie et internet<\/a> (en ligne)<\/strong><\/span><\/span><\/li>\n\n\n\n<li><span style=\"font-size: small\"><span style=\"font-family: Verdana,Arial,Helvetica,sans-serif\"><em>T. Theurillat<\/em><strong>, Une amphore virtuelle<\/strong><\/span><\/span><\/li>\n\n\n\n<li><span style=\"font-size: small\"><span style=\"font-family: Verdana,Arial,Helvetica,sans-serif\"><em>T. Luginb\u00fchl<\/em><strong>, Les dieux helv\u00e8tes th\u00e9onymes celtiques du Plateau suisse et des r\u00e9gions voisines<\/strong><\/span><\/span><\/li>\n\n\n\n<li><span style=\"font-size: small\"><span style=\"font-family: Verdana,Arial,Helvetica,sans-serif\"><em>J.-G. Bulliot<\/em><strong>, morceaux choisis<\/strong><\/span><\/span><\/li>\n\n\n\n<li><span style=\"font-size: small\"><span style=\"font-family: Verdana,Arial,Helvetica,sans-serif\"><em>F. Meylan<\/em><strong>, J.-G. Bulliot, morceaux choisis<\/strong><\/span><\/span><\/li>\n\n\n\n<li><span style=\"font-size: small\"><span style=\"font-family: Verdana,Arial,Helvetica,sans-serif\"><em>L. Veya, N. Vuichard et D. Wagner<\/em><strong>, Femme le jour, guenon la nuit<\/strong><\/span><\/span><\/li>\n\n\n\n<li><span style=\"font-size: small\"><span style=\"font-family: Verdana,Arial,Helvetica,sans-serif\"><em>S. Freudiger<\/em><strong>, Jouer au pass\u00e9 recompos\u00e9<\/strong><\/span><\/span><\/li>\n\n\n\n<li><span style=\"font-size: small\"><span style=\"font-family: Verdana,Arial,Helvetica,sans-serif\"><em>S. Verdan<\/em><strong>, Apn\u00e9istes grecs et romains, une plong\u00e9e dans les textes antiques<\/strong><\/span><\/span><\/li>\n\n\n\n<li><span style=\"font-size: small\"><span style=\"font-family: Verdana,Arial,Helvetica,sans-serif\"><em>A. Freudiger<\/em>, <em>A. Garcia,<\/em>&nbsp;<a href=\"https:\/\/wp.unil.ch\/chronozones\/files\/2013\/07\/volume4Freudiger.pdf\"><strong>Le p\u00e9plum: antiquit\u00e9, spectacle et cin\u00e9ma<\/strong><\/a> <strong>(en ligne)<\/strong><\/span><\/span><\/li>\n\n\n\n<li><span style=\"font-size: small\"><span style=\"font-family: Verdana,Arial,Helvetica,sans-serif\"><em>S. D\u00e9l\u00e8ze<\/em><strong>, Nous irons tisser la laine<\/strong><\/span><\/span><\/li>\n\n\n\n<li><span style=\"font-size: small\"><span style=\"font-family: Verdana,Arial,Helvetica,sans-serif\"><em>Ioanna Solidaki<\/em><strong>, Ithaque, po\u00e8me de Constantin Cavafy (1863-1933)<\/strong><\/span><\/span><\/li>\n<\/ul>\n\n\n\n<p>\u27a4 <a href=\"https:\/\/wp.unil.ch\/chronozones\/commander\/\" data-type=\"page\" data-id=\"7\">Volume complet en ligne<\/a><\/p>\n\n\n\n<p><a title=\"Commander\" href=\"https:\/\/wp.unil.ch\/chronozones\/commander\/\">Commande de num\u00e9ros de Chronozones<\/a> \u2022 Retour \u00e0 la <a title=\"Num\u00e9ros\" href=\"https:\/\/wp.unil.ch\/chronozones\/numeros\/\">liste des num\u00e9ros<\/a><\/p>\n","protected":false},"excerpt":{"rendered":"<p>Sommaire La totalit\u00e9 du volume 4 est disponible en ligne ici. \u27a4 Volume complet en ligne Commande de num\u00e9ros de Chronozones \u2022 Retour \u00e0 la liste des num\u00e9ros<\/p>\n","protected":false},"author":1258,"featured_media":0,"parent":9,"menu_order":4,"comment_status":"closed","ping_status":"closed","template":"","meta":{"_seopress_robots_primary_cat":"","_seopress_titles_title":"","_seopress_titles_desc":"","_seopress_robots_index":"","footnotes":""},"class_list":["post-40","page","type-page","status-publish"],"_links":{"self":[{"href":"https:\/\/wp.unil.ch\/chronozones\/wp-json\/wp\/v2\/pages\/40","targetHints":{"allow":["GET"]}}],"collection":[{"href":"https:\/\/wp.unil.ch\/chronozones\/wp-json\/wp\/v2\/pages"}],"about":[{"href":"https:\/\/wp.unil.ch\/chronozones\/wp-json\/wp\/v2\/types\/page"}],"author":[{"embeddable":true,"href":"https:\/\/wp.unil.ch\/chronozones\/wp-json\/wp\/v2\/users\/1258"}],"replies":[{"embeddable":true,"href":"https:\/\/wp.unil.ch\/chronozones\/wp-json\/wp\/v2\/comments?post=40"}],"version-history":[{"count":1,"href":"https:\/\/wp.unil.ch\/chronozones\/wp-json\/wp\/v2\/pages\/40\/revisions"}],"predecessor-version":[{"id":660,"href":"https:\/\/wp.unil.ch\/chronozones\/wp-json\/wp\/v2\/pages\/40\/revisions\/660"}],"up":[{"embeddable":true,"href":"https:\/\/wp.unil.ch\/chronozones\/wp-json\/wp\/v2\/pages\/9"}],"wp:attachment":[{"href":"https:\/\/wp.unil.ch\/chronozones\/wp-json\/wp\/v2\/media?parent=40"}],"curies":[{"name":"wp","href":"https:\/\/api.w.org\/{rel}","templated":true}]}}