{"id":396,"date":"2023-10-19T10:42:03","date_gmt":"2023-10-19T08:42:03","guid":{"rendered":"https:\/\/wp.unil.ch\/chronozones\/?page_id=396"},"modified":"2024-08-01T19:04:42","modified_gmt":"2024-08-01T17:04:42","slug":"chronozones-28-2023","status":"publish","type":"page","link":"https:\/\/wp.unil.ch\/chronozones\/numeros\/chronozones-28-2023\/","title":{"rendered":"Chronozones 28 (2023)"},"content":{"rendered":"\n<p class=\"has-medium-font-size\">Sommaire<\/p>\n\n\n\n<p>Dossier th\u00e9matique : <strong><em>Aux fronti\u00e8res du r\u00e9el<\/em><\/strong><\/p>\n\n\n\n<ul class=\"wp-block-list\">\n<li><em>Naguy Belkhir<\/em>, <strong>Repr\u00e9sentation et fonctions du serpent dans l&rsquo;\u00e9pop\u00e9e<\/strong><\/li>\n\n\n\n<li><em>Daniel Burdet<\/em>, <strong>De l&rsquo;objet \u00e0 sa miniature : les fibules skeuomorphes de Gaule Belgique<\/strong><\/li>\n\n\n\n<li><em>Thibaut Voumard<\/em>, <strong>Th\u00e9ocrite, <em>Les Magiciennes <\/em>: entre fiction et r\u00e9alit\u00e9<\/strong><\/li>\n\n\n\n<li><em>Lucien Raboud<\/em>, <strong>Une, deux ou trois enceintes \u00e0 <em>l&rsquo;Island <\/em>?<\/strong><\/li>\n\n\n\n<li><em>Tanguy Desimone<\/em>, <strong>Les d\u00e9buts de la production de la soie \u00e0 Byzance<\/strong><\/li>\n\n\n\n<li><em>Yann Travaglini<\/em>, <strong>Bac \u00e0 fleurs : fouille d&rsquo;une structure \u00e0 Vidy<\/strong><\/li>\n\n\n\n<li><em>No\u00e9mie Favre<\/em>, <strong><em>Ilium <\/em>: la guerre de Troie comme vous ne l&rsquo;avez jamais vue<\/strong><\/li>\n<\/ul>\n\n\n\n<p>Materia<\/p>\n\n\n\n<ul class=\"wp-block-list\">\n<li><em>Elena Quintela Mimet<\/em>, <strong>Fl\u00fbte alors, la <em>tibia <\/em>romaine ?<\/strong><\/li>\n\n\n\n<li><em>Malika Brigadoi<\/em>, <strong>La justice m\u00e9di\u00e9vale dans le comt\u00e9 de Neuch\u00e2tel<\/strong><\/li>\n\n\n\n<li><em>Carla Amaya<\/em>, <strong><em>Comus <\/em>: une Circ\u00e9 \u00e9lisab\u00e9thaine<\/strong><\/li>\n\n\n\n<li><em>Amandine Mochamps<\/em>, <strong>Raser la ville : Carthage, un urbicide antique ?<\/strong><\/li>\n\n\n\n<li><em>Alexy Page<\/em>, <strong>De l&rsquo;Un au multiple chez Plotin, une pluralisation probl\u00e9matique<\/strong><\/li>\n\n\n\n<li><em>Ga\u00ebtan Locher<\/em>, <strong>Les deux purifications et la gestion de la mort sur l&rsquo;\u00eele de D\u00e9los<\/strong><\/li>\n\n\n\n<li><em>Tristan Allegro<\/em>, <strong>Un air de musique in\u00e9dit en haute altitude<\/strong><\/li>\n<\/ul>\n\n\n\n<p><a href=\"https:\/\/wp.unil.ch\/chronozones\/commander\/\">Commande de num\u00e9ros de Chronozones<\/a> \u2022 Retour \u00e0 la <a href=\"https:\/\/wp.unil.ch\/chronozones\/numeros\/\">liste des num\u00e9ros<\/a><\/p>\n","protected":false},"excerpt":{"rendered":"<p>Sommaire Dossier th\u00e9matique : Aux fronti\u00e8res du r\u00e9el Materia Commande de num\u00e9ros de Chronozones \u2022 Retour \u00e0 la liste des num\u00e9ros<\/p>\n","protected":false},"author":1002696,"featured_media":0,"parent":9,"menu_order":28,"comment_status":"closed","ping_status":"closed","template":"","meta":{"_seopress_robots_primary_cat":"","_seopress_titles_title":"","_seopress_titles_desc":"","_seopress_robots_index":"","footnotes":""},"class_list":["post-396","page","type-page","status-publish"],"_links":{"self":[{"href":"https:\/\/wp.unil.ch\/chronozones\/wp-json\/wp\/v2\/pages\/396","targetHints":{"allow":["GET"]}}],"collection":[{"href":"https:\/\/wp.unil.ch\/chronozones\/wp-json\/wp\/v2\/pages"}],"about":[{"href":"https:\/\/wp.unil.ch\/chronozones\/wp-json\/wp\/v2\/types\/page"}],"author":[{"embeddable":true,"href":"https:\/\/wp.unil.ch\/chronozones\/wp-json\/wp\/v2\/users\/1002696"}],"replies":[{"embeddable":true,"href":"https:\/\/wp.unil.ch\/chronozones\/wp-json\/wp\/v2\/comments?post=396"}],"version-history":[{"count":2,"href":"https:\/\/wp.unil.ch\/chronozones\/wp-json\/wp\/v2\/pages\/396\/revisions"}],"predecessor-version":[{"id":623,"href":"https:\/\/wp.unil.ch\/chronozones\/wp-json\/wp\/v2\/pages\/396\/revisions\/623"}],"up":[{"embeddable":true,"href":"https:\/\/wp.unil.ch\/chronozones\/wp-json\/wp\/v2\/pages\/9"}],"wp:attachment":[{"href":"https:\/\/wp.unil.ch\/chronozones\/wp-json\/wp\/v2\/media?parent=396"}],"curies":[{"name":"wp","href":"https:\/\/api.w.org\/{rel}","templated":true}]}}