{"id":37,"date":"2013-05-05T16:40:20","date_gmt":"2013-05-05T14:40:20","guid":{"rendered":"http:\/\/wp.unil.ch\/chronozones\/?page_id=37"},"modified":"2024-09-06T15:50:50","modified_gmt":"2024-09-06T13:50:50","slug":"chronozones-3-1997","status":"publish","type":"page","link":"https:\/\/wp.unil.ch\/chronozones\/numeros\/chronozones-3-1997\/","title":{"rendered":"Chronozones 3 (1997)"},"content":{"rendered":"\n<h4 class=\"wp-block-heading\">Sommaire<\/h4>\n\n\n\n<ul class=\"wp-block-list\">\n<li><span style=\"font-family: Verdana,Arial,Helvetica,sans-serif\"><em><span style=\"font-size: small\">T. Luginb\u00fchl<\/span><\/em><span style=\"font-size: small\"><strong>,&nbsp;<a href=\"https:\/\/wp.unil.ch\/chronozones\/files\/2013\/07\/volume3Lug1.pdf\" target=\"_blank\" rel=\"noopener\">Le chien de Culann, petit Achille de l&rsquo;Ulster<\/a> (en ligne)<br>\n<\/strong><\/span><\/span><\/li>\n\n\n\n<li><span style=\"font-family: Verdana,Arial,Helvetica,sans-serif;font-size: small\"><em>R. Baroni<\/em><strong>, Les bustes frontaux et nimb\u00e9s dans le monnayage de Constantin<\/strong><\/span><\/li>\n\n\n\n<li><span style=\"font-family: Verdana,Arial,Helvetica,sans-serif;font-size: small\"><em>B. Montandon<\/em><strong>,&nbsp;<a href=\"https:\/\/wp.unil.ch\/chronozones\/files\/2013\/07\/volume3Montandon1.pdf\" target=\"_blank\" rel=\"noopener\">Le travail du bronze \u00e0 l&rsquo;\u00e9poque gallo-romaine<\/a> (en ligne)<br>\n<\/strong><\/span><\/li>\n\n\n\n<li><span style=\"font-family: Verdana,Arial,Helvetica,sans-serif;font-size: small\"><em>A. Montavon<\/em><strong>, Musclosus, Hilarus et les autres&#8230; kamikazes du Cirque Maxime<\/strong><\/span><\/li>\n\n\n\n<li><span style=\"font-family: Verdana,Arial,Helvetica,sans-serif;font-size: small\"><em>F. Meylan et K. R. Aitchison<\/em><strong>,&nbsp;<a href=\"https:\/\/wp.unil.ch\/chronozones\/files\/2013\/07\/volume3Meylan1.pdf\">Paysages du Mont Beuvray, le cas du Point Du Jour<\/a> (en ligne)<\/strong><\/span><\/li>\n\n\n\n<li><span style=\"font-family: Verdana,Arial,Helvetica,sans-serif;font-size: small\"><em>A. Anzani<\/em><strong>, Aphorismes sur le d\u00e9veloppement du portrait mon\u00e9taire imp\u00e9rial: essai de physiognomonie sur les empereurs de la dynastie des S\u00e9v\u00e8res<\/strong><\/span><\/li>\n\n\n\n<li><span style=\"font-family: Verdana,Arial,Helvetica,sans-serif;font-size: small\"><em>M. Steinr\u00fcck<\/em><strong>, La structure annulaire et le XXe si\u00e8cle: fragment d&rsquo;un discours et sa bibliographie<\/strong><\/span><\/li>\n\n\n\n<li><span style=\"font-family: Verdana,Arial,Helvetica,sans-serif;font-size: small\"><em>C. Sch\u00f6ps<\/em><strong>, J\u00e9rusalem, ville habit\u00e9e par Dieu<\/strong><\/span><\/li>\n\n\n\n<li><span style=\"font-family: Verdana,Arial,Helvetica,sans-serif;font-size: small\"><em>S. Verdan<\/em><strong>,&nbsp;<a href=\"https:\/\/wp.unil.ch\/chronozones\/files\/2013\/07\/volume3Verdan1.pdf\" target=\"_blank\" rel=\"noopener\">Les ch\u00eanes alimentaires: quelques r\u00e9flexions sur le menu des hommes pr\u00e9historiques vu \u00e0 travers les textes antiques<\/a> (en ligne)<\/strong><\/span><\/li>\n<\/ul>\n\n\n\n<p>\u27a4 <a href=\"https:\/\/wp.unil.ch\/chronozones\/commander\/\" data-type=\"page\" data-id=\"7\">Volume complet en ligne<\/a><\/p>\n\n\n\n<p><a title=\"Commander\" href=\"https:\/\/wp.unil.ch\/chronozones\/commander\/\">Commande de num\u00e9ros de Chronozones<\/a> \u2022 Retour \u00e0 la <a title=\"Num\u00e9ros\" href=\"https:\/\/wp.unil.ch\/chronozones\/numeros\/\">liste des num\u00e9ros<\/a><\/p>\n","protected":false},"excerpt":{"rendered":"<p>Sommaire \u27a4 Volume complet en ligne Commande de num\u00e9ros de Chronozones \u2022 Retour \u00e0 la liste des num\u00e9ros<\/p>\n","protected":false},"author":1258,"featured_media":0,"parent":9,"menu_order":3,"comment_status":"closed","ping_status":"closed","template":"","meta":{"_seopress_robots_primary_cat":"","_seopress_titles_title":"","_seopress_titles_desc":"","_seopress_robots_index":"","footnotes":""},"class_list":["post-37","page","type-page","status-publish"],"_links":{"self":[{"href":"https:\/\/wp.unil.ch\/chronozones\/wp-json\/wp\/v2\/pages\/37","targetHints":{"allow":["GET"]}}],"collection":[{"href":"https:\/\/wp.unil.ch\/chronozones\/wp-json\/wp\/v2\/pages"}],"about":[{"href":"https:\/\/wp.unil.ch\/chronozones\/wp-json\/wp\/v2\/types\/page"}],"author":[{"embeddable":true,"href":"https:\/\/wp.unil.ch\/chronozones\/wp-json\/wp\/v2\/users\/1258"}],"replies":[{"embeddable":true,"href":"https:\/\/wp.unil.ch\/chronozones\/wp-json\/wp\/v2\/comments?post=37"}],"version-history":[{"count":1,"href":"https:\/\/wp.unil.ch\/chronozones\/wp-json\/wp\/v2\/pages\/37\/revisions"}],"predecessor-version":[{"id":659,"href":"https:\/\/wp.unil.ch\/chronozones\/wp-json\/wp\/v2\/pages\/37\/revisions\/659"}],"up":[{"embeddable":true,"href":"https:\/\/wp.unil.ch\/chronozones\/wp-json\/wp\/v2\/pages\/9"}],"wp:attachment":[{"href":"https:\/\/wp.unil.ch\/chronozones\/wp-json\/wp\/v2\/media?parent=37"}],"curies":[{"name":"wp","href":"https:\/\/api.w.org\/{rel}","templated":true}]}}