{"id":333,"date":"2021-10-19T17:34:57","date_gmt":"2021-10-19T15:34:57","guid":{"rendered":"https:\/\/wp.unil.ch\/chronozones\/?page_id=333"},"modified":"2023-10-19T11:32:41","modified_gmt":"2023-10-19T09:32:41","slug":"chronozones-26-2020","status":"publish","type":"page","link":"https:\/\/wp.unil.ch\/chronozones\/numeros\/chronozones-26-2020\/","title":{"rendered":"Chronozones 26 (2021)"},"content":{"rendered":"\n<h4 class=\"wp-block-heading\">Sommaire<\/h4>\n\n\n\n<p>Dossier th\u00e9matique : <em><strong>Le go\u00fbt du risque<\/strong><\/em><\/p>\n\n\n\n<ul class=\"wp-block-list\">\n<li><em>Daniel Burdet, <\/em><strong><em>Tesserae jactae sunt<\/em> ! Les mises des jeux de d\u00e8s dans la Rome antique<\/strong><\/li>\n\n\n\n<li><em>Jo\u00eblle Graz, <\/em><strong>Arch\u00e9ologie exp\u00e9rimentale : regard sur les chantiers de construction<\/strong><\/li>\n\n\n\n<li><em>Ludovic Sollioz,<\/em> <strong>La sorci\u00e8re du village : le proc\u00e8s d&rsquo;Agn\u00e8s Crittin<\/strong><\/li>\n<\/ul>\n\n\n\n<p>Materia<\/p>\n\n\n\n<ul class=\"wp-block-list\">\n<li><em>Alessandro Moro, Lucien Raboud,<\/em> <strong>Les ch\u00e2teaux oubli\u00e9s du Canton de Vaux : les sites du Ch\u00e2teau Ravenel (Suchy) et du Ch\u00e2teau du Contesson (Trey)<\/strong><\/li>\n\n\n\n<li>Maude Benoit, <strong>L&rsquo;Autre chez C\u00e9sar : le cas des Germains et des Bretons<\/strong><\/li>\n\n\n\n<li><em>Tanguy Desimone,<\/em> <strong>La stuatuette indienne de Pomp\u00e9i : un t\u00e9moignage des \u00e9changes entre Rome et l&rsquo;Inde<\/strong><\/li>\n\n\n\n<li><em>Johan Vaucher, <\/em><strong>Ce n&rsquo;est plus \u00ab\u00a0la B\u00e9r\u00e9zina\u00a0\u00bb pour l&rsquo;arch\u00e9ologie napol\u00e9onienne !<\/strong><\/li>\n\n\n\n<li><em>Lucien Raboud<\/em>,<strong> Sites de hauteur et syst\u00e8me d\u00e9fensif dans le sud du Morvan<\/strong><\/li>\n<\/ul>\n\n\n\n<p><a href=\"https:\/\/wp.unil.ch\/chronozones\/commander\/\">Commande de num\u00e9ros de Chronozones<\/a> \u2022 Retour \u00e0 la <a href=\"https:\/\/wp.unil.ch\/chronozones\/numeros\/\">liste des num\u00e9ros<\/a><\/p>\n","protected":false},"excerpt":{"rendered":"<p>Sommaire Dossier th\u00e9matique : Le go\u00fbt du risque Materia Commande de num\u00e9ros de Chronozones \u2022 Retour \u00e0 la liste des num\u00e9ros<\/p>\n","protected":false},"author":1001430,"featured_media":0,"parent":9,"menu_order":26,"comment_status":"closed","ping_status":"closed","template":"","meta":{"_seopress_robots_primary_cat":"","_seopress_titles_title":"","_seopress_titles_desc":"","_seopress_robots_index":"","footnotes":""},"class_list":["post-333","page","type-page","status-publish"],"_links":{"self":[{"href":"https:\/\/wp.unil.ch\/chronozones\/wp-json\/wp\/v2\/pages\/333","targetHints":{"allow":["GET"]}}],"collection":[{"href":"https:\/\/wp.unil.ch\/chronozones\/wp-json\/wp\/v2\/pages"}],"about":[{"href":"https:\/\/wp.unil.ch\/chronozones\/wp-json\/wp\/v2\/types\/page"}],"author":[{"embeddable":true,"href":"https:\/\/wp.unil.ch\/chronozones\/wp-json\/wp\/v2\/users\/1001430"}],"replies":[{"embeddable":true,"href":"https:\/\/wp.unil.ch\/chronozones\/wp-json\/wp\/v2\/comments?post=333"}],"version-history":[{"count":0,"href":"https:\/\/wp.unil.ch\/chronozones\/wp-json\/wp\/v2\/pages\/333\/revisions"}],"up":[{"embeddable":true,"href":"https:\/\/wp.unil.ch\/chronozones\/wp-json\/wp\/v2\/pages\/9"}],"wp:attachment":[{"href":"https:\/\/wp.unil.ch\/chronozones\/wp-json\/wp\/v2\/media?parent=333"}],"curies":[{"name":"wp","href":"https:\/\/api.w.org\/{rel}","templated":true}]}}