{"id":332,"date":"2021-10-19T17:34:57","date_gmt":"2021-10-19T15:34:57","guid":{"rendered":"https:\/\/wp.unil.ch\/chronozones\/?page_id=332"},"modified":"2023-10-19T12:23:17","modified_gmt":"2023-10-19T10:23:17","slug":"chronozones-25-2019","status":"publish","type":"page","link":"https:\/\/wp.unil.ch\/chronozones\/numeros\/chronozones-25-2019\/","title":{"rendered":"Chronozones 25 (2020)"},"content":{"rendered":"\n<h4 class=\"wp-block-heading\">Sommaire<\/h4>\n\n\n\n<ul class=\"wp-block-list\">\n<li><em>Alessandro Moro, <\/em><strong>Un <em>Lugus Lamhfhada<\/em> \u00e0 Bibracte ?<\/strong><\/li>\n\n\n\n<li><em>Cassandre Lejosne, <\/em><strong>L&rsquo;Image et le Verbe dans l&rsquo;asbide<\/strong><\/li>\n\n\n\n<li><em>Cati Da Silva,<\/em> <strong>La d\u00e9fense des <em>castros <\/em>: le Nord-Ouest ib\u00e9rique \u00e0 l&rsquo;aube de l&rsquo;Empire<\/strong><\/li>\n\n\n\n<li><em>Damien Frei,<\/em> <strong>L&rsquo;adoption dans l&rsquo;Antiquit\u00e9 grecque : le cas d&rsquo;Ariston<\/strong><\/li>\n\n\n\n<li>Samy Bouzour\u00e8ne, <strong>Apparition de l&rsquo;agriculture \u00e0 la p\u00e9riode jomon. Une approche arch\u00e9om\u00e9trique<\/strong><\/li>\n\n\n\n<li><em>Ludovic Solioz,<\/em> <strong>La fin de l&rsquo;arm\u00e9e romaine en Occident<\/strong><\/li>\n\n\n\n<li><em>Chlo\u00e9 Chezeaux, <\/em><strong><em>Booking.gr<\/em> : les structures d&rsquo;hospitalit\u00e9 en Gr\u00e8ce antique<\/strong><\/li>\n\n\n\n<li><em>J\u00e9r\u00f4me Andr\u00e9<\/em>, <strong>Tri\u00e8res \u00e0 bon port : \u00e0 la recherche des \u03bd\u03b5\u03ce\u03c3\u03bf\u03b9\u03ba\u03bf\u03b9 \u00e9r\u00e9triens<\/strong><\/li>\n\n\n\n<li><em>Lucien Raboud<\/em>,<strong> Les \u00ab\u00a0transferts technologiques\u00a0\u00bb de Celtes \u00e0 Romains dans l&rsquo;art minier<\/strong><\/li>\n\n\n\n<li><em>Jos\u00e9phine Bovay<\/em>, <strong>D&rsquo;Olympie \u00e0 Berlin<\/strong><\/li>\n\n\n\n<li><em>Julien Es-Borrat<\/em>, <strong>Le chanoine Bourban et les premi\u00e8res \u00e9glises d&rsquo;Agaune<\/strong><\/li>\n<\/ul>\n\n\n\n<p><a href=\"https:\/\/wp.unil.ch\/chronozones\/commander\/\">Commande de num\u00e9ros de Chronozones<\/a> \u2022 Retour \u00e0 la <a href=\"https:\/\/wp.unil.ch\/chronozones\/numeros\/\">liste des num\u00e9ros<\/a><\/p>\n","protected":false},"excerpt":{"rendered":"<p>Sommaire Commande de num\u00e9ros de Chronozones \u2022 Retour \u00e0 la liste des num\u00e9ros<\/p>\n","protected":false},"author":1001430,"featured_media":0,"parent":9,"menu_order":25,"comment_status":"closed","ping_status":"closed","template":"","meta":{"_seopress_robots_primary_cat":"","_seopress_titles_title":"","_seopress_titles_desc":"","_seopress_robots_index":"","footnotes":""},"class_list":["post-332","page","type-page","status-publish"],"_links":{"self":[{"href":"https:\/\/wp.unil.ch\/chronozones\/wp-json\/wp\/v2\/pages\/332","targetHints":{"allow":["GET"]}}],"collection":[{"href":"https:\/\/wp.unil.ch\/chronozones\/wp-json\/wp\/v2\/pages"}],"about":[{"href":"https:\/\/wp.unil.ch\/chronozones\/wp-json\/wp\/v2\/types\/page"}],"author":[{"embeddable":true,"href":"https:\/\/wp.unil.ch\/chronozones\/wp-json\/wp\/v2\/users\/1001430"}],"replies":[{"embeddable":true,"href":"https:\/\/wp.unil.ch\/chronozones\/wp-json\/wp\/v2\/comments?post=332"}],"version-history":[{"count":0,"href":"https:\/\/wp.unil.ch\/chronozones\/wp-json\/wp\/v2\/pages\/332\/revisions"}],"up":[{"embeddable":true,"href":"https:\/\/wp.unil.ch\/chronozones\/wp-json\/wp\/v2\/pages\/9"}],"wp:attachment":[{"href":"https:\/\/wp.unil.ch\/chronozones\/wp-json\/wp\/v2\/media?parent=332"}],"curies":[{"name":"wp","href":"https:\/\/api.w.org\/{rel}","templated":true}]}}