{"id":31,"date":"2013-05-05T16:28:52","date_gmt":"2013-05-05T14:28:52","guid":{"rendered":"http:\/\/wp.unil.ch\/chronozones\/?page_id=31"},"modified":"2024-09-06T15:49:39","modified_gmt":"2024-09-06T13:49:39","slug":"chronozones-1-1994","status":"publish","type":"page","link":"https:\/\/wp.unil.ch\/chronozones\/numeros\/chronozones-1-1994\/","title":{"rendered":"Chronozones 1 (1994)"},"content":{"rendered":"\n<h4 class=\"wp-block-heading\">Sommaire<\/h4>\n\n\n\n<ul class=\"wp-block-list\">\n<li><span style=\"font-family: Verdana,Arial,Helvetica,sans-serif;font-size: small\"> <em>P. Simon<\/em>, <strong>Atalante, \u00ab\u00a0superwoman\u00a0\u00bb de la Gr\u00e8ce Ancienne?<\/strong><\/span><\/li>\n\n\n\n<li><span style=\"font-family: Verdana,Arial,Helvetica,sans-serif;font-size: small\"><em>T. Luginb\u00fchl<\/em>, <strong>Dionysos et le banquet gaulois, symposion classique et soci\u00e9t\u00e9 celtique<\/strong><\/span><\/li>\n\n\n\n<li><span style=\"font-family: Verdana,Arial,Helvetica,sans-serif;font-size: small\"><em>F. Meylan<\/em>, <strong>Aux origines de Nyon et d&rsquo;Augst, aper\u00e7u historique des fondations c\u00e9sariennes sur le plateau suisse<\/strong><\/span><\/li>\n\n\n\n<li><span style=\"font-family: Verdana,Arial,Helvetica,sans-serif;font-size: small\"><em>M. Putallaz et S. Brighenti<\/em>, <strong>L&rsquo;organisation administrative du Valais sous le Haut-Empire<\/strong><\/span><\/li>\n\n\n\n<li><span style=\"font-family: Verdana,Arial,Helvetica,sans-serif;font-size: small\"><em>I. Liggi et S. Montangero<\/em>, <strong>Onomastique des Alpes Pennines: le droit latin et le droit romain<\/strong><\/span><\/li>\n\n\n\n<li><span style=\"font-family: Verdana,Arial,Helvetica,sans-serif;font-size: small\"><em>S. Reymond<\/em>, <strong>La religion \u00e0 Aventicum, divinit\u00e9s et d\u00e9dicants, essai de corr\u00e9lation<\/strong><\/span><\/li>\n\n\n\n<li><span style=\"font-family: Verdana,Arial,Helvetica,sans-serif;font-size: small\"><em>D. Pedrucci<\/em>, <strong>Les villae au Bas-Empire, quelques r\u00e9flexions<\/strong><\/span><\/li>\n\n\n\n<li><span style=\"font-family: Verdana,Arial,Helvetica,sans-serif;font-size: small\"><em>J. Favrod<\/em>, <strong>Gl\u00e9rolles (VD), une victime du Tauredunum ou des historiens?<\/strong><\/span><\/li>\n\n\n\n<li><span style=\"font-family: Verdana,Arial,Helvetica,sans-serif;font-size: small\"><em>A. Combe (L. Decollogny)<\/em>, <strong>L&rsquo;histoire n&rsquo;est qu&rsquo;un \u00e9ternel recommencement<\/strong><\/span><\/li>\n\n\n\n<li><span style=\"font-family: Verdana,Arial,Helvetica,sans-serif;font-size: small\"><em>P.-G. Cappietti<\/em>, <strong>Antichi passi, una marcia storica attreverso le Alpi<\/strong><\/span><\/li>\n\n\n\n<li><span style=\"font-family: Verdana,Arial,Helvetica,sans-serif;font-size: small\"><em>T. Luginb\u00fchl<\/em>, <strong>Trois grottes vaudoises pour les dimanches d&rsquo;\u00e9t\u00e9<\/strong><\/span><\/li>\n\n\n\n<li><span style=\"font-family: Verdana,Arial,Helvetica,sans-serif;font-size: small\"><em>C. Wagner et J. Monnier<\/em>, <strong>Quelques recettes d&rsquo;Apicus <\/strong><\/span><\/li>\n<\/ul>\n\n\n\n<p>\u27a4 <a href=\"https:\/\/wp.unil.ch\/chronozones\/commander\/\" data-type=\"page\" data-id=\"7\">Disponible en ligne<\/a><\/p>\n\n\n\n<p><a title=\"Commander\" href=\"https:\/\/wp.unil.ch\/chronozones\/commander\/\">Commande de num\u00e9ros de Chronozones<\/a> \u2022 Retour \u00e0 la <a title=\"Num\u00e9ros\" href=\"https:\/\/wp.unil.ch\/chronozones\/numeros\/\">liste des num\u00e9ros<\/a><\/p>\n","protected":false},"excerpt":{"rendered":"<p>Sommaire \u27a4 Disponible en ligne Commande de num\u00e9ros de Chronozones \u2022 Retour \u00e0 la liste des num\u00e9ros<\/p>\n","protected":false},"author":1258,"featured_media":0,"parent":9,"menu_order":1,"comment_status":"closed","ping_status":"closed","template":"","meta":{"_seopress_robots_primary_cat":"","_seopress_titles_title":"","_seopress_titles_desc":"","_seopress_robots_index":"","footnotes":""},"class_list":["post-31","page","type-page","status-publish"],"_links":{"self":[{"href":"https:\/\/wp.unil.ch\/chronozones\/wp-json\/wp\/v2\/pages\/31","targetHints":{"allow":["GET"]}}],"collection":[{"href":"https:\/\/wp.unil.ch\/chronozones\/wp-json\/wp\/v2\/pages"}],"about":[{"href":"https:\/\/wp.unil.ch\/chronozones\/wp-json\/wp\/v2\/types\/page"}],"author":[{"embeddable":true,"href":"https:\/\/wp.unil.ch\/chronozones\/wp-json\/wp\/v2\/users\/1258"}],"replies":[{"embeddable":true,"href":"https:\/\/wp.unil.ch\/chronozones\/wp-json\/wp\/v2\/comments?post=31"}],"version-history":[{"count":1,"href":"https:\/\/wp.unil.ch\/chronozones\/wp-json\/wp\/v2\/pages\/31\/revisions"}],"predecessor-version":[{"id":657,"href":"https:\/\/wp.unil.ch\/chronozones\/wp-json\/wp\/v2\/pages\/31\/revisions\/657"}],"up":[{"embeddable":true,"href":"https:\/\/wp.unil.ch\/chronozones\/wp-json\/wp\/v2\/pages\/9"}],"wp:attachment":[{"href":"https:\/\/wp.unil.ch\/chronozones\/wp-json\/wp\/v2\/media?parent=31"}],"curies":[{"name":"wp","href":"https:\/\/api.w.org\/{rel}","templated":true}]}}