{"id":305,"date":"2020-05-21T11:56:30","date_gmt":"2020-05-21T09:56:30","guid":{"rendered":"http:\/\/wp.unil.ch\/chronozones\/?page_id=305"},"modified":"2024-09-06T16:02:04","modified_gmt":"2024-09-06T14:02:04","slug":"chronozones-24-2018","status":"publish","type":"page","link":"https:\/\/wp.unil.ch\/chronozones\/numeros\/chronozones-24-2018\/","title":{"rendered":"Chronozones 24 (2018)"},"content":{"rendered":"<h4>Sommaire<\/h4>\n<ul>\n<li><span style=\"font-family: Verdana,Arial,Helvetica,sans-serif;font-size: small\"><em>Nicolas Becker, <\/em><strong>H\u00e9racl\u00e8s-Poutine: d\u00e9tournement d&rsquo;un r\u00e9cit mythologique<\/strong><\/span><\/li>\n<li><span style=\"font-family: Verdana,Arial,Helvetica,sans-serif;font-size: small\"><em>Azzura Titta, <\/em><strong>Les exigences religieuses \u00e0 bord des navires romains<\/strong><\/span><\/li>\n<li><span style=\"font-family: Verdana,Arial,Helvetica,sans-serif;font-size: small\"><em> Lucas Ragonese, <\/em> <strong> Les cultes poliades avant et apr\u00e8s la loi de P\u00e9ricl\u00e8s<\/strong><\/span><\/li>\n<li><span style=\"font-family: Verdana,Arial,Helvetica,sans-serif;font-size: small\"><em>Lionel Weber, <\/em> <strong> Enqu\u00eate sur le tribunal du proc\u00e8s de Socrate<\/strong><\/span><\/li>\n<li><span style=\"font-family: Verdana,Arial,Helvetica,sans-serif;font-size: small\"><em>Lucien Raboud, <\/em> <strong> Comment faire carri\u00e8re en Gaule romaine<\/strong><\/span><\/li>\n<li><span style=\"font-family: Verdana,Arial,Helvetica,sans-serif;font-size: small\"><em>Maude Liechti, <\/em><strong> La momification: un privil\u00e8ge ou un rite accessible \u00e0 tous<\/strong><\/span><\/li>\n<\/ul>\n<ul>\n<li><span style=\"font-family: Verdana,Arial,Helvetica,sans-serif;font-size: small\"><em> Association M\u00e9duobranes,<\/em> <strong> Recette du<em> pullum Frontonianum <\/em>d&rsquo;Apicius<\/strong><\/span><\/li>\n<li><span style=\"font-family: Verdana,Arial,Helvetica,sans-serif;font-size: small\"><em>Julien Es-Borrat,\u00a0<\/em><strong>\u00ab\u00a0Reliquaire en chantier\u00a0\u00bb, la nouvelle exposition temporaire de l&rsquo;Abbaye de Saint-Maurice<\/strong><\/span><\/li>\n<li><span style=\"font-family: Verdana,Arial,Helvetica,sans-serif;font-size: small\"><em>Lo\u00efc Durand, <\/em><strong>Le site des mosa\u00efques d&rsquo;Orbe: bilan 2018 et perspectives 2019<\/strong><\/span><\/li>\n<li><span style=\"font-family: Verdana,Arial,Helvetica,sans-serif;font-size: small\"><em>Tib\u00e8re Grec,<\/em><strong> Chantier autoris\u00e9!<\/strong><\/span><\/li>\n<\/ul>\n<p>\u27a4 <a href=\"https:\/\/wp.unil.ch\/chronozones\/commander\/\" data-type=\"page\" data-id=\"7\">Disponible en ligne<\/a><\/p>\n<p><a title=\"Commander\" href=\"https:\/\/wp.unil.ch\/chronozones\/commander\/\">Commande de num\u00e9ros de Chronozones<\/a> \u2022 Retour \u00e0 la <a title=\"Num\u00e9ros\" href=\"https:\/\/wp.unil.ch\/chronozones\/numeros\/\">liste des num\u00e9ros<\/a><\/p>\n","protected":false},"excerpt":{"rendered":"<p>Sommaire Nicolas Becker, H\u00e9racl\u00e8s-Poutine: d\u00e9tournement d&rsquo;un r\u00e9cit mythologique Azzura Titta, Les exigences religieuses \u00e0 bord des navires romains Lucas Ragonese, Les cultes poliades avant et apr\u00e8s la loi de P\u00e9ricl\u00e8s &hellip; <\/p>\n","protected":false},"author":1001430,"featured_media":0,"parent":9,"menu_order":24,"comment_status":"closed","ping_status":"closed","template":"","meta":{"_seopress_robots_primary_cat":"","_seopress_titles_title":"","_seopress_titles_desc":"","_seopress_robots_index":"","footnotes":""},"class_list":["post-305","page","type-page","status-publish"],"_links":{"self":[{"href":"https:\/\/wp.unil.ch\/chronozones\/wp-json\/wp\/v2\/pages\/305","targetHints":{"allow":["GET"]}}],"collection":[{"href":"https:\/\/wp.unil.ch\/chronozones\/wp-json\/wp\/v2\/pages"}],"about":[{"href":"https:\/\/wp.unil.ch\/chronozones\/wp-json\/wp\/v2\/types\/page"}],"author":[{"embeddable":true,"href":"https:\/\/wp.unil.ch\/chronozones\/wp-json\/wp\/v2\/users\/1001430"}],"replies":[{"embeddable":true,"href":"https:\/\/wp.unil.ch\/chronozones\/wp-json\/wp\/v2\/comments?post=305"}],"version-history":[{"count":1,"href":"https:\/\/wp.unil.ch\/chronozones\/wp-json\/wp\/v2\/pages\/305\/revisions"}],"predecessor-version":[{"id":681,"href":"https:\/\/wp.unil.ch\/chronozones\/wp-json\/wp\/v2\/pages\/305\/revisions\/681"}],"up":[{"embeddable":true,"href":"https:\/\/wp.unil.ch\/chronozones\/wp-json\/wp\/v2\/pages\/9"}],"wp:attachment":[{"href":"https:\/\/wp.unil.ch\/chronozones\/wp-json\/wp\/v2\/media?parent=305"}],"curies":[{"name":"wp","href":"https:\/\/api.w.org\/{rel}","templated":true}]}}