{"id":296,"date":"2020-03-23T11:25:26","date_gmt":"2020-03-23T10:25:26","guid":{"rendered":"http:\/\/wp.unil.ch\/chronozones\/?page_id=296"},"modified":"2024-08-01T20:19:38","modified_gmt":"2024-08-01T18:19:38","slug":"chronozones","status":"publish","type":"page","link":"https:\/\/wp.unil.ch\/chronozones\/","title":{"rendered":"Chronozones"},"content":{"rendered":"<p style=\"text-align: justify\">Bienvenue sur le site de <em>Chronozones<\/em>, la revue de l&rsquo;Institut d&rsquo;Arch\u00e9ologie et des sciences de l&rsquo;Antiquit\u00e9 (<a href=\"https:\/\/www.unil.ch\/iasa\">I<\/a><a href=\"https:\/\/www.unil.ch\/iasa\">ASA<\/a>) de l&rsquo;Universit\u00e9 de Lausanne (<a href=\"https:\/\/www.unil.ch\">UNIL<\/a>). <em>Chronozones<\/em> est une parution annuelle enti\u00e8rement con\u00e7ue par les \u00e9tudiant\u00b7e\u00b7s des disciplines de l&rsquo;ASA : arch\u00e9ologie (classique et provinciale romaine), histoire ancienne, latin et grec. Ainsi, les sujets touch\u00e9s s&rsquo;\u00e9tendent des questions arch\u00e9ologiques \u00e0 celles portant sur la philologie des textes antiques, mais \u00e9galement sur les cultures celtes, etc.<\/p>\n<p style=\"text-align: justify\">Vous trouverez sur notre site toutes les informations n\u00e9cessaires sur notre revue, ainsi que des liens pour commander nos diff\u00e9rents num\u00e9ros ou les consulter en ligne. En outre, vous trouverez, sur la page d\u00e9di\u00e9e \u00e0 chaque num\u00e9ro, le sommaire de chacun d&rsquo;entre eux.<\/p>\n<p>Nous nous tenons bien s\u00fbr aussi \u00e0 disposition pour toute demande de renseignements via notre <a href=\"https:\/\/wp.unil.ch\/chronozones\/contact\/\">formulaire de contact<\/a>.<\/p>\n<p style=\"text-align: justify\">Bonne d\u00e9couverte et bonne lecture !<\/p>\n","protected":false},"excerpt":{"rendered":"<p>Bienvenue sur le site de Chronozones, la revue de l&rsquo;Institut d&rsquo;Arch\u00e9ologie et des sciences de l&rsquo;Antiquit\u00e9 (IASA) de l&rsquo;Universit\u00e9 de Lausanne (UNIL). Chronozones est une parution annuelle enti\u00e8rement con\u00e7ue par &hellip; <\/p>\n","protected":false},"author":108,"featured_media":0,"parent":0,"menu_order":0,"comment_status":"closed","ping_status":"closed","template":"","meta":{"_seopress_robots_primary_cat":"","_seopress_titles_title":"","_seopress_titles_desc":"","_seopress_robots_index":"","footnotes":""},"class_list":["post-296","page","type-page","status-publish"],"_links":{"self":[{"href":"https:\/\/wp.unil.ch\/chronozones\/wp-json\/wp\/v2\/pages\/296","targetHints":{"allow":["GET"]}}],"collection":[{"href":"https:\/\/wp.unil.ch\/chronozones\/wp-json\/wp\/v2\/pages"}],"about":[{"href":"https:\/\/wp.unil.ch\/chronozones\/wp-json\/wp\/v2\/types\/page"}],"author":[{"embeddable":true,"href":"https:\/\/wp.unil.ch\/chronozones\/wp-json\/wp\/v2\/users\/108"}],"replies":[{"embeddable":true,"href":"https:\/\/wp.unil.ch\/chronozones\/wp-json\/wp\/v2\/comments?post=296"}],"version-history":[{"count":3,"href":"https:\/\/wp.unil.ch\/chronozones\/wp-json\/wp\/v2\/pages\/296\/revisions"}],"predecessor-version":[{"id":627,"href":"https:\/\/wp.unil.ch\/chronozones\/wp-json\/wp\/v2\/pages\/296\/revisions\/627"}],"wp:attachment":[{"href":"https:\/\/wp.unil.ch\/chronozones\/wp-json\/wp\/v2\/media?parent=296"}],"curies":[{"name":"wp","href":"https:\/\/api.w.org\/{rel}","templated":true}]}}