{"id":288,"date":"2018-10-05T13:42:02","date_gmt":"2018-10-05T11:42:02","guid":{"rendered":"http:\/\/wp.unil.ch\/chronozones\/?page_id=288"},"modified":"2024-09-06T15:59:24","modified_gmt":"2024-09-06T13:59:24","slug":"chronozones-23-2017","status":"publish","type":"page","link":"https:\/\/wp.unil.ch\/chronozones\/numeros\/chronozones-23-2017\/","title":{"rendered":"Chronozones 23 (2017)"},"content":{"rendered":"<h4><strong>Sommaire<\/strong><\/h4>\n<p><em><strong>Materia<\/strong><\/em><\/p>\n<ul>\n<li><em>J\u00e9r\u00f4me Andr\u00e9,<\/em><strong> Les sons des Cyclopes<\/strong><\/li>\n<li><em>Noemi Bianchi,<\/em><b> La magie au quotidien en \u00c9gypte ancienne<\/b><\/li>\n<li><em>Dylan Bovet, <\/em><b>Pline et la tradition de la lettre de spectacle<\/b><\/li>\n<li><em>Claudia Lozano L\u00f3pez, <\/em><strong>Le travail du fer \u00e0 l&rsquo;\u00c2ge du Bronze<\/strong><\/li>\n<\/ul>\n<p><strong>Dossier : <em>M\u00e9moire et oubli<\/em><\/strong><\/p>\n<ul>\n<li><em>Jos\u00e9phine Bovay,<\/em><strong> Mussolini l&rsquo;<em>Africanus<\/em><\/strong><\/li>\n<li><em>Helena Mingard,<\/em><strong> Hatchepsout : la vie d&rsquo;une Pharaon frapp\u00e9e par la <em>Damnatio Memoriae<\/em><\/strong><\/li>\n<li><em>Nicolas Lonfat,<\/em><strong> La chienne au double langage : Clytemnestre dans l&rsquo;Agamemnon d&rsquo;Eschyle<\/strong><\/li>\n<li><em>Aude Lovey,<\/em><strong> M\u00e9moire d&rsquo;une divinit\u00e9, m\u00e9moire d&rsquo;une cit\u00e9<\/strong><\/li>\n<li><em>Valentin Michellod,<\/em><strong> Imothep: de son vivant \u00e0 la reconnaissance <em>post portem<\/em><\/strong><\/li>\n<li><em>Azzurra Titta, <\/em><strong>Retour au sanctuaire du mont Pipet par de nouvelles r\u00e9flexions<\/strong><\/li>\n<\/ul>\n<p><em><strong>Et caetera<\/strong><\/em><\/p>\n<ul>\n<li><em>Christophe Panchard,<\/em><strong> Reconstitution de recettes romaines par l&rsquo;association <em>Meduobranes<\/em><\/strong><\/li>\n<\/ul>\n<p>\u27a4 <a href=\"https:\/\/wp.unil.ch\/chronozones\/commander\/\" data-type=\"page\" data-id=\"7\">Disponible en ligne<\/a><\/p>\n\n\n<p><a href=\"https:\/\/wp.unil.ch\/chronozones\/commander\/\">Commande de num\u00e9ros de Chronozones<\/a>&nbsp;\u2022 Retour \u00e0 la&nbsp;<a href=\"https:\/\/wp.unil.ch\/chronozones\/numeros\/\">liste des num\u00e9ros<\/a><\/p>\n","protected":false},"excerpt":{"rendered":"<p>Sommaire Materia J\u00e9r\u00f4me Andr\u00e9, Les sons des Cyclopes Noemi Bianchi, La magie au quotidien en \u00c9gypte ancienne Dylan Bovet, Pline et la tradition de la lettre de spectacle Claudia Lozano &hellip; <\/p>\n","protected":false},"author":1001430,"featured_media":0,"parent":9,"menu_order":23,"comment_status":"closed","ping_status":"closed","template":"","meta":{"_seopress_robots_primary_cat":"","_seopress_titles_title":"","_seopress_titles_desc":"","_seopress_robots_index":"","footnotes":""},"class_list":["post-288","page","type-page","status-publish"],"_links":{"self":[{"href":"https:\/\/wp.unil.ch\/chronozones\/wp-json\/wp\/v2\/pages\/288","targetHints":{"allow":["GET"]}}],"collection":[{"href":"https:\/\/wp.unil.ch\/chronozones\/wp-json\/wp\/v2\/pages"}],"about":[{"href":"https:\/\/wp.unil.ch\/chronozones\/wp-json\/wp\/v2\/types\/page"}],"author":[{"embeddable":true,"href":"https:\/\/wp.unil.ch\/chronozones\/wp-json\/wp\/v2\/users\/1001430"}],"replies":[{"embeddable":true,"href":"https:\/\/wp.unil.ch\/chronozones\/wp-json\/wp\/v2\/comments?post=288"}],"version-history":[{"count":1,"href":"https:\/\/wp.unil.ch\/chronozones\/wp-json\/wp\/v2\/pages\/288\/revisions"}],"predecessor-version":[{"id":680,"href":"https:\/\/wp.unil.ch\/chronozones\/wp-json\/wp\/v2\/pages\/288\/revisions\/680"}],"up":[{"embeddable":true,"href":"https:\/\/wp.unil.ch\/chronozones\/wp-json\/wp\/v2\/pages\/9"}],"wp:attachment":[{"href":"https:\/\/wp.unil.ch\/chronozones\/wp-json\/wp\/v2\/media?parent=288"}],"curies":[{"name":"wp","href":"https:\/\/api.w.org\/{rel}","templated":true}]}}