{"id":224,"date":"2016-11-07T14:53:54","date_gmt":"2016-11-07T13:53:54","guid":{"rendered":"http:\/\/wp.unil.ch\/chronozones\/?page_id=224"},"modified":"2024-09-06T15:58:49","modified_gmt":"2024-09-06T13:58:49","slug":"chronozones-22-2016","status":"publish","type":"page","link":"https:\/\/wp.unil.ch\/chronozones\/numeros\/chronozones-22-2016\/","title":{"rendered":"Chronozones 22 (2016)"},"content":{"rendered":"<h4><strong>Sommaire<\/strong><\/h4>\n<ul>\n<li><em>Kilian Rustichelli,<\/em><strong> Charles-Guillaume Loys de Bochat, un Vaudois sur la trace des Helv\u00e8tes au XVIIIe si\u00e8cle<\/strong><\/li>\n<li><em>Claudia Lozano L\u00f3pez,<strong> Ilici<\/strong><\/em><strong> et Jumilla: exemples de <em>centuriatio<\/em> au sud-est de l&rsquo;Hispanie<\/strong><\/li>\n<li><em>Julien Es-Borrat,<\/em><strong> Les <em>Somni portae<\/em> de l&rsquo;\u00c9n\u00e9ide<\/strong><\/li>\n<\/ul>\n<p><strong>Dossier : <em>Cultures en contact<\/em><\/strong><\/p>\n<ul>\n<li><em>Sarah Paudex, <\/em><strong>Made in Roma, made in China<\/strong><\/li>\n<li><em>Daniela Greger,<\/em><strong> Alli\u00e9s et ennemis: Ath\u00e8nes, Chalcis et les Perses<\/strong><\/li>\n<li><em>Aude Lovey,<\/em><strong> Sur les traces d&rsquo;une d\u00e9esse: du Levant \u00e0 l&rsquo;\u00c9gypte<\/strong><\/li>\n<li><em>Jessica Vasina, <\/em><strong>Les origines du cirque romain<\/strong><\/li>\n<li><em>J\u00e9r\u00f4me Andr\u00e9 et Nicolas Lonfat, <\/em><strong>D&rsquo;une monarchie \u00e0 l&rsquo;autre &#8211; la cit\u00e9 de Xanthos entre Lagides et S\u00e9leucides<\/strong><\/li>\n<li><em>Alison Giavina, <\/em><strong>Un dieu grec \u00e0 Rome: le cas d&rsquo;Esculape<\/strong><\/li>\n<li><em>Romeo Dell&rsquo;Era,<\/em><strong> Cit\u00e9s romaines d&rsquo;Italie et peuples alpins en contact: t\u00e9moignages \u00e9pigraphiques<\/strong><br \/>\n<a href=\"https:\/\/wp.unil.ch\/chronozones\/files\/2016\/12\/ArticleCZ22RomeoCATALOGUE.pdf\">Catalogue des inscriptions<\/a><\/li>\n<li><em>Lo\u00efc Durand,<\/em><strong> Les Celtes, les Grecs et les \u00c9trusques: une \u00e9vidence fun\u00e9raire<\/strong><\/li>\n<\/ul>\n<p><strong>Et caetera<\/strong><\/p>\n<ul>\n<li><em>Aline Ferrari,<\/em><strong> Saveurs d&rsquo;ailleurs ou comment voyager assis \u00e0 sa table devant son assiette<\/strong><\/li>\n<\/ul>\n<p>\u27a4 <a href=\"https:\/\/wp.unil.ch\/chronozones\/commander\/\" data-type=\"page\" data-id=\"7\">Disponible en ligne<\/a><\/p>\n<p><a title=\"Commander\" href=\"https:\/\/wp.unil.ch\/chronozones\/commander\/\">Commande de num\u00e9ros de Chronozones<\/a> \u2022 Retour \u00e0 la <a title=\"Num\u00e9ros\" href=\"https:\/\/wp.unil.ch\/chronozones\/numeros\/\">liste des num\u00e9ros<\/a><\/p>\n","protected":false},"excerpt":{"rendered":"<p>Sommaire Kilian Rustichelli, Charles-Guillaume Loys de Bochat, un Vaudois sur la trace des Helv\u00e8tes au XVIIIe si\u00e8cle Claudia Lozano L\u00f3pez, Ilici et Jumilla: exemples de centuriatio au sud-est de l&rsquo;Hispanie &hellip; <\/p>\n","protected":false},"author":1001430,"featured_media":0,"parent":9,"menu_order":22,"comment_status":"closed","ping_status":"closed","template":"","meta":{"_seopress_robots_primary_cat":"","_seopress_titles_title":"","_seopress_titles_desc":"","_seopress_robots_index":"","footnotes":""},"class_list":["post-224","page","type-page","status-publish"],"_links":{"self":[{"href":"https:\/\/wp.unil.ch\/chronozones\/wp-json\/wp\/v2\/pages\/224","targetHints":{"allow":["GET"]}}],"collection":[{"href":"https:\/\/wp.unil.ch\/chronozones\/wp-json\/wp\/v2\/pages"}],"about":[{"href":"https:\/\/wp.unil.ch\/chronozones\/wp-json\/wp\/v2\/types\/page"}],"author":[{"embeddable":true,"href":"https:\/\/wp.unil.ch\/chronozones\/wp-json\/wp\/v2\/users\/1001430"}],"replies":[{"embeddable":true,"href":"https:\/\/wp.unil.ch\/chronozones\/wp-json\/wp\/v2\/comments?post=224"}],"version-history":[{"count":1,"href":"https:\/\/wp.unil.ch\/chronozones\/wp-json\/wp\/v2\/pages\/224\/revisions"}],"predecessor-version":[{"id":679,"href":"https:\/\/wp.unil.ch\/chronozones\/wp-json\/wp\/v2\/pages\/224\/revisions\/679"}],"up":[{"embeddable":true,"href":"https:\/\/wp.unil.ch\/chronozones\/wp-json\/wp\/v2\/pages\/9"}],"wp:attachment":[{"href":"https:\/\/wp.unil.ch\/chronozones\/wp-json\/wp\/v2\/media?parent=224"}],"curies":[{"name":"wp","href":"https:\/\/api.w.org\/{rel}","templated":true}]}}