{"id":220,"date":"2016-11-01T16:49:56","date_gmt":"2016-11-01T15:49:56","guid":{"rendered":"http:\/\/wp.unil.ch\/chronozones\/?page_id=220"},"modified":"2024-09-06T15:58:28","modified_gmt":"2024-09-06T13:58:28","slug":"chronozones-21-2015","status":"publish","type":"page","link":"https:\/\/wp.unil.ch\/chronozones\/numeros\/chronozones-21-2015\/","title":{"rendered":"Chronozones 21 (2015)"},"content":{"rendered":"<h4><strong>Sommaire<\/strong><\/h4>\n<ul>\n<li><em>Daniela Greger, <\/em><strong>Permis de tuer: la vie au <em>ludus<\/em> de <em>Carnuntum<\/em><\/strong><\/li>\n<li><em>Maxime Fischer,<\/em><strong> H\u00e9rodote et le \u00ab\u00a0c\u00f4t\u00e9 obscur\u00a0\u00bb des Scythes<\/strong><\/li>\n<li><em>Xavier Mabillard, <\/em><strong>Entre Grecs et Lucaniens: l&rsquo;autel de Zeus de Paestum<\/strong><\/li>\n<li><em>Sarah Paudex, <\/em><strong>Les d\u00e9funtes immortelles<\/strong><\/li>\n<li><em>Romeo Dell&rsquo;Era,<\/em><strong> De Golasecca \u00e0 La T\u00e8ne: la transition culturelle au Tessin<\/strong><\/li>\n<li><em>Yanick Bourqui, <\/em><strong>La prospection: m\u00e9thodes et exemples d&rsquo;application en Suisse<\/strong><\/li>\n<li><em>Olivier Presset,<\/em><strong> Le mur d&rsquo;Hadrien: entre monde romain et monde barbare<\/strong><\/li>\n<\/ul>\n<p><strong>Dossier : <em>Spectacles et c\u00e9r\u00e9monies<\/em><br \/>\n<\/strong><\/p>\n<ul>\n<li><em>Ana\u00efs Devaux,<\/em><strong> La musique dans les spectacles romains<\/strong><\/li>\n<li><em>C\u00e9dric Pernet,<\/em><strong> Gare aux p\u00e8lerins! La protection des lieux sacr\u00e9s en Gr\u00e8ce d&rsquo;apr\u00e8s les inscriptions<\/strong><\/li>\n<li><em>Oliver Rendu,<\/em><strong> Le culte contemporain d&rsquo;un saint musulman \u00e0 Louxor<\/strong><\/li>\n<\/ul>\n<p><strong>Et caetera<\/strong><\/p>\n<ul>\n<li><em>Cindy Vaucher et Romaine Napi, <\/em><strong>\u00c0 la table d&rsquo;Apicius ou comment confectionner un banquet romain pour tables modernes<\/strong><\/li>\n<\/ul>\n<p>\u27a4 <a href=\"https:\/\/wp.unil.ch\/chronozones\/commander\/\" data-type=\"page\" data-id=\"7\">Disponible en ligne<\/a><\/p>\n<p><a title=\"Commander\" href=\"https:\/\/wp.unil.ch\/chronozones\/commander\/\">Commande de num\u00e9ros de Chronozones<\/a> \u2022 Retour \u00e0 la <a title=\"Num\u00e9ros\" href=\"https:\/\/wp.unil.ch\/chronozones\/numeros\/\">liste des num\u00e9ros<\/a><\/p>\n","protected":false},"excerpt":{"rendered":"<p>Sommaire Daniela Greger, Permis de tuer: la vie au ludus de Carnuntum Maxime Fischer, H\u00e9rodote et le \u00ab\u00a0c\u00f4t\u00e9 obscur\u00a0\u00bb des Scythes Xavier Mabillard, Entre Grecs et Lucaniens: l&rsquo;autel de Zeus &hellip; <\/p>\n","protected":false},"author":1001430,"featured_media":0,"parent":9,"menu_order":21,"comment_status":"closed","ping_status":"closed","template":"","meta":{"_seopress_robots_primary_cat":"","_seopress_titles_title":"","_seopress_titles_desc":"","_seopress_robots_index":"","footnotes":""},"class_list":["post-220","page","type-page","status-publish"],"_links":{"self":[{"href":"https:\/\/wp.unil.ch\/chronozones\/wp-json\/wp\/v2\/pages\/220","targetHints":{"allow":["GET"]}}],"collection":[{"href":"https:\/\/wp.unil.ch\/chronozones\/wp-json\/wp\/v2\/pages"}],"about":[{"href":"https:\/\/wp.unil.ch\/chronozones\/wp-json\/wp\/v2\/types\/page"}],"author":[{"embeddable":true,"href":"https:\/\/wp.unil.ch\/chronozones\/wp-json\/wp\/v2\/users\/1001430"}],"replies":[{"embeddable":true,"href":"https:\/\/wp.unil.ch\/chronozones\/wp-json\/wp\/v2\/comments?post=220"}],"version-history":[{"count":1,"href":"https:\/\/wp.unil.ch\/chronozones\/wp-json\/wp\/v2\/pages\/220\/revisions"}],"predecessor-version":[{"id":678,"href":"https:\/\/wp.unil.ch\/chronozones\/wp-json\/wp\/v2\/pages\/220\/revisions\/678"}],"up":[{"embeddable":true,"href":"https:\/\/wp.unil.ch\/chronozones\/wp-json\/wp\/v2\/pages\/9"}],"wp:attachment":[{"href":"https:\/\/wp.unil.ch\/chronozones\/wp-json\/wp\/v2\/media?parent=220"}],"curies":[{"name":"wp","href":"https:\/\/api.w.org\/{rel}","templated":true}]}}