{"id":201,"date":"2014-11-19T22:43:48","date_gmt":"2014-11-19T21:43:48","guid":{"rendered":"http:\/\/wp.unil.ch\/chronozones\/?page_id=201"},"modified":"2024-09-06T15:58:09","modified_gmt":"2024-09-06T13:58:09","slug":"chronozones-20-2014","status":"publish","type":"page","link":"https:\/\/wp.unil.ch\/chronozones\/numeros\/chronozones-20-2014\/","title":{"rendered":"Chronozones 20 (2014)"},"content":{"rendered":"<h4 style=\"text-align: left\"><strong>Sommaire<\/strong><\/h4>\n<ul style=\"text-align: left\">\n<li><em>Alrick Bezat, <\/em><strong><em>Monstrum <\/em>et<em>prodigia<\/em>: le sort des enfants maflorm\u00e9s en droit romain<\/strong><\/li>\n<li><em>Sarah Paudex, <\/em><strong>Un centre religieux pas si respectable!<\/strong><\/li>\n<li><em>Livio Napoli,<\/em><strong> Sur l&rsquo;architecture chr\u00e9tienne: les essais constantiniens<\/strong><\/li>\n<li><em>Romaine Napi,<\/em><strong> La c\u00e9ramique byzantine: une \u00e9volution sp\u00e9cifique?<\/strong><\/li>\n<li><em>Ludovic Bender et Yannick Bourqui, <\/em><strong>Inventaire et protocole de documentation des sites rupestres fribourgeois<\/strong><\/li>\n<li><em>Daniela Greger,<\/em><strong> Quintus Fabius Maximus Verrucosus : l&rsquo;homme qui h\u00e9sitait<\/strong><\/li>\n<li><em>Oliver Rendu,<\/em><strong> \u00c0 la d\u00e9couverte de l&rsquo;espace rural du Haut Moyen-\u00c2ge<\/strong><\/li>\n<li><em>Aur\u00e9lie Dorthe, <\/em><strong>Les ports de Constantinople<\/strong><\/li>\n<\/ul>\n<p style=\"text-align: left\"><strong>Dossier sp\u00e9cial : <em>Arch\u00e9ologie, Histoire ancienne et controverses<\/em><\/strong><\/p>\n<ul style=\"text-align: left\">\n<li><em>Nicolas Consiglio, <\/em><strong>Micmacs arch\u00e9ologiques et historiques<\/strong><\/li>\n<li><em>Olivier Presset,<\/em><strong> Quand l&rsquo;\u00e9ruption du V\u00e9suve eut lieu en automne&#8230;<\/strong><\/li>\n<li><em>Elise Kellenberger,<\/em><strong> Le sacrifice humain en Gaule celtique<\/strong><\/li>\n<li><em>Marie Soto, <\/em><strong>Le buste de N\u00e9fertiti: son authenticit\u00e9 remise en cause<\/strong><\/li>\n<li><em>William Yoakim et Xavier Mabillard,<\/em><strong> L&rsquo;id\u00e9alisation de Sparte: gen\u00e8se antique et r\u00e9appropriation moderne<\/strong><\/li>\n<li><em>Nicolas Consiglio,<\/em><strong> Une pi\u00e8ce en or probl\u00e9matique<\/strong><\/li>\n<li><em>Marie Soto et Olivier Presset,<\/em><strong> Le Colis\u00e9e ou l&rsquo;Amphith\u00e9\u00e2tre Flavien pour les intimes&#8230;<\/strong><\/li>\n<\/ul>\n<p style=\"text-align: left\"><strong>Et caetera<\/strong><\/p>\n<ul>\n<li style=\"text-align: left\"><em>Nicolas Consiglio,<\/em><strong> \u00c0 la table d&rsquo;Apicius ou comment confectionner un banquet pour tables modernes<\/strong><\/li>\n<\/ul>\n<p>\u27a4 <a href=\"https:\/\/wp.unil.ch\/chronozones\/commander\/\" data-type=\"page\" data-id=\"7\">Disponible en ligne<\/a><\/p>\n<p><a href=\"https:\/\/wp.unil.ch\/chronozones\/commander\/\">Commande de num\u00e9ros<\/a> de <em>Chronozones<\/em> &#8211; Retour \u00e0 la <a href=\"https:\/\/wp.unil.ch\/chronozones\/numeros\/\">liste des num\u00e9ros<\/a><\/p>\n","protected":false},"excerpt":{"rendered":"<p>Sommaire Alrick Bezat, Monstrum etprodigia: le sort des enfants maflorm\u00e9s en droit romain Sarah Paudex, Un centre religieux pas si respectable! Livio Napoli, Sur l&rsquo;architecture chr\u00e9tienne: les essais constantiniens Romaine &hellip; <\/p>\n","protected":false},"author":1001077,"featured_media":0,"parent":9,"menu_order":20,"comment_status":"closed","ping_status":"closed","template":"","meta":{"_seopress_robots_primary_cat":"","_seopress_titles_title":"","_seopress_titles_desc":"","_seopress_robots_index":"","footnotes":""},"class_list":["post-201","page","type-page","status-publish"],"_links":{"self":[{"href":"https:\/\/wp.unil.ch\/chronozones\/wp-json\/wp\/v2\/pages\/201","targetHints":{"allow":["GET"]}}],"collection":[{"href":"https:\/\/wp.unil.ch\/chronozones\/wp-json\/wp\/v2\/pages"}],"about":[{"href":"https:\/\/wp.unil.ch\/chronozones\/wp-json\/wp\/v2\/types\/page"}],"author":[{"embeddable":true,"href":"https:\/\/wp.unil.ch\/chronozones\/wp-json\/wp\/v2\/users\/1001077"}],"replies":[{"embeddable":true,"href":"https:\/\/wp.unil.ch\/chronozones\/wp-json\/wp\/v2\/comments?post=201"}],"version-history":[{"count":1,"href":"https:\/\/wp.unil.ch\/chronozones\/wp-json\/wp\/v2\/pages\/201\/revisions"}],"predecessor-version":[{"id":677,"href":"https:\/\/wp.unil.ch\/chronozones\/wp-json\/wp\/v2\/pages\/201\/revisions\/677"}],"up":[{"embeddable":true,"href":"https:\/\/wp.unil.ch\/chronozones\/wp-json\/wp\/v2\/pages\/9"}],"wp:attachment":[{"href":"https:\/\/wp.unil.ch\/chronozones\/wp-json\/wp\/v2\/media?parent=201"}],"curies":[{"name":"wp","href":"https:\/\/api.w.org\/{rel}","templated":true}]}}