{"id":170,"date":"2014-01-24T10:59:32","date_gmt":"2014-01-24T09:59:32","guid":{"rendered":"http:\/\/wp.unil.ch\/chronozones\/?page_id=170"},"modified":"2024-09-06T15:57:16","modified_gmt":"2024-09-06T13:57:16","slug":"chronozones-19-2013","status":"publish","type":"page","link":"https:\/\/wp.unil.ch\/chronozones\/numeros\/chronozones-19-2013\/","title":{"rendered":"Chronozones 19 (2013)"},"content":{"rendered":"<h4>Sommaire<\/h4>\n<ul>\n<li><em>Nicolas Consiglio<\/em>, <strong>Polys\u00e9mie \u00e0 la Maison du Verger<\/strong><\/li>\n<li><em>Thibaud Leignel<\/em>, <strong>Avenches, deux inscriptions chr\u00e9tiennes sur des gobelets en verre<\/strong><\/li>\n<li><em>Livio Napoli<\/em>, <strong>Sur la monumentalit\u00e9 d&rsquo;<em>Aquae Sextiae<\/em><\/strong><\/li>\n<li><em>Beno\u00eet Pittet<\/em>,<strong>\u00a0\u00c9conomie dirig\u00e9e; crises financi\u00e8res \u00e9cart\u00e9es?<\/strong><\/li>\n<li><em>Laureline Pop<\/em>, <strong>Mortels sourires de l&rsquo;archa\u00efsme<\/strong><em><br \/>\n<\/em><\/li>\n<li><em>Divers auteurs<\/em>,\u00a0<strong>Bande dessin\u00e9e, litt\u00e9rature, exposition<\/strong><\/li>\n<\/ul>\n<p><strong>Dossier : <em>Crises et superstitions<\/em><br \/>\n<\/strong><\/p>\n<ul>\n<li><em>Malika Bossard<\/em>,\u00a0<strong>Datation de l\u2019\u00e9ruption de Th\u00e9ra: un aper\u00e7u des sources<\/strong><\/li>\n<li><em>Ludovic Collet<\/em>, <strong>L\u2019homme face aux catastrophes, Oedipe dans l\u2019<em>Oedipe roi<\/em><\/strong><\/li>\n<li><em>Nicolas Consiglio<\/em>,\u00a0<strong>L\u2019ancien et le moderne: regard crois\u00e9 sur le concept de crise<\/strong><\/li>\n<li><em>Barbara Hiltmann<\/em>,\u00a0<strong>Quand les volcans se r\u00e9veillent&#8230;<\/strong><\/li>\n<li><em>Xavier Mabillard<\/em>,<strong>\u00a0La justification du massacre durant la guerre du P\u00e9loponn\u00e8se<\/strong><\/li>\n<li><em>Louise Rubeli<\/em>, <strong>Superstition et amulettes en Occident<\/strong><\/li>\n<li><em>Cindy Vaucher<\/em>, <strong>Magie, amulettes et mauvais oeil en Egypte antique<\/strong><\/li>\n<\/ul>\n<p>\u27a4 <a href=\"https:\/\/wp.unil.ch\/chronozones\/commander\/\" data-type=\"page\" data-id=\"7\">Disponible en ligne<\/a><\/p>\n<p><a title=\"Commander\" href=\"https:\/\/wp.unil.ch\/chronozones\/commander\/\">Commande de num\u00e9ros de Chronozones<\/a> \u2022 Retour \u00e0 la <a title=\"Num\u00e9ros\" href=\"https:\/\/wp.unil.ch\/chronozones\/numeros\/\">liste des num\u00e9ros<\/a><\/p>\n","protected":false},"excerpt":{"rendered":"<p>Sommaire Nicolas Consiglio, Polys\u00e9mie \u00e0 la Maison du Verger Thibaud Leignel, Avenches, deux inscriptions chr\u00e9tiennes sur des gobelets en verre Livio Napoli, Sur la monumentalit\u00e9 d&rsquo;Aquae Sextiae Beno\u00eet Pittet,\u00a0\u00c9conomie dirig\u00e9e; &hellip; <\/p>\n","protected":false},"author":1258,"featured_media":0,"parent":9,"menu_order":19,"comment_status":"closed","ping_status":"closed","template":"","meta":{"_seopress_robots_primary_cat":"","_seopress_titles_title":"","_seopress_titles_desc":"","_seopress_robots_index":"","footnotes":""},"class_list":["post-170","page","type-page","status-publish"],"_links":{"self":[{"href":"https:\/\/wp.unil.ch\/chronozones\/wp-json\/wp\/v2\/pages\/170","targetHints":{"allow":["GET"]}}],"collection":[{"href":"https:\/\/wp.unil.ch\/chronozones\/wp-json\/wp\/v2\/pages"}],"about":[{"href":"https:\/\/wp.unil.ch\/chronozones\/wp-json\/wp\/v2\/types\/page"}],"author":[{"embeddable":true,"href":"https:\/\/wp.unil.ch\/chronozones\/wp-json\/wp\/v2\/users\/1258"}],"replies":[{"embeddable":true,"href":"https:\/\/wp.unil.ch\/chronozones\/wp-json\/wp\/v2\/comments?post=170"}],"version-history":[{"count":1,"href":"https:\/\/wp.unil.ch\/chronozones\/wp-json\/wp\/v2\/pages\/170\/revisions"}],"predecessor-version":[{"id":676,"href":"https:\/\/wp.unil.ch\/chronozones\/wp-json\/wp\/v2\/pages\/170\/revisions\/676"}],"up":[{"embeddable":true,"href":"https:\/\/wp.unil.ch\/chronozones\/wp-json\/wp\/v2\/pages\/9"}],"wp:attachment":[{"href":"https:\/\/wp.unil.ch\/chronozones\/wp-json\/wp\/v2\/media?parent=170"}],"curies":[{"name":"wp","href":"https:\/\/api.w.org\/{rel}","templated":true}]}}