{"id":165,"date":"2013-07-17T11:44:02","date_gmt":"2013-07-17T09:44:02","guid":{"rendered":"http:\/\/wp.unil.ch\/chronozones\/?page_id=165"},"modified":"2026-04-07T10:38:51","modified_gmt":"2026-04-07T08:38:51","slug":"a-propos","status":"publish","type":"page","link":"https:\/\/wp.unil.ch\/chronozones\/a-propos\/","title":{"rendered":"\u00c0 propos"},"content":{"rendered":"\n<p class=\"has-medium-font-size\"><strong><em>Chronozones<\/em> est une revue publi\u00e9e une fois par ann\u00e9e et con\u00e7ue enti\u00e8rement par des \u00e9tudiant\u00b7e\u00b7s en arch\u00e9ologie et en sciences de l&rsquo;Antiquit\u00e9 \u00e0 l&rsquo;Universit\u00e9 de Lausanne. Les th\u00e9matiques vari\u00e9es refl\u00e8tent leurs int\u00e9r\u00eats, les champs de recherche de la section ainsi que, parfois, diverses actualit\u00e9s. <\/strong><\/p>\n\n\n\n<p>La revue <em>Chronozones<\/em> est n\u00e9e en 1994 de la volont\u00e9 d&rsquo;un groupe d&rsquo;\u00e9tudiant\u00b7e\u00b7s en arch\u00e9ologie et en sciences de l&rsquo;Antiquit\u00e9 de l&rsquo;Universit\u00e9 de Lausanne qui d\u00e9sirait coucher ses id\u00e9es ou ses recherches par \u00e9crit dans le but de les diffuser, les discuter ou les critiquer. <a href=\"https:\/\/wp.unil.ch\/chronozones\/files\/2025\/12\/chronozones-30-p.-1-5.pdf\" data-type=\"attachment\" data-id=\"778\">D\u00e9couvrez ses origines avec l&rsquo;un de ses premiers membres !<\/a><\/p>\n\n\n\n<p>La conception de la revue s&rsquo;articule autour de deux p\u00f4les : d&rsquo;une part la r\u00e9daction d&rsquo;articles pour les auteurs, d&rsquo;autre part la participation \u00e0 plusieurs \u00e9tapes de la cha\u00eene de publication d&rsquo;une revue pour les membres de la r\u00e9daction, de la r\u00e9ception des textes \u00e0 la mise en page finale. L&rsquo;auteur\u00b7rice b\u00e9n\u00e9ficie alors d&rsquo;une exp\u00e9rience de publication, le\u00b7la membre de la r\u00e9daction d&rsquo;un savoir-faire \u00e9ditorial \u2013 charte typographique, ma\u00eetrise d&rsquo;un logiciel de mise en page, etc.<\/p>\n\n\n\n<p>La revue s&rsquo;int\u00e9resse essentiellement \u00e0 l&rsquo;histoire antique et \u00e0 la culture gr\u00e9co-latine, dans une d\u00e9marche pluridisciplinaire (arch\u00e9ologie, histoire, \u00e9pigraphie, numismatique, latin, grec) et parfois interdisciplinaire. Depuis quelques ann\u00e9es, un int\u00e9r\u00eat pour l&rsquo;\u00e9tude de la culture celtique se manifeste \u00e9galement. Elle est compos\u00e9e d&rsquo;une partie <em>Materia<\/em> qui laisse la place \u00e0 des articles de fond plus ou moins pointus, et <em>Antemnae<\/em> qui a pour vocation d&rsquo;\u00eatre un forum d&rsquo;\u00e9change et de r\u00e9unir tout document ayant trait, de pr\u00e8s ou de loin, \u00e0 l&rsquo;Antiquit\u00e9. Elle para\u00eet une fois par an, dans une maquette qui a trouv\u00e9 sa ligne d\u00e8s le troisi\u00e8me volume. Cette derni\u00e8re a \u00e9t\u00e9 chang\u00e9e pour <a href=\"https:\/\/wp.unil.ch\/chronozones\/numeros\/chronozones-6-2000\/\">le volume 6<\/a>. Plus sobre et plus lisible, elle a \u00e9t\u00e9 conserv\u00e9e pour les <a href=\"https:\/\/wp.unil.ch\/chronozones\/commander\/\" data-type=\"page\" data-id=\"7\">num\u00e9ros 7, 8 et 9<\/a>, tandis que pour <a href=\"https:\/\/wp.unil.ch\/chronozones\/numeros\/chronozones-10-2004\/\" data-type=\"page\" data-id=\"56\">le volume anniversaire 10<\/a>, tout comme pour les versions <a href=\"https:\/\/wp.unil.ch\/chronozones\/numeros\/chronozones-11-2005\/\" data-type=\"page\" data-id=\"62\">2005 (11)<\/a> et <a href=\"https:\/\/wp.unil.ch\/chronozones\/numeros\/chronozones-12-2006\/\" data-type=\"page\" data-id=\"78\">2006 (12)<\/a>, elle a \u00e9t\u00e9 remani\u00e9e et a re\u00e7u une couverture couleur. Pour sa <a href=\"https:\/\/wp.unil.ch\/chronozones\/numeros\/chronozones-30-2025\/\" data-type=\"page\" data-id=\"737\">30e \u00e9dition (2025)<\/a>, la maquette a \u00e9t\u00e9 l\u00e9g\u00e8rement rafra\u00eechie. <\/p>\n\n\n\n<p>Chaque volume est tir\u00e9 \u00e0 150 exemplaires et est vendu essentiellement dans le cadre de l&rsquo;Universit\u00e9, lors de manifestations ayant pour cadre le monde de l&rsquo;Antiquit\u00e9 \u2013 conf\u00e9rences, visites grand public des chantiers de fouilles, etc. La revue est aussi disponible dans certains mus\u00e9es et peut \u00eatre <a href=\"https:\/\/wp.unil.ch\/chronozones\/commander\/\" data-type=\"link\" data-id=\"https:\/\/wp.unil.ch\/chronozones\/commander\/\">command\u00e9e en ligne<\/a>. De plus, de nombreux num\u00e9ros sont <a href=\"https:\/\/wp.unil.ch\/chronozones\/commander\/\">consultables directement en ligne<\/a>.<\/p>\n\n\n\n<p>ISSN : 1422-5247<\/p>\n\n\n\n<div data-wp-interactive=\"core\/file\" class=\"wp-block-file\"><object data-wp-bind--hidden=\"!state.hasPdfPreview\" hidden class=\"wp-block-file__embed\" data=\"https:\/\/wp.unil.ch\/chronozones\/files\/2025\/12\/2025-10-08_statuts_chronozones_en-vigueur.pdf\" type=\"application\/pdf\" style=\"width:100%;height:600px\" aria-label=\"Contenu embarqu\u00e9 2025-10-08_Statuts_Chronozones.\"><\/object><a id=\"wp-block-file--media-2a1e5362-fe85-47c6-a82a-65ae78f922a0\" href=\"https:\/\/wp.unil.ch\/chronozones\/files\/2025\/12\/2025-10-08_statuts_chronozones_en-vigueur.pdf\">2025-10-08_Statuts_Chronozones<\/a><a href=\"https:\/\/wp.unil.ch\/chronozones\/files\/2025\/12\/2025-10-08_statuts_chronozones_en-vigueur.pdf\" class=\"wp-block-file__button wp-element-button\" download aria-describedby=\"wp-block-file--media-2a1e5362-fe85-47c6-a82a-65ae78f922a0\">T\u00e9l\u00e9charger<\/a><\/div>\n\n\n\n<p><\/p>\n\n\n\n<p class=\"has-medium-font-size\"><strong>Partenaires<\/strong><\/p>\n\n\n\n<p>Nous remercions vivement nos partenaires pour leur soutien essentiel \u00e0 la publication de la revue.<\/p>\n\n\n\n<p><strong>Soutiens financiers et logistiques<\/strong><\/p>\n\n\n\n<ul class=\"wp-block-list\">\n<li><a href=\"https:\/\/www.unil.ch\/iasa\/fr\/home.html\">Section d&rsquo;arch\u00e9ologie et des sciences de l&rsquo;Antiquit\u00e9<\/a>, Facult\u00e9 des Lettres, UNIL<\/li>\n\n\n\n<li><a href=\"https:\/\/wp.unil.ch\/ael\/\">Association des \u00e9tudiant\u00b7e\u00b7s en Lettres<\/a>, UNIL<\/li>\n<\/ul>\n\n\n\n<p><strong>Lieux de vente de la revue<\/strong><\/p>\n\n\n\n<ul class=\"wp-block-list\">\n<li><a href=\"https:\/\/www.lausanne.ch\/vie-pratique\/culture\/musees\/mrv.html\">Mus\u00e9e romain de Lausanne-Vidy<\/a><\/li>\n<\/ul>\n\n\n\n<p>Votre institution souhaite-t-elle aussi contribuer au succ\u00e8s de notre revue ? <a href=\"https:\/\/wp.unil.ch\/chronozones\/contact\/\" data-type=\"page\" data-id=\"14\">Contactez-nous<\/a> pour en discuter !<\/p>\n\n\n\n<p><\/p>\n","protected":false},"excerpt":{"rendered":"<p>Chronozones est une revue publi\u00e9e une fois par ann\u00e9e et con\u00e7ue enti\u00e8rement par des \u00e9tudiant\u00b7e\u00b7s en arch\u00e9ologie et en sciences de l&rsquo;Antiquit\u00e9 \u00e0 l&rsquo;Universit\u00e9 de Lausanne. Les th\u00e9matiques vari\u00e9es refl\u00e8tent &hellip; <\/p>\n","protected":false},"author":1258,"featured_media":0,"parent":0,"menu_order":0,"comment_status":"closed","ping_status":"closed","template":"","meta":{"_seopress_robots_primary_cat":"","_seopress_titles_title":"","_seopress_titles_desc":"","_seopress_robots_index":"","footnotes":""},"class_list":["post-165","page","type-page","status-publish"],"_links":{"self":[{"href":"https:\/\/wp.unil.ch\/chronozones\/wp-json\/wp\/v2\/pages\/165","targetHints":{"allow":["GET"]}}],"collection":[{"href":"https:\/\/wp.unil.ch\/chronozones\/wp-json\/wp\/v2\/pages"}],"about":[{"href":"https:\/\/wp.unil.ch\/chronozones\/wp-json\/wp\/v2\/types\/page"}],"author":[{"embeddable":true,"href":"https:\/\/wp.unil.ch\/chronozones\/wp-json\/wp\/v2\/users\/1258"}],"replies":[{"embeddable":true,"href":"https:\/\/wp.unil.ch\/chronozones\/wp-json\/wp\/v2\/comments?post=165"}],"version-history":[{"count":5,"href":"https:\/\/wp.unil.ch\/chronozones\/wp-json\/wp\/v2\/pages\/165\/revisions"}],"predecessor-version":[{"id":786,"href":"https:\/\/wp.unil.ch\/chronozones\/wp-json\/wp\/v2\/pages\/165\/revisions\/786"}],"wp:attachment":[{"href":"https:\/\/wp.unil.ch\/chronozones\/wp-json\/wp\/v2\/media?parent=165"}],"curies":[{"name":"wp","href":"https:\/\/api.w.org\/{rel}","templated":true}]}}