{"id":144,"date":"2013-07-02T19:07:44","date_gmt":"2013-07-02T17:07:44","guid":{"rendered":"http:\/\/wp.unil.ch\/chronozones\/?page_id=144"},"modified":"2024-09-06T15:56:53","modified_gmt":"2024-09-06T13:56:53","slug":"chronozones-18-2012","status":"publish","type":"page","link":"https:\/\/wp.unil.ch\/chronozones\/numeros\/chronozones-18-2012\/","title":{"rendered":"Chronozones 18 (2012)"},"content":{"rendered":"<h4>Sommaire<\/h4>\n<ul>\n<li><em>Cl\u00e9mentine Barbau<\/em><em>, <\/em><strong>Vin et vaisselle m\u00e9tallique \u00e0 l\u2019\u00e2ge du Fer<\/strong><\/li>\n<li><em>Arnaud Taurian<\/em>, <strong>Un chevalier au pouvoir!<\/strong><\/li>\n<li><em>Arnaud Pittet<\/em>, <strong>R\u00e9f\u00e9rences virgiliennes dans la prise de Cr\u00e9mone<\/strong><\/li>\n<li><em>Aude Souillac<\/em>, <strong>La terrible vie des stars<\/strong><\/li>\n<li><em>C\u00e9line Rod<\/em>, <strong>Les t\u00e9moignages romains sur l\u2019Inde<\/strong><\/li>\n<li><em>Caterina Martini<\/em>, <strong>C\u2019est si Chous!<\/strong><\/li>\n<li><em>Patrick Bapst<\/em>, <strong>Tabarnakulum! ou quand les Canadiens parlaient latin<\/strong><\/li>\n<\/ul>\n<p><strong>Dossier : <em>Animaux<\/em><\/strong><\/p>\n<ul>\n<li><em>Nicole Beuret et Ludovic Collet<\/em>, <strong>Nos amies les b\u00eates<\/strong><\/li>\n<li><em>Erwan Le Bec<\/em>, <strong>Un rem\u00e8de de cheval<\/strong><\/li>\n<li><em>Konstantinos Koukounas<\/em>, <strong>Dauphin et mythologie grecque<\/strong><\/li>\n<li><em>Louise Rubeli<\/em>, <strong>Le serpent d\u2019Ascl\u00e9pios<\/strong><\/li>\n<\/ul>\n<p>\u27a4 <a href=\"https:\/\/wp.unil.ch\/chronozones\/commander\/\" data-type=\"page\" data-id=\"7\">Disponible en ligne<\/a><\/p>\n<p><a title=\"Commander\" href=\"https:\/\/wp.unil.ch\/chronozones\/commander\/\">Commande de num\u00e9ros de Chronozones<\/a> \u2022 Retour \u00e0 la <a title=\"Num\u00e9ros\" href=\"https:\/\/wp.unil.ch\/chronozones\/numeros\/\">liste des num\u00e9ros<\/a><\/p>\n","protected":false},"excerpt":{"rendered":"<p>Sommaire Cl\u00e9mentine Barbau, Vin et vaisselle m\u00e9tallique \u00e0 l\u2019\u00e2ge du Fer Arnaud Taurian, Un chevalier au pouvoir! Arnaud Pittet, R\u00e9f\u00e9rences virgiliennes dans la prise de Cr\u00e9mone Aude Souillac, La terrible &hellip; <\/p>\n","protected":false},"author":1258,"featured_media":0,"parent":9,"menu_order":18,"comment_status":"closed","ping_status":"closed","template":"","meta":{"_seopress_robots_primary_cat":"","_seopress_titles_title":"","_seopress_titles_desc":"","_seopress_robots_index":"","footnotes":""},"class_list":["post-144","page","type-page","status-publish"],"_links":{"self":[{"href":"https:\/\/wp.unil.ch\/chronozones\/wp-json\/wp\/v2\/pages\/144","targetHints":{"allow":["GET"]}}],"collection":[{"href":"https:\/\/wp.unil.ch\/chronozones\/wp-json\/wp\/v2\/pages"}],"about":[{"href":"https:\/\/wp.unil.ch\/chronozones\/wp-json\/wp\/v2\/types\/page"}],"author":[{"embeddable":true,"href":"https:\/\/wp.unil.ch\/chronozones\/wp-json\/wp\/v2\/users\/1258"}],"replies":[{"embeddable":true,"href":"https:\/\/wp.unil.ch\/chronozones\/wp-json\/wp\/v2\/comments?post=144"}],"version-history":[{"count":1,"href":"https:\/\/wp.unil.ch\/chronozones\/wp-json\/wp\/v2\/pages\/144\/revisions"}],"predecessor-version":[{"id":675,"href":"https:\/\/wp.unil.ch\/chronozones\/wp-json\/wp\/v2\/pages\/144\/revisions\/675"}],"up":[{"embeddable":true,"href":"https:\/\/wp.unil.ch\/chronozones\/wp-json\/wp\/v2\/pages\/9"}],"wp:attachment":[{"href":"https:\/\/wp.unil.ch\/chronozones\/wp-json\/wp\/v2\/media?parent=144"}],"curies":[{"name":"wp","href":"https:\/\/api.w.org\/{rel}","templated":true}]}}