{"id":140,"date":"2013-07-02T18:56:42","date_gmt":"2013-07-02T16:56:42","guid":{"rendered":"http:\/\/wp.unil.ch\/chronozones\/?page_id=140"},"modified":"2024-09-06T15:56:39","modified_gmt":"2024-09-06T13:56:39","slug":"chronozones-17-2011","status":"publish","type":"page","link":"https:\/\/wp.unil.ch\/chronozones\/numeros\/chronozones-17-2011\/","title":{"rendered":"Chronozones 17 (2011)"},"content":{"rendered":"<h4>Sommaire<\/h4>\n<ul>\n<li style=\"text-align: justify\"><em>Arnaud Taurian,<\/em>\u00a0<strong>Le probl\u00e8me indo-europ\u00e9en et la <\/strong><strong>th\u00e9orie des Kourganes<\/strong><\/li>\n<li><em>Caterina Martini,\u00a0<\/em><strong>Au fil de la vertu<\/strong><\/li>\n<li><em>Fanny Lanthemann,\u00a0<\/em><strong>HLM antiques: les Habitations \u00e0 Logements Multiples<\/strong><\/li>\n<li><em>Patrick Bapst,\u00a0<\/em><strong>Jeux de mots: ludus et jocus entre Anciens et Modernes<\/strong><\/li>\n<li><em>Aude Souillac, <\/em><strong>Un Grand sans domicile<\/strong><\/li>\n<li><em>Isabelle A. Hefti, Flavio Cardellicchio, Nomads of Time<\/em>, <strong>Autant en emporte le vent&#8230;<\/strong><\/li>\n<li><em>Natacha Rossel<\/em>, <strong>Vers la ruine des ruines?<\/strong><\/li>\n<\/ul>\n<p><strong>Dossier : <em>Instruments du pouvoir<\/em><\/strong><\/p>\n<ul>\n<li><em>Nicolas Consiglio,\u00a0<\/em><strong>Un pouvoir nomm\u00e9 d\u00e9sir<\/strong><\/li>\n<li><em>Margot Daeppen, <\/em><strong>Agamemnon, le pouvoir et le sceptre<\/strong><\/li>\n<li><em>Guy Ackermann<\/em>, <strong>Des boucliers dans une assiette et la garnison mac\u00e9donienne \u00e0 Er\u00e9trie<\/strong><\/li>\n<li><em>Nicolas Consiglio, Beno\u00eet Pittet<\/em>, <strong>Violons Lucr\u00e8ce; violons la R\u00e9publique!<\/strong><\/li>\n<li><em>Fanny Dao<\/em>, <strong>Vieille chouette!<\/strong><\/li>\n<li><em>Nicole Beuret<\/em>, <strong>Chefs \u00e9duens et sangliers-enseignes<\/strong><\/li>\n<li><em>Mona Br\u00fclhart, Karell M\u00fcller<\/em>, <strong>La femme, un \u00abm\u00e2le\u00bb n\u00e9cessaire?<\/strong><\/li>\n<li><em>Claire Diebold<\/em>, <strong>Poisons<\/strong><\/li>\n<li><em>Livio Napoli<\/em>, <strong>Portus ou la p\u00e9trification d\u2019une id\u00e9ologie<\/strong><\/li>\n<li><em>Tib\u00e8re Grec, Antoine Ruchonnet<\/em>, <strong>Vie et mort de Iareol, fils de Branaill<\/strong><\/li>\n<li><em>Anouk Busset<\/em>, <strong>Les pierres pictes de l\u2019Aberdeenshire<\/strong><\/li>\n<\/ul>\n<p>\u27a4 <a href=\"https:\/\/wp.unil.ch\/chronozones\/commander\/\" data-type=\"page\" data-id=\"7\">Disponible en ligne<\/a><\/p>\n<p><a title=\"Commander\" href=\"https:\/\/wp.unil.ch\/chronozones\/commander\/\">Commande de num\u00e9ros de Chronozones<\/a> \u2022 Retour \u00e0 la <a title=\"Num\u00e9ros\" href=\"https:\/\/wp.unil.ch\/chronozones\/numeros\/\">liste des num\u00e9ros<\/a><\/p>\n","protected":false},"excerpt":{"rendered":"<p>Sommaire Arnaud Taurian,\u00a0Le probl\u00e8me indo-europ\u00e9en et la th\u00e9orie des Kourganes Caterina Martini,\u00a0Au fil de la vertu Fanny Lanthemann,\u00a0HLM antiques: les Habitations \u00e0 Logements Multiples Patrick Bapst,\u00a0Jeux de mots: ludus et &hellip; <\/p>\n","protected":false},"author":1258,"featured_media":0,"parent":9,"menu_order":17,"comment_status":"closed","ping_status":"closed","template":"","meta":{"_seopress_robots_primary_cat":"","_seopress_titles_title":"","_seopress_titles_desc":"","_seopress_robots_index":"","footnotes":""},"class_list":["post-140","page","type-page","status-publish"],"_links":{"self":[{"href":"https:\/\/wp.unil.ch\/chronozones\/wp-json\/wp\/v2\/pages\/140","targetHints":{"allow":["GET"]}}],"collection":[{"href":"https:\/\/wp.unil.ch\/chronozones\/wp-json\/wp\/v2\/pages"}],"about":[{"href":"https:\/\/wp.unil.ch\/chronozones\/wp-json\/wp\/v2\/types\/page"}],"author":[{"embeddable":true,"href":"https:\/\/wp.unil.ch\/chronozones\/wp-json\/wp\/v2\/users\/1258"}],"replies":[{"embeddable":true,"href":"https:\/\/wp.unil.ch\/chronozones\/wp-json\/wp\/v2\/comments?post=140"}],"version-history":[{"count":1,"href":"https:\/\/wp.unil.ch\/chronozones\/wp-json\/wp\/v2\/pages\/140\/revisions"}],"predecessor-version":[{"id":674,"href":"https:\/\/wp.unil.ch\/chronozones\/wp-json\/wp\/v2\/pages\/140\/revisions\/674"}],"up":[{"embeddable":true,"href":"https:\/\/wp.unil.ch\/chronozones\/wp-json\/wp\/v2\/pages\/9"}],"wp:attachment":[{"href":"https:\/\/wp.unil.ch\/chronozones\/wp-json\/wp\/v2\/media?parent=140"}],"curies":[{"name":"wp","href":"https:\/\/api.w.org\/{rel}","templated":true}]}}