{"id":12,"date":"2013-04-29T09:58:26","date_gmt":"2013-04-29T07:58:26","guid":{"rendered":"http:\/\/wp.unil.ch\/chronozones\/?page_id=12"},"modified":"2025-10-11T12:44:22","modified_gmt":"2025-10-11T10:44:22","slug":"comite-de-redaction","status":"publish","type":"page","link":"https:\/\/wp.unil.ch\/chronozones\/a-propos\/comite-de-redaction\/","title":{"rendered":"Comit\u00e9 de r\u00e9daction"},"content":{"rendered":"\n<p>Le comit\u00e9 de r\u00e9daction de Chronozones pour l&rsquo;ann\u00e9e 2025-2026\u00a0est compos\u00e9 de :<\/p>\n\n\n\n<ul class=\"wp-block-list\">\n<li>Maxime <strong>Aubert<\/strong> (pr\u00e9sident)<\/li>\n\n\n\n<li>Samuel <strong>Meyer<\/strong> (tr\u00e9sorier)<\/li>\n\n\n\n<li>Anne-Caroline <strong>Niklaus<\/strong> (secr\u00e9taire)<\/li>\n\n\n\n<li>Paul <strong>Croisier<\/strong><\/li>\n\n\n\n<li>Camilla <strong>Proto<\/strong><\/li>\n\n\n\n<li>Ma\u00eblle <strong>S\u00e9ris<\/strong><\/li>\n\n\n\n<li>Dino <strong>Steiner<\/strong><\/li>\n\n\n\n<li>Alecia <strong>Thorez<\/strong><\/li>\n<\/ul>\n\n\n\n<p class=\"has-medium-font-size\"><strong>Comit\u00e9s pr\u00e9c\u00e9dents<\/strong><\/p>\n\n\n\n<details class=\"wp-block-details is-layout-flow wp-block-details-is-layout-flow\"><summary>Comit\u00e9 2024-2025<\/summary>\n<ul class=\"wp-block-list\">\n<li>Maxime <strong>Aubert<\/strong> (pr\u00e9sident)<\/li>\n\n\n\n<li>Samuel <strong>Meyer<\/strong> (tr\u00e9sorier)<\/li>\n\n\n\n<li>Clara <strong>Frei<\/strong> (secr\u00e9taire)<\/li>\n\n\n\n<li>Ma\u00eblle <strong>S\u00e9ris<\/strong><\/li>\n\n\n\n<li>Camilla <strong>Proto<\/strong><\/li>\n\n\n\n<li>Paul <strong>Croisier<\/strong><\/li>\n\n\n\n<li>Perle <strong>Desbaillets<\/strong><\/li>\n<\/ul>\n<\/details>\n\n\n\n<details class=\"wp-block-details is-layout-flow wp-block-details-is-layout-flow\"><summary>Comit\u00e9 2023-2024<\/summary>\n<ul class=\"wp-block-list\">\n<li>Carla <strong>Amaya<\/strong> (pr\u00e9sidente)<\/li>\n\n\n\n<li>Lara <strong>Bietenholz<\/strong> (tr\u00e9sori\u00e8re)<\/li>\n\n\n\n<li>Francesca <strong>Virgillo<\/strong> (secr\u00e9taire)<\/li>\n\n\n\n<li>Ga\u00ebtan <strong>Locher<\/strong><\/li>\n\n\n\n<li>Maxime <strong>Aubert<\/strong> (webmaster)<\/li>\n\n\n\n<li>Th\u00e9ophile <strong>Bolle<\/strong><\/li>\n\n\n\n<li>Samuel <strong>Meyer<\/strong><\/li>\n\n\n\n<li>Clara <strong>Frei<\/strong><\/li>\n\n\n\n<li>Ma\u00eblle <strong>S\u00e9ris<\/strong><\/li>\n\n\n\n<li>Lucy <strong>Impal\u00e0<\/strong><\/li>\n<\/ul>\n<\/details>\n\n\n\n<details class=\"wp-block-details is-layout-flow wp-block-details-is-layout-flow\"><summary>Comit\u00e9 2022-2023<\/summary>\n<ul class=\"wp-block-list\">\n<li>Lucien<strong> Raboud<\/strong> (pr\u00e9sident)<\/li>\n\n\n\n<li>No\u00e9mie <strong>Favre<\/strong> (secr\u00e9taire)<\/li>\n\n\n\n<li>Alessandro <strong>Moro<\/strong> (co-tr\u00e9sorier)<\/li>\n\n\n\n<li>Lara <strong>Bietenholz <\/strong>(co-tr\u00e9sori\u00e8re)<\/li>\n\n\n\n<li>Jos\u00e9phine&nbsp;<strong>Bovay<\/strong><\/li>\n\n\n\n<li>Tanguy <strong>Desimone<\/strong><\/li>\n\n\n\n<li>Carla <strong>Amaya<\/strong><\/li>\n\n\n\n<li>Maxime <strong>Aubert<\/strong><\/li>\n\n\n\n<li>Francesca <strong>Virgillo<\/strong><\/li>\n\n\n\n<li>Val\u00e9rie <strong>Mermoud<\/strong><\/li>\n<\/ul>\n<\/details>\n\n\n\n<details class=\"wp-block-details is-layout-flow wp-block-details-is-layout-flow\"><summary>Comit\u00e9 2021-2022<\/summary>\n<ul class=\"wp-block-list\">\n<li>Lucien <strong>Raboud<\/strong> (pr\u00e9sident)<\/li>\n\n\n\n<li>No\u00e9mie <strong>Favre<\/strong> (secr\u00e9taire)<\/li>\n\n\n\n<li>Alessandro <strong>Moro<\/strong> (tr\u00e9sorier)<\/li>\n\n\n\n<li>Jos\u00e9phine <strong>Bovay<\/strong><\/li>\n\n\n\n<li>Tanguy <strong>Desimone<\/strong><\/li>\n\n\n\n<li>Lara <strong>Bietenholz<\/strong><\/li>\n\n\n\n<li>Carla <strong>Amaya<\/strong><\/li>\n<\/ul>\n<\/details>\n\n\n\n<details class=\"wp-block-details is-layout-flow wp-block-details-is-layout-flow\"><summary>Comit\u00e9 2020-2021<\/summary>\n<ul class=\"wp-block-list\">\n<li>J\u00e9r\u00f4me <strong>Andr\u00e9<\/strong> (pr\u00e9sident)<\/li>\n\n\n\n<li>No\u00e9mie <strong>Favre<\/strong> (secr\u00e9taire)<\/li>\n\n\n\n<li>Alessandro <strong>Moro<\/strong> (tr\u00e9sorier)<\/li>\n\n\n\n<li>Lucien <strong>Raboud<\/strong><\/li>\n\n\n\n<li>Jos\u00e9phine <strong>Bovay<\/strong><\/li>\n\n\n\n<li>Tanguy <strong>Desimone<\/strong><\/li>\n\n\n\n<li>Lara <strong>Bietenholz<\/strong><\/li>\n\n\n\n<li>Carla <strong>Amaya<\/strong><\/li>\n<\/ul>\n<\/details>\n\n\n\n<details class=\"wp-block-details is-layout-flow wp-block-details-is-layout-flow\"><summary>Comit\u00e9 2019-2020<\/summary>\n<ul class=\"wp-block-list\">\n<li>J\u00e9r\u00f4me <strong>Andr\u00e9<\/strong><\/li>\n\n\n\n<li>Jos\u00e9phine <strong>Bovay<\/strong><\/li>\n\n\n\n<li>No\u00e9mie <strong>Favre<\/strong><\/li>\n\n\n\n<li>Manon <strong>H\u00e9ritier<\/strong><\/li>\n\n\n\n<li>Alessandro <strong>Moro<\/strong><\/li>\n\n\n\n<li>Lucien <strong>Raboud<\/strong><\/li>\n\n\n\n<li>Eva <strong>Romero<\/strong><\/li>\n<\/ul>\n<\/details>\n\n\n\n<details class=\"wp-block-details is-layout-flow wp-block-details-is-layout-flow\"><summary>Comit\u00e9 2017-2018<\/summary>\n<ul class=\"wp-block-list\">\n<li>J\u00e9r\u00f4me <strong>Andr\u00e9<\/strong><\/li>\n\n\n\n<li>Jos\u00e9phine <strong>Bovay<\/strong><\/li>\n\n\n\n<li>Manon <strong>H\u00e9ritier<\/strong><\/li>\n\n\n\n<li>Nicolas <strong>Lonfat<\/strong><\/li>\n\n\n\n<li>Lucien <strong>Raboud<\/strong><\/li>\n\n\n\n<li>Eva <strong>Romero<\/strong><\/li>\n<\/ul>\n<\/details>\n\n\n\n<details class=\"wp-block-details is-layout-flow wp-block-details-is-layout-flow\"><summary>Comit\u00e9 2016-2017<\/summary>\n<ul class=\"wp-block-list\">\n<li>J\u00e9r\u00f4me <strong>Andr\u00e9<\/strong><\/li>\n\n\n\n<li>Romeo <strong>Dell&rsquo;Era<\/strong><\/li>\n\n\n\n<li>Daniela <strong>Greger<\/strong><\/li>\n\n\n\n<li>Claudia <strong>Lozano L\u00f3pez<\/strong><\/li>\n\n\n\n<li>Aude <strong>Lovey<\/strong><\/li>\n\n\n\n<li>B\u00e9n\u00e9dicte <strong>Oulevey<\/strong><\/li>\n\n\n\n<li>C\u00e9dric <strong>Pernet<\/strong><\/li>\n\n\n\n<li>Steven <strong>Tamburini<\/strong><\/li>\n<\/ul>\n<\/details>\n\n\n\n<details class=\"wp-block-details is-layout-flow wp-block-details-is-layout-flow\"><summary>Comit\u00e9 2015-2016<\/summary>\n<ul class=\"wp-block-list\">\n<li>Daniela <strong>Greger<\/strong><\/li>\n\n\n\n<li>C\u00e9dric <strong>Pernet<\/strong><\/li>\n\n\n\n<li>B\u00e9n\u00e9dicte <strong>Oulevey<\/strong><\/li>\n\n\n\n<li>Claudia <strong>Lozano L\u00f3pez<\/strong><\/li>\n\n\n\n<li>Romeo <strong>Dell&rsquo;Era<\/strong><\/li>\n\n\n\n<li>Aude <strong>Lovey<\/strong><\/li>\n\n\n\n<li>Aline <strong>Ferrari<\/strong><\/li>\n<\/ul>\n<\/details>\n\n\n\n<details class=\"wp-block-details is-layout-flow wp-block-details-is-layout-flow\"><summary>Comit\u00e9 2014-2015 \u00b7<\/summary>\n<p><\/p>\n<\/details>\n\n\n\n<details class=\"wp-block-details is-layout-flow wp-block-details-is-layout-flow\"><summary>Comit\u00e9 2013-2014<\/summary>\n<ul class=\"wp-block-list\">\n<li>Nicolas <strong>Consiglio<\/strong><\/li>\n\n\n\n<li>Livio <strong>Napoli<\/strong><\/li>\n\n\n\n<li>Xavier <strong>Mabillard<\/strong><\/li>\n\n\n\n<li>Cindy <strong>Vaucher<\/strong><\/li>\n\n\n\n<li>Louise <strong>Rubeli<\/strong><\/li>\n\n\n\n<li>Malika <strong>Bossard<\/strong><\/li>\n\n\n\n<li>Thibaud <strong>Leignel<\/strong><\/li>\n\n\n\n<li>Aude-Line <strong>Pradervand<\/strong><\/li>\n\n\n\n<li>Romaine <strong>Napi<\/strong><\/li>\n\n\n\n<li>Beno\u00eet <strong>Pittet<\/strong><\/li>\n<\/ul>\n<\/details>\n\n\n\n<details class=\"wp-block-details is-layout-flow wp-block-details-is-layout-flow\"><summary>Comit\u00e9 2012-2013<\/summary>\n<ul class=\"wp-block-list\">\n<li>Nicolas <strong>Consiglio<\/strong><\/li>\n\n\n\n<li>Livio <strong>Napoli<\/strong><\/li>\n\n\n\n<li>Ludovic <strong>Collet<\/strong><\/li>\n\n\n\n<li>Beno\u00eet <strong>Pittet<\/strong><\/li>\n\n\n\n<li>Louise <strong>Rubeli<\/strong><\/li>\n\n\n\n<li>Malika <strong>Bossard<\/strong><\/li>\n\n\n\n<li>Cindy <strong>Vaucher<\/strong><\/li>\n\n\n\n<li>Jonathan <strong>Antunes Afonso<\/strong><\/li>\n<\/ul>\n<\/details>\n\n\n\n<details class=\"wp-block-details is-layout-flow wp-block-details-is-layout-flow\"><summary>Comit\u00e9 2011-2012<\/summary>\n<ul class=\"wp-block-list\">\n<li>Louise <strong>Rubeli<\/strong><\/li>\n\n\n\n<li>Beno\u00eet <strong>Pittet<\/strong><\/li>\n\n\n\n<li>Ludovic <strong>Collet<\/strong><\/li>\n\n\n\n<li>Livio <strong>Napoli<\/strong><\/li>\n\n\n\n<li>Nicole <strong>Beuret<\/strong><\/li>\n\n\n\n<li>Nicolas <strong>Consiglio<\/strong><\/li>\n\n\n\n<li>Malika <strong>Bossard<\/strong><\/li>\n<\/ul>\n<\/details>\n\n\n\n<details class=\"wp-block-details is-layout-flow wp-block-details-is-layout-flow\"><summary>Comit\u00e9 2010-2011<\/summary>\n<ul class=\"wp-block-list\">\n<li>Caterina <strong>Martini<\/strong><\/li>\n\n\n\n<li>Claire <strong>Diebold<\/strong><\/li>\n\n\n\n<li>Nicole <strong>Beuret<\/strong><\/li>\n\n\n\n<li>Nathana\u00ebl <strong>Carron<\/strong><\/li>\n\n\n\n<li>Nicolas <strong>Consiglio<\/strong><\/li>\n\n\n\n<li>Livio <strong>Napoli<\/strong><\/li>\n\n\n\n<li>Pascal <strong>Brand<\/strong><\/li>\n<\/ul>\n<\/details>\n\n\n\n<details class=\"wp-block-details is-layout-flow wp-block-details-is-layout-flow\"><summary>Comit\u00e9 2009-2010<\/summary>\n<ul class=\"wp-block-list\">\n<li>Nicole <strong>Beuret<\/strong><\/li>\n\n\n\n<li>Pascal <strong>Brand<\/strong><\/li>\n\n\n\n<li>Nathana\u00ebl <strong>Carron<\/strong><\/li>\n\n\n\n<li>Claire <strong>Diebold<\/strong><\/li>\n\n\n\n<li>Aur\u00e9lie <strong>L\u00fcthi<\/strong><\/li>\n\n\n\n<li>Yann <strong>Mamin<\/strong><\/li>\n\n\n\n<li>Caterina <strong>Martini<\/strong><\/li>\n<\/ul>\n<\/details>\n\n\n\n<details class=\"wp-block-details is-layout-flow wp-block-details-is-layout-flow\"><summary>Comit\u00e9 2008-2009<\/summary>\n<ul class=\"wp-block-list\">\n<li>Yann <strong>Mamin<\/strong><\/li>\n\n\n\n<li>Caterina <strong>Martini<\/strong><\/li>\n\n\n\n<li>Aur\u00e9lie <strong>L\u00fcthi<\/strong><\/li>\n\n\n\n<li>Natacha <strong>Rossel<\/strong><\/li>\n\n\n\n<li>Guy <strong>Ackermann<\/strong><\/li>\n\n\n\n<li>Pascal <strong>Brand<\/strong><\/li>\n\n\n\n<li>Antoine <strong>Tenud<\/strong><\/li>\n<\/ul>\n<\/details>\n\n\n\n<details class=\"wp-block-details is-layout-flow wp-block-details-is-layout-flow\"><summary>Comit\u00e9 2007-2008<\/summary>\n<ul class=\"wp-block-list\">\n<li>Yann <strong>Mamin<\/strong><\/li>\n\n\n\n<li>Guy <strong>Ackermann<\/strong><\/li>\n\n\n\n<li>Natacha <strong>Rossel<\/strong><\/li>\n\n\n\n<li>Aur\u00e9lie <strong>L\u00fcthi<\/strong><\/li>\n\n\n\n<li>Antoine <strong>Tenud<\/strong><\/li>\n<\/ul>\n<\/details>\n\n\n\n<details class=\"wp-block-details is-layout-flow wp-block-details-is-layout-flow\"><summary>Comit\u00e9 2006-2007<\/summary>\n<ul class=\"wp-block-list\">\n<li>Laurent <strong>Saget<\/strong><\/li>\n\n\n\n<li>Camille <strong>Avellan<\/strong><\/li>\n\n\n\n<li>Nicolas <strong>Gex<\/strong><\/li>\n\n\n\n<li>Yann <strong>Mamin<\/strong><\/li>\n\n\n\n<li>Natacha <strong>Rossel<\/strong><\/li>\n\n\n\n<li>Laurent <strong>Brunner<\/strong><\/li>\n\n\n\n<li>Guy <strong>Ackermann<\/strong><\/li>\n\n\n\n<li>Antoine <strong>Tenud<\/strong><\/li>\n<\/ul>\n<\/details>\n\n\n\n<details class=\"wp-block-details is-layout-flow wp-block-details-is-layout-flow\"><summary>Comit\u00e9 2005-2006<\/summary>\n<ul class=\"wp-block-list\">\n<li>Laurent <strong>Saget<\/strong><\/li>\n\n\n\n<li>Camille <strong>Avellan<\/strong><\/li>\n\n\n\n<li>Nicolas <strong>Gex<\/strong><\/li>\n\n\n\n<li>Karine <strong>Meylan<\/strong><\/li>\n\n\n\n<li>Pascal <strong>Morisod<\/strong><\/li>\n\n\n\n<li>Lucile <strong>Jordan<\/strong><\/li>\n<\/ul>\n<\/details>\n\n\n\n<details class=\"wp-block-details is-layout-flow wp-block-details-is-layout-flow\"><summary>Comit\u00e9 2004-2005<\/summary>\n<ul class=\"wp-block-list\">\n<li>Beno\u00eet <strong>Dubosson<\/strong><\/li>\n\n\n\n<li>Elsa <strong>Mouquin<\/strong><\/li>\n\n\n\n<li>Lorraine <strong>Roduit<\/strong><\/li>\n\n\n\n<li>Fanny <strong>Lanthemann<\/strong><\/li>\n\n\n\n<li>Aline <strong>Andrey<\/strong><\/li>\n<\/ul>\n<\/details>\n\n\n\n<details class=\"wp-block-details is-layout-flow wp-block-details-is-layout-flow\"><summary>Comit\u00e9 2003-2004<\/summary>\n<ul class=\"wp-block-list\">\n<li>Beno\u00eet <strong>Dubosson<\/strong><\/li>\n\n\n\n<li>Elsa <strong>Mouquin<\/strong><\/li>\n\n\n\n<li>Lorraine <strong>Roduit<\/strong><\/li>\n\n\n\n<li>Fanny <strong>Lanthemann<\/strong><\/li>\n\n\n\n<li>Aline <strong>Andrey<\/strong><\/li>\n<\/ul>\n<\/details>\n\n\n\n<details class=\"wp-block-details is-layout-flow wp-block-details-is-layout-flow\"><summary>Comit\u00e9 2002-2003<\/summary>\n<ul class=\"wp-block-list\">\n<li>Richard Sylvestre<\/li>\n\n\n\n<li>Yannick Dellea<\/li>\n\n\n\n<li>Judith Jenny<\/li>\n\n\n\n<li>Hugo Amoroso<\/li>\n\n\n\n<li>Sylvain Gailloud<\/li>\n\n\n\n<li><em><span style=\"text-decoration: underline\">Correction<\/span> :<\/em><\/li>\n\n\n\n<li>Thierry Luginb\u00fchl<\/li>\n\n\n\n<li>Didier Oberli<\/li>\n\n\n\n<li>Thierry Theurillat<\/li>\n<\/ul>\n<\/details>\n\n\n\n<details class=\"wp-block-details is-layout-flow wp-block-details-is-layout-flow\"><summary>Comit\u00e9 2001-2002<\/summary>\n<ul class=\"wp-block-list\">\n<li>Richard <strong>Sylvestre<\/strong><\/li>\n\n\n\n<li>Yannick <strong>Dellea<\/strong><\/li>\n\n\n\n<li>Judith <strong>Jenny<\/strong><\/li>\n\n\n\n<li>Sylvain <strong>Gailloud<\/strong><\/li>\n\n\n\n<li>Diego <strong>Lindlau<\/strong><\/li>\n\n\n\n<li>Ga\u00eble <strong>F\u00e9ret<\/strong><\/li>\n\n\n\n<li><em><span style=\"text-decoration: underline\">Correction<\/span> :<\/em><\/li>\n\n\n\n<li>Fr\u00e9d\u00e9ric <strong>Carrard<\/strong><\/li>\n\n\n\n<li>Thierry <strong>Luginb\u00fchl<\/strong><\/li>\n\n\n\n<li>Jacques <strong>Monnier<\/strong><\/li>\n\n\n\n<li>Delphine <strong>Wagner<\/strong><\/li>\n<\/ul>\n<\/details>\n\n\n\n<details class=\"wp-block-details is-layout-flow wp-block-details-is-layout-flow\"><summary>Comit\u00e9 2000-2001<\/summary>\n<ul class=\"wp-block-list\">\n<li>Wladimir <strong>Dudan<\/strong><\/li>\n\n\n\n<li>Lionel <strong>Pernet<\/strong><\/li>\n\n\n\n<li>Richard <strong>Sylvestre<\/strong><\/li>\n\n\n\n<li>Yannick <strong>Dellea<\/strong><\/li>\n\n\n\n<li>Sylvain <strong>Gailloud<\/strong><\/li>\n\n\n\n<li>Diego <strong>Lindlau<\/strong><\/li>\n\n\n\n<li><em><span style=\"text-decoration: underline\">Correction<\/span> :<\/em><\/li>\n\n\n\n<li>Didier <strong>Fontannaz<\/strong><\/li>\n\n\n\n<li>Thierry <strong>Luginb\u00fchl<\/strong><\/li>\n\n\n\n<li>Jacques <strong>Monnier<\/strong><\/li>\n\n\n\n<li>Pascal <strong>Simon<\/strong><\/li>\n<\/ul>\n<\/details>\n\n\n\n<details class=\"wp-block-details is-layout-flow wp-block-details-is-layout-flow\"><summary>Comit\u00e9 1999-2000<\/summary>\n<ul class=\"wp-block-list\">\n<li>Wladimir <strong>Dudan<\/strong><\/li>\n\n\n\n<li>Lionel <strong>Pernet<\/strong><\/li>\n\n\n\n<li>Richard <strong>Sylvestre<\/strong><\/li>\n\n\n\n<li>Thierry <strong>Luginb\u00fchl<\/strong><\/li>\n\n\n\n<li>S\u00e9bastien <strong>Freudiger<\/strong><\/li>\n\n\n\n<li>Yannick <strong>Dellea<\/strong><\/li>\n\n\n\n<li><span style=\"text-decoration: underline\"><em>Correction<\/em><\/span><em> :<\/em><\/li>\n\n\n\n<li>Nathalie <strong>Vuichard<\/strong><\/li>\n\n\n\n<li>Delphine <strong>Wagner<\/strong><\/li>\n\n\n\n<li>Isabelle <strong>Groux<\/strong><\/li>\n\n\n\n<li>Jacques <strong>Monnier<\/strong><\/li>\n<\/ul>\n<\/details>\n\n\n\n<details class=\"wp-block-details is-layout-flow wp-block-details-is-layout-flow\"><summary>Comit\u00e9 1998-1999<\/summary>\n<ul class=\"wp-block-list\">\n<li>Wladimir <strong>Dudan<\/strong><\/li>\n\n\n\n<li>Lionel <strong>Pernet<\/strong><\/li>\n\n\n\n<li>S\u00e9bastien <strong>Freudiger<\/strong><\/li>\n\n\n\n<li>Delphine <strong>Wagner<\/strong><\/li>\n\n\n\n<li>Nathalie <strong>Vuichard<\/strong><\/li>\n\n\n\n<li>Emmanuelle <strong>Sauteur<\/strong><\/li>\n\n\n\n<li>Beno\u00eet <strong>Montandon<\/strong><\/li>\n\n\n\n<li>Thierry <strong>Luginb\u00fchl<\/strong><\/li>\n\n\n\n<li>H\u00e9lo\u00efse <strong>Tissot<\/strong><\/li>\n\n\n\n<li>Fran\u00e7ois T. <strong>Meylan<\/strong><\/li>\n\n\n\n<li>Thierry <strong>Theurillat<\/strong><\/li>\n\n\n\n<li>Jacques <strong>Monnier<\/strong><\/li>\n<\/ul>\n<\/details>\n\n\n\n<details class=\"wp-block-details is-layout-flow wp-block-details-is-layout-flow\"><summary>Comit\u00e9 1997-1998<\/summary>\n<ul class=\"wp-block-list\">\n<li>S\u00e9bastien <strong>Freudiger<\/strong><\/li>\n\n\n\n<li>Thierry <strong>Theurillat<\/strong><\/li>\n\n\n\n<li>Beno\u00eet <strong>Montandon<\/strong><\/li>\n\n\n\n<li>Thierry <strong>Luginb\u00fchl<\/strong><\/li>\n\n\n\n<li>Nathalie <strong>Vuichard<\/strong><\/li>\n\n\n\n<li>Delphine <strong>Wagner<\/strong><\/li>\n\n\n\n<li>L\u00e9onore <strong>Veya<\/strong><\/li>\n\n\n\n<li>Wladimir <strong>Dudan<\/strong><\/li>\n\n\n\n<li>Fran\u00e7ois <strong>Meylan<\/strong><\/li>\n\n\n\n<li>Anne <strong>Schopfer<\/strong><\/li>\n\n\n\n<li>Gianluca <strong>Vietti<\/strong><\/li>\n<\/ul>\n<\/details>\n\n\n\n<details class=\"wp-block-details is-layout-flow wp-block-details-is-layout-flow\"><summary>Comit\u00e9 1996-1997<\/summary>\n<ul class=\"wp-block-list\">\n<li>S\u00e9bastien <strong>Freudiger<\/strong><\/li>\n\n\n\n<li>Thierry <strong>Theurillat<\/strong><\/li>\n\n\n\n<li>Wladimir <strong>Dudan<\/strong><\/li>\n\n\n\n<li>Pascal <strong>Simon<\/strong><\/li>\n\n\n\n<li>Gianluca <strong>Vietti<\/strong><\/li>\n\n\n\n<li>Thierry <strong>Luginb\u00fchl<\/strong><\/li>\n\n\n\n<li><span style=\"text-decoration: underline\"><em>Correction<\/em><\/span><em> :<\/em><\/li>\n\n\n\n<li>J. <strong>Bond<\/strong><\/li>\n\n\n\n<li>J. <strong>Bonzon<\/strong><\/li>\n\n\n\n<li>K. <strong>Gandolfi<\/strong><\/li>\n\n\n\n<li>J. <strong>Marguerat<\/strong><\/li>\n\n\n\n<li>F. <strong>Meylan<\/strong><\/li>\n\n\n\n<li>E. <strong>Sauteur<\/strong><\/li>\n\n\n\n<li>N. <strong>Vuichard<\/strong><\/li>\n<\/ul>\n<\/details>\n\n\n\n<details class=\"wp-block-details is-layout-flow wp-block-details-is-layout-flow\"><summary>Comit\u00e9 1994-1995<\/summary>\n<ul class=\"wp-block-list\">\n<li>T. <strong>Luginb\u00fchl<\/strong><\/li>\n\n\n\n<li>P. <strong>Simon<\/strong><\/li>\n\n\n\n<li>T. <strong>Theurillat<\/strong><\/li>\n\n\n\n<li>J. <strong>Monnier<\/strong><\/li>\n\n\n\n<li>A. <strong>Schneiter<\/strong><\/li>\n<\/ul>\n<\/details>\n\n\n\n<details class=\"wp-block-details is-layout-flow wp-block-details-is-layout-flow\"><summary>Comit\u00e9 1993-1994<\/summary>\n<ul class=\"wp-block-list\">\n<li>T. <strong>Luginb\u00fchl<\/strong><\/li>\n\n\n\n<li>P. <strong>Simon<\/strong><\/li>\n\n\n\n<li>J. <strong>Zanetta<\/strong><\/li>\n\n\n\n<li>V. <strong>Zwald<\/strong><\/li>\n<\/ul>\n<\/details>\n\n\n\n<p><\/p>\n","protected":false},"excerpt":{"rendered":"<p>Le comit\u00e9 de r\u00e9daction de Chronozones pour l&rsquo;ann\u00e9e 2025-2026\u00a0est compos\u00e9 de : Comit\u00e9s pr\u00e9c\u00e9dents<\/p>\n","protected":false},"author":1001430,"featured_media":0,"parent":165,"menu_order":0,"comment_status":"closed","ping_status":"closed","template":"","meta":{"_seopress_robots_primary_cat":"","_seopress_titles_title":"","_seopress_titles_desc":"","_seopress_robots_index":"","footnotes":""},"class_list":["post-12","page","type-page","status-publish"],"_links":{"self":[{"href":"https:\/\/wp.unil.ch\/chronozones\/wp-json\/wp\/v2\/pages\/12","targetHints":{"allow":["GET"]}}],"collection":[{"href":"https:\/\/wp.unil.ch\/chronozones\/wp-json\/wp\/v2\/pages"}],"about":[{"href":"https:\/\/wp.unil.ch\/chronozones\/wp-json\/wp\/v2\/types\/page"}],"author":[{"embeddable":true,"href":"https:\/\/wp.unil.ch\/chronozones\/wp-json\/wp\/v2\/users\/1001430"}],"replies":[{"embeddable":true,"href":"https:\/\/wp.unil.ch\/chronozones\/wp-json\/wp\/v2\/comments?post=12"}],"version-history":[{"count":5,"href":"https:\/\/wp.unil.ch\/chronozones\/wp-json\/wp\/v2\/pages\/12\/revisions"}],"predecessor-version":[{"id":760,"href":"https:\/\/wp.unil.ch\/chronozones\/wp-json\/wp\/v2\/pages\/12\/revisions\/760"}],"up":[{"embeddable":true,"href":"https:\/\/wp.unil.ch\/chronozones\/wp-json\/wp\/v2\/pages\/165"}],"wp:attachment":[{"href":"https:\/\/wp.unil.ch\/chronozones\/wp-json\/wp\/v2\/media?parent=12"}],"curies":[{"name":"wp","href":"https:\/\/api.w.org\/{rel}","templated":true}]}}