{"id":6,"date":"2019-11-28T16:00:19","date_gmt":"2019-11-28T15:00:19","guid":{"rendered":"http:\/\/wp.unil.ch\/modele\/?page_id=6"},"modified":"2025-09-24T23:35:23","modified_gmt":"2025-09-24T21:35:23","slug":"home","status":"publish","type":"page","link":"https:\/\/wp.unil.ch\/chaquevoixcompte\/","title":{"rendered":""},"content":{"rendered":"\n<p class=\"has-text-align-left has-roboto-font-family has-medium-font-size\"><strong><em>Chaque voix compte !<\/em> <\/strong>est un projet partenarial entre l&rsquo;<a href=\"https:\/\/www.unil.ch\/unil\/fr\/home.html\">Universit\u00e9 de Lausanne<\/a> et <a href=\"https:\/\/www.eben-hezer.ch\/\" data-type=\"link\" data-id=\"https:\/\/www.eben-hezer.ch\/\">Eben-H\u00e9zer Lausanne<\/a>, dont les objectifs sont les suivants\u00a0:<\/p>\n\n\n\n<ul class=\"wp-block-list\">\n<li class=\"has-roboto-font-family\">Offrir une meilleure compr\u00e9hension de la comp\u00e9tence politique des personnes vivant avec un handicap mental&nbsp;;<\/li>\n\n\n\n<li class=\"has-roboto-font-family\">Participer \u00e0 l\u2019am\u00e9lioration des conditions d\u2019acc\u00e8s \u00e0 l\u2019information politique des citoyen.ne.s vivant avec un handicap mental ;<\/li>\n\n\n\n<li class=\"has-roboto-font-family has-normal-font-size\">Proposer des d\u00e9bats accessibles \u00e0 tout public plus \u00e0 l\u2019aise avec des formats simplifi\u00e9s.<\/li>\n<\/ul>\n\n\n\n<div style=\"height:115px\" aria-hidden=\"true\" class=\"wp-block-spacer\"><\/div>\n\n\n\n<p class=\"has-text-align-center has-accent-color has-text-color has-link-color has-roboto-slab-font-family has-large-font-size wp-elements-57f62cc9c0dbca4f571320cdf50f95e7\"><strong>Partenaires<\/strong><\/p>\n\n\n\n<div class=\"wp-block-columns is-layout-flex wp-container-core-columns-is-layout-9d6595d7 wp-block-columns-is-layout-flex\">\n<div class=\"wp-block-column is-vertically-aligned-center is-layout-flow wp-block-column-is-layout-flow\"><div class=\"wp-block-image\">\n<figure class=\"aligncenter size-medium\"><img alt=\"\" loading=\"lazy\" decoding=\"async\" width=\"300\" height=\"106\" src=\"https:\/\/wp.unil.ch\/chaquevoixcompte\/files\/2025\/01\/unilogo_bleu_300dpi-300x106.webp\" alt=\"\" class=\"wp-image-164\" srcset=\"https:\/\/wp.unil.ch\/chaquevoixcompte\/files\/2025\/01\/unilogo_bleu_300dpi-300x106.webp 300w, https:\/\/wp.unil.ch\/chaquevoixcompte\/files\/2025\/01\/unilogo_bleu_300dpi-540x190.webp 540w, https:\/\/wp.unil.ch\/chaquevoixcompte\/files\/2025\/01\/unilogo_bleu_300dpi.webp 639w\" sizes=\"auto, (max-width: 300px) 100vw, 300px\" \/><\/figure>\n<\/div><\/div>\n\n\n\n<div class=\"wp-block-column is-vertically-aligned-center is-layout-flow wp-block-column-is-layout-flow\"><div class=\"wp-block-image is-style-default\">\n<figure class=\"aligncenter size-medium\"><img alt=\"\" loading=\"lazy\" decoding=\"async\" width=\"300\" height=\"113\" src=\"https:\/\/wp.unil.ch\/chaquevoixcompte\/files\/2025\/01\/LABEL_INTERFACE_FINALE_NOIR-300x113.png\" alt=\"\" class=\"wp-image-230\" srcset=\"https:\/\/wp.unil.ch\/chaquevoixcompte\/files\/2025\/01\/LABEL_INTERFACE_FINALE_NOIR-300x113.png 300w, https:\/\/wp.unil.ch\/chaquevoixcompte\/files\/2025\/01\/LABEL_INTERFACE_FINALE_NOIR-1024x387.png 1024w, https:\/\/wp.unil.ch\/chaquevoixcompte\/files\/2025\/01\/LABEL_INTERFACE_FINALE_NOIR-768x290.png 768w, https:\/\/wp.unil.ch\/chaquevoixcompte\/files\/2025\/01\/LABEL_INTERFACE_FINALE_NOIR-540x204.png 540w, https:\/\/wp.unil.ch\/chaquevoixcompte\/files\/2025\/01\/LABEL_INTERFACE_FINALE_NOIR-1080x408.png 1080w, https:\/\/wp.unil.ch\/chaquevoixcompte\/files\/2025\/01\/LABEL_INTERFACE_FINALE_NOIR.png 1502w\" sizes=\"auto, (max-width: 300px) 100vw, 300px\" \/><\/figure>\n<\/div><\/div>\n\n\n\n<div class=\"wp-block-column is-vertically-aligned-center is-layout-flow wp-block-column-is-layout-flow\"><div class=\"wp-block-image\">\n<figure class=\"aligncenter size-medium\"><img alt=\"\" loading=\"lazy\" decoding=\"async\" width=\"300\" height=\"186\" src=\"https:\/\/wp.unil.ch\/chaquevoixcompte\/files\/2025\/01\/ebenhezerlausanne_logotransparent-300x186.png\" alt=\"\" class=\"wp-image-328\" srcset=\"https:\/\/wp.unil.ch\/chaquevoixcompte\/files\/2025\/01\/ebenhezerlausanne_logotransparent-300x186.png 300w, https:\/\/wp.unil.ch\/chaquevoixcompte\/files\/2025\/01\/ebenhezerlausanne_logotransparent-1024x633.png 1024w, https:\/\/wp.unil.ch\/chaquevoixcompte\/files\/2025\/01\/ebenhezerlausanne_logotransparent-768x475.png 768w, https:\/\/wp.unil.ch\/chaquevoixcompte\/files\/2025\/01\/ebenhezerlausanne_logotransparent-540x334.png 540w, https:\/\/wp.unil.ch\/chaquevoixcompte\/files\/2025\/01\/ebenhezerlausanne_logotransparent-1080x668.png 1080w, https:\/\/wp.unil.ch\/chaquevoixcompte\/files\/2025\/01\/ebenhezerlausanne_logotransparent.png 1200w\" sizes=\"auto, (max-width: 300px) 100vw, 300px\" \/><\/figure>\n<\/div><\/div>\n<\/div>\n","protected":false},"excerpt":{"rendered":"<p>Chaque voix compte ! est un projet partenarial entre l&rsquo;Universit\u00e9 de Lausanne et Eben-H\u00e9zer Lausanne, dont les objectifs sont les suivants\u00a0: Partenaires<\/p>\n","protected":false},"author":108,"featured_media":0,"parent":0,"menu_order":0,"comment_status":"closed","ping_status":"closed","template":"template-full-width.php","meta":{"_seopress_robots_primary_cat":"","_seopress_titles_title":"","_seopress_titles_desc":"","_seopress_robots_index":"","footnotes":""},"class_list":["post-6","page","type-page","status-publish","has-post-thumbnail"],"_links":{"self":[{"href":"https:\/\/wp.unil.ch\/chaquevoixcompte\/wp-json\/wp\/v2\/pages\/6","targetHints":{"allow":["GET"]}}],"collection":[{"href":"https:\/\/wp.unil.ch\/chaquevoixcompte\/wp-json\/wp\/v2\/pages"}],"about":[{"href":"https:\/\/wp.unil.ch\/chaquevoixcompte\/wp-json\/wp\/v2\/types\/page"}],"author":[{"embeddable":true,"href":"https:\/\/wp.unil.ch\/chaquevoixcompte\/wp-json\/wp\/v2\/users\/108"}],"replies":[{"embeddable":true,"href":"https:\/\/wp.unil.ch\/chaquevoixcompte\/wp-json\/wp\/v2\/comments?post=6"}],"version-history":[{"count":5,"href":"https:\/\/wp.unil.ch\/chaquevoixcompte\/wp-json\/wp\/v2\/pages\/6\/revisions"}],"predecessor-version":[{"id":411,"href":"https:\/\/wp.unil.ch\/chaquevoixcompte\/wp-json\/wp\/v2\/pages\/6\/revisions\/411"}],"wp:attachment":[{"href":"https:\/\/wp.unil.ch\/chaquevoixcompte\/wp-json\/wp\/v2\/media?parent=6"}],"curies":[{"name":"wp","href":"https:\/\/api.w.org\/{rel}","templated":true}]}}