{"id":358,"date":"2025-09-19T22:03:00","date_gmt":"2025-09-19T20:03:00","guid":{"rendered":"https:\/\/wp.unil.ch\/chaquevoixcompte\/?page_id=358"},"modified":"2025-09-23T12:52:06","modified_gmt":"2025-09-23T10:52:06","slug":"votation-du-9-fevrier-2025","status":"publish","type":"page","link":"https:\/\/wp.unil.ch\/chaquevoixcompte\/votation-du-9-fevrier-2025\/","title":{"rendered":"Votation du 9 f\u00e9vrier 2025"},"content":{"rendered":"\n<p>Les vid\u00e9os concernent la votation du 9 f\u00e9vrier 2025 sur l\u2019initiative populaire \u00ab\u202fPour une \u00e9conomie responsable respectant les limites plan\u00e9taires (initiative pour la responsabilit\u00e9 environnementale)\u202f\u00bb.<\/p>\n\n\n\n<div class=\"wp-block-columns is-layout-flex wp-container-core-columns-is-layout-9d6595d7 wp-block-columns-is-layout-flex\">\n<div class=\"wp-block-column is-layout-flow wp-block-column-is-layout-flow\" style=\"flex-basis:33.33%\">\n<p><\/p>\n\n\n\n<p class=\"has-text-align-center\"><strong>Introduction<\/strong> <\/p>\n\n\n\n<p class=\"has-text-align-center\">par Sandrine Baume<\/p>\n<\/div>\n\n\n\n<div class=\"wp-block-column is-layout-flow wp-block-column-is-layout-flow\" style=\"flex-basis:66.66%\">\n<figure class=\"wp-block-embed is-type-video is-provider-youtube wp-block-embed-youtube wp-embed-aspect-16-9 wp-has-aspect-ratio\"><div class=\"wp-block-embed__wrapper\">\n<iframe loading=\"lazy\" title=\"Chaque Voix Compte | Introduction du projet pour les votations du 09.02.2025\" width=\"580\" height=\"326\" src=\"https:\/\/www.youtube.com\/embed\/HpUOs0fp0TY?feature=oembed\" frameborder=\"0\" allow=\"accelerometer; autoplay; clipboard-write; encrypted-media; gyroscope; picture-in-picture; web-share\" referrerpolicy=\"strict-origin-when-cross-origin\" allowfullscreen><\/iframe>\n<\/div><\/figure>\n<\/div>\n<\/div>\n\n\n\n<div class=\"wp-block-columns is-layout-flex wp-container-core-columns-is-layout-9d6595d7 wp-block-columns-is-layout-flex\">\n<div class=\"wp-block-column is-layout-flow wp-block-column-is-layout-flow\" style=\"flex-basis:33.33%\">\n<p><\/p>\n\n\n\n<p class=\"has-text-align-center\"><strong>Ensemble \u00e0 Gauche<\/strong><\/p>\n\n\n\n<p class=\"has-text-align-center\">par Hadrien Buclin<\/p>\n<\/div>\n\n\n\n<div class=\"wp-block-column is-layout-flow wp-block-column-is-layout-flow\" style=\"flex-basis:66.66%\">\n<figure class=\"wp-block-embed is-type-video is-provider-youtube wp-block-embed-youtube wp-embed-aspect-16-9 wp-has-aspect-ratio\"><div class=\"wp-block-embed__wrapper\">\n<iframe loading=\"lazy\" title=\"Arguments simplifi\u00e9s d&#039;Ensemble \u00e0 Gauche pour les votations du 09.02.2025 | Chaque Voix Compte\" width=\"580\" height=\"326\" src=\"https:\/\/www.youtube.com\/embed\/jIF7PuzLUGM?feature=oembed\" frameborder=\"0\" allow=\"accelerometer; autoplay; clipboard-write; encrypted-media; gyroscope; picture-in-picture; web-share\" referrerpolicy=\"strict-origin-when-cross-origin\" allowfullscreen><\/iframe>\n<\/div><\/figure>\n<\/div>\n<\/div>\n\n\n\n<div class=\"wp-block-columns is-layout-flex wp-container-core-columns-is-layout-9d6595d7 wp-block-columns-is-layout-flex\">\n<div class=\"wp-block-column is-layout-flow wp-block-column-is-layout-flow\" style=\"flex-basis:33.33%\">\n<p><\/p>\n\n\n\n<p class=\"has-text-align-center\"><strong>Parti Lib\u00e9ral-Radical<\/strong><\/p>\n\n\n\n<p class=\"has-text-align-center\">par Lo\u00efc Bardet<\/p>\n<\/div>\n\n\n\n<div class=\"wp-block-column is-layout-flow wp-block-column-is-layout-flow\" style=\"flex-basis:66.66%\">\n<figure class=\"wp-block-embed is-type-video is-provider-youtube wp-block-embed-youtube wp-embed-aspect-16-9 wp-has-aspect-ratio\"><div class=\"wp-block-embed__wrapper\">\n<iframe loading=\"lazy\" title=\"Arguments simplifi\u00e9s du Parti Lib\u00e9ral-Radical pour les votations du 09.02.2025 | Chaque Voix Compte\" width=\"580\" height=\"326\" src=\"https:\/\/www.youtube.com\/embed\/4Q7j6_valu8?feature=oembed\" frameborder=\"0\" allow=\"accelerometer; autoplay; clipboard-write; encrypted-media; gyroscope; picture-in-picture; web-share\" referrerpolicy=\"strict-origin-when-cross-origin\" allowfullscreen><\/iframe>\n<\/div><\/figure>\n<\/div>\n<\/div>\n\n\n\n<div class=\"wp-block-columns is-layout-flex wp-container-core-columns-is-layout-9d6595d7 wp-block-columns-is-layout-flex\">\n<div class=\"wp-block-column is-layout-flow wp-block-column-is-layout-flow\" style=\"flex-basis:33.33%\">\n<p><\/p>\n\n\n\n<p class=\"has-text-align-center\"><strong>Parti Socialiste<\/strong><\/p>\n\n\n\n<p class=\"has-text-align-center\">par S\u00e9bastien Kessler<\/p>\n<\/div>\n\n\n\n<div class=\"wp-block-column is-layout-flow wp-block-column-is-layout-flow\" style=\"flex-basis:66.66%\">\n<figure class=\"wp-block-embed is-type-video is-provider-youtube wp-block-embed-youtube wp-embed-aspect-16-9 wp-has-aspect-ratio\"><div class=\"wp-block-embed__wrapper\">\n<iframe loading=\"lazy\" title=\"Arguments simplifi\u00e9s du Parti Socialiste pour les votations du 09.02.2025 | Chaque Voix Compte\" width=\"580\" height=\"326\" src=\"https:\/\/www.youtube.com\/embed\/U79DiPCID-I?feature=oembed\" frameborder=\"0\" allow=\"accelerometer; autoplay; clipboard-write; encrypted-media; gyroscope; picture-in-picture; web-share\" referrerpolicy=\"strict-origin-when-cross-origin\" allowfullscreen><\/iframe>\n<\/div><\/figure>\n<\/div>\n<\/div>\n\n\n\n<div class=\"wp-block-columns is-layout-flex wp-container-core-columns-is-layout-9d6595d7 wp-block-columns-is-layout-flex\">\n<div class=\"wp-block-column is-layout-flow wp-block-column-is-layout-flow\" style=\"flex-basis:33.33%\">\n<p><\/p>\n\n\n\n<p class=\"has-text-align-center\"><strong>Union D\u00e9mocratique du Centre<\/strong><\/p>\n\n\n\n<p class=\"has-text-align-center\">par C\u00e9line Baux<\/p>\n<\/div>\n\n\n\n<div class=\"wp-block-column is-layout-flow wp-block-column-is-layout-flow\" style=\"flex-basis:66.66%\">\n<figure class=\"wp-block-embed is-type-video is-provider-youtube wp-block-embed-youtube wp-embed-aspect-16-9 wp-has-aspect-ratio\"><div class=\"wp-block-embed__wrapper\">\n<iframe loading=\"lazy\" title=\"Arguments simplifi\u00e9s de l&#039;UDC pour les votations du 09.02.2025 | Chaque Voix Compte\" width=\"580\" height=\"326\" src=\"https:\/\/www.youtube.com\/embed\/kLk_DXgmH2Q?feature=oembed\" frameborder=\"0\" allow=\"accelerometer; autoplay; clipboard-write; encrypted-media; gyroscope; picture-in-picture; web-share\" referrerpolicy=\"strict-origin-when-cross-origin\" allowfullscreen><\/iframe>\n<\/div><\/figure>\n<\/div>\n<\/div>\n\n\n\n<div class=\"wp-block-columns is-layout-flex wp-container-core-columns-is-layout-9d6595d7 wp-block-columns-is-layout-flex\">\n<div class=\"wp-block-column is-layout-flow wp-block-column-is-layout-flow\" style=\"flex-basis:33.33%\">\n<p><\/p>\n\n\n\n<p class=\"has-text-align-center\"><strong>Les Vert-e-s<\/strong><\/p>\n\n\n\n<p class=\"has-text-align-center\">par G\u00e9raldine Dubuis<\/p>\n<\/div>\n\n\n\n<div class=\"wp-block-column is-layout-flow wp-block-column-is-layout-flow\" style=\"flex-basis:66.66%\">\n<figure class=\"wp-block-embed is-type-video is-provider-youtube wp-block-embed-youtube wp-embed-aspect-16-9 wp-has-aspect-ratio\"><div class=\"wp-block-embed__wrapper\">\n<iframe loading=\"lazy\" title=\"Arguments simplifi\u00e9s des Vert-e-s pour les votations du 09.02.2025 | Chaque Voix Compte\" width=\"580\" height=\"326\" src=\"https:\/\/www.youtube.com\/embed\/3Yp_yfrtpnI?feature=oembed\" frameborder=\"0\" allow=\"accelerometer; autoplay; clipboard-write; encrypted-media; gyroscope; picture-in-picture; web-share\" referrerpolicy=\"strict-origin-when-cross-origin\" allowfullscreen><\/iframe>\n<\/div><\/figure>\n<\/div>\n<\/div>\n\n\n\n<div class=\"wp-block-columns is-layout-flex wp-container-core-columns-is-layout-9d6595d7 wp-block-columns-is-layout-flex\">\n<div class=\"wp-block-column is-layout-flow wp-block-column-is-layout-flow\" style=\"flex-basis:33.33%\">\n<p><\/p>\n\n\n\n<p class=\"has-text-align-center\"><strong>Vert<\/strong>&lsquo;<strong>lib\u00e9raux<\/strong><\/p>\n\n\n\n<p class=\"has-text-align-center\">par Graziella Schaller<\/p>\n<\/div>\n\n\n\n<div class=\"wp-block-column is-layout-flow wp-block-column-is-layout-flow\" style=\"flex-basis:66.66%\">\n<figure class=\"wp-block-embed is-type-video is-provider-youtube wp-block-embed-youtube wp-embed-aspect-16-9 wp-has-aspect-ratio\"><div class=\"wp-block-embed__wrapper\">\n<iframe loading=\"lazy\" title=\"Arguments simplifi\u00e9s des Vert&#039;lib\u00e9raux pour les votations du 09.02.2025 | Chaque Voix Compte\" width=\"580\" height=\"326\" src=\"https:\/\/www.youtube.com\/embed\/efRyXk_5hLQ?feature=oembed\" frameborder=\"0\" allow=\"accelerometer; autoplay; clipboard-write; encrypted-media; gyroscope; picture-in-picture; web-share\" referrerpolicy=\"strict-origin-when-cross-origin\" allowfullscreen><\/iframe>\n<\/div><\/figure>\n<\/div>\n<\/div>\n\n\n\n<div class=\"wp-block-columns is-layout-flex wp-container-core-columns-is-layout-9d6595d7 wp-block-columns-is-layout-flex\">\n<div class=\"wp-block-column is-layout-flow wp-block-column-is-layout-flow\" style=\"flex-basis:33.33%\">\n<p><\/p>\n\n\n\n<p class=\"has-text-align-center\"><strong>Remerciements<\/strong><\/p>\n<\/div>\n\n\n\n<div class=\"wp-block-column is-layout-flow wp-block-column-is-layout-flow\" style=\"flex-basis:66.66%\">\n<figure class=\"wp-block-embed is-type-video is-provider-youtube wp-block-embed-youtube wp-embed-aspect-16-9 wp-has-aspect-ratio\"><div class=\"wp-block-embed__wrapper\">\n<iframe loading=\"lazy\" title=\"Chaque Voix Compte | Remerciements (Votation du 09.02.2025)\" width=\"580\" height=\"326\" src=\"https:\/\/www.youtube.com\/embed\/tTLT8S0MVn4?feature=oembed\" frameborder=\"0\" allow=\"accelerometer; autoplay; clipboard-write; encrypted-media; gyroscope; picture-in-picture; web-share\" referrerpolicy=\"strict-origin-when-cross-origin\" allowfullscreen><\/iframe>\n<\/div><\/figure>\n<\/div>\n<\/div>\n","protected":false},"excerpt":{"rendered":"<p>Les vid\u00e9os concernent la votation du 9 f\u00e9vrier 2025 sur l\u2019initiative populaire \u00ab\u202fPour une \u00e9conomie responsable respectant les limites plan\u00e9taires (initiative pour la responsabilit\u00e9 environnementale)\u202f\u00bb. Introduction par Sandrine&hellip;<\/p>\n","protected":false},"author":1002952,"featured_media":0,"parent":0,"menu_order":0,"comment_status":"closed","ping_status":"closed","template":"","meta":{"_seopress_robots_primary_cat":"","_seopress_titles_title":"","_seopress_titles_desc":"","_seopress_robots_index":"","footnotes":""},"class_list":["post-358","page","type-page","status-publish","has-post-thumbnail"],"_links":{"self":[{"href":"https:\/\/wp.unil.ch\/chaquevoixcompte\/wp-json\/wp\/v2\/pages\/358","targetHints":{"allow":["GET"]}}],"collection":[{"href":"https:\/\/wp.unil.ch\/chaquevoixcompte\/wp-json\/wp\/v2\/pages"}],"about":[{"href":"https:\/\/wp.unil.ch\/chaquevoixcompte\/wp-json\/wp\/v2\/types\/page"}],"author":[{"embeddable":true,"href":"https:\/\/wp.unil.ch\/chaquevoixcompte\/wp-json\/wp\/v2\/users\/1002952"}],"replies":[{"embeddable":true,"href":"https:\/\/wp.unil.ch\/chaquevoixcompte\/wp-json\/wp\/v2\/comments?post=358"}],"version-history":[{"count":4,"href":"https:\/\/wp.unil.ch\/chaquevoixcompte\/wp-json\/wp\/v2\/pages\/358\/revisions"}],"predecessor-version":[{"id":410,"href":"https:\/\/wp.unil.ch\/chaquevoixcompte\/wp-json\/wp\/v2\/pages\/358\/revisions\/410"}],"wp:attachment":[{"href":"https:\/\/wp.unil.ch\/chaquevoixcompte\/wp-json\/wp\/v2\/media?parent=358"}],"curies":[{"name":"wp","href":"https:\/\/api.w.org\/{rel}","templated":true}]}}