{"id":171,"date":"2025-01-28T10:15:12","date_gmt":"2025-01-28T09:15:12","guid":{"rendered":"https:\/\/wp.unil.ch\/chaquevoixcompte\/?page_id=171"},"modified":"2025-09-20T12:05:15","modified_gmt":"2025-09-20T10:05:15","slug":"publications","status":"publish","type":"page","link":"https:\/\/wp.unil.ch\/chaquevoixcompte\/publications\/","title":{"rendered":"Communications scientifiques"},"content":{"rendered":"\n<p class=\"has-text-align-left\">\u00ab&nbsp;Chaque voix compte !&nbsp;\u00bb a \u00e9t\u00e9 pr\u00e9sent\u00e9 dans divers colloques, conf\u00e9rences et s\u00e9minaires acad\u00e9miques. Ces \u00e9v\u00e9nements ont permis de partager nos r\u00e9sultats, d\u2019\u00e9changer avec la communaut\u00e9 scientifique et de nourrir les d\u00e9bats autour de nos th\u00e9matiques. Vous trouverez ci-dessous une liste des interventions r\u00e9alis\u00e9es.<\/p>\n\n\n\n<p><a href=\"https:\/\/ecpr.eu\/Events\/Event\/PaperDetails\/82226\">ECPR General Conference 2025 (28 ao\u00fbt 2025) par Baris Kastas<\/a><\/p>\n\n\n\n<p><a href=\"https:\/\/ecpr.eu\/Events\/Event\/PaperDetails\/82225\">ECPR General Conference 2025 (28 ao\u00fbt 2025) par Sandrine Baume<\/a><\/p>\n\n\n\n<p><a href=\"https:\/\/www.unil.ch\/news\/en\/1757421160690\">IDHEAP Research Forum (9 septembre 2025) par Baris Kastas<\/a> <\/p>\n","protected":false},"excerpt":{"rendered":"<p>\u00ab&nbsp;Chaque voix compte !&nbsp;\u00bb a \u00e9t\u00e9 pr\u00e9sent\u00e9 dans divers colloques, conf\u00e9rences et s\u00e9minaires acad\u00e9miques. Ces \u00e9v\u00e9nements ont permis de partager nos r\u00e9sultats, d\u2019\u00e9changer avec la communaut\u00e9 scientifique et&hellip;<\/p>\n","protected":false},"author":1002952,"featured_media":0,"parent":0,"menu_order":0,"comment_status":"closed","ping_status":"closed","template":"template-full-width.php","meta":{"_seopress_robots_primary_cat":"","_seopress_titles_title":"","_seopress_titles_desc":"","_seopress_robots_index":"","footnotes":""},"class_list":["post-171","page","type-page","status-publish","has-post-thumbnail"],"_links":{"self":[{"href":"https:\/\/wp.unil.ch\/chaquevoixcompte\/wp-json\/wp\/v2\/pages\/171","targetHints":{"allow":["GET"]}}],"collection":[{"href":"https:\/\/wp.unil.ch\/chaquevoixcompte\/wp-json\/wp\/v2\/pages"}],"about":[{"href":"https:\/\/wp.unil.ch\/chaquevoixcompte\/wp-json\/wp\/v2\/types\/page"}],"author":[{"embeddable":true,"href":"https:\/\/wp.unil.ch\/chaquevoixcompte\/wp-json\/wp\/v2\/users\/1002952"}],"replies":[{"embeddable":true,"href":"https:\/\/wp.unil.ch\/chaquevoixcompte\/wp-json\/wp\/v2\/comments?post=171"}],"version-history":[{"count":5,"href":"https:\/\/wp.unil.ch\/chaquevoixcompte\/wp-json\/wp\/v2\/pages\/171\/revisions"}],"predecessor-version":[{"id":384,"href":"https:\/\/wp.unil.ch\/chaquevoixcompte\/wp-json\/wp\/v2\/pages\/171\/revisions\/384"}],"wp:attachment":[{"href":"https:\/\/wp.unil.ch\/chaquevoixcompte\/wp-json\/wp\/v2\/media?parent=171"}],"curies":[{"name":"wp","href":"https:\/\/api.w.org\/{rel}","templated":true}]}}