{"id":167,"date":"2025-01-28T10:15:18","date_gmt":"2025-01-28T09:15:18","guid":{"rendered":"https:\/\/wp.unil.ch\/chaquevoixcompte\/?page_id=167"},"modified":"2025-02-05T10:52:32","modified_gmt":"2025-02-05T09:52:32","slug":"qui-sommes-nous","status":"publish","type":"page","link":"https:\/\/wp.unil.ch\/chaquevoixcompte\/qui-sommes-nous\/","title":{"rendered":"Qui sommes-nous ?"},"content":{"rendered":"\n<h2 class=\"wp-block-heading\">Responsables principaux<\/h2>\n\n\n\n<div class=\"wp-block-columns is-layout-flex wp-container-core-columns-is-layout-9d6595d7 wp-block-columns-is-layout-flex\">\n<div class=\"wp-block-column is-layout-flow wp-block-column-is-layout-flow\" style=\"flex-basis:33.33%\"><div class=\"wp-block-image is-style-default wp-duotone-000000-ffe4aa6e-1\">\n<figure class=\"aligncenter size-full is-resized\"><img alt=\"\" loading=\"lazy\" decoding=\"async\" width=\"387\" height=\"515\" src=\"https:\/\/wp.unil.ch\/chaquevoixcompte\/files\/2025\/01\/sandrine_baume-2024_web-1-edited.jpg\" alt=\"\" class=\"wp-image-204\" style=\"object-fit:cover;width:280px;height:374px\" srcset=\"https:\/\/wp.unil.ch\/chaquevoixcompte\/files\/2025\/01\/sandrine_baume-2024_web-1-edited.jpg 387w, https:\/\/wp.unil.ch\/chaquevoixcompte\/files\/2025\/01\/sandrine_baume-2024_web-1-edited-225x300.jpg 225w\" sizes=\"auto, (max-width: 387px) 100vw, 387px\" \/><\/figure>\n<\/div><\/div>\n\n\n\n<div class=\"wp-block-column is-layout-flow wp-block-column-is-layout-flow\" style=\"flex-basis:66.66%\">\n<p><strong>Sandrine Baume<\/strong>, requ\u00e9rante principale du projet \u00ab\u2009<em>Chaque voix compte\u2009!<\/em>\u2009\u00bb, est professeure ordinaire \u00e0 la Facult\u00e9 de droit, des sciences criminelles et d\u2019administration publique de l\u2019Universit\u00e9 de Lausanne. Ses recherches se sont d\u00e9velopp\u00e9es \u00e0 l\u2019intersection de la th\u00e9orie d\u00e9mocratique et de l\u2019histoire de la pens\u00e9e politique. Elles ont notamment port\u00e9 sur des acteurs cl\u00e9s en d\u00e9mocratie (les partis politiques), des institutions (juridiction constitutionnelle), des principes (transparence, <em>democratic self-defense<\/em>) et des pratiques en d\u00e9mocratie (les compromis). \u00c0 ce dernier titre, Sandrine Baume vient de conclure un projet de recherche intitul\u00e9 \u00ab <em>How to evaluate objections to political compromises and their rebuttals<\/em> \u00bb (subside FNS 100017_200905), qui a donn\u00e9 lieu au groupe de recherche <em><a href=\"https:\/\/wp.unil.ch\/upcide\/\">Understanding Political Compromises in Democracies<\/a><\/em> (UPCiDe). Actuellement, elle travaille sur la comp\u00e9tence politique des personnes vivant avec un handicap mental.<\/p>\n\n\n\n<p>CV \/ <a href=\"https:\/\/applicationspub.unil.ch\/interpub\/noauth\/php\/Un\/UnPers.php?PerNum=61461&amp;LanCode=8&amp;menu=coord\">Site web personnel<\/a> \/ <a href=\"mailto:sandrine.baume@unil.ch\">Contact<\/a><\/p>\n<\/div>\n<\/div>\n\n\n\n<div class=\"wp-block-columns is-layout-flex wp-container-core-columns-is-layout-9d6595d7 wp-block-columns-is-layout-flex\">\n<div class=\"wp-block-column is-vertically-aligned-top is-layout-flow wp-block-column-is-layout-flow\" style=\"flex-basis:33.33%\"><div class=\"wp-block-image wp-duotone-000000-ffe4aa6e-2\">\n<figure class=\"aligncenter size-full is-resized\"><img alt=\"\" loading=\"lazy\" decoding=\"async\" width=\"1058\" height=\"994\" src=\"https:\/\/wp.unil.ch\/chaquevoixcompte\/files\/2025\/02\/Omar-Odermatt.jpg\" alt=\"\" class=\"wp-image-333\" style=\"object-fit:cover;width:280px;height:374px\" srcset=\"https:\/\/wp.unil.ch\/chaquevoixcompte\/files\/2025\/02\/Omar-Odermatt.jpg 1058w, https:\/\/wp.unil.ch\/chaquevoixcompte\/files\/2025\/02\/Omar-Odermatt-300x282.jpg 300w, https:\/\/wp.unil.ch\/chaquevoixcompte\/files\/2025\/02\/Omar-Odermatt-1024x962.jpg 1024w, https:\/\/wp.unil.ch\/chaquevoixcompte\/files\/2025\/02\/Omar-Odermatt-768x722.jpg 768w, https:\/\/wp.unil.ch\/chaquevoixcompte\/files\/2025\/02\/Omar-Odermatt-540x507.jpg 540w\" sizes=\"auto, (max-width: 1058px) 100vw, 1058px\" \/><\/figure>\n<\/div><\/div>\n\n\n\n<div class=\"wp-block-column is-layout-flow wp-block-column-is-layout-flow\" style=\"flex-basis:66.66%\">\n<p><strong>Omar Odermatt<\/strong>, corequ\u00e9rant du projet \u00ab\u2009<em>Chaque voix compte\u2009!<\/em>\u2009\u00bb, est journaliste. \u00c0 Eben-H\u00e9zer Lausanne, il a d\u00e9velopp\u00e9 plusieurs projets collaboratifs dans le domaine de la communication avec les b\u00e9n\u00e9ficiaires, dont <em>Estim\u00e9dia<\/em>, l\u2019agence de communication inclusive qui produit des contenus \u00e9crits, visuels, audios et vid\u00e9os, et <em>Ricochets<\/em>, la gazette multim\u00e9dia de l\u2019institution. Sa d\u00e9marche vise \u00e0 cr\u00e9er des informations accessibles en utilisant notamment la m\u00e9thode du fran\u00e7ais facile \u00e0 lire et \u00e0 comprendre (FALC). Sa mission au sein d\u2019Eben-H\u00e9zer Lausanne porte \u00e9galement sur l\u2019inclusion politique des r\u00e9sident.e.s \u00e0 travers deux principaux projets innovants&nbsp;: les <em>Journ\u00e9es de la citoyennet\u00e9<\/em> et le <em>Bla-Bla Vote<\/em>.<\/p>\n\n\n\n<p>CV \/ Site web personnel \/ Contact<\/p>\n<\/div>\n<\/div>\n\n\n\n<div class=\"wp-block-columns is-layout-flex wp-container-core-columns-is-layout-9d6595d7 wp-block-columns-is-layout-flex\">\n<div class=\"wp-block-column is-layout-flow wp-block-column-is-layout-flow\" style=\"flex-basis:33.33%\"><div class=\"wp-block-image wp-duotone-000000-ffe4aa6e-3\">\n<figure class=\"aligncenter size-full is-resized\"><img alt=\"\" loading=\"lazy\" decoding=\"async\" width=\"625\" height=\"833\" src=\"https:\/\/wp.unil.ch\/chaquevoixcompte\/files\/2025\/01\/Baris-edited-1.jpeg\" alt=\"\" class=\"wp-image-295\" style=\"object-fit:cover;width:280px;height:374px\" srcset=\"https:\/\/wp.unil.ch\/chaquevoixcompte\/files\/2025\/01\/Baris-edited-1.jpeg 625w, https:\/\/wp.unil.ch\/chaquevoixcompte\/files\/2025\/01\/Baris-edited-1-225x300.jpeg 225w, https:\/\/wp.unil.ch\/chaquevoixcompte\/files\/2025\/01\/Baris-edited-1-540x720.jpeg 540w\" sizes=\"auto, (max-width: 625px) 100vw, 625px\" \/><\/figure>\n<\/div><\/div>\n\n\n\n<div class=\"wp-block-column is-layout-flow wp-block-column-is-layout-flow\" style=\"flex-basis:66.66%\">\n<p><strong>Bar\u0131\u015f C. Ka\u015fta\u015f<\/strong>, corequ\u00e9rant du projet \u00ab\u2009<em>Chaque voix compte\u2009!<\/em>\u2009\u00bb, est doctorant en administration publique et assistant dipl\u00f4m\u00e9 en th\u00e9orie politique et histoire de la pens\u00e9e politique \u00e0 l&rsquo;Universit\u00e9 de Lausanne. Ses recherches portent sur le r\u00f4le des d\u00e9fauts cognitifs dans les processus de d\u00e9cision d\u00e9mocratiques. Il s&rsquo;int\u00e9resse \u00e9galement au concept de \u00ab <em>cognitive load<\/em> \u00bb et l\u2019utilit\u00e9 de contenus simplifi\u00e9s dans la compr\u00e9hension des messages politiques.<\/p>\n\n\n\n<p>CV \/ Site web personnel \/ <a href=\"mailto:bariscan.kastas@unil.ch\">Contact<\/a><\/p>\n<\/div>\n<\/div>\n\n\n\n<div class=\"wp-block-columns is-layout-flex wp-container-core-columns-is-layout-9d6595d7 wp-block-columns-is-layout-flex\">\n<div class=\"wp-block-column is-layout-flow wp-block-column-is-layout-flow\" style=\"flex-basis:33.33%\"><div class=\"wp-block-image wp-duotone-000000-ffe4aa6e-4\">\n<figure class=\"aligncenter size-full is-resized\"><img alt=\"\" loading=\"lazy\" decoding=\"async\" width=\"397\" height=\"529\" src=\"https:\/\/wp.unil.ch\/chaquevoixcompte\/files\/2025\/01\/augusto_sperb_machado-1950_web_edited-edited.jpg\" alt=\"\" class=\"wp-image-207\" style=\"object-fit:cover;width:280px;height:374px\" srcset=\"https:\/\/wp.unil.ch\/chaquevoixcompte\/files\/2025\/01\/augusto_sperb_machado-1950_web_edited-edited.jpg 397w, https:\/\/wp.unil.ch\/chaquevoixcompte\/files\/2025\/01\/augusto_sperb_machado-1950_web_edited-edited-225x300.jpg 225w\" sizes=\"auto, (max-width: 397px) 100vw, 397px\" \/><\/figure>\n<\/div><\/div>\n\n\n\n<div class=\"wp-block-column is-layout-flow wp-block-column-is-layout-flow\" style=\"flex-basis:66.66%\">\n<p><strong>Augusto Sperb Machado<\/strong> collabore au projet <em>\u00ab\u2009<em>Chaque voix compte\u2009!<\/em>\u2009\u00bb<\/em>. Il est doctorant en administration publique et assistant dipl\u00f4m\u00e9 en th\u00e9orie politique et en histoire de la pens\u00e9e politique \u00e0 l\u2019Universit\u00e9 de Lausanne. Ses recherches se concentrent sur les th\u00e9ories de la justice distributive et, plus particuli\u00e8rement, sur les relations complexes entre les id\u00e9aux d\u2019\u00e9galit\u00e9 et de pr\u00e9servation. Il s\u2019int\u00e9resse \u00e9galement \u00e0 l\u2019histoire de la notion de \u00ab\u2009d\u00e9mocratie militante\u2009\u00bb, notamment \u00e0 la question de savoir si et comment les d\u00e9mocraties se prot\u00e8gent contre des menaces antid\u00e9mocratiques venant de l\u2019int\u00e9rieur.<\/p>\n\n\n\n<p><a href=\"https:\/\/augusto.machados.org\/cv\">CV<\/a> \/ <a href=\"https:\/\/augusto.machados.org\/\">Site web personnel<\/a> \/ <a href=\"mailto:augusto.sperbmachado@unil.ch\">Contact<\/a><\/p>\n<\/div>\n<\/div>\n\n\n\n<h2 class=\"wp-block-heading\">Comit\u00e9 scientifique<\/h2>\n\n\n\n<div class=\"wp-block-columns is-layout-flex wp-container-core-columns-is-layout-9d6595d7 wp-block-columns-is-layout-flex\">\n<div class=\"wp-block-column is-layout-flow wp-block-column-is-layout-flow\" style=\"flex-basis:33.33%\"><div class=\"wp-block-image wp-duotone-000000-ffe4aa6e-5\">\n<figure class=\"aligncenter size-full is-resized\"><img alt=\"\" loading=\"lazy\" decoding=\"async\" width=\"380\" height=\"451\" src=\"https:\/\/wp.unil.ch\/chaquevoixcompte\/files\/2025\/02\/Barbara-Fontana-Lana-1.jpeg\" alt=\"\" class=\"wp-image-335\" style=\"object-fit:cover;width:280px;height:374px\" srcset=\"https:\/\/wp.unil.ch\/chaquevoixcompte\/files\/2025\/02\/Barbara-Fontana-Lana-1.jpeg 380w, https:\/\/wp.unil.ch\/chaquevoixcompte\/files\/2025\/02\/Barbara-Fontana-Lana-1-253x300.jpeg 253w\" sizes=\"auto, (max-width: 380px) 100vw, 380px\" \/><\/figure>\n<\/div><\/div>\n\n\n\n<div class=\"wp-block-column is-layout-flow wp-block-column-is-layout-flow\" style=\"flex-basis:66.66%\">\n<p><strong>Barbara Fontana-Lana<\/strong> collabore au projet <em>\u00ab Chaque voix compte ! \u00bb.<\/em> Ma\u00eetresse d\u2019enseignement et de recherche au D\u00e9partement de p\u00e9dagogie sp\u00e9cialis\u00e9e de l\u2019Universit\u00e9 de Fribourg, elle travaille principalement sur l&rsquo;autod\u00e9termination et la participation citoyenne des personnes pr\u00e9sentant une d\u00e9ficience intellectuelle. Ses int\u00e9r\u00eats de recherche concernent davantage l\u2019\u00e2ge adulte et les d\u00e9fis li\u00e9s \u00e0 l&rsquo;accompagnement \u00e9ducatif \u00e0 cette p\u00e9riode de la vie. Elle s\u2019int\u00e9resse particuli\u00e8rement \u00e0 la notion de prise de d\u00e9cision, th\u00e9matique dans laquelle elle a r\u00e9alis\u00e9 son travail de doctorat. Elle se penche plus pr\u00e9cis\u00e9ment actuellement sur les diff\u00e9rentes modalit\u00e9s de soutien \u00e0 la prise de d\u00e9cision d\u2019adultes pr\u00e9sentant une d\u00e9ficience intellectuelle. <\/p>\n\n\n\n<p>CV \/ <a href=\"https:\/\/www.unifr.ch\/spedu\/fr\/departement\/equipe\/sonderpeda\/people\/5929\/4e427\" data-type=\"link\" data-id=\"https:\/\/www.unifr.ch\/spedu\/fr\/departement\/equipe\/sonderpeda\/people\/5929\/4e427\">Site web personnel<\/a> \/ <a href=\"barbara.lana@unifr.ch\" data-type=\"link\" data-id=\"barbara.lana@unifr.ch\">Contact<\/a><\/p>\n<\/div>\n<\/div>\n\n\n\n<div class=\"wp-block-columns is-layout-flex wp-container-core-columns-is-layout-9d6595d7 wp-block-columns-is-layout-flex\">\n<div class=\"wp-block-column is-layout-flow wp-block-column-is-layout-flow\" style=\"flex-basis:33.33%\"><div class=\"wp-block-image wp-duotone-000000-ffe4aa6e-6\">\n<figure class=\"aligncenter size-full is-resized\"><img alt=\"\" loading=\"lazy\" decoding=\"async\" width=\"686\" height=\"724\" src=\"https:\/\/wp.unil.ch\/chaquevoixcompte\/files\/2025\/02\/Photo_Andrea-Pilotti.png\" alt=\"\" class=\"wp-image-336\" style=\"object-fit:cover;width:280px;height:374px\" srcset=\"https:\/\/wp.unil.ch\/chaquevoixcompte\/files\/2025\/02\/Photo_Andrea-Pilotti.png 686w, https:\/\/wp.unil.ch\/chaquevoixcompte\/files\/2025\/02\/Photo_Andrea-Pilotti-284x300.png 284w, https:\/\/wp.unil.ch\/chaquevoixcompte\/files\/2025\/02\/Photo_Andrea-Pilotti-540x570.png 540w\" sizes=\"auto, (max-width: 686px) 100vw, 686px\" \/><\/figure>\n<\/div><\/div>\n\n\n\n<div class=\"wp-block-column is-layout-flow wp-block-column-is-layout-flow\" style=\"flex-basis:66.66%\">\n<p><strong>Andrea Pilotti<\/strong> membre du comit\u00e9 scientifique du projet \u00ab\u00a0Chaque voix compte!\u00a0\u00bb, est ma\u00eetre d\u2019enseignement et de recherche \u00e0 l\u2019Institut d\u2019\u00e9tudes politiques, Facult\u00e9 des sciences sociales et politiques de l\u2019Universit\u00e9 de Lausanne. Il est membre de l\u2019<a href=\"https:\/\/www.unil.ch\/ovpr\/fr\/home.html\" target=\"_blank\" rel=\"noreferrer noopener\">Observatoire de la vie politique r\u00e9gionale<\/a>\u00a0(OVPR) et de l\u2019<a href=\"https:\/\/www.unil.ch\/obelis\/fr\/home.html\" target=\"_blank\" rel=\"noreferrer noopener\">Observatoire des \u00e9lites suisses<\/a>\u00a0(OBELIS). Ses recherches, portant notamment sur la politique suisse et la sociologie des \u00e9lites, l\u2019ont amen\u00e9 aussi \u00e0 travailler \u00e0 la r\u00e9alisation de diff\u00e9rentes enqu\u00eates \u00e9lectorales et \u00e0 se pencher entre autres sur le th\u00e8me de la participation \u00e9lectorale de diff\u00e9rents groupes sociod\u00e9mographiques.<\/p>\n\n\n\n<p>CV \/ <a href=\"https:\/\/www.andreapilotti.ch\/\" data-type=\"link\" data-id=\"https:\/\/www.andreapilotti.ch\/\">Site web personnel<\/a> \/ <a href=\"andrea.pilotti@unil.ch\" data-type=\"link\" data-id=\"andrea.pilotti@unil.ch\">Contact<\/a><\/p>\n<\/div>\n<\/div>\n\n\n\n<h2 class=\"wp-block-heading\">Comit\u00e9 de pilotage<\/h2>\n\n\n\n<div class=\"wp-block-columns is-layout-flex wp-container-core-columns-is-layout-9d6595d7 wp-block-columns-is-layout-flex\">\n<div class=\"wp-block-column is-layout-flow wp-block-column-is-layout-flow\" style=\"flex-basis:33.33%\"><div class=\"wp-block-image wp-duotone-000000-ffe4aa6e-7\">\n<figure class=\"aligncenter size-full is-resized\"><img alt=\"\" loading=\"lazy\" decoding=\"async\" width=\"601\" height=\"751\" src=\"https:\/\/wp.unil.ch\/chaquevoixcompte\/files\/2025\/02\/20241203_journee-personnes-handicapees_028-copie-2.jpg\" alt=\"\" class=\"wp-image-337\" style=\"object-fit:cover;width:280px;height:374px\" srcset=\"https:\/\/wp.unil.ch\/chaquevoixcompte\/files\/2025\/02\/20241203_journee-personnes-handicapees_028-copie-2.jpg 601w, https:\/\/wp.unil.ch\/chaquevoixcompte\/files\/2025\/02\/20241203_journee-personnes-handicapees_028-copie-2-240x300.jpg 240w, https:\/\/wp.unil.ch\/chaquevoixcompte\/files\/2025\/02\/20241203_journee-personnes-handicapees_028-copie-2-540x675.jpg 540w\" sizes=\"auto, (max-width: 601px) 100vw, 601px\" \/><\/figure>\n<\/div><\/div>\n\n\n\n<div class=\"wp-block-column is-layout-flow wp-block-column-is-layout-flow\" style=\"flex-basis:66.66%\">\n<p><strong>Anne-Sophie Kupper<\/strong> est responsable du Programme Droits &amp; Participation de l\u2019association ASA-Handicap mental. Dans le cadre de ses activit\u00e9s, elle s\u2019int\u00e9resse depuis plusieurs ann\u00e9es \u00e0 la participation citoyenne des personnes ayant une d\u00e9ficience intellectuelle. Elle a notamment contribu\u00e9 au d\u00e9veloppement d\u2019une formation sur le syst\u00e8me politique suisse en FALC et collabore \u00e0 un groupe de travail genevois pour rendre accessibles les votations au niveau cantonal.<\/p>\n\n\n\n<p>CV \/ Site web personnel \/ Contact<\/p>\n<\/div>\n<\/div>\n","protected":false},"excerpt":{"rendered":"<p>Responsables principaux Sandrine Baume, requ\u00e9rante principale du projet \u00ab\u2009Chaque voix compte\u2009!\u2009\u00bb, est professeure ordinaire \u00e0 la Facult\u00e9 de droit, des sciences criminelles et d\u2019administration publique de l\u2019Universit\u00e9 de&hellip;<\/p>\n","protected":false},"author":1002952,"featured_media":0,"parent":0,"menu_order":0,"comment_status":"closed","ping_status":"closed","template":"template-full-width.php","meta":{"_seopress_robots_primary_cat":"","_seopress_titles_title":"","_seopress_titles_desc":"","_seopress_robots_index":"","footnotes":""},"class_list":["post-167","page","type-page","status-publish","has-post-thumbnail"],"_links":{"self":[{"href":"https:\/\/wp.unil.ch\/chaquevoixcompte\/wp-json\/wp\/v2\/pages\/167","targetHints":{"allow":["GET"]}}],"collection":[{"href":"https:\/\/wp.unil.ch\/chaquevoixcompte\/wp-json\/wp\/v2\/pages"}],"about":[{"href":"https:\/\/wp.unil.ch\/chaquevoixcompte\/wp-json\/wp\/v2\/types\/page"}],"author":[{"embeddable":true,"href":"https:\/\/wp.unil.ch\/chaquevoixcompte\/wp-json\/wp\/v2\/users\/1002952"}],"replies":[{"embeddable":true,"href":"https:\/\/wp.unil.ch\/chaquevoixcompte\/wp-json\/wp\/v2\/comments?post=167"}],"version-history":[{"count":5,"href":"https:\/\/wp.unil.ch\/chaquevoixcompte\/wp-json\/wp\/v2\/pages\/167\/revisions"}],"predecessor-version":[{"id":332,"href":"https:\/\/wp.unil.ch\/chaquevoixcompte\/wp-json\/wp\/v2\/pages\/167\/revisions\/332"}],"wp:attachment":[{"href":"https:\/\/wp.unil.ch\/chaquevoixcompte\/wp-json\/wp\/v2\/media?parent=167"}],"curies":[{"name":"wp","href":"https:\/\/api.w.org\/{rel}","templated":true}]}}