{"id":6,"date":"2019-11-28T16:00:19","date_gmt":"2019-11-28T15:00:19","guid":{"rendered":"http:\/\/wp.unil.ch\/modele\/?page_id=6"},"modified":"2024-09-13T12:28:29","modified_gmt":"2024-09-13T10:28:29","slug":"home","status":"publish","type":"page","link":"https:\/\/wp.unil.ch\/cercle-anthropo\/","title":{"rendered":"Bienvenue"},"content":{"rendered":"\n<p>Le Cercle des anthropologues est un r\u00e9seau interfacultaire d&rsquo;anthropologues actives et actifs dans l&rsquo;enseignement et la recherche \u00e0 l&rsquo;UNIL. Ses objectifs sont les suivants:<\/p>\n\n\n\n<h2 class=\"wp-block-heading has-primary-color has-text-color has-link-color has-large-font-size wp-elements-3b437b06878e1c11ada2090558fd448a\">Visibiliser<\/h2>\n\n\n\n<p>les enseignements,&nbsp;l&rsquo;actualit\u00e9 de la recherche,&nbsp;les activit\u00e9s de la discipline<\/p>\n\n\n\n<h2 class=\"wp-block-heading has-primary-color has-text-color has-link-color has-large-font-size wp-elements-29ffed146ad6e50ca64065b3cd929607\">Mettre en relation<\/h2>\n\n\n\n<p class=\"has-primary-color has-text-color has-link-color has-normal-font-size wp-elements-18c48ad7250edcf4745f8a5de363ace1\">les personnes int\u00e9ress\u00e9es par la discipline, la m\u00e9thode ethnographique et ses m\u00e9thodes \u00e9mergentes associ\u00e9es, ainsi que les objets et terrains de l\u2019anthropologie<\/p>\n\n\n\n<h2 class=\"wp-block-heading has-primary-color has-text-color has-link-color has-large-font-size wp-elements-d84ac62bba1aacc61e4e25dd8feb265a\"><strong>Promouvoir l\u2019\u00e9change et la collaboration<\/strong><\/h2>\n\n\n\n<p>autour de ces sujets, ainsi qu&rsquo;une culture anthropologique \u00e0 l&rsquo;universit\u00e9 et dans la cit\u00e9,&nbsp;\u00e0 travers des \u00e9v\u00e9nements, des rencontres, la mise \u00e0 disposition d\u2019informations, etc<\/p>\n\n\n\n<p><\/p>\n\n\n\n<p><\/p>\n","protected":false},"excerpt":{"rendered":"<p>Le Cercle des anthropologues est un r\u00e9seau interfacultaire d&rsquo;anthropologues actives et actifs dans l&rsquo;enseignement et la recherche \u00e0 l&rsquo;UNIL. Ses objectifs sont les suivants: Visibiliser les enseignements,&nbsp;l&rsquo;actualit\u00e9 de&hellip;<\/p>\n","protected":false},"author":108,"featured_media":208,"parent":0,"menu_order":0,"comment_status":"closed","ping_status":"closed","template":"template-cover.php","meta":{"_seopress_robots_primary_cat":"","_seopress_titles_title":"","_seopress_titles_desc":"","_seopress_robots_index":"","footnotes":""},"class_list":["post-6","page","type-page","status-publish","has-post-thumbnail"],"_links":{"self":[{"href":"https:\/\/wp.unil.ch\/cercle-anthropo\/wp-json\/wp\/v2\/pages\/6","targetHints":{"allow":["GET"]}}],"collection":[{"href":"https:\/\/wp.unil.ch\/cercle-anthropo\/wp-json\/wp\/v2\/pages"}],"about":[{"href":"https:\/\/wp.unil.ch\/cercle-anthropo\/wp-json\/wp\/v2\/types\/page"}],"author":[{"embeddable":true,"href":"https:\/\/wp.unil.ch\/cercle-anthropo\/wp-json\/wp\/v2\/users\/108"}],"replies":[{"embeddable":true,"href":"https:\/\/wp.unil.ch\/cercle-anthropo\/wp-json\/wp\/v2\/comments?post=6"}],"version-history":[{"count":5,"href":"https:\/\/wp.unil.ch\/cercle-anthropo\/wp-json\/wp\/v2\/pages\/6\/revisions"}],"predecessor-version":[{"id":308,"href":"https:\/\/wp.unil.ch\/cercle-anthropo\/wp-json\/wp\/v2\/pages\/6\/revisions\/308"}],"wp:featuredmedia":[{"embeddable":true,"href":"https:\/\/wp.unil.ch\/cercle-anthropo\/wp-json\/wp\/v2\/media\/208"}],"wp:attachment":[{"href":"https:\/\/wp.unil.ch\/cercle-anthropo\/wp-json\/wp\/v2\/media?parent=6"}],"curies":[{"name":"wp","href":"https:\/\/api.w.org\/{rel}","templated":true}]}}