{"id":193,"date":"2024-02-28T10:54:11","date_gmt":"2024-02-28T09:54:11","guid":{"rendered":"https:\/\/wp.unil.ch\/cercle-anthropo\/?page_id=193"},"modified":"2024-10-22T10:54:20","modified_gmt":"2024-10-22T08:54:20","slug":"membres","status":"publish","type":"page","link":"https:\/\/wp.unil.ch\/cercle-anthropo\/membres\/","title":{"rendered":"Membres"},"content":{"rendered":"\n<figure class=\"wp-block-table alignfull is-style-stripes\"><table><thead><tr><th>Nom<\/th><th>Pr\u00e9nom<\/th><th class=\"has-text-align-center\" data-align=\"center\">Facult\u00e9, Institut<\/th><th class=\"has-text-align-center\" data-align=\"center\">Statut<\/th><th class=\"has-text-align-center\" data-align=\"center\">Mail<\/th><\/tr><\/thead><tbody><tr><td>Aleman<\/td><td>Serjara<\/td><td class=\"has-text-align-center\" data-align=\"center\">ISSR, FTSR<\/td><td class=\"has-text-align-center\" data-align=\"center\">Doctorante<\/td><td class=\"has-text-align-center\" data-align=\"center\"><a href=\"mailto:serjara.aleman@unil.ch\">Serjara.Aleman[at]unil.ch<\/a><\/td><\/tr><tr><td>Afsary<\/td><td>Alexandra<\/td><td class=\"has-text-align-center\" data-align=\"center\">SSP, ISS<\/td><td class=\"has-text-align-center\" data-align=\"center\">Doctorante<\/td><td class=\"has-text-align-center\" data-align=\"center\"><a href=\"mailto:Alexandra.Afsary@unil.ch\">Alexandra.Afsary[at]unil.ch<\/a><\/td><\/tr><tr><td>Al Awawdeh<\/td><td>Haneen<\/td><td class=\"has-text-align-center\" data-align=\"center\">SSP, ISS<\/td><td class=\"has-text-align-center\" data-align=\"center\">Doctorante<\/td><td class=\"has-text-align-center\" data-align=\"center\"><a href=\"mailto:Haneen.AlAwawdeh@unil.ch\">Haneen.AlAwawdeh@unil.ch<\/a><\/td><\/tr><tr><td>Becci<\/td><td>Ir\u00e8ne<\/td><td class=\"has-text-align-center\" data-align=\"center\">ISSR, FTSR<\/td><td class=\"has-text-align-center\" data-align=\"center\">Professeure<\/td><td class=\"has-text-align-center\" data-align=\"center\">Irene.Becci[at]unil.ch<\/td><\/tr><tr><td>Berrard<\/td><td>Anna<\/td><td class=\"has-text-align-center\" data-align=\"center\">ISSR, FTSR<\/td><td class=\"has-text-align-center\" data-align=\"center\">Doctorante<\/td><td class=\"has-text-align-center\" data-align=\"center\"><a href=\"mailto:anna.berrard@ehess.fr\">Anna.Berrard[at]ehess.fr<\/a><\/td><\/tr><tr><td>Bert<\/td><td>Jean-Fran\u00e7ois<\/td><td class=\"has-text-align-center\" data-align=\"center\">FTSR, IHAR<\/td><td class=\"has-text-align-center\" data-align=\"center\">Professeur titulaire<\/td><td class=\"has-text-align-center\" data-align=\"center\"><a href=\"mailto:Jean-Francois.Bert@unil.ch\">Jean-Francois.Bert[at]unil.ch<\/a><\/td><\/tr><tr><td>Bozzini<\/td><td>Filippo<\/td><td class=\"has-text-align-center\" data-align=\"center\">SSP, ISS<\/td><td class=\"has-text-align-center\" data-align=\"center\">Assistant dipl\u00f4m\u00e9<\/td><td class=\"has-text-align-center\" data-align=\"center\">Filippo.Bozzini@unil.ch<\/td><\/tr><tr><td>Cerqui Ducret<\/td><td>Daniela<\/td><td class=\"has-text-align-center\" data-align=\"center\">ISS, SSP<\/td><td class=\"has-text-align-center\" data-align=\"center\">MER<\/td><td class=\"has-text-align-center\" data-align=\"center\">Daniela.CerquiDucret@unil.ch<\/td><\/tr><tr><td>De Guise<\/td><td>Catherine<\/td><td class=\"has-text-align-center\" data-align=\"center\">FTSR, ISSR<\/td><td class=\"has-text-align-center\" data-align=\"center\">Doctorante<\/td><td class=\"has-text-align-center\" data-align=\"center\"><a href=\"https:\/\/Catherine.DeGuise[at]unil.ch\" data-type=\"link\" data-id=\"Catherine.DeGuise[at]unil.ch\">Catherine.DeGuise[at]unil.ch<\/a><\/td><\/tr><tr><td>Delmas<\/td><td>Virgile<\/td><td class=\"has-text-align-center\" data-align=\"center\">FTSR, IHAR<\/td><td class=\"has-text-align-center\" data-align=\"center\">Assistant dipl\u00f4m\u00e9<\/td><td class=\"has-text-align-center\" data-align=\"center\"><a href=\"mailto:Virgile.Delmas@unil.ch\">Virgile.Delmas[at]unil.ch<\/a><\/td><\/tr><tr><td>Dupuis<\/td><td>S\u00e9bastien<\/td><td class=\"has-text-align-center\" data-align=\"center\">SSP, ISS<\/td><td class=\"has-text-align-center\" data-align=\"center\">Doctorant<\/td><td class=\"has-text-align-center\" data-align=\"center\">Sebastien.Dupuis@unil.ch<\/td><\/tr><tr><td>El-Ouardi<\/td><td>Martine<\/td><td class=\"has-text-align-center\" data-align=\"center\">FTSR, ISSR<\/td><td class=\"has-text-align-center\" data-align=\"center\">Doctorante<\/td><td class=\"has-text-align-center\" data-align=\"center\"><a href=\"mailto:martine.elouardi@unil.ch\">Martine.Elouardi[at]unil.ch<\/a><\/td><\/tr><tr><td>Gatignol<\/td><td>Lucas<\/td><td class=\"has-text-align-center\" data-align=\"center\">SSP, ISS<\/td><td class=\"has-text-align-center\" data-align=\"center\">Assistant dipl\u00f4m\u00e9<\/td><td class=\"has-text-align-center\" data-align=\"center\"><a href=\"mailto:Lucas.Gatignol@unil.ch\">Lucas.Gatignol[at]unil.ch<\/a><\/td><\/tr><tr><td>Goodale<\/td><td>Mark<\/td><td class=\"has-text-align-center\" data-align=\"center\">SSP, ISS<\/td><td class=\"has-text-align-center\" data-align=\"center\">Professeur<\/td><td class=\"has-text-align-center\" data-align=\"center\">Mark.Goodale@unil.ch<\/td><\/tr><tr><td>Juan<\/td><td>Paola<\/td><td class=\"has-text-align-center\" data-align=\"center\">ISSR, FTSR\/SSP<\/td><td class=\"has-text-align-center\" data-align=\"center\">Assistante dipl\u00f4m\u00e9e<\/td><td class=\"has-text-align-center\" data-align=\"center\"><a href=\"mailto:Paola.Juan@unil.ch\">Paola.Juan[at]unil.ch<\/a><\/td><\/tr><tr><td>Kouyate<\/td><td>Salikou<\/td><td class=\"has-text-align-center\" data-align=\"center\">SSP, ISS<\/td><td class=\"has-text-align-center\" data-align=\"center\">Doctorant<\/td><td class=\"has-text-align-center\" data-align=\"center\"><a href=\"mailto:Salikou.Kouyate@unil.ch\">Salikou.Kouyate[at]unil.ch<\/a><\/td><\/tr><tr><td>Kr\u00e4henb\u00fchl<\/td><td>Mathilde<\/td><td class=\"has-text-align-center\" data-align=\"center\">SSP, ISS<\/td><td class=\"has-text-align-center\" data-align=\"center\">Assistante dipl\u00f4m\u00e9e<\/td><td class=\"has-text-align-center\" data-align=\"center\"><a href=\"mailto:Mathilde.Krahenbuhl@unil.ch\">Mathilde.Krahenbuhl[at]unil.ch<\/a><\/td><\/tr><tr><td>La Ragione<\/td><td>Loeva<\/td><td class=\"has-text-align-center\" data-align=\"center\">SSP, ISS<\/td><td class=\"has-text-align-center\" data-align=\"center\">Assistante dipl\u00f4m\u00e9e<\/td><td class=\"has-text-align-center\" data-align=\"center\"><a href=\"mailto:Loeva.LaRagione@unil.ch\">Loeva.LaRagione[at]unil.ch<\/a><\/td><\/tr><tr><td>Lombard<\/td><td>Margaux<\/td><td class=\"has-text-align-center\" data-align=\"center\">ISSR, FTSR<\/td><td class=\"has-text-align-center\" data-align=\"center\">Doctorante<\/td><td class=\"has-text-align-center\" data-align=\"center\"><a href=\"mailto:margauxlombard.18@gmail.com\">margauxlombard.18[at]gmail.com<\/a><\/td><\/tr><tr><td>Maffi<\/td><td>Ir\u00e8ne<\/td><td class=\"has-text-align-center\" data-align=\"center\">SSP, ISS<\/td><td class=\"has-text-align-center\" data-align=\"center\">Professeure<\/td><td class=\"has-text-align-center\" data-align=\"center\">Irene.Maffi@unil.ch<\/td><\/tr><tr><td>Manconi<\/td><td>Alberto<\/td><td class=\"has-text-align-center\" data-align=\"center\">FTSR, ISSR, FGSE, IGD<\/td><td class=\"has-text-align-center\" data-align=\"center\">Assistant dipl\u00f4m\u00e9<\/td><td class=\"has-text-align-center\" data-align=\"center\"><a href=\"mailto:Alberto.Manconi@unil.ch\">Alberto.Manconi[at]unil.ch<\/a><\/td><\/tr><tr><td>Matthey-de-L&rsquo;endroit<\/td><td>Julie<\/td><td class=\"has-text-align-center\" data-align=\"center\">FTSR, ISSR<\/td><td class=\"has-text-align-center\" data-align=\"center\">Collaboratrice de recherche<\/td><td class=\"has-text-align-center\" data-align=\"center\"><a href=\"mailto:Julie.Matthey@unil.ch\">Julie.Matthey[at]unil.ch<\/a><\/td><\/tr><tr><td>Mobio<\/td><td>Francis<\/td><td class=\"has-text-align-center\" data-align=\"center\">IHAR, FTSR<\/td><td class=\"has-text-align-center\" data-align=\"center\">Charg\u00e9 de cours<\/td><td class=\"has-text-align-center\" data-align=\"center\">Francis.Mobio@unil.ch<\/td><\/tr><tr><td>Nicolet<\/td><td>M\u00e9lisande<\/td><td class=\"has-text-align-center\" data-align=\"center\">SSP, ISS<\/td><td class=\"has-text-align-center\" data-align=\"center\">Assistante dipl\u00f4m\u00e9e<\/td><td class=\"has-text-align-center\" data-align=\"center\"><a href=\"mailto:Melisande.Nicolet@unil.ch\">Melisande.Nicolet[at]unil.ch<\/a><\/td><\/tr><tr><td>Richard<\/td><td>Fr\u00e9d\u00e9ric<\/td><td class=\"has-text-align-center\" data-align=\"center\">FTSR, IHAR<\/td><td class=\"has-text-align-center\" data-align=\"center\">Doctorant<\/td><td class=\"has-text-align-center\" data-align=\"center\"><a href=\"https:\/\/Richard.Frederic[t]unil.ch\">Richard.Frederic[at]unil.ch<\/a><\/td><\/tr><tr><td>Robert<\/td><td>Gladys<\/td><td class=\"has-text-align-center\" data-align=\"center\">SSP, ISS<\/td><td class=\"has-text-align-center\" data-align=\"center\">Assistante dipl\u00f4m\u00e9e<\/td><td class=\"has-text-align-center\" data-align=\"center\"><a href=\"mailto:Gladys.Robert@unil.ch\">Gladys.Robert[at]unil.ch<\/a><\/td><\/tr><tr><td>Rodriguez Quinones<\/td><td>Ana Laura<\/td><td class=\"has-text-align-center\" data-align=\"center\">ISSR, FTSR<\/td><td class=\"has-text-align-center\" data-align=\"center\">Doctorante<\/td><td class=\"has-text-align-center\" data-align=\"center\"><a href=\"AnaLaura.RodriguezQuinones@unil.ch\" data-type=\"link\" data-id=\"AnaLaura.RodriguezQuinones@unil.ch\">AnaLaura.RodriguezQuinones[at]unil.ch<\/a><\/td><\/tr><tr><td>Rousseleau<\/td><td>Rapha\u00ebl<\/td><td class=\"has-text-align-center\" data-align=\"center\">IHAR, FTSR<\/td><td class=\"has-text-align-center\" data-align=\"center\">Professeur<\/td><td class=\"has-text-align-center\" data-align=\"center\">Raphael.Rousseleau@unil.ch<\/td><\/tr><tr><td>Saenz Morales<\/td><td>Ainhoa<\/td><td class=\"has-text-align-center\" data-align=\"center\">SSP, ISS<\/td><td class=\"has-text-align-center\" data-align=\"center\">Doctorante FNS<\/td><td class=\"has-text-align-center\" data-align=\"center\"><a href=\"mailto:Ainhoa.SaenzMorales@unil.ch\">Ainhoa.SaenzMorales[at]unil.ch<\/a><\/td><\/tr><tr><td>Salzbrunn<\/td><td>Monika<\/td><td class=\"has-text-align-center\" data-align=\"center\">SSP, ISS<\/td><td class=\"has-text-align-center\" data-align=\"center\">Professeure<\/td><td class=\"has-text-align-center\" data-align=\"center\">Monika.Salzbrunn@unil.ch<\/td><\/tr><tr><td>Schr\u00f6ter<\/td><td>David<\/td><td class=\"has-text-align-center\" data-align=\"center\">SSP, ISS<\/td><td class=\"has-text-align-center\" data-align=\"center\">Assistant dipl\u00f4m\u00e9<\/td><td class=\"has-text-align-center\" data-align=\"center\"><a href=\"mailto:David.Schroter@unil.ch\">David.Schroter[at]unil.ch<\/a><\/td><\/tr><tr><td>Stauffer<\/td><td>Laeticia<\/td><td class=\"has-text-align-center\" data-align=\"center\">FTSR, ISSR<\/td><td class=\"has-text-align-center\" data-align=\"center\">Assistante dipl\u00f4m\u00e9e<\/td><td class=\"has-text-align-center\" data-align=\"center\"><a href=\"mailto:Laeticia.Stauffer@unil.ch\">Laeticia.Stauffer[at]unil.ch<\/a><\/td><\/tr><tr><td>Devlieger<\/td><td>Clara<\/td><td class=\"has-text-align-center\" data-align=\"center\">SSP, ISS<\/td><td class=\"has-text-align-center\" data-align=\"center\">Professeure<\/td><td class=\"has-text-align-center\" data-align=\"center\"><a href=\"mailto:Clara.Devlieger@unil.ch\" data-type=\"mailto\" data-id=\"mailto:Clara.Devlieger@unil.ch\">Clara.Devlieger[at]unil.ch<\/a><\/td><\/tr><tr><td>Veitch<\/td><td>Amelia<\/td><td class=\"has-text-align-center\" data-align=\"center\">SSP, ISS<\/td><td class=\"has-text-align-center\" data-align=\"center\">Assistante dipl\u00f4m\u00e9e<\/td><td class=\"has-text-align-center\" data-align=\"center\"><a href=\"mailto:Amelia.Veitch@unil.ch\">Amelia.Veitch[at]unil.ch<\/a><\/td><\/tr><tr><td>Von Meiss<\/td><td>Lionel<\/td><td class=\"has-text-align-center\" data-align=\"center\">SSP, ISS<\/td><td class=\"has-text-align-center\" data-align=\"center\">Doctorant<\/td><td class=\"has-text-align-center\" data-align=\"center\"><a href=\"mailto:Lionel.VonMeiss@unil.ch\">Lionel.VonMeiss[at]unil.ch<\/a><\/td><\/tr><tr><td>Wiederkehr<\/td><td>Sara<\/td><td class=\"has-text-align-center\" data-align=\"center\">SSP,<br>FTSR, ISSR<\/td><td class=\"has-text-align-center\" data-align=\"center\">Assistante dipl\u00f4m\u00e9e<\/td><td class=\"has-text-align-center\" data-align=\"center\"><a href=\"mailto:Sara.Wiederkehr@unil.ch\">Sara.Wiederkehr[at]unil.ch<\/a><\/td><\/tr><tr><td>Zayed<\/td><td>Amal<\/td><td class=\"has-text-align-center\" data-align=\"center\">SSP, ISS<\/td><td class=\"has-text-align-center\" data-align=\"center\">Doctorante<\/td><td class=\"has-text-align-center\" data-align=\"center\"><a href=\"mailto:Amal.Zayed@unil.ch\">Amal.Zayed[at]unil.ch<\/a><\/td><\/tr><\/tbody><\/table><\/figure>\n\n\n\n<div class=\"wp-block-columns is-layout-flex wp-container-core-columns-is-layout-9d6595d7 wp-block-columns-is-layout-flex\">\n<div class=\"wp-block-column is-layout-flow wp-block-column-is-layout-flow\"><\/div>\n\n\n\n<div class=\"wp-block-column is-layout-flow wp-block-column-is-layout-flow\"><\/div>\n<\/div>\n\n\n\n<p><\/p>\n","protected":false},"excerpt":{"rendered":"<p>Si l&rsquo;affichage par liste plut\u00f4t que tableau est pr\u00e9f\u00e9r\u00e9 alors il faut changer le mod\u00e8le de la page en \u00ab\u00a0mod\u00e8le par d\u00e9faut\u00a0\u00bb<\/p>\n<p>De plus : v\u00e9rifier le statut et fac\/institut de chaque membre, que l&rsquo;adresse mail soit cliquable <\/p>\n","protected":false},"author":1002588,"featured_media":0,"parent":0,"menu_order":0,"comment_status":"closed","ping_status":"closed","template":"template-full-width.php","meta":{"_seopress_robots_primary_cat":"","_seopress_titles_title":"","_seopress_titles_desc":"","_seopress_robots_index":"","footnotes":""},"class_list":["post-193","page","type-page","status-publish","has-post-thumbnail"],"_links":{"self":[{"href":"https:\/\/wp.unil.ch\/cercle-anthropo\/wp-json\/wp\/v2\/pages\/193","targetHints":{"allow":["GET"]}}],"collection":[{"href":"https:\/\/wp.unil.ch\/cercle-anthropo\/wp-json\/wp\/v2\/pages"}],"about":[{"href":"https:\/\/wp.unil.ch\/cercle-anthropo\/wp-json\/wp\/v2\/types\/page"}],"author":[{"embeddable":true,"href":"https:\/\/wp.unil.ch\/cercle-anthropo\/wp-json\/wp\/v2\/users\/1002588"}],"replies":[{"embeddable":true,"href":"https:\/\/wp.unil.ch\/cercle-anthropo\/wp-json\/wp\/v2\/comments?post=193"}],"version-history":[{"count":4,"href":"https:\/\/wp.unil.ch\/cercle-anthropo\/wp-json\/wp\/v2\/pages\/193\/revisions"}],"predecessor-version":[{"id":362,"href":"https:\/\/wp.unil.ch\/cercle-anthropo\/wp-json\/wp\/v2\/pages\/193\/revisions\/362"}],"wp:attachment":[{"href":"https:\/\/wp.unil.ch\/cercle-anthropo\/wp-json\/wp\/v2\/media?parent=193"}],"curies":[{"name":"wp","href":"https:\/\/api.w.org\/{rel}","templated":true}]}}