{"id":6,"date":"2017-10-11T10:32:19","date_gmt":"2017-10-11T08:32:19","guid":{"rendered":"http:\/\/wp.unil.ch\/cedeat\/?page_id=6"},"modified":"2019-10-22T12:00:55","modified_gmt":"2019-10-22T10:00:55","slug":"home","status":"publish","type":"page","link":"https:\/\/wp.unil.ch\/cedeat\/","title":{"rendered":"Accueil"},"content":{"rendered":"<h1><strong>Bienvenue sur le blog du CEDEAT<\/strong><\/h1>\n<p><img alt=\"\" loading=\"lazy\" decoding=\"async\" class=\"size-medium wp-image-121 alignleft\" src=\"https:\/\/wp.unil.ch\/cedeat\/files\/2019\/10\/Capture-d\u2019\u00e9cran-2019-10-21-\u00e0-17.52.26-261x300.png\" alt=\"\" width=\"261\" height=\"300\" srcset=\"https:\/\/wp.unil.ch\/cedeat\/files\/2019\/10\/Capture-d\u2019\u00e9cran-2019-10-21-\u00e0-17.52.26-261x300.png 261w, https:\/\/wp.unil.ch\/cedeat\/files\/2019\/10\/Capture-d\u2019\u00e9cran-2019-10-21-\u00e0-17.52.26.png 420w\" sizes=\"auto, (max-width: 261px) 85vw, 261px\" \/><\/p>\n<p>Le CEDEAT regroupe des enseignants et chercheurs de l\u2019Universit\u00e9 de Lausanne actifs sur les questions touchant au droit de l\u2019am\u00e9nagement du territoire et de l\u2019environnement, ainsi que les domaines connexes (notamment le droit de la construction, le droit de l\u2019\u00e9nergie ou le droit des transports).<\/p>\n<p>Il a pour but de favoriser l\u2019information, la formation et la recherche dans chacune de ces mati\u00e8res, mais aussi dans une perspective interdisciplinaire. Selon les th\u00e9matiques abord\u00e9es, le Centre associe d\u2019autres personnes \u00e0 ses activit\u00e9s (membres de la communaut\u00e9 acad\u00e9mique, de l\u2019administration, praticiens, etc.).<\/p>\n<p>Le CEDEAT concourt \u00e0 la recherche et \u00e0 la formation notamment par des publications, des colloques, des ateliers de discussion et des newsletters.<\/p>\n","protected":false},"excerpt":{"rendered":"<p>Bienvenue sur le blog du CEDEAT Le CEDEAT regroupe des enseignants et chercheurs de l\u2019Universit\u00e9 de Lausanne actifs sur les questions touchant au droit de l\u2019am\u00e9nagement du territoire et de l\u2019environnement, ainsi que les domaines connexes (notamment le droit de la construction, le droit de l\u2019\u00e9nergie ou le droit des transports). Il a pour but &hellip; <a href=\"https:\/\/wp.unil.ch\/cedeat\/\" class=\"more-link\">Continuer la lecture<span class=\"screen-reader-text\"> de &laquo;&nbsp;Accueil&nbsp;&raquo;<\/span><\/a><\/p>\n","protected":false},"author":108,"featured_media":0,"parent":0,"menu_order":0,"comment_status":"closed","ping_status":"closed","template":"","meta":{"_seopress_robots_primary_cat":"","_seopress_titles_title":"","_seopress_titles_desc":"","_seopress_robots_index":"","footnotes":""},"class_list":["post-6","page","type-page","status-publish"],"_links":{"self":[{"href":"https:\/\/wp.unil.ch\/cedeat\/wp-json\/wp\/v2\/pages\/6","targetHints":{"allow":["GET"]}}],"collection":[{"href":"https:\/\/wp.unil.ch\/cedeat\/wp-json\/wp\/v2\/pages"}],"about":[{"href":"https:\/\/wp.unil.ch\/cedeat\/wp-json\/wp\/v2\/types\/page"}],"author":[{"embeddable":true,"href":"https:\/\/wp.unil.ch\/cedeat\/wp-json\/wp\/v2\/users\/108"}],"replies":[{"embeddable":true,"href":"https:\/\/wp.unil.ch\/cedeat\/wp-json\/wp\/v2\/comments?post=6"}],"version-history":[{"count":0,"href":"https:\/\/wp.unil.ch\/cedeat\/wp-json\/wp\/v2\/pages\/6\/revisions"}],"wp:attachment":[{"href":"https:\/\/wp.unil.ch\/cedeat\/wp-json\/wp\/v2\/media?parent=6"}],"curies":[{"name":"wp","href":"https:\/\/api.w.org\/{rel}","templated":true}]}}