{"id":195,"date":"2022-07-07T12:11:12","date_gmt":"2022-07-07T10:11:12","guid":{"rendered":"https:\/\/wp.unil.ch\/cashaz\/?page_id=195"},"modified":"2022-09-01T16:42:36","modified_gmt":"2022-09-01T14:42:36","slug":"lecturers","status":"publish","type":"page","link":"https:\/\/wp.unil.ch\/cashaz\/lecturers\/","title":{"rendered":"Lecturers"},"content":{"rendered":"\n<h6 class=\"has-luminous-vivid-orange-color has-text-color wp-block-heading\">TOPIC A: Climate change and extreme events in mountain catchments (triggering cascading processes)<\/h6>\n\n\n\n<p><a href=\"https:\/\/www.isac.cnr.it\/en\/users\/francesco-marra\" data-type=\"URL\" data-id=\"https:\/\/www.isac.cnr.it\/en\/users\/francesco-marra\" target=\"_blank\" rel=\"noreferrer noopener\">Francesco Marra<\/a> &#8211; Institute of Atmospheric Sciences and Climate, National Research Council of Italy (CNR-ISAC).<\/p>\n\n\n\n<p><a rel=\"noreferrer noopener\" href=\"https:\/\/wp.unil.ch\/hydmet\/team\/peleg\/\" data-type=\"URL\" data-id=\"https:\/\/wp.unil.ch\/hydmet\/team\/peleg\/\" target=\"_blank\">Nadav Peleg<\/a> &#8211; Hydrometeorology and Surface Processes group, University of Lausanne.<\/p>\n\n\n\n<p><a href=\"https:\/\/it.linkedin.com\/in\/david-peres-32052857?original_referer=https%3A%2F%2Fwww.google.com%2F\" data-type=\"URL\" data-id=\"https:\/\/it.linkedin.com\/in\/david-peres-32052857?original_referer=https%3A%2F%2Fwww.google.com%2F\" target=\"_blank\" rel=\"noreferrer noopener\">David Peres<\/a> &#8211; University of Catania, Department of Civil Engineering and Architecture.<\/p>\n\n\n\n<p><a href=\"https:\/\/www.researchgate.net\/profile\/Eleonora-Dallan\">Eleonora Dallan<\/a> &#8211; Department of Land, Environment, Agriculture and Forestry, University of Padua.<\/p>\n\n\n\n<h6 class=\"has-luminous-vivid-orange-color has-text-color wp-block-heading\">TOPIC B: Advancing understanding of hillslopes-channel network cascading processes<\/h6>\n\n\n\n<p>Sansar Raj Meena &#8211; Department of Geosciences, University of Padova.<\/p>\n\n\n\n<p>Simone Bizzi &#8211; Department of Geosciences, University of Padova.<\/p>\n\n\n\n<p><a href=\"https:\/\/wp.unil.ch\/risk\/\" data-type=\"URL\" data-id=\"https:\/\/wp.unil.ch\/risk\/\">Michel Jaboyedoff<\/a> &#8211; Disaster Risk Reduction, Hazard Assesment, and Risk Analysis group, University of Lausanne.<\/p>\n\n\n\n<p> <a href=\"https:\/\/ict.uach.cl\/?page_id=384\" data-type=\"URL\" data-id=\"https:\/\/ict.uach.cl\/?page_id=384\">Bruno Mazzorana<\/a> &#8211; Instituto de Ciencias de la Tierra, Universidad Austral de Chile.<\/p>\n\n\n\n<p>Sara Bonetti &#8211; Laboratory of Catchment Hydrology and Geomorphology, \u00c9cole Polytechnique F\u00e9d\u00e9rale de Lausanne (EPFL).<\/p>\n\n\n\n<p>Nicola Surian &#8211; Department of Geosciences, University of Padova.<\/p>\n\n\n\n<p>Andrea Brenna &#8211; Department of Geosciences, University of Padova.<\/p>\n\n\n\n<p><a rel=\"noreferrer noopener\" href=\"https:\/\/wp.unil.ch\/rives\/\" data-type=\"URL\" data-id=\"https:\/\/wp.unil.ch\/rives\/\" target=\"_blank\">Virginia Ruiz-Villanueva<\/a> &#8211; River EcoSystems (RivES) research group, University of Lausanne.<\/p>\n\n\n\n<h6 class=\"has-luminous-vivid-orange-color has-text-color wp-block-heading\">TOPIC C: Consequences of cascading processes on multi-hazards and risks<\/h6>\n\n\n\n<p><a href=\"https:\/\/www.bgcengineering.ca\/team\/matthias-jakob\/\" data-type=\"URL\" data-id=\"https:\/\/www.bgcengineering.ca\/team\/matthias-jakob\/\">Mathias Jakob<\/a> &#8211; BGC Engineering.<\/p>\n\n\n\n<p><em> <\/em><a href=\"https:\/\/www.unipd.it\/en\/contatti\/rubrica\/?ruolo=1&amp;checkout=cerca&amp;persona=CATANI&amp;key=4527F05285340DF315DB692EB3A58A67\" target=\"_blank\" rel=\"noreferrer noopener\">Filippo Catani<\/a> &#8211; Department of Geosciences, University of Padova. <\/p>\n\n\n\n<p>Andrea Pedrazzini<\/p>\n\n\n\n<p>Christian Kofler &#8211; Provincia di Bolzano.<\/p>\n","protected":false},"excerpt":{"rendered":"<p>TOPIC A: Climate change and extreme events in mountain catchments (triggering cascading processes) Francesco Marra &#8211; Institute of Atmospheric Sciences and Climate, National Research Council of Italy (CNR-ISAC). Nadav Peleg &hellip; <\/p>\n","protected":false},"author":1002277,"featured_media":0,"parent":0,"menu_order":0,"comment_status":"closed","ping_status":"closed","template":"template-builder.php","meta":{"_seopress_robots_primary_cat":"","_seopress_titles_title":"","_seopress_titles_desc":"","_seopress_robots_index":"","footnotes":""},"class_list":["post-195","page","type-page","status-publish"],"_links":{"self":[{"href":"https:\/\/wp.unil.ch\/cashaz\/wp-json\/wp\/v2\/pages\/195","targetHints":{"allow":["GET"]}}],"collection":[{"href":"https:\/\/wp.unil.ch\/cashaz\/wp-json\/wp\/v2\/pages"}],"about":[{"href":"https:\/\/wp.unil.ch\/cashaz\/wp-json\/wp\/v2\/types\/page"}],"author":[{"embeddable":true,"href":"https:\/\/wp.unil.ch\/cashaz\/wp-json\/wp\/v2\/users\/1002277"}],"replies":[{"embeddable":true,"href":"https:\/\/wp.unil.ch\/cashaz\/wp-json\/wp\/v2\/comments?post=195"}],"version-history":[{"count":0,"href":"https:\/\/wp.unil.ch\/cashaz\/wp-json\/wp\/v2\/pages\/195\/revisions"}],"wp:attachment":[{"href":"https:\/\/wp.unil.ch\/cashaz\/wp-json\/wp\/v2\/media?parent=195"}],"curies":[{"name":"wp","href":"https:\/\/api.w.org\/{rel}","templated":true}]}}