{"id":840,"date":"2024-12-06T13:21:58","date_gmt":"2024-12-06T12:21:58","guid":{"rendered":"https:\/\/wp.unil.ch\/captographies\/?page_id=840"},"modified":"2024-12-06T13:37:57","modified_gmt":"2024-12-06T12:37:57","slug":"dans-les-medias-sur-la-qualite-de-lair","status":"publish","type":"page","link":"https:\/\/wp.unil.ch\/captographies\/captair\/dans-les-medias-sur-la-qualite-de-lair\/","title":{"rendered":"Dans les m\u00e9dias sur la qualit\u00e9 de l&rsquo;air"},"content":{"rendered":"\n<h2 class=\"wp-block-heading\">Dans les m\u00e9dias sur la qualit\u00e9 de l&rsquo;air<\/h2>\n\n\n\n<div class=\"wp-block-columns is-layout-flex wp-container-core-columns-is-layout-9d6595d7 wp-block-columns-is-layout-flex\">\n<div class=\"wp-block-column is-layout-flow wp-block-column-is-layout-flow\" style=\"flex-basis:33.33%\">\n<figure class=\"wp-block-image size-large\"><img alt=\"\" loading=\"lazy\" decoding=\"async\" width=\"683\" height=\"1024\" src=\"https:\/\/wp.unil.ch\/captographies\/files\/2024\/12\/stephanie-leblanc-1nP-jCCcwGQ-unsplash-683x1024.jpg\" alt=\"\" class=\"wp-image-848\" style=\"aspect-ratio:1;object-fit:cover\" \/><\/figure>\n<\/div>\n\n\n\n<div class=\"wp-block-column is-layout-flow wp-block-column-is-layout-flow\" style=\"flex-basis:66.66%\">\n<p>\u00c0 LIRE<\/p>\n\n\n\n<p><strong>Le Monde, 5 d\u00e9cembre 2024 <\/strong><br><a href=\"https:\/\/www.lemonde.fr\/planete\/article\/2024\/12\/05\/de-la-pollution-de-l-air-a-l-usage-du-velo-l-impact-sanitaire-des-choix-d-urbanisme-evalue_6430604_3244.html\" data-type=\"link\" data-id=\"https:\/\/www.lemonde.fr\/planete\/article\/2024\/12\/05\/de-la-pollution-de-l-air-a-l-usage-du-velo-l-impact-sanitaire-des-choix-d-urbanisme-evalue_6430604_3244.html\">De la pollution de l\u2019air \u00e0 l\u2019usage du v\u00e9lo, l\u2019impact sanitaire des choix d\u2019urbanisme \u00e9valu\u00e9<\/a><\/p>\n\n\n\n<p>L\u2019agence Sant\u00e9 publique France publie une \u00e9tude men\u00e9e dans trois m\u00e9tropoles pour \u00e9valuer les leviers environnementaux permettant de r\u00e9duire la mortalit\u00e9 des populations urbaines.<br>une histoire asphyxiante, qui a chang\u00e9 le cours de l\u2019histoire environnementale. Celle du \u00ab&nbsp;grand smog&nbsp;\u00bb de Londres.&nbsp;<\/p>\n<\/div>\n<\/div>\n\n\n\n<div class=\"wp-block-columns is-layout-flex wp-container-core-columns-is-layout-9d6595d7 wp-block-columns-is-layout-flex\">\n<div class=\"wp-block-column is-layout-flow wp-block-column-is-layout-flow\" style=\"flex-basis:33.33%\">\n<figure class=\"wp-block-image size-large\"><img alt=\"\" loading=\"lazy\" decoding=\"async\" width=\"904\" height=\"1024\" src=\"https:\/\/wp.unil.ch\/captographies\/files\/2024\/12\/c-d-x-dBwadhWa-lI-unsplash-e1733487794514-904x1024.jpg\" alt=\"\" class=\"wp-image-849\" srcset=\"https:\/\/wp.unil.ch\/captographies\/files\/2024\/12\/c-d-x-dBwadhWa-lI-unsplash-e1733487794514-904x1024.jpg 904w, https:\/\/wp.unil.ch\/captographies\/files\/2024\/12\/c-d-x-dBwadhWa-lI-unsplash-e1733487794514-265x300.jpg 265w, https:\/\/wp.unil.ch\/captographies\/files\/2024\/12\/c-d-x-dBwadhWa-lI-unsplash-e1733487794514-768x870.jpg 768w, https:\/\/wp.unil.ch\/captographies\/files\/2024\/12\/c-d-x-dBwadhWa-lI-unsplash-e1733487794514-540x612.jpg 540w, https:\/\/wp.unil.ch\/captographies\/files\/2024\/12\/c-d-x-dBwadhWa-lI-unsplash-e1733487794514.jpg 1050w\" sizes=\"auto, (max-width: 904px) 100vw, 904px\" \/><\/figure>\n<\/div>\n\n\n\n<div class=\"wp-block-column is-layout-flow wp-block-column-is-layout-flow\" style=\"flex-basis:66.66%\">\n<p>\u00c0 \u00c9COUTER<\/p>\n\n\n\n<p><strong>France Inter, Affaires sensibles, 13 ao\u00fbt 2024<\/strong><br><a href=\"https:\/\/www.radiofrance.fr\/franceinter\/podcasts\/affaires-sensibles\/affaires-sensibles-du-lundi-26-fevrier-2024-2620571\">Le \u00ab&nbsp;Grand smog&nbsp;\u00bb de 1952 : Londres asphyxi\u00e9e<\/a><\/p>\n\n\n\n<p>Le 5 d\u00e9cembre 1952, un brouillard \u00e9pais, charg\u00e9 de fum\u00e9es et de particules toxiques s\u2019abat sur la capitale anglaise. Il la recouvre pendant 5 jours. Les&nbsp;Londoniens&nbsp;sont pi\u00e9g\u00e9s et \u00e9touffent. Mais pourquoi un tel nuage mortel s&rsquo;est-il form\u00e9&nbsp;? En ce d\u00e9but d\u00e9cembre, o\u00f9 l&rsquo;Angleterre affronte depuis plusieurs jours une vague de froid particuli\u00e8rement rude, les Londoniens,&nbsp;pour chauffer leurs maisons, br\u00fblent des quantit\u00e9s inhabituelles de charbon, et polluent massivement l\u2019atmosph\u00e8re, ajoutant dans le ciel de&nbsp;Londres&nbsp;les fum\u00e9es noires de leurs chemin\u00e9es \u00e0 celles des usines et des pots d\u2019\u00e9chappement.<\/p>\n\n\n\n<p>Pas de chance, la m\u00e9t\u00e9o est d\u00e9cid\u00e9ment contre eux. Pas un souffle de vent sur la ville, et un&nbsp;anticyclone&nbsp;qui cloue le brouillard de&nbsp;pollution&nbsp;au sol. Une fois install\u00e9, rien ne le d\u00e9loge. Quand il finit enfin par se dissiper, il laisse 12.000 morts derri\u00e8re lui.<\/p>\n\n\n\n<p><strong>France Inter, Grand bien vous fasse, 14 octobre 2024<\/strong><br><a href=\"https:\/\/www.radiofrance.fr\/franceinter\/podcasts\/grand-bien-vous-fasse\/grand-bien-vous-fasse-du-lundi-14-octobre-2024-2366812\">Comment mieux respirer chez soi ?<\/a><\/p>\n\n\n\n<p>La pollution de l\u2019air int\u00e9rieur peut entra\u00eener des accidents vasculaires c\u00e9r\u00e9braux, des maladies des bronches, des cancers du poumon ou du nasopharynx. Pourquoi nos habitations, nos maisons, nos bureaux sont-ils pollu\u00e9s ? Et comment lutter contre ces poisons ?<\/p>\n<\/div>\n<\/div>\n","protected":false},"excerpt":{"rendered":"<p>Dans les m\u00e9dias sur la qualit\u00e9 de l&rsquo;air \u00c0 LIRE Le Monde, 5 d\u00e9cembre 2024 De la pollution de l\u2019air \u00e0 l\u2019usage du v\u00e9lo, l\u2019impact sanitaire des choix&hellip;<\/p>\n","protected":false},"author":1118,"featured_media":847,"parent":194,"menu_order":0,"comment_status":"closed","ping_status":"closed","template":"template-full-width-cover.php","meta":{"_seopress_robots_primary_cat":"","_seopress_titles_title":"","_seopress_titles_desc":"","_seopress_robots_index":"","footnotes":""},"class_list":["post-840","page","type-page","status-publish","has-post-thumbnail"],"_links":{"self":[{"href":"https:\/\/wp.unil.ch\/captographies\/wp-json\/wp\/v2\/pages\/840","targetHints":{"allow":["GET"]}}],"collection":[{"href":"https:\/\/wp.unil.ch\/captographies\/wp-json\/wp\/v2\/pages"}],"about":[{"href":"https:\/\/wp.unil.ch\/captographies\/wp-json\/wp\/v2\/types\/page"}],"author":[{"embeddable":true,"href":"https:\/\/wp.unil.ch\/captographies\/wp-json\/wp\/v2\/users\/1118"}],"replies":[{"embeddable":true,"href":"https:\/\/wp.unil.ch\/captographies\/wp-json\/wp\/v2\/comments?post=840"}],"version-history":[{"count":5,"href":"https:\/\/wp.unil.ch\/captographies\/wp-json\/wp\/v2\/pages\/840\/revisions"}],"predecessor-version":[{"id":864,"href":"https:\/\/wp.unil.ch\/captographies\/wp-json\/wp\/v2\/pages\/840\/revisions\/864"}],"up":[{"embeddable":true,"href":"https:\/\/wp.unil.ch\/captographies\/wp-json\/wp\/v2\/pages\/194"}],"wp:featuredmedia":[{"embeddable":true,"href":"https:\/\/wp.unil.ch\/captographies\/wp-json\/wp\/v2\/media\/847"}],"wp:attachment":[{"href":"https:\/\/wp.unil.ch\/captographies\/wp-json\/wp\/v2\/media?parent=840"}],"curies":[{"name":"wp","href":"https:\/\/api.w.org\/{rel}","templated":true}]}}