{"id":194,"date":"2023-12-19T15:01:10","date_gmt":"2023-12-19T14:01:10","guid":{"rendered":"https:\/\/wp.unil.ch\/captographies\/?page_id=194"},"modified":"2024-12-06T14:07:26","modified_gmt":"2024-12-06T13:07:26","slug":"captair","status":"publish","type":"page","link":"https:\/\/wp.unil.ch\/captographies\/captair\/","title":{"rendered":"Capt&rsquo;Air"},"content":{"rendered":"\n<h3 class=\"wp-block-heading\"><strong>Plongez-vous dans la th\u00e9matique des liens entre environnement et sant\u00e9 en participant&nbsp;au&nbsp;projet \u00ab&nbsp;Capt\u2019Air&nbsp;\u00bb&nbsp;et participez \u00e0 un mouvement mondial de sciences citoyennes&nbsp;!<\/strong><\/h3>\n\n\n\n<blockquote class=\"wp-block-quote is-layout-flow wp-block-quote-is-layout-flow\">\n<p><em>Toutes les minutes, nous inspirons et expirons \u00e0 un rythme de 12 \u00e0 20 fois. Saviez-vous qu\u2019un adulte respire environ&nbsp;15&rsquo;000 litres d\u2019air par jour, soit l\u2019\u00e9quivalent d\u2019une petite piscine&nbsp;?<\/em><\/p>\n<\/blockquote>\n\n\n\n<p>L\u2019air que nous respirons est un \u00e9l\u00e9ment essentiel pour notre survie et constitue l&rsquo;un des liens fondamentaux avec notre environnement. En effet, cet air peut \u00eatre porteur de particules fines ayant un impact sur notre sant\u00e9, en fonction de leur nature et de leur quantit\u00e9. <\/p>\n\n\n\n<p class=\"has-buttons-text-color has-text-color has-background has-link-color wp-elements-67db0ebe02cb58d11964a8ea51b43112\" style=\"background-color:#62a4ab\">On estime que 400&rsquo;000 personnes d\u00e9c\u00e8dent pr\u00e9matur\u00e9ment chaque ann\u00e9e de la pollution de l\u2019air en Europe, dont environ 2\u2019200 en Suisse<sup data-fn=\"ea7a55d9-69f8-4819-82e3-fbb5908a7553\" class=\"fn\"><a href=\"#ea7a55d9-69f8-4819-82e3-fbb5908a7553\" id=\"ea7a55d9-69f8-4819-82e3-fbb5908a7553-link\">1<\/a><\/sup>. <br>\u00c0 titre de comparaison : 215 d\u00e9c\u00e8s ont \u00e9t\u00e9 dus \u00e0 des accidents de transport en 2019 en Suisse.&nbsp;<\/p>\n\n\n\n<p id=\"meaning\"><div class=\"su-accordion su-u-trim\"><\/div><div class=\"su-spoiler su-spoiler-style-fancy su-spoiler-icon-plus\" data-scroll-offset=\"0\" data-anchor-in-url=\"no\"><div class=\"su-spoiler-title\" tabindex=\"0\" role=\"button\"><span class=\"su-spoiler-icon\"><\/span>Le projet<\/div><div class=\"su-spoiler-content su-u-clearfix su-u-trim\">\n\n\n\n<p>Issu d&rsquo;une collaboration entre le&nbsp;<a href=\"https:\/\/fablab-renens.ch\/\" target=\"_blank\" rel=\"noreferrer noopener\">FabLab de Renens<\/a>,&nbsp;<a href=\"https:\/\/www.unisante.ch\/fr\/unisante\/agenda\/atelier-captair-fabriquez-votre-capteur-mesure-qualite-lair\" target=\"_blank\" rel=\"noreferrer noopener\">Unisant\u00e9<\/a>, <a href=\"https:\/\/www.unil.ch\/index.html\" target=\"_blank\" rel=\"noreferrer noopener\">l\u2019Universit\u00e9 de Lausanne<\/a> et <a href=\"https:\/\/www.lausanne.ch\/apps\/actualites\/index.php?actu_id=72920\" target=\"_blank\" rel=\"noreferrer noopener\">la&nbsp;Ville de Lausanne<\/a>, Capt&rsquo;Air propose une d\u00e9marche participative en plusieurs volets permettant&nbsp;d\u2019enrichir&nbsp;ses&nbsp;connaissances et&nbsp;d\u2019avoir un r\u00f4le actif&nbsp;dans&nbsp;la th\u00e9matique de la qualit\u00e9 de l\u2019air&nbsp;en&nbsp;:<\/p>\n\n\n\n<ul class=\"wp-block-list\">\n<li><strong>participant&nbsp;activement&nbsp;\u00e0 la mise en place d\u2019un r\u00e9seau citoyen de capteurs mesurant localement&nbsp;la qualit\u00e9 de l\u2019air<\/strong>&nbsp;:&nbsp;construction d\u2019un&nbsp;capteur&nbsp;de particules fines&nbsp;; installation du capteur \u00e0 domicile (ou un autre lieu de son choix)&nbsp;;&nbsp;mesures&nbsp;des concentrations de particules fines dans l\u2019air, de la temp\u00e9rature et de l\u2019humidit\u00e9&nbsp;; <\/li>\n\n\n\n<li>contribuant aux mouvements internationaux de&nbsp;sciences citoyennes&nbsp;par la <strong>mise \u00e0 disposition en libre acc\u00e8s des donn\u00e9es r\u00e9colt\u00e9es<\/strong> sur des plateformes en <em>openaccess<\/em> sur internet ;<\/li>\n\n\n\n<li><strong>exp\u00e9rimentant&nbsp;la d\u00e9marche scientifique<\/strong>&nbsp;:&nbsp;d\u00e9couvrir des outils, des m\u00e9thodologies et des protocoles&nbsp;; apprendre \u00e0 g\u00e9n\u00e9rer des donn\u00e9es, les analyser et les discuter (fiabilit\u00e9, repr\u00e9sentativit\u00e9, facteurs d\u2019influence, etc.)&nbsp;;<\/li>\n\n\n\n<li><strong>dialoguant<\/strong>\u00a0avec des scientifiques,\u00a0professionnel\u00b7e\u00b7s ou\u00a0acteurs\u00b7rices\u00a0du domaine\u00a0pour favoriser\u00a0l\u2019\u00e9change de connaissances et les r\u00e9flexions communes (qualit\u00e9 de l\u2019air, impact sur la sant\u00e9, urbanisme, r\u00e9flexions sur les \u00ab\u00a0communs\u00a0\u00bb et la fa\u00e7on d\u2019en prendre soin, liens entre environnement et sant\u00e9, etc.), discuter des enjeux et des actions possibles\u00a0lors de rencontres r\u00e9guli\u00e8res.<\/li>\n<\/ul>\n\n\n\n<div class=\"wp-block-columns is-layout-flex wp-container-core-columns-is-layout-9d6595d7 wp-block-columns-is-layout-flex\">\n<div class=\"wp-block-column is-layout-flow wp-block-column-is-layout-flow\">\n<p><\/p>\n\n\n\n<p><strong><em>D\u00e9couvrir le projet dans le Forum des id\u00e9es, sur la Radio T\u00e9l\u00e9vision Suisse &#8211; RTS, 12.07.2022<\/em><\/strong><\/p>\n\n\n\n<figure class=\"wp-block-image size-large\"><a href=\"https:\/\/www.rts.ch\/play\/tv\/forum\/video\/forum-des-idees-un-capteur-de-qualite-de-lair-fait-maison?urn=urn:rts:video:13239502\"><img alt=\"\" loading=\"lazy\" decoding=\"async\" width=\"1024\" height=\"571\" src=\"https:\/\/wp.unil.ch\/captographies\/files\/2024\/12\/Capture-decran-2024-12-06-a-13.59.48-1024x571.png\" alt=\"\" class=\"wp-image-868\" srcset=\"https:\/\/wp.unil.ch\/captographies\/files\/2024\/12\/Capture-decran-2024-12-06-a-13.59.48-1024x571.png 1024w, https:\/\/wp.unil.ch\/captographies\/files\/2024\/12\/Capture-decran-2024-12-06-a-13.59.48-300x167.png 300w, https:\/\/wp.unil.ch\/captographies\/files\/2024\/12\/Capture-decran-2024-12-06-a-13.59.48-768x428.png 768w, https:\/\/wp.unil.ch\/captographies\/files\/2024\/12\/Capture-decran-2024-12-06-a-13.59.48-1536x857.png 1536w, https:\/\/wp.unil.ch\/captographies\/files\/2024\/12\/Capture-decran-2024-12-06-a-13.59.48-540x301.png 540w, https:\/\/wp.unil.ch\/captographies\/files\/2024\/12\/Capture-decran-2024-12-06-a-13.59.48-1080x602.png 1080w, https:\/\/wp.unil.ch\/captographies\/files\/2024\/12\/Capture-decran-2024-12-06-a-13.59.48-1320x736.png 1320w, https:\/\/wp.unil.ch\/captographies\/files\/2024\/12\/Capture-decran-2024-12-06-a-13.59.48.png 1920w\" sizes=\"auto, (max-width: 1024px) 100vw, 1024px\" \/><\/a><\/figure>\n<\/div>\n\n\n\n<div class=\"wp-block-column is-layout-flow wp-block-column-is-layout-flow\">\n<p class=\"has-buttons-text-color has-text-color has-background has-link-color wp-elements-ad88ba747987e23c7ffdb17dce1e5c05\" style=\"background-color:#62a4ab\">A l\u2019occasion d&rsquo;une collaboration avec <a href=\"https:\/\/pyxis.art\">Pyxis &#8211; Maison de la culture et de l&rsquo;exploration num\u00e9rique<\/a>, le FabaLab de Renens, Unisant\u00e9, la Ville de Lausanne et L\u2019\u00e9prouvette, Laboratoire Sciences et Soci\u00e9t\u00e9 de l&rsquo;UNIL vous invitent \u00e0 participer \u00e0 <strong>Capt&rsquo;Air<\/strong>. Analysez la qualit\u00e9 de l\u2019air en construisant votre propre capteur et \u00e9changez avec des expert\u00b7e\u00b7s du domaine !<br><br><strong><em>Capt\u2019Air se d\u00e9roule en trois sessions<\/em><\/strong>&nbsp;\/ 29 octobre de 18h \u00e0 20h30 | 12 novembre et 3 d\u00e9cembre de 18h \u00e0 20h.<br><strong><em>Lieu<\/em><\/strong> \/ Pyxis Exploration Num\u00e9rique, Place de la Cath\u00e9drale 6, 1005 Lausanne<br><strong><em>Gratuit<\/em><\/strong><br><br>D\u00e8s 16 ans.&nbsp;<br><a href=\"https:\/\/www.lausanne.ch\/portrait\/carte-identite\/environnement\/qualite-de-l-air\/fresque-air.html\">Plus d\u2019informations et inscriptions<\/a><\/p>\n<\/div>\n<\/div>\n\n\n\n<p><\/p>\n\n\n\n<\/div><\/div>\n\n\n\n<p id=\"meaning\"><div class=\"su-accordion su-u-trim\"><\/div><div class=\"su-spoiler su-spoiler-style-fancy su-spoiler-icon-plus su-spoiler-closed\" data-scroll-offset=\"0\" data-anchor-in-url=\"no\"><div class=\"su-spoiler-title\" tabindex=\"0\" role=\"button\"><span class=\"su-spoiler-icon\"><\/span>Le contexte<\/div><div class=\"su-spoiler-content su-u-clearfix su-u-trim\">\n\n\n\n<p>Diff\u00e9rents composants permettent de conna\u00eetre la qualit\u00e9 de l\u2019air : les particules fines, le CO<sub>2<\/sub>, le NO<sub>2<\/sub>, l\u2019ozone, et bien d&rsquo;autres encore. Le projet Capt\u2019Air se focalise sur les particules fines, qui ont un impact important sur la sant\u00e9 et pour lesquelles on dispose de capteurs low-cost (peu chers) assez performants. Ceci rend accessible la mesure de la qualit\u00e9 de l\u2019air dans son environnement proche \u00e0 toute personne int\u00e9ress\u00e9e.<\/p>\n\n\n\n<p>Voici des exemples de diff\u00e9rents types de capteurs de particules fines \u00e0 Lausanne et dans le canton de Vaud :<\/p>\n\n\n\n<figure class=\"wp-block-image size-full\"><img alt=\"\" loading=\"lazy\" decoding=\"async\" width=\"1024\" height=\"342\" src=\"https:\/\/wp.unil.ch\/captographies\/files\/2023\/12\/captair-1024x342-2.jpg\" alt=\"\" class=\"wp-image-303\" srcset=\"https:\/\/wp.unil.ch\/captographies\/files\/2023\/12\/captair-1024x342-2.jpg 1024w, https:\/\/wp.unil.ch\/captographies\/files\/2023\/12\/captair-1024x342-2-300x100.jpg 300w, https:\/\/wp.unil.ch\/captographies\/files\/2023\/12\/captair-1024x342-2-768x257.jpg 768w, https:\/\/wp.unil.ch\/captographies\/files\/2023\/12\/captair-1024x342-2-540x180.jpg 540w\" sizes=\"auto, (max-width: 1024px) 100vw, 1024px\" \/><\/figure>\n\n\n\n<ul class=\"wp-block-list\">\n<li><strong>F\u00e9d\u00e9ral et Cantonal&nbsp;<\/strong>:&nbsp;la Conf\u00e9d\u00e9ration et le Canton de Vaud ont  un r\u00e9seau de mesure officiel&nbsp;qui sert&nbsp;de r\u00e9f\u00e9rence l\u00e9gale pour les alertes \u00e0 la population en cas de pics de pollution. Ces stations sont peu nombreuses en raison de leur co\u00fbt tr\u00e8s \u00e9lev\u00e9 pour assurer une pr\u00e9cision importante des mesures. Il en existe 10 pour l\u2019ensemble du canton de Vaud et 2 \u00e0 Lausanne (aux Plaines du Loup et rue C\u00e9sar roux). Une station mobile permet \u00e9galement des mesures \u00e0 diff\u00e9rents emplacements dans le canton de Vaud.<\/li>\n\n\n\n<li><strong>Communal&nbsp;<\/strong>:&nbsp;la Ville de Lausanne a d\u00e9velopp\u00e9 un&nbsp;<a href=\"https:\/\/www.lausanne.ch\/apps\/actualites\/?legislatures=2016-2021&amp;types=4&amp;keywords=2020\/38%20\">Observatoire de l\u2019environnement<\/a> pour&nbsp;tester un r\u00e9seau&nbsp;de capteurs low-cost et&nbsp;obtenir des informations plus&nbsp;locales&nbsp;sur la qualit\u00e9 de l\u2019air \u00e0 Lausanne. Une quinzaine de points de mesures sont ainsi r\u00e9partis en ville \u00e0 ~2,5 m&nbsp;de hauteur&nbsp;sur la voie publique. La maintenance du r\u00e9seau est assur\u00e9e&nbsp;par la Ville de Lausanne. Les capteurs de particules fines sont les m\u00eames que ceux des capteurs citoyens du projet Capt\u2019Air.<\/li>\n\n\n\n<li><strong>Population&nbsp;<\/strong>:&nbsp;il s&rsquo;agit de mettre en place un r\u00e9seau de mesure low-cost citoyen. Les points&nbsp;de mesure sont r\u00e9partis selon la participation de la population,&nbsp;aux endroits et aux conditions de pose&nbsp;variables. La maintenance est \u00e0 la charge des participant\u00b7e\u00b7s.<\/li>\n<\/ul>\n\n\n\n<p><em>Augmenter le nombre de capteurs de particules fines dans les rues ou sur les balcons et fen\u00eatres de la population&nbsp;permet d\u2019avoir&nbsp;une meilleure compr\u00e9hension de la qualit\u00e9 de l\u2019air de notre environnement proche.<\/em><\/p>\n\n\n\n<p>La construction de capteurs par la population s&rsquo;int\u00e8gre parmi les mouvements internationaux de&nbsp;sciences citoyennes,&nbsp;avec notamment la mise \u00e0 disposition en libre acc\u00e8s des donn\u00e9es de qualit\u00e9 de l&rsquo;air r\u00e9colt\u00e9es. On peut citer comme exemple les plateformes&nbsp;<a href=\"https:\/\/sensor.community\/fr\/\" target=\"_blank\" rel=\"noreferrer noopener\">Sensor.Community<\/a> et&nbsp;<a href=\"https:\/\/opensensemap.org\/explore\/\" target=\"_blank\" rel=\"noreferrer noopener\">openSenseMap<\/a> que nous enrichissons de nos donn\u00e9es.<\/p>\n\n\n\n<\/div><\/div>\n\n\n\n<div class=\"su-accordion su-u-trim\"><\/div><div class=\"su-spoiler su-spoiler-style-fancy su-spoiler-icon-plus su-spoiler-closed\" data-scroll-offset=\"0\" data-anchor-in-url=\"no\"><div class=\"su-spoiler-title\" tabindex=\"0\" role=\"button\"><span class=\"su-spoiler-icon\"><\/span>Pourquoi rajouter des capteurs citoyens ?<\/div><div class=\"su-spoiler-content su-u-clearfix su-u-trim\">\n\n\n\n<p>Les capteurs citoyens permettent de compl\u00e9ter les donn\u00e9es officielles. La multiplicit\u00e9 des capteurs dans la ville apporte des informations non connues jusqu\u2019\u00e0 pr\u00e9sent et plus fines&nbsp;quant&nbsp;\u00e0 la distribution de la pollution de l\u2019air dans les quartiers et les rues de Lausanne.&nbsp;<\/p>\n\n\n\n<p>Cependant, les donn\u00e9es produites par des capteurs&nbsp;low-cost sont&nbsp;des donn\u00e9es brutes&nbsp;qu\u2019il faut corriger selon les conditions environnementales (l\u2019humidit\u00e9 influence le nombre de particules fines dans l\u2019air par exemple)&nbsp;et qui sont&nbsp;\u00e9galement moins pr\u00e9cises qu\u2019un dispositif sophistiqu\u00e9. On ne peut&nbsp;donc&nbsp;pas&nbsp;les&nbsp;comparer directement \u00e0 celles&nbsp;des stations de mesure du Canton ou de la Conf\u00e9d\u00e9ration, mais&nbsp;elles&nbsp;sont&nbsp;tout aussi pr\u00e9cieuses&nbsp;au sens o\u00f9 elles sont&nbsp;indicatives d\u2019une <strong>tendance<\/strong>&nbsp;dans des lieux non mesur\u00e9s jusqu\u2019\u00e0 pr\u00e9sent.<\/p>\n\n\n\n<p><em>Plus il y en a, plus on am\u00e9liore la confiance que l&rsquo;on peut avoir dans ces mesures et mieux on conna\u00eet la qualit\u00e9 de l\u2019air de nos lieux de vie&nbsp;!<\/em><\/p>\n\n\n\n<\/div><\/div>\n\n\n\n<div class=\"su-accordion su-u-trim\"><\/div><div class=\"su-spoiler su-spoiler-style-fancy su-spoiler-icon-plus su-spoiler-closed\" data-scroll-offset=\"0\" data-anchor-in-url=\"no\"><div class=\"su-spoiler-title\" tabindex=\"0\" role=\"button\"><span class=\"su-spoiler-icon\"><\/span>Le capteur low-cost<\/div><div class=\"su-spoiler-content su-u-clearfix su-u-trim\">\n\n\n\n<figure class=\"wp-block-image size-full is-resized\"><img alt=\"\" loading=\"lazy\" decoding=\"async\" width=\"502\" height=\"359\" src=\"https:\/\/wp.unil.ch\/captographies\/files\/2023\/12\/1c385aad-11e3-42e9-bc26-56f16085a419.png\" alt=\"\" class=\"wp-image-296\" style=\"width:627px;height:auto\" srcset=\"https:\/\/wp.unil.ch\/captographies\/files\/2023\/12\/1c385aad-11e3-42e9-bc26-56f16085a419.png 502w, https:\/\/wp.unil.ch\/captographies\/files\/2023\/12\/1c385aad-11e3-42e9-bc26-56f16085a419-300x215.png 300w\" sizes=\"auto, (max-width: 502px) 100vw, 502px\" \/><figcaption class=\"wp-element-caption\">Ensemble des composants <\/figcaption><\/figure>\n\n\n\n<figure class=\"wp-block-image size-full is-resized\"><img alt=\"\" loading=\"lazy\" decoding=\"async\" width=\"683\" height=\"511\" src=\"https:\/\/wp.unil.ch\/captographies\/files\/2023\/12\/captair.jpeg\" alt=\"\" class=\"wp-image-283\" style=\"width:631px;height:auto\" srcset=\"https:\/\/wp.unil.ch\/captographies\/files\/2023\/12\/captair.jpeg 683w, https:\/\/wp.unil.ch\/captographies\/files\/2023\/12\/captair-300x224.jpeg 300w, https:\/\/wp.unil.ch\/captographies\/files\/2023\/12\/captair-540x404.jpeg 540w\" sizes=\"auto, (max-width: 683px) 100vw, 683px\" \/><figcaption class=\"wp-element-caption\">Capteur assembl\u00e9 \u00a9Julie_Liberman<\/figcaption><\/figure>\n\n\n\n<p>Ce capteur, peu on\u00e9reux par rapport aux stations de mesures officielles, est constitu\u00e9 de composants \u00e9lectroniques que nous assemblons nous-m\u00eames lors d\u2019ateliers de construction. S\u00e9lectionn\u00e9s pour \u00eatre efficaces, tout en \u00e9tant moins pr\u00e9cis que les stations de mesures officielles, les capteurs permettront de donner des <strong>tendances de pollution de l\u2019air<\/strong>.<\/p>\n\n\n\n<p>Plus leur nombre est important, plus nous aurons d\u2019informations&nbsp;!<\/p>\n\n\n\n<p>Pour qu\u2019il soit facile \u00e0 construire par&nbsp;la population, le design du capteur a \u00e9t\u00e9&nbsp;r\u00e9alis\u00e9&nbsp;par le&nbsp;FabLab&nbsp;de Renens, qui s\u2019est appuy\u00e9 sur le travail r\u00e9alis\u00e9 dans le cadre d\u2019autres projets existants (notamment <a href=\"https:\/\/sensor.community\/fr\/\">Sensorcommunity<\/a>).&nbsp;<\/p>\n\n\n\n<p>Le capteur est compos\u00e9 de&nbsp;:<\/p>\n\n\n\n<ul class=\"wp-block-list\">\n<li>Un&nbsp;capteur de particules fines&nbsp;Sensirion SPS30<\/li>\n\n\n\n<li>Un microprocesseur permettant d\u2019envoyer les donn\u00e9es par&nbsp;Wi-Fi ou par ondes radio LoRaWAN<\/li>\n\n\n\n<li>Un capteur de temp\u00e9rature, humidit\u00e9, pression atmosph\u00e9rique<\/li>\n\n\n\n<li>Une alimentation&nbsp;\u00e9lectrique<\/li>\n\n\n\n<li>Un bo\u00eetier de protection contre les intemp\u00e9ries<\/li>\n<\/ul>\n\n\n\n<figure class=\"wp-block-image size-large is-resized\"><img alt=\"\" loading=\"lazy\" decoding=\"async\" width=\"1024\" height=\"1024\" src=\"https:\/\/wp.unil.ch\/captographies\/files\/2024\/02\/Capteur_boitier-1024x1024.jpg\" alt=\"\" class=\"wp-image-437\" style=\"width:631px\" srcset=\"https:\/\/wp.unil.ch\/captographies\/files\/2024\/02\/Capteur_boitier-1024x1024.jpg 1024w, https:\/\/wp.unil.ch\/captographies\/files\/2024\/02\/Capteur_boitier-300x300.jpg 300w, https:\/\/wp.unil.ch\/captographies\/files\/2024\/02\/Capteur_boitier-150x150.jpg 150w, https:\/\/wp.unil.ch\/captographies\/files\/2024\/02\/Capteur_boitier-768x768.jpg 768w, https:\/\/wp.unil.ch\/captographies\/files\/2024\/02\/Capteur_boitier-540x540.jpg 540w, https:\/\/wp.unil.ch\/captographies\/files\/2024\/02\/Capteur_boitier-1080x1080.jpg 1080w, https:\/\/wp.unil.ch\/captographies\/files\/2024\/02\/Capteur_boitier.jpg 1200w\" sizes=\"auto, (max-width: 1024px) 100vw, 1024px\" \/><figcaption class=\"wp-element-caption\">Bo\u00eetier de protection<\/figcaption><\/figure>\n\n\n\n<\/div><\/div>\n\n\n\n<div class=\"su-accordion su-u-trim\"><\/div><div class=\"su-spoiler su-spoiler-style-fancy su-spoiler-icon-plus su-spoiler-closed\" data-scroll-offset=\"0\" data-anchor-in-url=\"no\"><div class=\"su-spoiler-title\" tabindex=\"0\" role=\"button\"><span class=\"su-spoiler-icon\"><\/span>Les donn\u00e9es collect\u00e9es<\/div><div class=\"su-spoiler-content su-u-clearfix su-u-trim\">\n\n\n\n<p>Les donn\u00e9es collect\u00e9es :<\/p>\n\n\n\n<ul class=\"wp-block-list\">\n<li>Sont issues de capteurs low-cost. Les capteurs ont \u00e9t\u00e9 caract\u00e9ris\u00e9s par deux \u00e9tudiants de l\u2019EPFL et ont montr\u00e9 une fiabilit\u00e9 correcte. <a href=\"https:\/\/wp.unil.ch\/captographies\/participer\/documentation\/\" data-type=\"page\" data-id=\"650\">Consulter les r\u00e9sultats de l&rsquo;\u00e9tude et le rapport.<\/a><\/li>\n\n\n\n<li>Sont partag\u00e9es sur un syst\u00e8me en open-access&nbsp;: <em><a href=\"https:\/\/opensensemap.org\/\" target=\"_blank\" rel=\"noreferrer noopener\">Opensensemap<\/a><\/em> et peuvent aussi \u00eatre partag\u00e9es sur <a href=\"https:\/\/sensor.community\/fr\/\">Sensor.community<\/a>. <\/li>\n\n\n\n<li>Sont partag\u00e9es avec l\u2019Universit\u00e9 de Lausanne, et tou\u00b7te\u00b7s les chercheur\u00b7e\u00b7s ou toute personne ou organisation int\u00e9ress\u00e9\u00b7e\u00b7s. Un <a href=\"https:\/\/wp.unil.ch\/captographies\/164-2\/\">questionnaire<\/a>&nbsp;int\u00e8gre d&rsquo;autres informations caract\u00e9risant le capteur (m\u00e9tadonn\u00e9es). Toutes ces donn\u00e9es seront utiles pour d\u00e9velopper des recherches scientifiques et pour les administrations de la ville de Lausanne et du canton de Vaud en vue d&rsquo;am\u00e9liorer notre environnement.<\/li>\n<\/ul>\n\n\n\n\n<!-- iframe plugin v.6.0 wordpress.org\/plugins\/iframe\/ -->\n<iframe loading=\"lazy\" src=\"https:\/\/opensensemap.org\/explore\/60a7d0bdddf854001b31622f\" width=\"100%\" height=\"500\" scrolling=\"yes\" class=\"iframe-class\" frameborder=\"0\"><\/iframe>\n\n\n\n\n<p><em>Carte interactive&nbsp;<a href=\"https:\/\/opensensemap.org\/explore\/60a7d0bdddf854001b31622f\" target=\"_blank\" rel=\"noreferrer noopener\">Opensensemap<\/a>&nbsp;(cliquez sur le lien pour l\u2019ouvrir)<\/em><\/p>\n\n\n\n<p>Les donn\u00e9es recueillies pourraient ainsi servir \u00e0 toute personne int\u00e9ress\u00e9e par la qualit\u00e9 de l\u2019air dans son quartier, mais aussi aux chercheur\u00b7e\u00b7s d\u2019Unisant\u00e9, de l\u2019UNIL et d\u2019autres institutions souhaitant \u00e9tudier les liens entre environnement et sant\u00e9. Par exemple&nbsp;: le lien entre la pollution atmosph\u00e9rique et les facteurs inflammatoires produits par le corps, ou l\u2019\u00e9pid\u00e9miologie des maladies cardiaques et pulmonaires en fonction de la pollution atmosph\u00e9rique environnante.<\/p>\n\n\n\n<\/div><\/div>\n\n\n\n<p><\/p>\n\n\n<ol class=\"wp-block-footnotes\"><li id=\"ea7a55d9-69f8-4819-82e3-fbb5908a7553\">Castro et al., <em>Environ Research <\/em>2023, https:\/\/doi.org\/10.1016\/j.envres.2023.116029 <a href=\"#ea7a55d9-69f8-4819-82e3-fbb5908a7553-link\" aria-label=\"Aller \u00e0 la note de bas de page 1\">\u21a9\ufe0e<\/a><\/li><\/ol>","protected":false},"excerpt":{"rendered":"<p>Plongez-vous dans la th\u00e9matique des liens entre environnement et sant\u00e9 en participant&nbsp;au&nbsp;projet \u00ab&nbsp;Capt\u2019Air&nbsp;\u00bb&nbsp;et participez \u00e0 un mouvement mondial de sciences citoyennes&nbsp;! Toutes les minutes, nous inspirons et expirons&hellip;<\/p>\n","protected":false},"author":1002661,"featured_media":637,"parent":0,"menu_order":0,"comment_status":"closed","ping_status":"closed","template":"template-full-width-cover.php","meta":{"_seopress_robots_primary_cat":"","_seopress_titles_title":"","_seopress_titles_desc":"","_seopress_robots_index":"","footnotes":"[{\"id\":\"ea7a55d9-69f8-4819-82e3-fbb5908a7553\",\"content\":\"Castro et al., <em>Environ Research <\\\/em>2023, https:\\\/\\\/doi.org\\\/10.1016\\\/j.envres.2023.116029\"}]"},"class_list":["post-194","page","type-page","status-publish","has-post-thumbnail"],"_links":{"self":[{"href":"https:\/\/wp.unil.ch\/captographies\/wp-json\/wp\/v2\/pages\/194","targetHints":{"allow":["GET"]}}],"collection":[{"href":"https:\/\/wp.unil.ch\/captographies\/wp-json\/wp\/v2\/pages"}],"about":[{"href":"https:\/\/wp.unil.ch\/captographies\/wp-json\/wp\/v2\/types\/page"}],"author":[{"embeddable":true,"href":"https:\/\/wp.unil.ch\/captographies\/wp-json\/wp\/v2\/users\/1002661"}],"replies":[{"embeddable":true,"href":"https:\/\/wp.unil.ch\/captographies\/wp-json\/wp\/v2\/comments?post=194"}],"version-history":[{"count":4,"href":"https:\/\/wp.unil.ch\/captographies\/wp-json\/wp\/v2\/pages\/194\/revisions"}],"predecessor-version":[{"id":873,"href":"https:\/\/wp.unil.ch\/captographies\/wp-json\/wp\/v2\/pages\/194\/revisions\/873"}],"wp:featuredmedia":[{"embeddable":true,"href":"https:\/\/wp.unil.ch\/captographies\/wp-json\/wp\/v2\/media\/637"}],"wp:attachment":[{"href":"https:\/\/wp.unil.ch\/captographies\/wp-json\/wp\/v2\/media?parent=194"}],"curies":[{"name":"wp","href":"https:\/\/api.w.org\/{rel}","templated":true}]}}