{"id":6,"date":"2019-11-28T16:00:19","date_gmt":"2019-11-28T15:00:19","guid":{"rendered":"http:\/\/wp.unil.ch\/modele\/?page_id=6"},"modified":"2024-07-16T09:20:00","modified_gmt":"2024-07-16T07:20:00","slug":"home","status":"publish","type":"page","link":"https:\/\/wp.unil.ch\/cap2037\/","title":{"rendered":"Home"},"content":{"rendered":"<div class=\"hero-banner\">\n<h1 class=\"animated-title\">CAP2037<\/h1>\n<h2 class=\"subtitle\">Institution | Communaut\u00e9 | Soci\u00e9t\u00e9<\/h2>\n<p><a href=\"#main-content\" class=\"scroll-down-arrow\">&#x2193;<\/a>\n<\/div>\n\n\n<div class=\"wp-block-group alignwide has-global-padding is-layout-constrained wp-container-core-group-is-layout-50802bc0 wp-block-group-is-layout-constrained\" id=\"main-content\" style=\"padding-top:var(--wp--preset--spacing--10);padding-right:var(--wp--preset--spacing--30);padding-bottom:var(--wp--preset--spacing--20);padding-left:var(--wp--preset--spacing--30)\">\n<div class=\"wp-block-columns alignwide is-layout-flex wp-container-core-columns-is-layout-85b4e3c0 wp-block-columns-is-layout-flex\" style=\"margin-top:0;margin-bottom:0;padding-top:0;padding-right:0;padding-bottom:0;padding-left:0\">\n<div class=\"wp-block-column is-layout-flow wp-block-column-is-layout-flow\" style=\"padding-top:var(--wp--preset--spacing--30);padding-bottom:var(--wp--preset--spacing--30)\">\n<div class=\"wp-block-group custom-align-bottom is-vertical is-content-justification-stretch is-layout-flex wp-container-core-group-is-layout-353c4f5a wp-block-group-is-layout-flex\">\n<h2 class=\"wp-block-heading\">Institution<\/h2>\n\n\n\n<h3 class=\"wp-block-heading has-contrast-2-color has-text-color has-link-color wp-elements-b9c0fc7a60c068ea341da2a1b0423b06\">Coh\u00e9rence &amp; Innovation<\/h3>\n\n\n\n<p>L\u2019UNIL mobilise sa force d\u2019innovation afin de stimuler et soutenir l&rsquo;\u00e9mergence de pratiques acad\u00e9miques et professionnelles s\u2019inscrivant dans les limites plan\u00e9taires. <\/p>\n\n\n\n<p>L&rsquo;UNIL promeut l\u2019excellence collective \u00e0 tous les niveaux et soutient activement la production de recherches sur les transformations soci\u00e9tales n\u00e9cessaires \u00e0&nbsp;l&rsquo;atteinte de la durabilit\u00e9.<\/p>\n\n\n\n<div class=\"wp-block-buttons is-layout-flex wp-block-buttons-is-layout-flex\">\n<div class=\"wp-block-button has-custom-font-size\" style=\"font-size:clamp(0.929rem, 0.929rem + ((1vw - 0.2rem) * 0.785), 1.4rem);\"><a class=\"wp-block-button__link has-base-2-color has-text-color has-link-color wp-element-button\" href=\"https:\/\/wp.unil.ch\/cap2037\/institution\/\">Objectifs institution<\/a><\/div>\n<\/div>\n<\/div>\n<\/div>\n\n\n\n<div class=\"wp-block-column is-layout-flow wp-block-column-is-layout-flow\" style=\"padding-top:var(--wp--preset--spacing--30);padding-bottom:var(--wp--preset--spacing--30)\">\n<div class=\"wp-block-group custom-align-bottom is-vertical is-content-justification-stretch is-layout-flex wp-container-core-group-is-layout-353c4f5a wp-block-group-is-layout-flex\">\n<h2 class=\"wp-block-heading\">Communaut\u00e9<\/h2>\n\n\n\n<h3 class=\"wp-block-heading has-contrast-2-color has-text-color has-link-color wp-elements-9296daa426ef11c6e0ed4d7e56906881\">Formation &amp; Exp\u00e9rimentation<\/h3>\n\n\n\n<p>L\u2019UNIL s\u2019appuie sur sa capacit\u00e9 de formation pour doter l\u2019ensemble de sa communaut\u00e9 de connaissances et comp\u00e9tences pratiques en mati\u00e8re de durabilit\u00e9.<\/p>\n\n\n\n<p>L&rsquo;UNIL est un lieu d&rsquo;exp\u00e9riences transformatrices qui contribue \u00e0 d\u00e9velopper des pratiques b\u00e9n\u00e9fiques \u00e0 la sant\u00e9 humaine et \u00e0 l\u2019environnement afin de renforcer la qualit\u00e9 de vie sur le campus.<\/p>\n\n\n\n<div class=\"wp-block-buttons is-layout-flex wp-block-buttons-is-layout-flex\">\n<div class=\"wp-block-button has-custom-font-size\" style=\"font-size:clamp(0.929rem, 0.929rem + ((1vw - 0.2rem) * 0.785), 1.4rem);\"><a class=\"wp-block-button__link has-base-2-color has-text-color has-link-color wp-element-button\" href=\"https:\/\/wp.unil.ch\/cap2037\/communaute\/\">Objectifs communaut\u00e9<\/a><\/div>\n<\/div>\n<\/div>\n<\/div>\n\n\n\n<div class=\"wp-block-column is-layout-flow wp-block-column-is-layout-flow\" style=\"padding-top:var(--wp--preset--spacing--30);padding-bottom:var(--wp--preset--spacing--30)\">\n<div class=\"wp-block-group custom-align-bottom is-vertical is-content-justification-left is-layout-flex wp-container-core-group-is-layout-7aba0d93 wp-block-group-is-layout-flex\" style=\"padding-top:0;padding-bottom:0\">\n<h2 class=\"wp-block-heading\">Soci\u00e9t\u00e9<\/h2>\n\n\n\n<h3 class=\"wp-block-heading has-contrast-2-color has-text-color has-link-color wp-elements-eae2e6eb922260907581d6a946f7291c\">Collaboration &amp; Expertise<\/h3>\n\n\n\n<p>L\u2019UNIL encourage la co-construction de savoirs appliqu\u00e9s sur la transformation socio-\u00e9cologique avec des acteurs et actrices de la soci\u00e9t\u00e9.<\/p>\n\n\n\n<p>L\u2019UNIL diffuse son expertise acad\u00e9mique et pratique en mati\u00e8re de durabilit\u00e9 et soutient activement la soci\u00e9t\u00e9 dans la transition.<\/p>\n\n\n\n<div class=\"wp-block-buttons is-layout-flex wp-block-buttons-is-layout-flex\">\n<div class=\"wp-block-button has-custom-font-size\" style=\"font-size:clamp(0.929rem, 0.929rem + ((1vw - 0.2rem) * 0.785), 1.4rem);\"><a class=\"wp-block-button__link has-base-2-color has-text-color has-link-color wp-element-button\" href=\"https:\/\/wp.unil.ch\/cap2037\/societe\/\">Objectifs soci\u00e9t\u00e9<\/a><\/div>\n<\/div>\n<\/div>\n<\/div>\n<\/div>\n<\/div>\n\n\n\n<hr class=\"wp-block-separator alignwide has-alpha-channel-opacity\" \/>\n\n\n\n<div class=\"wp-block-group bouton-left-align is-content-justification-center is-nowrap is-layout-flex wp-container-core-group-is-layout-2a323262 wp-block-group-is-layout-flex\" style=\"padding-right:var(--wp--preset--spacing--30);padding-left:var(--wp--preset--spacing--30)\">\n<div class=\"wp-block-buttons alignwide is-content-justification-center is-layout-flex wp-container-core-buttons-is-layout-e511ce0b wp-block-buttons-is-layout-flex\" style=\"margin-top:var(--wp--preset--spacing--30);margin-bottom:var(--wp--preset--spacing--30)\">\n<div class=\"wp-block-button has-custom-font-size bouton-left-align\" style=\"font-size:clamp(0.929rem, 0.929rem + ((1vw - 0.2rem) * 0.785), 1.4rem);\"><a class=\"wp-block-button__link has-base-2-color has-text-color has-link-color wp-element-button\" href=\"https:\/\/wp.unil.ch\/cap2037\/effets-attendus\">D\u00e9couvrez les effets attendus<\/a><\/div>\n<\/div>\n<\/div>\n\n\n\n<div class=\"wp-block-group has-global-padding is-layout-constrained wp-container-core-group-is-layout-6e22316b wp-block-group-is-layout-constrained\" style=\"margin-top:var(--wp--preset--spacing--50);margin-bottom:var(--wp--preset--spacing--50);padding-right:var(--wp--preset--spacing--30);padding-left:var(--wp--preset--spacing--30)\">\n<h2 class=\"wp-block-heading\">Des 50 ans du campus au 500 ans de l\u2019UNIL<\/h2>\n\n\n\n<p>\u00catre visionnaire, c\u2019est prendre aujourd\u2019hui des d\u00e9cisions qui fa\u00e7onneront notre avenir.<\/p>\n\n\n\n<p>Sortir l\u2019Universit\u00e9 de Lausanne de la Cit\u00e9 pour l\u2019implanter dans la campagne de Dorigny au d\u00e9but des ann\u00e9es 1970 \u00e9tait visionnaire. Il s\u2019agissait alors d\u2019anticiper les besoins de l\u2019Universit\u00e9 du XXI<sup>e<\/sup> si\u00e8cle.<\/p>\n\n\n\n<p>Le campus d\u2019aujourd\u2019hui doit beaucoup aux visionnaires de l\u2019\u00e9poque. Une urbanisation raisonn\u00e9e a permis de conserver le caract\u00e8re verdoyant qui fait la qualit\u00e9 du site. La galerie technique souterraine, pens\u00e9e d\u00e8s les premi\u00e8res constructions, permet aujourd&rsquo;hui de raccorder une nouvelle centrale de chauffe \u00e0 l&rsquo;eau du lac qui permettra \u00e0 l&rsquo;UNIL de se passer des \u00e9nergies fossiles d\u00e8s 2027.<\/p>\n\n\n\n<p>La strat\u00e9gie de transition de l\u2019UNIL CAP2037 s\u2019inscrit dans cet h\u00e9ritage.<\/p>\n\n\n\n<p>Il s\u2019agit pour l\u2019ensemble de la communaut\u00e9 universitaire d\u2019\u0153uvrer d\u00e8s maintenant pour qu\u2019en 2037, lors de son 500\u00e8me anniversaire, l\u2019UNIL soit sur une trajectoire compatible avec le respect de l\u2019Accord de Paris et des limites plan\u00e9taires.<\/p>\n\n\n\n<p>Avec CAP2037, l\u2019UNIL poursuit son engagement de longue date en faveur de la durabilit\u00e9, mais change la perspective. Il ne s\u2019agit plus de multiplier les actions puis de mesurer leurs effets, mais de d\u00e9finir clairement, en mobilisant les connaissances scientifiques les plus actuelles, les objectifs \u00e0 atteindre et les mesures \u00e0 mettre en place.<\/p>\n\n\n\n<p>L\u2019<a href=\"https:\/\/wp.unil.ch\/assemblee-transition\/\">Assembl\u00e9e de la transition<\/a>, suivie d\u2019une large consultation des diff\u00e9rentes composantes de la communaut\u00e9 universitaire, a permis de d\u00e9finir ensemble la feuille de route pour atteindre ce cap. <strong>Il en r\u00e9sulte 20 objectifs de transition<\/strong> qui touchent tous les domaines de l\u2019institution.<\/p>\n\n\n\n<p>Parvenir \u00e0 ces objectifs n\u00e9cessitera de questionner nos habitudes quotidiennes et de mobiliser toute notre cr\u00e9ativit\u00e9 pour inventer ensemble de nouvelles mani\u00e8res de travailler, faire de la recherche et d\u2019\u00e9tudier afin de construire une universit\u00e9 plus durable et plus juste.<\/p>\n\n\n\n<p>Nous nous r\u00e9jouissons de vous compter parmi nous pour vivre cette aventure.<\/p>\n<\/div>\n","protected":false},"excerpt":{"rendered":"<p>CAP2037 Institution | Communaut\u00e9 | Soci\u00e9t\u00e9 &#x2193; Institution Coh\u00e9rence &amp; Innovation L\u2019UNIL mobilise sa force d\u2019innovation afin de stimuler et soutenir l&rsquo;\u00e9mergence de pratiques acad\u00e9miques et professionnelles s\u2019inscrivant dans les limites plan\u00e9taires. L&rsquo;UNIL promeut l\u2019excellence collective \u00e0 tous les niveaux et soutient activement la production de recherches sur les transformations soci\u00e9tales n\u00e9cessaires \u00e0&nbsp;l&rsquo;atteinte de la [&hellip;]<\/p>\n","protected":false},"author":108,"featured_media":0,"parent":0,"menu_order":0,"comment_status":"closed","ping_status":"closed","template":"page-no-title","meta":{"_seopress_robots_primary_cat":"","_seopress_titles_title":"","_seopress_titles_desc":"","_seopress_robots_index":"","footnotes":""},"class_list":["post-6","page","type-page","status-publish"],"_links":{"self":[{"href":"https:\/\/wp.unil.ch\/cap2037\/wp-json\/wp\/v2\/pages\/6","targetHints":{"allow":["GET"]}}],"collection":[{"href":"https:\/\/wp.unil.ch\/cap2037\/wp-json\/wp\/v2\/pages"}],"about":[{"href":"https:\/\/wp.unil.ch\/cap2037\/wp-json\/wp\/v2\/types\/page"}],"author":[{"embeddable":true,"href":"https:\/\/wp.unil.ch\/cap2037\/wp-json\/wp\/v2\/users\/108"}],"replies":[{"embeddable":true,"href":"https:\/\/wp.unil.ch\/cap2037\/wp-json\/wp\/v2\/comments?post=6"}],"version-history":[{"count":8,"href":"https:\/\/wp.unil.ch\/cap2037\/wp-json\/wp\/v2\/pages\/6\/revisions"}],"predecessor-version":[{"id":1932,"href":"https:\/\/wp.unil.ch\/cap2037\/wp-json\/wp\/v2\/pages\/6\/revisions\/1932"}],"wp:attachment":[{"href":"https:\/\/wp.unil.ch\/cap2037\/wp-json\/wp\/v2\/media?parent=6"}],"curies":[{"name":"wp","href":"https:\/\/api.w.org\/{rel}","templated":true}]}}