{"id":288,"date":"2024-04-26T14:30:56","date_gmt":"2024-04-26T12:30:56","guid":{"rendered":"https:\/\/wp.unil.ch\/cap2037\/?page_id=288"},"modified":"2024-07-02T13:51:20","modified_gmt":"2024-07-02T11:51:20","slug":"societe","status":"publish","type":"page","link":"https:\/\/wp.unil.ch\/cap2037\/societe\/","title":{"rendered":"Soci\u00e9t\u00e9"},"content":{"rendered":"\n<div class=\"wp-block-group has-global-padding is-content-justification-left is-layout-constrained wp-container-core-group-is-layout-6ab53731 wp-block-group-is-layout-constrained\" style=\"margin-top:0;margin-bottom:var(--wp--preset--spacing--30);padding-top:var(--wp--preset--spacing--30);padding-right:0;padding-bottom:var(--wp--preset--spacing--30);padding-left:0;font-size:clamp(1.039rem, 1.039rem + ((1vw - 0.2rem) * 0.935), 1.6rem);\">\n<h2 class=\"wp-block-heading is-style-default\">Collaboration &amp; Expertise<\/h2>\n\n\n\n<p>L\u2019UNIL encourage la co-construction de savoirs appliqu\u00e9s sur la transformation socio-\u00e9cologique avec des acteurs et actrices de la soci\u00e9t\u00e9.<\/p>\n\n\n\n<p>L\u2019UNIL diffuse son expertise acad\u00e9mique et pratique en mati\u00e8re de durabilit\u00e9 et soutient activement la soci\u00e9t\u00e9 dans la transition.<\/p>\n<\/div>\n\n\n\n<div class=\"wp-block-group alignfull has-global-padding is-layout-constrained wp-container-core-group-is-layout-c72e0af5 wp-block-group-is-layout-constrained\" style=\"padding-top:var(--wp--preset--spacing--10);padding-right:var(--wp--preset--spacing--20);padding-bottom:var(--wp--preset--spacing--30);padding-left:var(--wp--preset--spacing--20)\">\n<h2 class=\"wp-block-heading is-style-default\">Objectifs \u00e0 2037<\/h2>\n\n\n\n<div class=\"wp-block-group is-vertical is-content-justification-left is-layout-flex wp-container-core-group-is-layout-0c39fd5e wp-block-group-is-layout-flex\">\n<details class=\"wp-block-details is-style-default is-layout-flow wp-container-core-details-is-layout-8a368f38 wp-block-details-is-layout-flow\"><summary>Accentuer la co-production de connaissances sur la transition utiles aux acteur\u00b7trices de la soci\u00e9t\u00e9<\/summary>\n<div class=\"wp-block-group has-global-padding is-layout-constrained wp-block-group-is-layout-constrained\" style=\"padding-top:0;padding-bottom:0\">\n<div class=\"wp-block-group has-global-padding is-layout-constrained wp-block-group-is-layout-constrained\" style=\"padding-top:var(--wp--preset--spacing--10);padding-bottom:var(--wp--preset--spacing--10)\">\n<h4 class=\"wp-block-heading has-base-2-color has-contrast-3-background-color has-text-color has-background has-link-color wp-elements-702d939c01cceec0b54b5c38d11f567b\" style=\"padding-top:var(--wp--preset--spacing--10);padding-right:var(--wp--preset--spacing--10);padding-bottom:var(--wp--preset--spacing--10);padding-left:var(--wp--preset--spacing--10)\">Contexte<\/h4>\n\n\n\n<p>Avec l&rsquo;enseignement et la recherche, le service \u00e0 la soci\u00e9t\u00e9 fait partie des trois missions fondamentales des universit\u00e9s. Celui-ci passe notamment par la diffusion des savoirs, la m\u00e9diation scientifique, l&rsquo;accompagnement des acteur\u00b7trices du terrain et la recherche partenariale.<\/p>\n\n\n\n<p>L&rsquo;UNIL est d\u00e9j\u00e0 particuli\u00e8rement active dans ces diff\u00e9rents domaines. Elle dispose notamment d&rsquo;un <a href=\"https:\/\/www.unil.ch\/scms\/home.html\" target=\"_blank\" rel=\"noreferrer noopener\">Service Culture et M\u00e9diation scientifique<\/a> (SCMS) et d&rsquo;un tout nouveau fonds \u00ab\u00a0<a href=\"https:\/\/www.unil.ch\/interface\/home.html\">Interface<\/a>\u00a0\u00bb destin\u00e9 \u00e0 stimuler les recherches partenariales. Certains de ces dispositifs sont sp\u00e9cifiquement orient\u00e9s sur la durabilit\u00e9, comme les programmes de recherche-action <a href=\"https:\/\/www.unil.ch\/interface\/home\/menuinst\/projects.html#contenu-responsive\">Volteface<\/a>.<\/p>\n\n\n\n<p>Il s\u2019agit de valoriser les dispositifs existants et diversifier les modes d&rsquo;interactions&nbsp;pour renforcer les liens entre l\u2019UNIL et la soci\u00e9t\u00e9 au b\u00e9n\u00e9fice de la transition.<\/p>\n<\/div>\n\n\n\n<div class=\"wp-block-group has-global-padding is-layout-constrained wp-block-group-is-layout-constrained\" style=\"padding-top:var(--wp--preset--spacing--10);padding-bottom:var(--wp--preset--spacing--10)\">\n<h4 class=\"wp-block-heading has-base-2-color has-contrast-3-background-color has-text-color has-background has-link-color wp-elements-e32b5e67d208f4e1ef5c502552d8166d\" style=\"padding-top:var(--wp--preset--spacing--20);padding-right:var(--wp--preset--spacing--20);padding-bottom:var(--wp--preset--spacing--20);padding-left:var(--wp--preset--spacing--20)\">Effets attendus d\u2019ici 2037<\/h4>\n\n\n\n<p>Non quantifiable, mais n\u00e9cessaire pour atteindre les autres objectifs.<\/p>\n\n\n\n<hr class=\"wp-block-separator has-alpha-channel-opacity is-style-wide\" \/>\n<\/div>\n\n\n\n<div class=\"wp-block-group has-global-padding is-layout-constrained wp-container-core-group-is-layout-889ed5b7 wp-block-group-is-layout-constrained\" style=\"padding-top:0;padding-right:0;padding-bottom:var(--wp--preset--spacing--20);padding-left:0\">\n<h4 class=\"wp-block-heading\">Co-b\u00e9n\u00e9fices<\/h4>\n\n\n\n<ul class=\"wp-block-list\" style=\"padding-top:0;padding-bottom:0\">\n<li>Ouverture de nouveaux champs de recherche.<\/li>\n\n\n\n<li>Cr\u00e9ations de nouveaux r\u00e9seaux de partenaires.<\/li>\n<\/ul>\n\n\n\n<h4 class=\"wp-block-heading\">Points de vigilance<\/h4>\n\n\n\n<ul class=\"wp-block-list\" style=\"padding-top:0;padding-bottom:0\">\n<li>La reconnaissance acad\u00e9mique des recherches de type recherche partenariales est encore \u00e0 d\u00e9velopper.<\/li>\n<\/ul>\n\n\n\n<h4 class=\"wp-block-heading is-style-default\">Opportunit\u00e9s<\/h4>\n\n\n\n<ul class=\"wp-block-list\" style=\"padding-top:0;padding-bottom:0\">\n<li>Renforcer l&rsquo;image de l&rsquo;UNIL et de la science en g\u00e9n\u00e9rale aupr\u00e8s des&nbsp;acteur\u00b7trices&nbsp;de la soci\u00e9t\u00e9.<\/li>\n<\/ul>\n<\/div>\n<\/div>\n<\/details>\n<\/div>\n<\/div>\n\n\n\n<div class=\"wp-block-group alignwide has-global-padding is-layout-constrained wp-container-core-group-is-layout-3e31db4b wp-block-group-is-layout-constrained\" style=\"padding-top:var(--wp--preset--spacing--50);padding-right:var(--wp--preset--spacing--30);padding-bottom:var(--wp--preset--spacing--20);padding-left:var(--wp--preset--spacing--30)\">\n<hr class=\"wp-block-separator has-alpha-channel-opacity is-style-wide\" \/>\n\n\n\n<div class=\"wp-block-columns is-layout-flex wp-container-core-columns-is-layout-8d88fe0f wp-block-columns-is-layout-flex\" style=\"padding-top:var(--wp--preset--spacing--20);padding-bottom:var(--wp--preset--spacing--20)\">\n<div class=\"wp-block-column is-layout-flow wp-block-column-is-layout-flow\">\n<div class=\"wp-block-buttons bouton-left-align is-content-justification-center is-layout-flex wp-container-core-buttons-is-layout-a89b3969 wp-block-buttons-is-layout-flex\">\n<div class=\"wp-block-button has-custom-font-size\" style=\"font-size:clamp(0.929rem, 0.929rem + ((1vw - 0.2rem) * 0.785), 1.4rem);\"><a class=\"wp-block-button__link has-base-2-color has-text-color has-link-color wp-element-button\" href=\"https:\/\/wp.unil.ch\/cap2037\/institution\/\">Objectifs institution<\/a><\/div>\n<\/div>\n<\/div>\n\n\n\n<div class=\"wp-block-column is-layout-flow wp-block-column-is-layout-flow\">\n<div class=\"wp-block-buttons bouton-left-align is-content-justification-center is-layout-flex wp-container-core-buttons-is-layout-a89b3969 wp-block-buttons-is-layout-flex\">\n<div class=\"wp-block-button has-custom-font-size\" style=\"font-size:clamp(0.929rem, 0.929rem + ((1vw - 0.2rem) * 0.785), 1.4rem);\"><a class=\"wp-block-button__link has-base-2-color has-text-color has-link-color wp-element-button\" href=\"https:\/\/wp.unil.ch\/cap2037\/communaute\/\">Objectifs communaut\u00e9<\/a><\/div>\n<\/div>\n<\/div>\n\n\n\n<div class=\"wp-block-column is-layout-flow wp-block-column-is-layout-flow\">\n<div class=\"wp-block-buttons bouton-left-align is-content-justification-center is-layout-flex wp-container-core-buttons-is-layout-a89b3969 wp-block-buttons-is-layout-flex\">\n<div class=\"wp-block-button has-custom-font-size\" style=\"font-size:clamp(0.929rem, 0.929rem + ((1vw - 0.2rem) * 0.785), 1.4rem);\"><a class=\"wp-block-button__link has-base-2-color has-text-color has-link-color wp-element-button\" href=\"https:\/\/wp.unil.ch\/cap2037\/societe\/\">Objectifs soci\u00e9t\u00e9<\/a><\/div>\n<\/div>\n<\/div>\n<\/div>\n<\/div>\n","protected":false},"excerpt":{"rendered":"<p>Collaboration &amp; Expertise L\u2019UNIL encourage la co-construction de savoirs appliqu\u00e9s sur la transformation socio-\u00e9cologique avec des acteurs et actrices de la soci\u00e9t\u00e9. L\u2019UNIL diffuse son expertise acad\u00e9mique et pratique en mati\u00e8re de durabilit\u00e9 et soutient activement la soci\u00e9t\u00e9 dans la transition. Objectifs \u00e0 2037<\/p>\n","protected":false},"author":108,"featured_media":0,"parent":0,"menu_order":0,"comment_status":"closed","ping_status":"closed","template":"yellow","meta":{"_seopress_robots_primary_cat":"","_seopress_titles_title":"","_seopress_titles_desc":"","_seopress_robots_index":"","footnotes":""},"class_list":["post-288","page","type-page","status-publish"],"_links":{"self":[{"href":"https:\/\/wp.unil.ch\/cap2037\/wp-json\/wp\/v2\/pages\/288","targetHints":{"allow":["GET"]}}],"collection":[{"href":"https:\/\/wp.unil.ch\/cap2037\/wp-json\/wp\/v2\/pages"}],"about":[{"href":"https:\/\/wp.unil.ch\/cap2037\/wp-json\/wp\/v2\/types\/page"}],"author":[{"embeddable":true,"href":"https:\/\/wp.unil.ch\/cap2037\/wp-json\/wp\/v2\/users\/108"}],"replies":[{"embeddable":true,"href":"https:\/\/wp.unil.ch\/cap2037\/wp-json\/wp\/v2\/comments?post=288"}],"version-history":[{"count":4,"href":"https:\/\/wp.unil.ch\/cap2037\/wp-json\/wp\/v2\/pages\/288\/revisions"}],"predecessor-version":[{"id":1618,"href":"https:\/\/wp.unil.ch\/cap2037\/wp-json\/wp\/v2\/pages\/288\/revisions\/1618"}],"wp:attachment":[{"href":"https:\/\/wp.unil.ch\/cap2037\/wp-json\/wp\/v2\/media?parent=288"}],"curies":[{"name":"wp","href":"https:\/\/api.w.org\/{rel}","templated":true}]}}