{"id":276,"date":"2024-04-26T14:29:00","date_gmt":"2024-04-26T12:29:00","guid":{"rendered":"https:\/\/wp.unil.ch\/cap2037\/?page_id=276"},"modified":"2025-03-18T15:45:49","modified_gmt":"2025-03-18T14:45:49","slug":"processus","status":"publish","type":"page","link":"https:\/\/wp.unil.ch\/cap2037\/processus\/","title":{"rendered":"Processus"},"content":{"rendered":"\n<div class=\"wp-block-group has-global-padding is-content-justification-left is-layout-constrained wp-container-core-group-is-layout-abd26835 wp-block-group-is-layout-constrained\" style=\"margin-bottom:var(--wp--preset--spacing--30);padding-top:var(--wp--preset--spacing--30);padding-bottom:var(--wp--preset--spacing--30);font-size:clamp(1.039rem, 1.039rem + ((1vw - 0.2rem) * 0.935), 1.6rem);\">\n<h2 class=\"wp-block-heading\">Une trajectoire collective<\/h2>\n\n\n\n<p>Respecter les limites plan\u00e9taires implique pour l&rsquo;UNIL de fixer des objectifs et un cap \u00e0 suivre pour y parvenir. Cela permet de questionner le pr\u00e9sent, d&rsquo;orienter certaines d\u00e9cisions \u00e0 venir et de construire l&rsquo;Universit\u00e9 de l&rsquo;avenir.<\/p>\n\n\n\n<p>Il s\u2019agit d\u2019un travail au long court qui requiert l\u2019implication de toutes les composantes de l\u2019institution afin de s\u2019ancrer sur l\u2019intelligence collective et la force d\u2019innovation socio-\u00e9cologique de la communaut\u00e9 UNIL.<\/p>\n<\/div>\n\n\n\n<div class=\"wp-block-group has-global-padding is-layout-constrained wp-block-group-is-layout-constrained\">\n<h2 class=\"wp-block-heading\" style=\"margin-top:var(--wp--preset--spacing--40);margin-bottom:var(--wp--preset--spacing--40)\">Principales \u00e9tapes<\/h2>\n\n\n\n<div class=\"wp-block-group alignfull has-global-padding is-layout-constrained wp-container-core-group-is-layout-58b5d657 wp-block-group-is-layout-constrained\" style=\"margin-top:0;margin-bottom:0;padding-top:var(--wp--preset--spacing--40);padding-right:0;padding-bottom:var(--wp--preset--spacing--40);padding-left:0\">\n<div class=\"wp-block-columns alignwide is-layout-flex wp-container-core-columns-is-layout-ff4b9c61 wp-block-columns-is-layout-flex\" style=\"margin-top:0;margin-bottom:0\">\n<div class=\"wp-block-column is-layout-flow wp-container-core-column-is-layout-bf43075d wp-block-column-is-layout-flow\" style=\"padding-right:var(--wp--preset--spacing--10);padding-left:var(--wp--preset--spacing--10)\">\n<div class=\"wp-block-group has-global-padding is-layout-constrained wp-block-group-is-layout-constrained\">\n<p class=\"has-text-align-center animated-number\">1<\/p>\n\n\n\n<h3 class=\"wp-block-heading\" style=\"margin-bottom:var(--wp--preset--spacing--30)\">D\u00e9clinaison du <a href=\"https:\/\/wp.unil.ch\/cap2037\/diagnostic\/\" data-type=\"page\" data-id=\"273\">cadre conceptuel du Donut<\/a> \u00e0 l\u2019\u00e9chelle de l\u2019UNIL<\/h3>\n\n\n\n<figure class=\"wp-block-image size-full\"><img alt=\"\" loading=\"lazy\" decoding=\"async\" width=\"2278\" height=\"2330\" src=\"https:\/\/wp.unil.ch\/cap2037\/files\/2024\/05\/Donut_NOlegende.png\" alt=\"\" class=\"wp-image-1398\" srcset=\"https:\/\/wp.unil.ch\/cap2037\/files\/2024\/05\/Donut_NOlegende.png 2278w, https:\/\/wp.unil.ch\/cap2037\/files\/2024\/05\/Donut_NOlegende-293x300.png 293w, https:\/\/wp.unil.ch\/cap2037\/files\/2024\/05\/Donut_NOlegende-1001x1024.png 1001w, https:\/\/wp.unil.ch\/cap2037\/files\/2024\/05\/Donut_NOlegende-768x786.png 768w, https:\/\/wp.unil.ch\/cap2037\/files\/2024\/05\/Donut_NOlegende-1502x1536.png 1502w, https:\/\/wp.unil.ch\/cap2037\/files\/2024\/05\/Donut_NOlegende-2002x2048.png 2002w\" sizes=\"auto, (max-width: 2278px) 100vw, 2278px\" \/><figcaption class=\"wp-element-caption\"><strong>Le Donut de l\u2019UNIL<\/strong><br>Repr\u00e9sentation des impacts \u00e9cologiques de l\u2019UNIL et de son p\u00e9rim\u00e8tre de responsabilit\u00e9.<\/figcaption><\/figure>\n<\/div>\n<\/div>\n\n\n\n<div class=\"wp-block-column is-layout-flow wp-container-core-column-is-layout-bf43075d wp-block-column-is-layout-flow\" style=\"padding-right:var(--wp--preset--spacing--10);padding-left:var(--wp--preset--spacing--10)\">\n<div style=\"height:var(--wp--preset--spacing--60)\" aria-hidden=\"true\" class=\"wp-block-spacer noshowmobile\"><\/div>\n\n\n\n<div style=\"height:var(--wp--preset--spacing--60)\" aria-hidden=\"true\" class=\"wp-block-spacer noshowmobile\"><\/div>\n\n\n\n<div class=\"wp-block-group has-global-padding is-layout-constrained wp-block-group-is-layout-constrained\">\n<h4 class=\"wp-block-heading has-text-align-center animated-number\" style=\"margin-top:var(--wp--preset--spacing--10);margin-bottom:var(--wp--preset--spacing--10)\">2<\/h4>\n\n\n\n<h3 class=\"wp-block-heading\" style=\"margin-bottom:var(--wp--preset--spacing--30)\">Cr\u00e9ation de l\u2019Assembl\u00e9e de la transition<\/h3>\n\n\n\n<p>Durant l\u2019ann\u00e9e acad\u00e9mique 2022 \u2013 2023, l\u2019Assembl\u00e9e de la transition a r\u00e9uni 60 personnes tir\u00e9es au sort au sein de la communaut\u00e9 universitaire afin d\u2019en refl\u00e9ter au mieux la diversit\u00e9.<\/p>\n\n\n\n<p>Apr\u00e8s s\u2019\u00eatre familiaris\u00e9s avec les grands enjeux de la transition \u00e9cologique et sociale, les membres de l\u2019Assembl\u00e9e ont examin\u00e9 le diagnostic des impacts environnementaux de l\u2019UNIL. Gr\u00e2ce \u00e0 ce travail pr\u00e9alable, ils et elles ont pu faire \u00e9merger, ensemble, des pistes d\u2019actions pour ramener les impacts de l\u2019UNIL dans les limites plan\u00e9taires.<\/p>\n\n\n\n<figure class=\"wp-block-embed is-type-video is-provider-youtube wp-block-embed-youtube wp-embed-aspect-16-9 wp-has-aspect-ratio\"><div class=\"wp-block-embed__wrapper\">\n<iframe loading=\"lazy\" title=\"Le film sur l&#039;Assembl\u00e9e de la transition de l&#039;UNIL\" width=\"500\" height=\"281\" src=\"https:\/\/www.youtube.com\/embed\/H_av-wRHH1Q?feature=oembed\" frameborder=\"0\" allow=\"accelerometer; autoplay; clipboard-write; encrypted-media; gyroscope; picture-in-picture; web-share\" referrerpolicy=\"strict-origin-when-cross-origin\" allowfullscreen><\/iframe>\n<\/div><\/figure>\n<\/div>\n<\/div>\n<\/div>\n\n\n\n<div class=\"wp-block-columns alignwide is-layout-flex wp-container-core-columns-is-layout-ff4b9c61 wp-block-columns-is-layout-flex\" style=\"margin-top:0;margin-bottom:0\">\n<div class=\"wp-block-column is-layout-flow wp-container-core-column-is-layout-bf43075d wp-block-column-is-layout-flow\" style=\"padding-right:var(--wp--preset--spacing--10);padding-left:var(--wp--preset--spacing--10)\">\n<div style=\"height:var(--wp--preset--spacing--20)\" aria-hidden=\"true\" class=\"wp-block-spacer\"><\/div>\n\n\n\n<div class=\"wp-block-group has-global-padding is-layout-constrained wp-block-group-is-layout-constrained\">\n<h4 class=\"wp-block-heading has-text-align-center animated-number\" style=\"padding-top:var(--wp--preset--spacing--10);padding-bottom:var(--wp--preset--spacing--10)\">3<\/h4>\n\n\n\n<h3 class=\"wp-block-heading\" style=\"margin-bottom:var(--wp--preset--spacing--30)\">Rapport final de l\u2019Assembl\u00e9e de la transition<\/h3>\n\n\n\n<p>En septembre 2023, l\u2019Assembl\u00e9e a remis \u00e0 la Direction de l\u2019UNIL son rapport final comportant 28 objectifs strat\u00e9giques et 146 pistes d\u2019actions.<\/p>\n\n\n\n<p style=\"margin-bottom:var(--wp--preset--spacing--30)\">L\u2019Assembl\u00e9e a \u00e9t\u00e9 dissoute en novembre 2023, au terme de son mandat, mais son rapport a \u00e9t\u00e9 central pour \u00e9tablir la strat\u00e9gie de transition CAP2037 et les pistes d\u2019actions propos\u00e9es demeurent une riche source d\u2019inspiration pour les ann\u00e9es \u00e0 venir.<\/p>\n<\/div>\n\n\n\n<figure class=\"wp-block-image size-large is-resized\"><a href=\"https:\/\/wp.unil.ch\/cap2037\/files\/2024\/05\/Rapport_Assemblee_Transition.pdf\"><img alt=\"\" loading=\"lazy\" decoding=\"async\" width=\"728\" height=\"1024\" src=\"https:\/\/wp.unil.ch\/cap2037\/files\/2024\/05\/Rapport_Assemblee_Transition-728x1024.jpg\" alt=\"\" class=\"wp-image-1142\" style=\"width:256px\" srcset=\"https:\/\/wp.unil.ch\/cap2037\/files\/2024\/05\/Rapport_Assemblee_Transition-728x1024.jpg 728w, https:\/\/wp.unil.ch\/cap2037\/files\/2024\/05\/Rapport_Assemblee_Transition-213x300.jpg 213w, https:\/\/wp.unil.ch\/cap2037\/files\/2024\/05\/Rapport_Assemblee_Transition-768x1080.jpg 768w, https:\/\/wp.unil.ch\/cap2037\/files\/2024\/05\/Rapport_Assemblee_Transition.jpg 853w\" sizes=\"auto, (max-width: 728px) 100vw, 728px\" \/><\/a><figcaption class=\"wp-element-caption\"><strong>T\u00e9l\u00e9chargez le rapport <\/strong><\/figcaption><\/figure>\n<\/div>\n\n\n\n<div class=\"wp-block-column is-layout-flow wp-container-core-column-is-layout-bf43075d wp-block-column-is-layout-flow\" style=\"padding-right:var(--wp--preset--spacing--10);padding-left:var(--wp--preset--spacing--10)\">\n<div style=\"height:var(--wp--preset--spacing--60)\" aria-hidden=\"true\" class=\"wp-block-spacer noshowmobile\"><\/div>\n\n\n\n<div style=\"height:var(--wp--preset--spacing--60)\" aria-hidden=\"true\" class=\"wp-block-spacer noshowmobile\"><\/div>\n\n\n\n<div style=\"height:var(--wp--preset--spacing--60)\" aria-hidden=\"true\" class=\"wp-block-spacer noshowmobile\"><\/div>\n\n\n\n<div class=\"wp-block-group has-global-padding is-layout-constrained wp-block-group-is-layout-constrained\">\n<h4 class=\"wp-block-heading has-text-align-center animated-number\" style=\"margin-top:var(--wp--preset--spacing--10);margin-bottom:var(--wp--preset--spacing--10)\">4<\/h4>\n\n\n\n<h3 class=\"wp-block-heading\" style=\"margin-bottom:var(--wp--preset--spacing--30)\">\u00c9laboration des objectifs de transition de l\u2019UNIL<\/h3>\n\n\n\n<p>Sur la base des propositions formul\u00e9es par l\u2019Assembl\u00e9e et des premiers retours des services centraux et des facult\u00e9s, le Centre de comp\u00e9tences en durabilit\u00e9 de l\u2019UNIL a formul\u00e9 une premi\u00e8re s\u00e9rie d\u2019objectifs de transition. <\/p>\n\n\n\n<p>Une attention particuli\u00e8re a alors \u00e9t\u00e9 port\u00e9e \u00e0&nbsp;:<\/p>\n\n\n\n<ul class=\"wp-block-list\">\n<li>La quantification des r\u00e9ductions d\u2019impacts attendus.<\/li>\n\n\n\n<li>La coh\u00e9rence des objectifs entre eux.<\/li>\n\n\n\n<li>L\u2019alignement avec des politiques sup\u00e9rieures.<\/li>\n\n\n\n<li>L\u2019ancrage scientifique.<\/li>\n<\/ul>\n\n\n\n<p>Ces objectifs ont \u00e9t\u00e9 valid\u00e9s par la Direction en janvier 2024 afin de servir de base \u00e0 une large consultation des diff\u00e9rentes composantes de la communaut\u00e9.<\/p>\n<\/div>\n<\/div>\n<\/div>\n\n\n\n<div class=\"wp-block-columns alignwide is-layout-flex wp-container-core-columns-is-layout-ff4b9c61 wp-block-columns-is-layout-flex\" style=\"margin-top:0;margin-bottom:0\">\n<div class=\"wp-block-column is-layout-flow wp-container-core-column-is-layout-bf43075d wp-block-column-is-layout-flow\" style=\"padding-right:var(--wp--preset--spacing--10);padding-left:var(--wp--preset--spacing--10)\">\n<div style=\"height:var(--wp--preset--spacing--20)\" aria-hidden=\"true\" class=\"wp-block-spacer\"><\/div>\n\n\n\n<div class=\"wp-block-group has-global-padding is-layout-constrained wp-block-group-is-layout-constrained\">\n<h4 class=\"wp-block-heading has-text-align-center animated-number\" style=\"margin-top:var(--wp--preset--spacing--10);margin-bottom:var(--wp--preset--spacing--10)\">5<\/h4>\n\n\n\n<h3 class=\"wp-block-heading\" style=\"margin-bottom:var(--wp--preset--spacing--30)\">Consultation sur les objectifs de transition de l\u2019UNIL<\/h3>\n\n\n\n<p>Durant les mois de f\u00e9vrier et mars 2024, tous les services centraux de l\u2019UNIL ont particip\u00e9 \u00e0 des ateliers sur les objectifs propos\u00e9s par la Direction. Le Vice-recteur Transition \u00e9cologique &amp; Campus et son \u00e9quipe ont \u00e9galement rencontr\u00e9 les sept d\u00e9canats individuellement. Enfin, plusieurs consultations cibl\u00e9es ont \u00e9t\u00e9 organis\u00e9es avec la Commission du personnel, l\u2019Association du corps interm\u00e9diaire et des doctorant\u00b7es, la F\u00e9d\u00e9ration des associations d\u2019\u00e9tudiant\u00b7es ainsi que deux consultations ouvertes \u00e0 toutes et tous.<\/p>\n\n\n\n<figure class=\"wp-block-image size-large is-resized\"><img alt=\"\" loading=\"lazy\" decoding=\"async\" width=\"724\" height=\"1024\" src=\"https:\/\/wp.unil.ch\/cap2037\/files\/2024\/05\/Moutons-724x1024.jpg\" alt=\"\" class=\"wp-image-1309\" style=\"width:256px\" srcset=\"https:\/\/wp.unil.ch\/cap2037\/files\/2024\/05\/Moutons-724x1024.jpg 724w, https:\/\/wp.unil.ch\/cap2037\/files\/2024\/05\/Moutons-212x300.jpg 212w, https:\/\/wp.unil.ch\/cap2037\/files\/2024\/05\/Moutons-768x1086.jpg 768w, https:\/\/wp.unil.ch\/cap2037\/files\/2024\/05\/Moutons.jpg 849w\" sizes=\"auto, (max-width: 724px) 100vw, 724px\" \/><\/figure>\n<\/div>\n<\/div>\n\n\n\n<div class=\"wp-block-column is-layout-flow wp-container-core-column-is-layout-bf43075d wp-block-column-is-layout-flow\" style=\"padding-right:var(--wp--preset--spacing--10);padding-left:var(--wp--preset--spacing--10)\">\n<div style=\"height:var(--wp--preset--spacing--60)\" aria-hidden=\"true\" class=\"wp-block-spacer noshowmobile\"><\/div>\n\n\n\n<div style=\"height:var(--wp--preset--spacing--60)\" aria-hidden=\"true\" class=\"wp-block-spacer noshowmobile\"><\/div>\n\n\n\n<div style=\"height:var(--wp--preset--spacing--60)\" aria-hidden=\"true\" class=\"wp-block-spacer noshowmobile\"><\/div>\n\n\n\n<div style=\"height:var(--wp--preset--spacing--60)\" aria-hidden=\"true\" class=\"wp-block-spacer noshowmobile\"><\/div>\n\n\n\n<div class=\"wp-block-group has-global-padding is-layout-constrained wp-block-group-is-layout-constrained\">\n<h4 class=\"wp-block-heading has-text-align-center animated-number\" style=\"margin-top:var(--wp--preset--spacing--10);margin-bottom:var(--wp--preset--spacing--10)\">6<\/h4>\n\n\n\n<h3 class=\"wp-block-heading\" style=\"margin-bottom:var(--wp--preset--spacing--30)\">CAP2037<\/h3>\n\n\n\n<p>Les retours obtenus lors des consultations ont permis de consolider les objectifs afin d\u2019aboutir aux 20 <a href=\"https:\/\/wp.unil.ch\/cap2037#main-content\" data-type=\"page\" data-id=\"6\">objectifs de transition CAP2037<\/a> couvrant l\u2019ensemble des activit\u00e9s de l\u2019Universit\u00e9.<\/p>\n\n\n\n<p>Les co-b\u00e9n\u00e9fices, points de vigilance et opportunit\u00e9s associ\u00e9s \u00e0 chaque objectif sont issus des consultations men\u00e9es.<\/p>\n\n\n\n<p>Cette feuille de route permet d\u2019orienter l\u2019ensemble de la communaut\u00e9 dans l\u2019\u00e9laboration des mesures contribuant \u00e0 la transition de l\u2019institution. &nbsp;<\/p>\n<\/div>\n<\/div>\n<\/div>\n\n\n\n<div class=\"wp-block-columns alignwide is-layout-flex wp-container-core-columns-is-layout-ff4b9c61 wp-block-columns-is-layout-flex\" style=\"margin-top:0;margin-bottom:0\">\n<div class=\"wp-block-column is-layout-flow wp-container-core-column-is-layout-bf43075d wp-block-column-is-layout-flow\" style=\"padding-right:var(--wp--preset--spacing--10);padding-left:var(--wp--preset--spacing--10)\">\n<div style=\"height:var(--wp--preset--spacing--20)\" aria-hidden=\"true\" class=\"wp-block-spacer\"><\/div>\n\n\n\n<div class=\"wp-block-group has-global-padding is-layout-constrained wp-block-group-is-layout-constrained\">\n<h4 class=\"wp-block-heading has-text-align-center animated-number\" style=\"margin-top:var(--wp--preset--spacing--10);margin-bottom:var(--wp--preset--spacing--10)\">7<\/h4>\n\n\n\n<h3 class=\"wp-block-heading\" style=\"margin-bottom:var(--wp--preset--spacing--30)\">Donut de l\u2019UNIL&nbsp;: \u00e9dition 2023<\/h3>\n\n\n\n<p>Afin d\u2019\u00e9valuer le chemin qu\u2019il reste \u00e0 parcourir mais aussi les progr\u00e8s accomplis, le Donut de l\u2019UNIL sera mis \u00e0 jour p\u00e9riodiquement. Une version bas\u00e9e sur les donn\u00e9es de 2023 est <a href=\"https:\/\/www.unil.ch\/files\/live\/sites\/unil\/files\/02-universite\/0205-transition-ecologique\/Donut\/Donut_2023_VF.pdf\">actuellement disponible ici<\/a>.<\/p>\n<\/div>\n<\/div>\n\n\n\n<div class=\"wp-block-column is-layout-flow wp-container-core-column-is-layout-bf43075d wp-block-column-is-layout-flow\" style=\"padding-right:var(--wp--preset--spacing--10);padding-left:var(--wp--preset--spacing--10)\">\n<div style=\"height:168px\" aria-hidden=\"true\" class=\"wp-block-spacer noshowmobile\"><\/div>\n\n\n\n<div style=\"height:168px\" aria-hidden=\"true\" class=\"wp-block-spacer noshowmobile\"><\/div>\n\n\n\n<div class=\"wp-block-group has-global-padding is-layout-constrained wp-block-group-is-layout-constrained\">\n<h4 class=\"wp-block-heading has-text-align-center animated-number\" style=\"margin-top:var(--wp--preset--spacing--10);margin-bottom:var(--wp--preset--spacing--10)\">8<\/h4>\n\n\n\n<h3 class=\"wp-block-heading\" style=\"margin-bottom:var(--wp--preset--spacing--30)\">Mesures et mise en \u0153uvre<\/h3>\n\n\n\n<p>Un large dispositif sera mis en place d\u00e8s l\u2019automne 2024 pour accompagner les entit\u00e9s de l\u2019UNIL afin qu\u2019elles puissent imaginer et mettre en \u0153uvre \u00e0 leur niveau des mesures permettant d\u2019atteindre les objectifs de transition CAP2037.<\/p>\n\n\n\n<p>Ces mesures viseront \u00e0 modifier les fonctionnements actuels pour les rendre plus durables et \u00e9viteront au maximum de venir s\u2019ajouter \u00e0 ceux existant d\u00e9j\u00e0.<\/p>\n<\/div>\n<\/div>\n<\/div>\n\n\n\n<div class=\"wp-block-columns alignwide is-layout-flex wp-container-core-columns-is-layout-ff4b9c61 wp-block-columns-is-layout-flex\" style=\"margin-top:0;margin-bottom:0\">\n<div class=\"wp-block-column is-layout-flow wp-container-core-column-is-layout-bf43075d wp-block-column-is-layout-flow\" style=\"padding-right:var(--wp--preset--spacing--10);padding-left:var(--wp--preset--spacing--10)\">\n<div class=\"wp-block-group has-global-padding is-layout-constrained wp-block-group-is-layout-constrained\">\n<h4 class=\"wp-block-heading has-text-align-center animated-number\" style=\"margin-top:var(--wp--preset--spacing--10);margin-bottom:var(--wp--preset--spacing--10)\">9<\/h4>\n\n\n\n<h3 class=\"wp-block-heading\" style=\"margin-bottom:var(--wp--preset--spacing--30)\">Prochaines \u00e9tapes<\/h3>\n\n\n\n<p>La transition \u00e9tant un processus dynamique par essence, CAP2037 sera amen\u00e9 \u00e0 \u00e9voluer.<\/p>\n\n\n\n<p>En fonction de l\u2019\u00e9volution des connaissances scientifiques et des donn\u00e9es disponibles, certains objectifs pourront \u00eatre ajust\u00e9s. Une fois la partie sociale du Donut UNIL renseign\u00e9e, des objectifs permettant d\u2019assurer un plancher social \u00e0 l\u2019ensemble de la communaut\u00e9 universitaire seront ajout\u00e9s.<\/p>\n<\/div>\n<\/div>\n\n\n\n<div class=\"wp-block-column is-layout-flow wp-container-core-column-is-layout-bf43075d wp-block-column-is-layout-flow\" style=\"padding-right:var(--wp--preset--spacing--10);padding-left:var(--wp--preset--spacing--10)\"><\/div>\n<\/div>\n<\/div>\n<\/div>\n","protected":false},"excerpt":{"rendered":"<p>Une trajectoire collective Respecter les limites plan\u00e9taires implique pour l&rsquo;UNIL de fixer des objectifs et un cap \u00e0 suivre pour y parvenir. Cela permet de questionner le pr\u00e9sent, d&rsquo;orienter certaines d\u00e9cisions \u00e0 venir et de construire l&rsquo;Universit\u00e9 de l&rsquo;avenir. Il s\u2019agit d\u2019un travail au long court qui requiert l\u2019implication de toutes les composantes de l\u2019institution [&hellip;]<\/p>\n","protected":false},"author":108,"featured_media":0,"parent":0,"menu_order":0,"comment_status":"closed","ping_status":"closed","template":"yellow","meta":{"_seopress_robots_primary_cat":"","_seopress_titles_title":"","_seopress_titles_desc":"","_seopress_robots_index":"","footnotes":""},"class_list":["post-276","page","type-page","status-publish"],"_links":{"self":[{"href":"https:\/\/wp.unil.ch\/cap2037\/wp-json\/wp\/v2\/pages\/276","targetHints":{"allow":["GET"]}}],"collection":[{"href":"https:\/\/wp.unil.ch\/cap2037\/wp-json\/wp\/v2\/pages"}],"about":[{"href":"https:\/\/wp.unil.ch\/cap2037\/wp-json\/wp\/v2\/types\/page"}],"author":[{"embeddable":true,"href":"https:\/\/wp.unil.ch\/cap2037\/wp-json\/wp\/v2\/users\/108"}],"replies":[{"embeddable":true,"href":"https:\/\/wp.unil.ch\/cap2037\/wp-json\/wp\/v2\/comments?post=276"}],"version-history":[{"count":4,"href":"https:\/\/wp.unil.ch\/cap2037\/wp-json\/wp\/v2\/pages\/276\/revisions"}],"predecessor-version":[{"id":1885,"href":"https:\/\/wp.unil.ch\/cap2037\/wp-json\/wp\/v2\/pages\/276\/revisions\/1885"}],"wp:attachment":[{"href":"https:\/\/wp.unil.ch\/cap2037\/wp-json\/wp\/v2\/media?parent=276"}],"curies":[{"name":"wp","href":"https:\/\/api.w.org\/{rel}","templated":true}]}}