{"id":273,"date":"2024-04-26T14:28:33","date_gmt":"2024-04-26T12:28:33","guid":{"rendered":"https:\/\/wp.unil.ch\/cap2037\/?page_id=273"},"modified":"2025-03-18T17:03:22","modified_gmt":"2025-03-18T16:03:22","slug":"diagnostic","status":"publish","type":"page","link":"https:\/\/wp.unil.ch\/cap2037\/diagnostic\/","title":{"rendered":"Diagnostic"},"content":{"rendered":"\n<div class=\"wp-block-group has-global-padding is-content-justification-left is-layout-constrained wp-container-core-group-is-layout-6435a934 wp-block-group-is-layout-constrained\" style=\"padding-bottom:var(--wp--preset--spacing--30)\">\n<h2 class=\"wp-block-heading\">Le Donut de l&rsquo;UNIL<\/h2>\n\n\n\n<p>Afin d\u2019orienter l\u2019\u00e9laboration et le suivi de sa strat\u00e9gie de transition CAP2037, l\u2019UNIL a fait le choix de mobiliser le cadre conceptuel du Donut de l\u2019\u00e9conomiste Kate Raworth (2017). Ce cadre allie les limites plan\u00e9taires (Rockstr\u00f6m et al., 2009) avec des minimums sociaux \u00e0 assurer \u00e0 toutes et tous pour dessiner un espace s\u00fbr et juste pour l\u2019humanit\u00e9.<\/p>\n\n\n\n<p>En pratique, pour le plafond environnemental, il s\u2019agit de d\u00e9finir sur la base des connaissances scientifiques, les valeurs cible \u00e0 atteindre pour permettre \u00e0 l\u2019institution de respecter les limites plan\u00e9taires et, d\u2019autre part, de quantifier les impacts environnementaux actuels de l\u2019Universit\u00e9.<\/p>\n\n\n\n<p>Cet exercice de d\u00e9clinaison du Donut \u00e0 l\u2019UNIL permet d\u2019\u00e9tablir un diagnostic mettant en \u00e9vidence l\u2019\u00e9cart entre la situation actuelle (en rouge) et les cibles \u00e0 atteindre \u00e0 l\u2019horizon 2050 (en vert), correspondant aux grandes \u00e9ch\u00e9ances internationales issues de l\u2019Accord de Paris notamment.<\/p>\n\n\n\n<p style=\"margin-bottom:var(--wp--preset--spacing--30)\">Pour ce qui est du plancher social du Donut de l\u2019UNIL, il n\u2019est pas quantifi\u00e9 \u00e0 ce jour, mais des travaux sont en cours (voir ci-dessous).<\/p>\n\n\n\n<figure class=\"wp-block-image alignwide size-large\"><img loading=\"lazy\" decoding=\"async\" width=\"1024\" height=\"1024\" src=\"https:\/\/wp.unil.ch\/cap2037\/files\/2025\/03\/donut23-1024x1024.png\" alt=\"donut23\" class=\"wp-image-1864\" srcset=\"https:\/\/wp.unil.ch\/cap2037\/files\/2025\/03\/donut23-1024x1024.png 1024w, https:\/\/wp.unil.ch\/cap2037\/files\/2025\/03\/donut23-300x300.png 300w, https:\/\/wp.unil.ch\/cap2037\/files\/2025\/03\/donut23-150x150.png 150w, https:\/\/wp.unil.ch\/cap2037\/files\/2025\/03\/donut23-768x768.png 768w, https:\/\/wp.unil.ch\/cap2037\/files\/2025\/03\/donut23.png 1200w\" sizes=\"auto, (max-width: 1024px) 100vw, 1024px\" \/><\/figure>\n\n\n\n<div class=\"wp-block-buttons has-custom-font-size has-medium-font-size is-layout-flex wp-block-buttons-is-layout-flex\" style=\"margin-top:var(--wp--preset--spacing--40);margin-bottom:var(--wp--preset--spacing--40)\">\n<div class=\"wp-block-button has-custom-font-size has-medium-font-size\"><a class=\"wp-block-button__link wp-element-button\" href=\"https:\/\/www.unil.ch\/files\/live\/sites\/unil\/files\/02-universite\/0205-transition-ecologique\/Donut\/Donut_2023_VF.pdf\">Rapport <em>Le Donut de l&rsquo;UNIL<\/em>, r\u00e9sultats 2023 (PDF, 5,4Mo)<\/a><\/div>\n\n\n\n<div class=\"wp-block-button has-custom-font-size has-medium-font-size\"><a class=\"wp-block-button__link wp-element-button\" href=\"https:\/\/www.unil.ch\/files\/live\/sites\/unil\/files\/02-universite\/0205-transition-ecologique\/donut-unil.pdf\">Rapport <em>Le Donut de l&rsquo;UNIL<\/em>, r\u00e9sultats 2019 et m\u00e9thodologie (PDF, 7,5Mo)<\/a><\/div>\n<\/div>\n<\/div>\n\n\n\n<div class=\"wp-block-group has-global-padding is-content-justification-left is-layout-constrained wp-container-core-group-is-layout-266d17e6 wp-block-group-is-layout-constrained\" style=\"padding-bottom:var(--wp--preset--spacing--40)\">\n<h2 class=\"wp-block-heading\">Impacts d\u00e9taill\u00e9s<\/h2>\n\n\n\n<p>Pour chaque limite plan\u00e9taire, une analyse d\u00e9taill\u00e9e permet d\u2019identifier les principaux postes d\u2019impacts environnementaux de l\u2019UNIL et ainsi de d\u00e9finir les principaux domaines d\u2019actions. En raison de la disponibilit\u00e9 des donn\u00e9es, l\u2019UNIL documente essentiellement son empreinte carbone et son empreinte sur la biodiversit\u00e9 globale dans le cadre de la strat\u00e9gie de transition CAP2037, mais les actions entreprises ont pour objectif d&rsquo;\u00eatre b\u00e9n\u00e9fiques aux autres limites plan\u00e9taires \u00e9galement.<\/p>\n\n\n\n<p style=\"margin-bottom:var(--wp--preset--spacing--30)\">Au niveau de l\u2019empreinte carbone de l\u2019UNIL, les principaux postes d\u2019impacts sont les suivants&nbsp;:<\/p>\n\n\n\n<figure class=\"wp-block-image size-large\"><img loading=\"lazy\" decoding=\"async\" width=\"2709\" height=\"1675\" src=\"https:\/\/wp.unil.ch\/cap2037\/files\/2025\/03\/co2.svg\" alt=\"co2\" class=\"wp-image-1873\" \/><figcaption class=\"wp-element-caption\">Empreinte carbone de l&rsquo;UNIL en 2023<\/figcaption><\/figure>\n\n\n\n<p style=\"margin-top:var(--wp--preset--spacing--30);margin-bottom:var(--wp--preset--spacing--30)\">Au niveau de l\u2019impact sur la biodiversit\u00e9 globale de l\u2019UNIL, les principaux postes d\u2019impacts sont les suivants&nbsp;:<\/p>\n\n\n\n<figure class=\"wp-block-image size-large\"><img loading=\"lazy\" decoding=\"async\" width=\"1024\" height=\"605\" src=\"https:\/\/wp.unil.ch\/cap2037\/files\/2025\/03\/biodiv-1-1024x605.png\" alt=\"biodiv\" class=\"wp-image-1879\" srcset=\"https:\/\/wp.unil.ch\/cap2037\/files\/2025\/03\/biodiv-1-1024x605.png 1024w, https:\/\/wp.unil.ch\/cap2037\/files\/2025\/03\/biodiv-1-300x177.png 300w, https:\/\/wp.unil.ch\/cap2037\/files\/2025\/03\/biodiv-1-768x454.png 768w, https:\/\/wp.unil.ch\/cap2037\/files\/2025\/03\/biodiv-1-1536x908.png 1536w, https:\/\/wp.unil.ch\/cap2037\/files\/2025\/03\/biodiv-1-2048x1210.png 2048w\" sizes=\"auto, (max-width: 1024px) 100vw, 1024px\" \/><figcaption class=\"wp-element-caption\">Empreinte de l&rsquo;UNIL sur la biodiversit\u00e9 globale en 2023<\/figcaption><\/figure>\n<\/div>\n\n\n\n<div class=\"wp-block-group has-global-padding is-content-justification-left is-layout-constrained wp-container-core-group-is-layout-266d17e6 wp-block-group-is-layout-constrained\" style=\"padding-bottom:var(--wp--preset--spacing--40)\">\n<h2 class=\"wp-block-heading\" id=\"courbe\">Courbe de r\u00e9duction des \u00e9missions de gaz \u00e0 effet de serre de l\u2019UNIL<\/h2>\n\n\n\n<p>Au niveau de l\u2019empreinte carbone, passer du rouge au vert, signifie pour l\u2019UNIL de r\u00e9duire ses \u00e9missions de gaz \u00e0 effet de serre de 95% d\u2019ici 2050. L\u2019hypoth\u00e8se \u00e9tant que les 5% d\u2019\u00e9missions restantes en 2050 pourront \u00eatre capt\u00e9es par des techniques d\u2019\u00e9missions n\u00e9gatives afin de permettre \u00e0 l\u2019UNIL d\u2019atteindre la neutralit\u00e9 carbone.<\/p>\n\n\n\n<p><\/p>\n\n\n\n<figure class=\"wp-block-image size-large\"><img loading=\"lazy\" decoding=\"async\" width=\"2077\" height=\"1284\" src=\"https:\/\/wp.unil.ch\/cap2037\/files\/2025\/03\/courbe_transparent.svg\" alt=\"courbe transparent\" class=\"wp-image-1877\" \/><figcaption class=\"wp-element-caption\"><br>Courbe de descente des \u00e9missions de GES de l&rsquo;UNIL<\/figcaption><\/figure>\n\n\n\n<p><\/p>\n\n\n\n<p>Cette courbe correspond \u00e0 la contribution de l\u2019UNIL \u00e0 l\u2019atteinte des objectifs de l\u2019Accord de Paris sur le climat, soit de maintenir l&rsquo;augmentation de la temp\u00e9rature mondiale d\u2019ici 2100 bien en dessous de 2\u00b0C et mener des efforts encore plus pouss\u00e9s pour limiter l&rsquo;augmentation de la temp\u00e9rature \u00e0 1,5\u00b0C au-dessus des niveaux pr\u00e9industriels.<\/p>\n<\/div>\n\n\n\n<div class=\"wp-block-group has-global-padding is-content-justification-left is-layout-constrained wp-container-core-group-is-layout-266d17e6 wp-block-group-is-layout-constrained\" style=\"padding-bottom:var(--wp--preset--spacing--40)\">\n<h2 class=\"wp-block-heading\">Plus d\u2019information sur le plancher social du Donut de l\u2019UNIL<\/h2>\n\n\n\n<p>Le plancher social du Donut de l\u2019UNIL n\u2019a pas \u00e9t\u00e9 quantifi\u00e9 pour l\u2019instant car les donn\u00e9es existantes ne sont pas suffisantes pour d\u00e9finir et renseigner l\u2019\u00e9tat de la qualit\u00e9 de vie de la communaut\u00e9 UNIL. Pour combler cette lacune, l\u2019UNIL collabore d\u2019une part avec le <a href=\"https:\/\/doughnuteconomics.org\/\">Doughnut Economics Action Lab<\/a> afin de d\u00e9finir la m\u00e9thodologie pour quantifier les minimums sociaux \u00e0 assurer \u00e0 toutes et tous. D\u2019autre part, l\u2019UNIL mobilise l\u2019expertise d\u2019un groupe de travail interdisciplinaire compos\u00e9 de chercheur\u00b7euses, de repr\u00e9sentant\u00b7es des \u00e9tudiant\u00b7es et des services de l\u2019UNIL afin de quantifier dans les prochains mois ce plancher social.<\/p>\n\n\n\n<p>\u00c0 ce stade, CAP2037 ne contient donc aucun objectif sp\u00e9cifique concernant les aspects sociaux du Donut, mais ces derniers ont \u00e9t\u00e9 consid\u00e9r\u00e9s dans la d\u00e9finition des objectifs li\u00e9s aux limites plan\u00e9taires, notamment s\u2019agissant des co-b\u00e9n\u00e9fices ou co-dommages possibles.<\/p>\n<\/div>\n\n\n\n<div class=\"wp-block-group has-global-padding is-content-justification-left is-layout-constrained wp-container-core-group-is-layout-266d17e6 wp-block-group-is-layout-constrained\" style=\"padding-bottom:var(--wp--preset--spacing--40)\">\n<h2 class=\"wp-block-heading\">Pour une r\u00e9flexion critique sur le cadre conceptuel du Donut<\/h2>\n\n\n\n<p>L\u2019UNIL a fait le choix de mobiliser le cadre conceptuel du Donut pour orienter sa strat\u00e9gie de transition car il pr\u00e9sente les avantages suivants&nbsp;:<\/p>\n\n\n\n<ul class=\"wp-block-list\">\n<li>Prise en compte de toutes les limites plan\u00e9taires et pas uniquement le climat.<\/li>\n\n\n\n<li>Articulation des enjeux environnementaux et des enjeux sociaux.<\/li>\n\n\n\n<li>Fixation de seuils \u00e0 atteindre permettant l\u2019\u00e9tablissement d\u2019objectifs.<\/li>\n\n\n\n<li>Existence d\u2019une m\u00e9thodologie de d\u00e9clinaison \u00e0 des territoires ou entit\u00e9s.<\/li>\n<\/ul>\n\n\n\n<p>Ce cadre conceptuel comporte \u00e9galement des limites et lacunes qu\u2019il est important de consid\u00e9rer et documenter. Le Centre de comp\u00e9tences en durabilit\u00e9 de l\u2019UNIL m\u00e8ne une veille active des publications autour du Donut, stimule une r\u00e9flexion critique sur ce dernier au sein de la communaut\u00e9 de recherche de l\u2019UNIL et travaille \u00e0 une publication sur les limites du cadre conceptuel du Donut (\u00e0 para\u00eetre). <\/p>\n\n\n\n<p>Un travail de veille scientifique est aussi en cours sur les limites plan\u00e9taires. <\/p>\n<\/div>\n","protected":false},"excerpt":{"rendered":"<p>Le Donut de l&rsquo;UNIL Afin d\u2019orienter l\u2019\u00e9laboration et le suivi de sa strat\u00e9gie de transition CAP2037, l\u2019UNIL a fait le choix de mobiliser le cadre conceptuel du Donut de l\u2019\u00e9conomiste Kate Raworth (2017). Ce cadre allie les limites plan\u00e9taires (Rockstr\u00f6m et al., 2009) avec des minimums sociaux \u00e0 assurer \u00e0 toutes et tous pour dessiner [&hellip;]<\/p>\n","protected":false},"author":108,"featured_media":0,"parent":0,"menu_order":0,"comment_status":"closed","ping_status":"closed","template":"yellow","meta":{"_seopress_robots_primary_cat":"","_seopress_titles_title":"","_seopress_titles_desc":"","_seopress_robots_index":"","footnotes":""},"class_list":["post-273","page","type-page","status-publish"],"_links":{"self":[{"href":"https:\/\/wp.unil.ch\/cap2037\/wp-json\/wp\/v2\/pages\/273","targetHints":{"allow":["GET"]}}],"collection":[{"href":"https:\/\/wp.unil.ch\/cap2037\/wp-json\/wp\/v2\/pages"}],"about":[{"href":"https:\/\/wp.unil.ch\/cap2037\/wp-json\/wp\/v2\/types\/page"}],"author":[{"embeddable":true,"href":"https:\/\/wp.unil.ch\/cap2037\/wp-json\/wp\/v2\/users\/108"}],"replies":[{"embeddable":true,"href":"https:\/\/wp.unil.ch\/cap2037\/wp-json\/wp\/v2\/comments?post=273"}],"version-history":[{"count":4,"href":"https:\/\/wp.unil.ch\/cap2037\/wp-json\/wp\/v2\/pages\/273\/revisions"}],"predecessor-version":[{"id":1895,"href":"https:\/\/wp.unil.ch\/cap2037\/wp-json\/wp\/v2\/pages\/273\/revisions\/1895"}],"wp:attachment":[{"href":"https:\/\/wp.unil.ch\/cap2037\/wp-json\/wp\/v2\/media?parent=273"}],"curies":[{"name":"wp","href":"https:\/\/api.w.org\/{rel}","templated":true}]}}