{"id":1290,"date":"2024-05-24T08:30:28","date_gmt":"2024-05-24T06:30:28","guid":{"rendered":"https:\/\/wp.unil.ch\/cap2037\/?page_id=1290"},"modified":"2024-07-02T14:03:15","modified_gmt":"2024-07-02T12:03:15","slug":"contact","status":"publish","type":"page","link":"https:\/\/wp.unil.ch\/cap2037\/contact\/","title":{"rendered":"Contact"},"content":{"rendered":"\n<p>La Strat\u00e9gie de transition \u00e9cologique CAP2037 est port\u00e9 par le Vice-recteur Transition \u00e9cologique &amp; Campus, en coordination avec les autres membres de la Direction de l\u2019UNIL.<\/p>\n\n\n\n<p>L\u2019\u00e9quipe du Dicast\u00e8re Transition \u00e9cologique &amp; Campus assure la coordination et le suivi des mesures transversales d\u00e9coulant de CAP2037 en \u00e9troite collaboration avec le Centre de comp\u00e9tences en durabilit\u00e9 qui dispose d\u2019une large expertise th\u00e9orique et pratique de la durabilit\u00e9 et pilote les axes recherches, formation et soci\u00e9t\u00e9 de la strat\u00e9gie CAP2037.<\/p>\n\n\n\n<p>Pour toutes questions : <a href=\"mailto:transition@unil.ch\">transition@unil.ch<\/a><\/p>\n","protected":false},"excerpt":{"rendered":"<p>La Strat\u00e9gie de transition \u00e9cologique CAP2037 est port\u00e9 par le Vice-recteur Transition \u00e9cologique &amp; Campus, en coordination avec les autres membres de la Direction de l\u2019UNIL. L\u2019\u00e9quipe du Dicast\u00e8re Transition \u00e9cologique &amp; Campus assure la coordination et le suivi des mesures transversales d\u00e9coulant de CAP2037 en \u00e9troite collaboration avec le Centre de comp\u00e9tences en durabilit\u00e9 [&hellip;]<\/p>\n","protected":false},"author":1001466,"featured_media":0,"parent":0,"menu_order":0,"comment_status":"closed","ping_status":"closed","template":"","meta":{"_seopress_robots_primary_cat":"","_seopress_titles_title":"","_seopress_titles_desc":"","_seopress_robots_index":"","footnotes":""},"class_list":["post-1290","page","type-page","status-publish"],"_links":{"self":[{"href":"https:\/\/wp.unil.ch\/cap2037\/wp-json\/wp\/v2\/pages\/1290","targetHints":{"allow":["GET"]}}],"collection":[{"href":"https:\/\/wp.unil.ch\/cap2037\/wp-json\/wp\/v2\/pages"}],"about":[{"href":"https:\/\/wp.unil.ch\/cap2037\/wp-json\/wp\/v2\/types\/page"}],"author":[{"embeddable":true,"href":"https:\/\/wp.unil.ch\/cap2037\/wp-json\/wp\/v2\/users\/1001466"}],"replies":[{"embeddable":true,"href":"https:\/\/wp.unil.ch\/cap2037\/wp-json\/wp\/v2\/comments?post=1290"}],"version-history":[{"count":2,"href":"https:\/\/wp.unil.ch\/cap2037\/wp-json\/wp\/v2\/pages\/1290\/revisions"}],"predecessor-version":[{"id":1625,"href":"https:\/\/wp.unil.ch\/cap2037\/wp-json\/wp\/v2\/pages\/1290\/revisions\/1625"}],"wp:attachment":[{"href":"https:\/\/wp.unil.ch\/cap2037\/wp-json\/wp\/v2\/media?parent=1290"}],"curies":[{"name":"wp","href":"https:\/\/api.w.org\/{rel}","templated":true}]}}