{"id":1259,"date":"2024-05-24T10:00:44","date_gmt":"2024-05-24T08:00:44","guid":{"rendered":"https:\/\/wp.unil.ch\/cap2037\/?page_id=1259"},"modified":"2025-03-18T16:22:26","modified_gmt":"2025-03-18T15:22:26","slug":"effets-attendus","status":"publish","type":"page","link":"https:\/\/wp.unil.ch\/cap2037\/effets-attendus\/","title":{"rendered":"Effets attendus"},"content":{"rendered":"\n<div class=\"wp-block-group has-global-padding is-content-justification-left is-layout-constrained wp-container-core-group-is-layout-72b98501 wp-block-group-is-layout-constrained\" style=\"padding-top:var(--wp--preset--spacing--20);padding-bottom:var(--wp--preset--spacing--20)\">\n<p style=\"font-size:clamp(0.984em, 0.984rem + ((1vw - 0.2em) * 0.86), 1.5em);\">La strat\u00e9gie de transition CAP2037 vise \u00e0 r\u00e9duire les impacts environnementaux de l\u2019UNIL afin de permettre \u00e0 l\u2019Universit\u00e9 d\u2019\u00eatre sur une trajectoire compatible avec le respect de l\u2019Accord de Paris et des limites plan\u00e9taires.<\/p>\n\n\n\n<p>Si les 20 objectifs de transition fix\u00e9 \u00e0 l\u2019horizon 2037 sont atteints, il est estim\u00e9 que l\u2019empreinte carbone de l\u2019UNIL aura diminu\u00e9 de 47% et celle sur la biodiversit\u00e9 globale de 28%.<\/p>\n\n\n\n<figure class=\"wp-block-image size-large\"><img loading=\"lazy\" decoding=\"async\" width=\"2962\" height=\"1938\" src=\"https:\/\/wp.unil.ch\/cap2037\/files\/2025\/03\/co2_evo_19-23-37.svg\" alt=\"co2 evo 19 23 37\" class=\"wp-image-1886\" \/><\/figure>\n\n\n\n<figure class=\"wp-block-image size-large is-resized\"><img loading=\"lazy\" decoding=\"async\" width=\"2950\" height=\"1970\" src=\"https:\/\/wp.unil.ch\/cap2037\/files\/2025\/03\/biodiv_evo_19-23-37.svg\" alt=\"biodiv evo 19 23 37\" class=\"wp-image-1888\" style=\"width:700px;height:auto\" \/><\/figure>\n\n\n\n<p style=\"margin-top:var(--wp--preset--spacing--40)\">Ces diminutions d\u2019impacts sont consid\u00e9rables, mais ne sont pas suffisantes pour atteindre les seuils d\u00e9finis, notamment une r\u00e9duction des \u00e9missions de CO<sub>2 eq. <\/sub>de 75% d\u2019ici 2037 (cf. <a href=\"https:\/\/wp.unil.ch\/cap2037\/diagnostic\/#courbe\" data-type=\"link\" data-id=\"https:\/\/wp.unil.ch\/cap2037\/diagnostic\/#courbe\">Courbe de descente des \u00e9missions de gaz \u00e0 effet de serre<\/a>).<\/p>\n\n\n\n<p>Pour aller au-del\u00e0 des diminutions possibles \u00e0 l\u2019\u00e9chelle de l\u2019UNIL, des changements soci\u00e9taux seront n\u00e9cessaires. Ainsi, plusieurs objectifs de la strat\u00e9gie CAP2037 visent \u00e0 stimuler ces \u00e9volutions \u00e0 diff\u00e9rents niveaux, notamment au travers de&nbsp;:<\/p>\n\n\n\n<ul class=\"wp-block-list\">\n<li>La formation, tant de la communaut\u00e9 UNIL qu\u2019au-del\u00e0, via des formations continues et des collaborations avec les \u00e9coles.<\/li>\n\n\n\n<li>La recherche sur les th\u00e9matiques li\u00e9es \u00e0 la durabilit\u00e9 et les transformations qu&rsquo;elles impliquent.<\/li>\n\n\n\n<li>La collaboration avec les acteur\u00b7trices du terrain sur les probl\u00e9matiques de transition.<\/li>\n<\/ul>\n\n\n\n<p>Ces interventions \u00e0 diff\u00e9rents niveaux ont le potentiel d\u2019acc\u00e9l\u00e9rer la transition de l\u2019UNIL et de la soci\u00e9t\u00e9 dans son ensemble.<\/p>\n<\/div>\n\n\n\n<div class=\"wp-block-group has-global-padding is-content-justification-left is-layout-constrained wp-container-core-group-is-layout-72b98501 wp-block-group-is-layout-constrained\" style=\"padding-top:var(--wp--preset--spacing--20);padding-bottom:var(--wp--preset--spacing--20)\">\n<h2 class=\"wp-block-heading\">Sc\u00e9nario tendance (business as usual)<\/h2>\n\n\n\n<p>Les effets attendus des objectifs de transition sont calcul\u00e9s sur la base d&rsquo;un sc\u00e9nario tendance, soit une projection des impacts de l&rsquo;UNIL en 2037 qui suit les \u00e9volutions des derni\u00e8res ann\u00e9es.<\/p>\n\n\n\n<p>Ce sc\u00e9nario tendance s&rsquo;appuie sur les hypoth\u00e8ses suivantes&nbsp;:<\/p>\n\n\n\n<ul class=\"wp-block-list\">\n<li>Croissance de la communaut\u00e9 universitaire de 32% entre 2019 et 2037 conform\u00e9ment aux projections du mod\u00e8le Arima (base de pr\u00e9diction conforme \u00e0 l&rsquo;OFS pour le calcul des effectifs universitaires depuis 2000).<\/li>\n\n\n\n<li>Augmentation des surfaces b\u00e2ties, des kilom\u00e8tres parcourus pour les d\u00e9placements pendulaires, des achats n\u00e9cessaires aux activit\u00e9s de l&rsquo;UNIL, de la nourriture servie dans les caf\u00e9t\u00e9rias, etc. proportionnelle \u00e0 l&rsquo;augmentation de la communaut\u00e9.<\/li>\n\n\n\n<li>Pas d&rsquo;\u00e9volutions majeurs des comportements de la communaut\u00e9 universitaire en mati\u00e8re de r\u00e9gimes alimentaires, d\u2019habitudes de pendularit\u00e9, de d\u00e9placements professionnels, de consommation, etc.<\/li>\n\n\n\n<li>Pas d\u2019\u00e9volutions majeurs du contexte local, national et international (ex. pas de r\u00e9duction des impacts environnementaux du mix \u00e9nerg\u00e9tique).<\/li>\n<\/ul>\n\n\n\n<p>Conform\u00e9ment \u00e0 ce sc\u00e9nario, les besoins en surfaces b\u00e2ties qui ne sont pas couverts par les futurs b\u00e2timents pr\u00e9vus \u00e0 ce jour (Biocosme et NBSH) s\u2019\u00e9l\u00e8vent \u00e0 78\u2019000m<sup>2<\/sup>.<\/p>\n\n\n\n<p>L\u2019impact li\u00e9 \u00e0 la construction de ces surfaces est pris en compte et r\u00e9parti sur 30 ann\u00e9es. L&rsquo;estimation de la consommation d&rsquo;\u00e9nergie suppl\u00e9mentaire pour l&rsquo;infrastructure et les process de recherche est calcul\u00e9e en proportion de l&rsquo;augmentation de la surface construite suppl\u00e9mentaire.<\/p>\n\n\n\n<p>Selon ce sc\u00e9nario tendance, il est estim\u00e9 que l\u2019empreinte carbone de l\u2019UNIL augmenterait de 32% d\u2019ici 2037 et celle sur la biodiversit\u00e9 globale de 32% \u00e9galement.<\/p>\n\n\n\n<figure class=\"wp-block-image alignfull size-full\"><img alt=\"\" loading=\"lazy\" decoding=\"async\" width=\"7608\" height=\"3905\" src=\"https:\/\/wp.unil.ch\/cap2037\/files\/2024\/06\/Scenario_BAU.png\" alt=\"\" class=\"wp-image-1475\" srcset=\"https:\/\/wp.unil.ch\/cap2037\/files\/2024\/06\/Scenario_BAU.png 7608w, https:\/\/wp.unil.ch\/cap2037\/files\/2024\/06\/Scenario_BAU-300x154.png 300w, https:\/\/wp.unil.ch\/cap2037\/files\/2024\/06\/Scenario_BAU-1024x526.png 1024w, https:\/\/wp.unil.ch\/cap2037\/files\/2024\/06\/Scenario_BAU-768x394.png 768w, https:\/\/wp.unil.ch\/cap2037\/files\/2024\/06\/Scenario_BAU-1536x788.png 1536w, https:\/\/wp.unil.ch\/cap2037\/files\/2024\/06\/Scenario_BAU-2048x1051.png 2048w\" sizes=\"auto, (max-width: 7608px) 100vw, 7608px\" \/><\/figure>\n<\/div>\n","protected":false},"excerpt":{"rendered":"<p>La strat\u00e9gie de transition CAP2037 vise \u00e0 r\u00e9duire les impacts environnementaux de l\u2019UNIL afin de permettre \u00e0 l\u2019Universit\u00e9 d\u2019\u00eatre sur une trajectoire compatible avec le respect de l\u2019Accord de Paris et des limites plan\u00e9taires. Si les 20 objectifs de transition fix\u00e9 \u00e0 l\u2019horizon 2037 sont atteints, il est estim\u00e9 que l\u2019empreinte carbone de l\u2019UNIL aura [&hellip;]<\/p>\n","protected":false},"author":1001466,"featured_media":0,"parent":0,"menu_order":0,"comment_status":"closed","ping_status":"closed","template":"yellow","meta":{"_seopress_robots_primary_cat":"","_seopress_titles_title":"","_seopress_titles_desc":"","_seopress_robots_index":"","footnotes":""},"class_list":["post-1259","page","type-page","status-publish"],"_links":{"self":[{"href":"https:\/\/wp.unil.ch\/cap2037\/wp-json\/wp\/v2\/pages\/1259","targetHints":{"allow":["GET"]}}],"collection":[{"href":"https:\/\/wp.unil.ch\/cap2037\/wp-json\/wp\/v2\/pages"}],"about":[{"href":"https:\/\/wp.unil.ch\/cap2037\/wp-json\/wp\/v2\/types\/page"}],"author":[{"embeddable":true,"href":"https:\/\/wp.unil.ch\/cap2037\/wp-json\/wp\/v2\/users\/1001466"}],"replies":[{"embeddable":true,"href":"https:\/\/wp.unil.ch\/cap2037\/wp-json\/wp\/v2\/comments?post=1259"}],"version-history":[{"count":4,"href":"https:\/\/wp.unil.ch\/cap2037\/wp-json\/wp\/v2\/pages\/1259\/revisions"}],"predecessor-version":[{"id":1891,"href":"https:\/\/wp.unil.ch\/cap2037\/wp-json\/wp\/v2\/pages\/1259\/revisions\/1891"}],"wp:attachment":[{"href":"https:\/\/wp.unil.ch\/cap2037\/wp-json\/wp\/v2\/media?parent=1259"}],"curies":[{"name":"wp","href":"https:\/\/api.w.org\/{rel}","templated":true}]}}