{"id":1073,"date":"2024-05-15T09:06:54","date_gmt":"2024-05-15T07:06:54","guid":{"rendered":"https:\/\/wp.unil.ch\/cap2037\/?page_id=1073"},"modified":"2024-05-24T10:40:07","modified_gmt":"2024-05-24T08:40:07","slug":"impressum","status":"publish","type":"page","link":"https:\/\/wp.unil.ch\/cap2037\/impressum\/","title":{"rendered":"Impressum"},"content":{"rendered":"\n<div class=\"wp-block-group has-global-padding is-layout-constrained wp-block-group-is-layout-constrained\" style=\"padding-bottom:var(--wp--preset--spacing--40)\">\n<h3 class=\"wp-block-heading\">CAP 2037<\/h3>\n\n\n\n<p>Dicast\u00e8re Transition \u00e9cologique et Campus<br>B\u00e2timent Unicentre<br>1015 Lausanne<\/p>\n<\/div>\n\n\n\n<div class=\"wp-block-group has-global-padding is-layout-constrained wp-block-group-is-layout-constrained\" style=\"padding-bottom:var(--wp--preset--spacing--40)\">\n<h3 class=\"wp-block-heading\">R\u00e9daction et contenu<\/h3>\n\n\n\n<p>Dicast\u00e8re Transition \u00e9cologique et Campus<\/p>\n<\/div>\n\n\n\n<div class=\"wp-block-group has-global-padding is-layout-constrained wp-block-group-is-layout-constrained\" style=\"padding-bottom:var(--wp--preset--spacing--40)\">\n<h3 class=\"wp-block-heading\">Conception UX et UI<\/h3>\n\n\n\n<p><a href=\"https:\/\/zegwaart.ch\/\" data-type=\"link\" data-id=\"https:\/\/zegwaart.ch\/\" target=\"_blank\" rel=\"noreferrer noopener\">Karim Khouw Zegwaart<\/a><\/p>\n<\/div>\n","protected":false},"excerpt":{"rendered":"<p>CAP 2037 Dicast\u00e8re Transition \u00e9cologique et CampusB\u00e2timent Unicentre1015 Lausanne R\u00e9daction et contenu Dicast\u00e8re Transition \u00e9cologique et Campus Conception UX et UI Karim Khouw Zegwaart<\/p>\n","protected":false},"author":1001466,"featured_media":0,"parent":0,"menu_order":0,"comment_status":"closed","ping_status":"closed","template":"","meta":{"_seopress_robots_primary_cat":"","_seopress_titles_title":"","_seopress_titles_desc":"","_seopress_robots_index":"","footnotes":""},"class_list":["post-1073","page","type-page","status-publish"],"_links":{"self":[{"href":"https:\/\/wp.unil.ch\/cap2037\/wp-json\/wp\/v2\/pages\/1073","targetHints":{"allow":["GET"]}}],"collection":[{"href":"https:\/\/wp.unil.ch\/cap2037\/wp-json\/wp\/v2\/pages"}],"about":[{"href":"https:\/\/wp.unil.ch\/cap2037\/wp-json\/wp\/v2\/types\/page"}],"author":[{"embeddable":true,"href":"https:\/\/wp.unil.ch\/cap2037\/wp-json\/wp\/v2\/users\/1001466"}],"replies":[{"embeddable":true,"href":"https:\/\/wp.unil.ch\/cap2037\/wp-json\/wp\/v2\/comments?post=1073"}],"version-history":[{"count":4,"href":"https:\/\/wp.unil.ch\/cap2037\/wp-json\/wp\/v2\/pages\/1073\/revisions"}],"predecessor-version":[{"id":1361,"href":"https:\/\/wp.unil.ch\/cap2037\/wp-json\/wp\/v2\/pages\/1073\/revisions\/1361"}],"wp:attachment":[{"href":"https:\/\/wp.unil.ch\/cap2037\/wp-json\/wp\/v2\/media?parent=1073"}],"curies":[{"name":"wp","href":"https:\/\/api.w.org\/{rel}","templated":true}]}}