{"id":1546,"date":"2024-05-15T09:06:54","date_gmt":"2024-05-15T07:06:54","guid":{"rendered":"https:\/\/wp.unil.ch\/cap2037\/impressum\/"},"modified":"2024-06-18T08:06:49","modified_gmt":"2024-06-18T06:06:49","slug":"impressum","status":"publish","type":"page","link":"https:\/\/wp.unil.ch\/cap2037\/en\/impressum\/","title":{"rendered":"Impressum"},"content":{"rendered":"\n<div class=\"wp-block-group has-global-padding is-layout-constrained wp-block-group-is-layout-constrained\" style=\"padding-bottom:var(--wp--preset--spacing--40)\">\n<h3 class=\"wp-block-heading\">CAP 2037<\/h3>\n\n\n\n<p>Dicast\u00e8re Transition \u00e9cologique et Campus<br \/>B\u00e2timent Unicentre<br \/>1015 Lausanne<\/p>\n<\/div>\n\n<div class=\"wp-block-group has-global-padding is-layout-constrained wp-block-group-is-layout-constrained\" style=\"padding-bottom:var(--wp--preset--spacing--40)\">\n<h3 class=\"wp-block-heading\">Copywriting and content<\/h3>\n\n\n\n<p>Dicast\u00e8re Transition \u00e9cologique et Campus<\/p>\n<\/div>\n\n<div class=\"wp-block-group has-global-padding is-layout-constrained wp-block-group-is-layout-constrained\" style=\"padding-bottom:var(--wp--preset--spacing--40)\">\n<h3 class=\"wp-block-heading\">UX and UI design<\/h3>\n\n\n\n<p><a href=\"https:\/\/zegwaart.ch\/\" data-type=\"link\" data-id=\"https:\/\/zegwaart.ch\/\" target=\"_blank\" rel=\"noreferrer noopener\">Karim Khouw Zegwaart<\/a><\/p>\n<\/div>\n","protected":false},"excerpt":{"rendered":"<p>CAP 2037 Dicast\u00e8re Transition \u00e9cologique et CampusB\u00e2timent Unicentre1015 Lausanne Copywriting and content Dicast\u00e8re Transition \u00e9cologique et Campus UX and UI design Karim Khouw Zegwaart<\/p>\n","protected":false},"author":1001466,"featured_media":0,"parent":0,"menu_order":0,"comment_status":"closed","ping_status":"closed","template":"","meta":{"_seopress_robots_primary_cat":"","_seopress_titles_title":"","_seopress_titles_desc":"","_seopress_robots_index":"","footnotes":""},"class_list":["post-1546","page","type-page","status-publish"],"_links":{"self":[{"href":"https:\/\/wp.unil.ch\/cap2037\/en\/wp-json\/wp\/v2\/pages\/1546","targetHints":{"allow":["GET"]}}],"collection":[{"href":"https:\/\/wp.unil.ch\/cap2037\/en\/wp-json\/wp\/v2\/pages"}],"about":[{"href":"https:\/\/wp.unil.ch\/cap2037\/en\/wp-json\/wp\/v2\/types\/page"}],"author":[{"embeddable":true,"href":"https:\/\/wp.unil.ch\/cap2037\/en\/wp-json\/wp\/v2\/users\/1001466"}],"replies":[{"embeddable":true,"href":"https:\/\/wp.unil.ch\/cap2037\/en\/wp-json\/wp\/v2\/comments?post=1546"}],"version-history":[{"count":2,"href":"https:\/\/wp.unil.ch\/cap2037\/en\/wp-json\/wp\/v2\/pages\/1546\/revisions"}],"predecessor-version":[{"id":1574,"href":"https:\/\/wp.unil.ch\/cap2037\/en\/wp-json\/wp\/v2\/pages\/1546\/revisions\/1574"}],"wp:attachment":[{"href":"https:\/\/wp.unil.ch\/cap2037\/en\/wp-json\/wp\/v2\/media?parent=1546"}],"curies":[{"name":"wp","href":"https:\/\/api.w.org\/{rel}","templated":true}]}}