{"id":346,"date":"2020-11-30T11:14:01","date_gmt":"2020-11-30T10:14:01","guid":{"rendered":"https:\/\/wp.unil.ch\/bluemount\/?page_id=346"},"modified":"2024-06-27T10:14:19","modified_gmt":"2024-06-27T08:14:19","slug":"porteurs-de-projet","status":"publish","type":"page","link":"https:\/\/wp.unil.ch\/bluemount\/a-propos\/organisation-et-gouvernance\/porteurs-de-projet\/","title":{"rendered":"Equipe de projet"},"content":{"rendered":"\n<h2 class=\"wp-block-heading has-text-color has-link-color wp-elements-1224d33d388f90cc19ce73d8706f598c\" style=\"color:#a144f3\">L&rsquo;\u00e9quipe actuelle<\/h2>\n\n\n\n<p>Ensemble nous d\u00e9veloppons BlueMount<\/p>\n\n\n\n<div class=\"wp-block-columns is-layout-flex wp-container-core-columns-is-layout-9d6595d7 wp-block-columns-is-layout-flex\">\n<div class=\"wp-block-column is-layout-flow wp-block-column-is-layout-flow\">\n<figure class=\"wp-block-image size-full is-resized is-style-rounded\"><img alt=\"\" loading=\"lazy\" decoding=\"async\" width=\"170\" height=\"214\" src=\"https:\/\/wp.unil.ch\/bluemount\/files\/2022\/06\/Dr.-Christophe-Randin.jpg\" alt=\"\" class=\"wp-image-709\" style=\"aspect-ratio:0.7918781725888325;width:156px;height:auto\" \/><figcaption class=\"wp-element-caption\"><a href=\"mailto:christophe.randin@unil.ch\" data-type=\"mailto\" data-id=\"mailto: christophe.randin@unil.ch\">Dr. Christophe Randin<\/a><strong>,<br>porteur de projet principal<\/strong><br><br><br>Universit\u00e9 de Lausanne &#8211; D\u00e9partement \u00e9cologie &amp; \u00e9volution et Centre Interdisciplinaire de Recherche sur la Montagne, Jardin Flore-Alpe, Centre alpien de phytog\u00e9ographie<\/figcaption><\/figure>\n<\/div>\n\n\n\n<div class=\"wp-block-column is-layout-flow wp-block-column-is-layout-flow\">\n<figure class=\"wp-block-image size-full is-resized is-style-rounded\"><img alt=\"\" loading=\"lazy\" decoding=\"async\" width=\"414\" height=\"469\" src=\"https:\/\/wp.unil.ch\/bluemount\/files\/2022\/06\/Davnah-Urbach-1.jpg\" alt=\"\" class=\"wp-image-705\" style=\"width:175px;height:198px\" srcset=\"https:\/\/wp.unil.ch\/bluemount\/files\/2022\/06\/Davnah-Urbach-1.jpg 414w, https:\/\/wp.unil.ch\/bluemount\/files\/2022\/06\/Davnah-Urbach-1-265x300.jpg 265w\" sizes=\"auto, (max-width: 414px) 100vw, 414px\" \/><figcaption class=\"wp-element-caption\"><strong>Dr. Davnah Urbach,<br>porteuse de projet associ\u00e9e<\/strong><br><br><br>Global Mountain Biodiversity Assessment &amp; Universit\u00e9 de Lausanne &#8211; Centre Interdisciplinaire de Recherche sur la Montagne<\/figcaption><\/figure>\n<\/div>\n<\/div>\n\n\n\n<h2 class=\"wp-block-heading has-text-color has-link-color wp-elements-95bac2a8c2db502639c08d015e04124a\" style=\"color:#a144f3\">Les collaborateurs<\/h2>\n\n\n\n<p>Depuis 2021 trois chercheurs postdoctorants ont contribu\u00e9 au projet et travaill\u00e9 avec nous.<\/p>\n\n\n\n<div class=\"wp-block-columns is-layout-flex wp-container-core-columns-is-layout-9d6595d7 wp-block-columns-is-layout-flex\">\n<div class=\"wp-block-column is-layout-flow wp-block-column-is-layout-flow\">\n<figure class=\"wp-block-image size-large is-resized is-style-rounded\"><img alt=\"\" loading=\"lazy\" decoding=\"async\" width=\"683\" height=\"1024\" src=\"https:\/\/wp.unil.ch\/bluemount\/files\/2023\/04\/Luca-683x1024.jpg\" alt=\"\" class=\"wp-image-1222\" style=\"aspect-ratio:0.6666666666666666;width:147px;height:auto\" srcset=\"https:\/\/wp.unil.ch\/bluemount\/files\/2023\/04\/Luca-683x1024.jpg 683w, https:\/\/wp.unil.ch\/bluemount\/files\/2023\/04\/Luca-200x300.jpg 200w, https:\/\/wp.unil.ch\/bluemount\/files\/2023\/04\/Luca-540x810.jpg 540w, https:\/\/wp.unil.ch\/bluemount\/files\/2023\/04\/Luca.jpg 720w\" sizes=\"auto, (max-width: 683px) 100vw, 683px\" \/><figcaption class=\"wp-element-caption\"><strong>Dr. Luca B\u00fctikofer,<br>charg\u00e9 de recherche<\/strong><br><br><br>Universit\u00e9 de Lausanne &#8211; Centre Interdisciplinaire de Recherche sur la Montagne<\/figcaption><\/figure>\n<\/div>\n\n\n\n<div class=\"wp-block-column is-layout-flow wp-block-column-is-layout-flow\">\n<figure class=\"wp-block-image size-full is-resized is-style-rounded\"><img alt=\"\" loading=\"lazy\" decoding=\"async\" width=\"169\" height=\"225\" src=\"https:\/\/wp.unil.ch\/bluemount\/files\/2024\/06\/DaphneAsse_eng-edited-1.png\" alt=\"\" class=\"wp-image-1862\" style=\"aspect-ratio:0.6666666666666666;width:145px;height:auto\" \/><figcaption class=\"wp-element-caption\"><strong>Dr. Daphn\u00e9 Asse,<br>charg\u00e9e de recherche<\/strong><br>\u00a9 Fabrice Ducrest, UNIL<br><br><\/figcaption><\/figure>\n<\/div>\n\n\n\n<div class=\"wp-block-column is-layout-flow wp-block-column-is-layout-flow\">\n<figure class=\"wp-block-image size-full is-resized is-style-rounded\"><img alt=\"\" loading=\"lazy\" decoding=\"async\" width=\"384\" height=\"512\" src=\"https:\/\/wp.unil.ch\/bluemount\/files\/2024\/06\/Helene-Cristofari-edited.jpg\" alt=\"\" class=\"wp-image-1863\" style=\"aspect-ratio:0.6666666666666666;width:145px;height:auto\" srcset=\"https:\/\/wp.unil.ch\/bluemount\/files\/2024\/06\/Helene-Cristofari-edited.jpg 384w, https:\/\/wp.unil.ch\/bluemount\/files\/2024\/06\/Helene-Cristofari-edited-225x300.jpg 225w\" sizes=\"auto, (max-width: 384px) 100vw, 384px\" \/><figcaption class=\"wp-element-caption\"><strong>Dr. H\u00e9l\u00e8ne Christofari,<br><\/strong>charg\u00e9e de recherche<br><br><br>&#8211;<\/figcaption><\/figure>\n<\/div>\n<\/div>\n\n\n\n<hr class=\"wp-block-separator has-alpha-channel-opacity\" \/>\n\n\n\n<div class=\"wp-block-columns alignwide is-layout-flex wp-container-core-columns-is-layout-9d6595d7 wp-block-columns-is-layout-flex\">\n<div class=\"wp-block-column is-layout-flow wp-block-column-is-layout-flow\">\n<div class=\"wp-block-group is-nowrap is-layout-flex wp-container-core-group-is-layout-ad2f72ca wp-block-group-is-layout-flex\">\n<figure class=\"wp-block-image size-full is-resized\"><img alt=\"\" loading=\"lazy\" decoding=\"async\" width=\"128\" height=\"112\" src=\"https:\/\/wp.unil.ch\/bluemount\/files\/2024\/06\/Capture-decran-2024-06-20-a-14.12.59.png\" alt=\"\" class=\"wp-image-1442\" style=\"width:29px;height:auto\" \/><\/figure>\n\n\n\n<p><a href=\"https:\/\/wp.unil.ch\/bluemount\/a-propos\/organisation-et-gouvernance\/au-sein-du-cirm\/\">Au sein du CIRM<\/a><\/p>\n<\/div>\n<\/div>\n\n\n\n<div class=\"wp-block-column is-layout-flow wp-block-column-is-layout-flow\">\n<div class=\"wp-block-group is-content-justification-right is-nowrap is-layout-flex wp-container-core-group-is-layout-fd526d70 wp-block-group-is-layout-flex\">\n<p class=\"has-text-align-right\"><a href=\"https:\/\/wp.unil.ch\/bluemount\/a-propos\/organisation-et-gouvernance\/comite-de-pilotage\/\">Comit\u00e9 de pilotage<\/a><\/p>\n\n\n\n<figure class=\"wp-block-image size-full is-resized\"><img alt=\"\" loading=\"lazy\" decoding=\"async\" width=\"120\" height=\"120\" src=\"https:\/\/wp.unil.ch\/bluemount\/files\/2024\/06\/Capture-decran-2024-06-20-a-14.18.40.png\" alt=\"\" class=\"wp-image-1444\" style=\"width:27px;height:auto\" \/><\/figure>\n<\/div>\n<\/div>\n<\/div>\n\n\n\n<hr class=\"wp-block-separator has-alpha-channel-opacity\" \/>\n","protected":false},"excerpt":{"rendered":"<p>L&rsquo;\u00e9quipe actuelle Ensemble nous d\u00e9veloppons BlueMount Les collaborateurs Depuis 2021 trois chercheurs postdoctorants ont contribu\u00e9 au projet et travaill\u00e9 avec nous. Au sein du CIRM Comit\u00e9 de pilotage<\/p>\n","protected":false},"author":1002192,"featured_media":1332,"parent":1433,"menu_order":2,"comment_status":"closed","ping_status":"closed","template":"template-full-width-cover.php","meta":{"_seopress_robots_primary_cat":"","_seopress_titles_title":"","_seopress_titles_desc":"","_seopress_robots_index":"","footnotes":""},"class_list":["post-346","page","type-page","status-publish","has-post-thumbnail"],"_links":{"self":[{"href":"https:\/\/wp.unil.ch\/bluemount\/wp-json\/wp\/v2\/pages\/346","targetHints":{"allow":["GET"]}}],"collection":[{"href":"https:\/\/wp.unil.ch\/bluemount\/wp-json\/wp\/v2\/pages"}],"about":[{"href":"https:\/\/wp.unil.ch\/bluemount\/wp-json\/wp\/v2\/types\/page"}],"author":[{"embeddable":true,"href":"https:\/\/wp.unil.ch\/bluemount\/wp-json\/wp\/v2\/users\/1002192"}],"replies":[{"embeddable":true,"href":"https:\/\/wp.unil.ch\/bluemount\/wp-json\/wp\/v2\/comments?post=346"}],"version-history":[{"count":5,"href":"https:\/\/wp.unil.ch\/bluemount\/wp-json\/wp\/v2\/pages\/346\/revisions"}],"predecessor-version":[{"id":1904,"href":"https:\/\/wp.unil.ch\/bluemount\/wp-json\/wp\/v2\/pages\/346\/revisions\/1904"}],"up":[{"embeddable":true,"href":"https:\/\/wp.unil.ch\/bluemount\/wp-json\/wp\/v2\/pages\/1433"}],"wp:featuredmedia":[{"embeddable":true,"href":"https:\/\/wp.unil.ch\/bluemount\/wp-json\/wp\/v2\/media\/1332"}],"wp:attachment":[{"href":"https:\/\/wp.unil.ch\/bluemount\/wp-json\/wp\/v2\/media?parent=346"}],"curies":[{"name":"wp","href":"https:\/\/api.w.org\/{rel}","templated":true}]}}