{"id":1842,"date":"2024-06-26T15:28:32","date_gmt":"2024-06-26T13:28:32","guid":{"rendered":"https:\/\/wp.unil.ch\/bluemount\/?page_id=1842"},"modified":"2024-06-26T15:28:32","modified_gmt":"2024-06-26T13:28:32","slug":"irrigation-optimisee","status":"publish","type":"page","link":"https:\/\/wp.unil.ch\/bluemount\/projets\/odile\/resultats-odile\/irrigation-optimisee\/","title":{"rendered":"Irrigation optimis\u00e9e"},"content":{"rendered":"\n<h2 class=\"wp-block-heading has-text-color has-link-color wp-elements-d79965488995fa433a4e6977f3c85395\" style=\"color:#a144f3\"><strong>Pratiques d&rsquo;irrigation et consommation d&rsquo;eau<\/strong><\/h2>\n\n\n\n<p>L&rsquo;<strong>objectif<\/strong> est d&rsquo;optimiser les pratiques d&rsquo;irrigation et la consommation d&rsquo;eau.<\/p>\n\n\n\n<p class=\"has-text-align-center has-background\" style=\"background-color:#a144f224\"><strong>Solution<\/strong> : outil d&rsquo;aide \u00e0 la d\u00e9cision bas\u00e9 sur des mesures d&rsquo;humidit\u00e9 du sol ainsi que des donn\u00e9es m\u00e9t\u00e9orologiques<\/p>\n\n\n<div class=\"wp-block-image\">\n<figure class=\"aligncenter size-large is-resized\"><img alt=\"\" loading=\"lazy\" decoding=\"async\" width=\"1024\" height=\"606\" src=\"https:\/\/wp.unil.ch\/bluemount\/files\/2023\/01\/AideDecision-1024x606.png\" alt=\"\" class=\"wp-image-1160\" style=\"width:768px;height:455px\" srcset=\"https:\/\/wp.unil.ch\/bluemount\/files\/2023\/01\/AideDecision-1024x606.png 1024w, https:\/\/wp.unil.ch\/bluemount\/files\/2023\/01\/AideDecision-300x178.png 300w, https:\/\/wp.unil.ch\/bluemount\/files\/2023\/01\/AideDecision-768x455.png 768w, https:\/\/wp.unil.ch\/bluemount\/files\/2023\/01\/AideDecision-540x320.png 540w, https:\/\/wp.unil.ch\/bluemount\/files\/2023\/01\/AideDecision-1080x639.png 1080w, https:\/\/wp.unil.ch\/bluemount\/files\/2023\/01\/AideDecision.png 1235w\" sizes=\"auto, (max-width: 1024px) 100vw, 1024px\" \/><figcaption class=\"wp-element-caption\">Outil d&rsquo;aide \u00e0 la d\u00e9cision en phase beta de d\u00e9veloppement, bas\u00e9 sur des mesures d&rsquo;humidit\u00e9 dans le sol et sur des donn\u00e9es m\u00e9t\u00e9orologiques. Haut: visualisation intuitive du besoin en eau (vert: pas de stress hydrique; rouge: stress hydrique). Bas: humidit\u00e9 le long du gradient de profondeur. <a href=\"https:\/\/agrolina.com\/fr\/accueil\/\" target=\"_blank\" rel=\"noreferrer noopener\">Plus de d\u00e9tails<\/a>\u00a0<\/figcaption><\/figure>\n<\/div>\n\n\n<div style=\"height:51px\" aria-hidden=\"true\" class=\"wp-block-spacer\"><\/div>\n\n\n\n<p><strong>Prestation 1<\/strong> : \u00e9conomie d&rsquo;eau entre 20% et 54%<\/p>\n\n\n\n<figure class=\"wp-block-image size-large\"><img alt=\"\" loading=\"lazy\" decoding=\"async\" width=\"1024\" height=\"457\" src=\"https:\/\/wp.unil.ch\/bluemount\/files\/2023\/01\/module-2-Fig.-1-1-1024x457.png\" alt=\"\" class=\"wp-image-1157\" srcset=\"https:\/\/wp.unil.ch\/bluemount\/files\/2023\/01\/module-2-Fig.-1-1-1024x457.png 1024w, https:\/\/wp.unil.ch\/bluemount\/files\/2023\/01\/module-2-Fig.-1-1-300x134.png 300w, https:\/\/wp.unil.ch\/bluemount\/files\/2023\/01\/module-2-Fig.-1-1-768x343.png 768w, https:\/\/wp.unil.ch\/bluemount\/files\/2023\/01\/module-2-Fig.-1-1-540x241.png 540w, https:\/\/wp.unil.ch\/bluemount\/files\/2023\/01\/module-2-Fig.-1-1-1080x482.png 1080w, https:\/\/wp.unil.ch\/bluemount\/files\/2023\/01\/module-2-Fig.-1-1.png 1290w\" sizes=\"auto, (max-width: 1024px) 100vw, 1024px\" \/><figcaption class=\"wp-element-caption\">Figure de gauche: volumes d&rsquo;eau moyens avec (barres de gauche, ray\u00e9es) et sans (barres de droite, grises) usage de l&rsquo;outil d&rsquo;aide \u00e0 la d\u00e9cision. Tableaux de droite: valeur cr\u00e9\u00e9e gr\u00e2ce \u00e0 l&rsquo;eau \u00e9conomis\u00e9e, gr\u00e2ce \u00e0 l&rsquo;usage de l&rsquo;outil d&rsquo;aide \u00e0 la d\u00e9cision.<\/figcaption><\/figure>\n\n\n\n<div style=\"height:51px\" aria-hidden=\"true\" class=\"wp-block-spacer\"><\/div>\n\n\n\n<p><strong>Prestation 2<\/strong> : gains en productivit\u00e9 entre 16% et 33%<\/p>\n\n\n<div class=\"wp-block-image\">\n<figure class=\"aligncenter size-large\"><img alt=\"\" loading=\"lazy\" decoding=\"async\" width=\"1024\" height=\"515\" src=\"https:\/\/wp.unil.ch\/bluemount\/files\/2023\/01\/Productivite-1024x515.png\" alt=\"\" class=\"wp-image-1169\" srcset=\"https:\/\/wp.unil.ch\/bluemount\/files\/2023\/01\/Productivite-1024x515.png 1024w, https:\/\/wp.unil.ch\/bluemount\/files\/2023\/01\/Productivite-300x151.png 300w, https:\/\/wp.unil.ch\/bluemount\/files\/2023\/01\/Productivite-768x386.png 768w, https:\/\/wp.unil.ch\/bluemount\/files\/2023\/01\/Productivite-540x272.png 540w, https:\/\/wp.unil.ch\/bluemount\/files\/2023\/01\/Productivite-1080x543.png 1080w, https:\/\/wp.unil.ch\/bluemount\/files\/2023\/01\/Productivite.png 1259w\" sizes=\"auto, (max-width: 1024px) 100vw, 1024px\" \/><\/figure>\n<\/div>","protected":false},"excerpt":{"rendered":"<p>Pratiques d&rsquo;irrigation et consommation d&rsquo;eau L&rsquo;objectif est d&rsquo;optimiser les pratiques d&rsquo;irrigation et la consommation d&rsquo;eau. Solution : outil d&rsquo;aide \u00e0 la d\u00e9cision bas\u00e9 sur des mesures d&rsquo;humidit\u00e9 du&hellip;<\/p>\n","protected":false},"author":1002816,"featured_media":881,"parent":1820,"menu_order":2,"comment_status":"closed","ping_status":"closed","template":"template-full-width.php","meta":{"_seopress_robots_primary_cat":"","_seopress_titles_title":"","_seopress_titles_desc":"","_seopress_robots_index":"","footnotes":""},"class_list":["post-1842","page","type-page","status-publish","has-post-thumbnail"],"_links":{"self":[{"href":"https:\/\/wp.unil.ch\/bluemount\/wp-json\/wp\/v2\/pages\/1842","targetHints":{"allow":["GET"]}}],"collection":[{"href":"https:\/\/wp.unil.ch\/bluemount\/wp-json\/wp\/v2\/pages"}],"about":[{"href":"https:\/\/wp.unil.ch\/bluemount\/wp-json\/wp\/v2\/types\/page"}],"author":[{"embeddable":true,"href":"https:\/\/wp.unil.ch\/bluemount\/wp-json\/wp\/v2\/users\/1002816"}],"replies":[{"embeddable":true,"href":"https:\/\/wp.unil.ch\/bluemount\/wp-json\/wp\/v2\/comments?post=1842"}],"version-history":[{"count":2,"href":"https:\/\/wp.unil.ch\/bluemount\/wp-json\/wp\/v2\/pages\/1842\/revisions"}],"predecessor-version":[{"id":1846,"href":"https:\/\/wp.unil.ch\/bluemount\/wp-json\/wp\/v2\/pages\/1842\/revisions\/1846"}],"up":[{"embeddable":true,"href":"https:\/\/wp.unil.ch\/bluemount\/wp-json\/wp\/v2\/pages\/1820"}],"wp:featuredmedia":[{"embeddable":true,"href":"https:\/\/wp.unil.ch\/bluemount\/wp-json\/wp\/v2\/media\/881"}],"wp:attachment":[{"href":"https:\/\/wp.unil.ch\/bluemount\/wp-json\/wp\/v2\/media?parent=1842"}],"curies":[{"name":"wp","href":"https:\/\/api.w.org\/{rel}","templated":true}]}}