{"id":1820,"date":"2024-06-26T14:35:02","date_gmt":"2024-06-26T12:35:02","guid":{"rendered":"https:\/\/wp.unil.ch\/bluemount\/?page_id=1820"},"modified":"2024-06-27T12:11:00","modified_gmt":"2024-06-27T10:11:00","slug":"resultats-odile","status":"publish","type":"page","link":"https:\/\/wp.unil.ch\/bluemount\/projets\/odile\/resultats-odile\/","title":{"rendered":"R\u00e9sultats du projet ODILE"},"content":{"rendered":"\n<p>Une <strong>solution double<\/strong> pour r\u00e9pondre aux objectifs fix\u00e9s<\/p>\n\n\n\n<div class=\"wp-block-columns alignwide are-vertically-aligned-center is-layout-flex wp-container-core-columns-is-layout-9d6595d7 wp-block-columns-is-layout-flex\">\n<div class=\"wp-block-column is-vertically-aligned-center is-layout-flow wp-block-column-is-layout-flow\">\n<div class=\"wp-block-cover is-light\" style=\"min-height:263px;aspect-ratio:unset;\"><span aria-hidden=\"true\" class=\"wp-block-cover__background has-background-dim\" style=\"background-color:#758ba9\"><\/span><img alt=\"\" loading=\"lazy\" decoding=\"async\" width=\"768\" height=\"1024\" class=\"wp-block-cover__image-background wp-image-1124\" alt=\"\" src=\"https:\/\/wp.unil.ch\/bluemount\/files\/2023\/01\/IMG-20220519-WA0000.jpg\" data-object-fit=\"cover\" srcset=\"https:\/\/wp.unil.ch\/bluemount\/files\/2023\/01\/IMG-20220519-WA0000.jpg 768w, https:\/\/wp.unil.ch\/bluemount\/files\/2023\/01\/IMG-20220519-WA0000-225x300.jpg 225w, https:\/\/wp.unil.ch\/bluemount\/files\/2023\/01\/IMG-20220519-WA0000-540x720.jpg 540w\" sizes=\"auto, (max-width: 768px) 100vw, 768px\" \/><div class=\"wp-block-cover__inner-container is-layout-flow wp-block-cover-is-layout-flow\">\n<h2 class=\"wp-block-heading has-text-align-center has-background-color has-text-color has-link-color has-large-font-size wp-elements-2fe06d3efbc207463386537ca089e4f6\"><a href=\"https:\/\/wp.unil.ch\/bluemount\/?page_id=1832\">IRRIGATION AUTOMATIS\u00c9E<\/a><\/h2>\n\n\n\n<p class=\"has-text-align-center has-background-color has-text-color has-link-color wp-elements-251204cbead1941d88ffa8a0e77dbfb4\">des vannes connect\u00e9es pour une ouverture et une fermeture \u00e0 distance<\/p>\n<\/div><\/div>\n<\/div>\n\n\n\n<div class=\"wp-block-column is-vertically-aligned-center is-layout-flow wp-block-column-is-layout-flow\">\n<div class=\"wp-block-cover\" style=\"min-height:261px;aspect-ratio:unset;\"><span aria-hidden=\"true\" class=\"wp-block-cover__background has-background-dim\" style=\"background-color:#6c7f8a\"><\/span><img alt=\"\" loading=\"lazy\" decoding=\"async\" width=\"1600\" height=\"1200\" class=\"wp-block-cover__image-background wp-image-1123\" alt=\"\" src=\"https:\/\/wp.unil.ch\/bluemount\/files\/2023\/01\/Prairie_0487_printemps_Bagne-1.jpeg\" data-object-fit=\"cover\" srcset=\"https:\/\/wp.unil.ch\/bluemount\/files\/2023\/01\/Prairie_0487_printemps_Bagne-1.jpeg 1600w, https:\/\/wp.unil.ch\/bluemount\/files\/2023\/01\/Prairie_0487_printemps_Bagne-1-300x225.jpeg 300w, https:\/\/wp.unil.ch\/bluemount\/files\/2023\/01\/Prairie_0487_printemps_Bagne-1-1024x768.jpeg 1024w, https:\/\/wp.unil.ch\/bluemount\/files\/2023\/01\/Prairie_0487_printemps_Bagne-1-768x576.jpeg 768w, https:\/\/wp.unil.ch\/bluemount\/files\/2023\/01\/Prairie_0487_printemps_Bagne-1-1536x1152.jpeg 1536w, https:\/\/wp.unil.ch\/bluemount\/files\/2023\/01\/Prairie_0487_printemps_Bagne-1-540x405.jpeg 540w, https:\/\/wp.unil.ch\/bluemount\/files\/2023\/01\/Prairie_0487_printemps_Bagne-1-1080x810.jpeg 1080w\" sizes=\"auto, (max-width: 1600px) 100vw, 1600px\" \/><div class=\"wp-block-cover__inner-container is-layout-flow wp-block-cover-is-layout-flow\">\n<p class=\"has-text-align-center has-background-color has-text-color has-link-color has-large-font-size wp-elements-bae516d7c0e0b4a361215a8493c177ea\"><a href=\"https:\/\/wp.unil.ch\/bluemount\/?page_id=1842\">IRRIGATION OPTIMIS\u00c9E<\/a><\/p>\n\n\n\n<p class=\"has-text-align-center\">un outil d&rsquo;aide \u00e0 la d\u00e9cision qui informe o\u00f9, quand, et combien irriguer<\/p>\n<\/div><\/div>\n<\/div>\n<\/div>\n","protected":false},"excerpt":{"rendered":"<p>Une solution double pour r\u00e9pondre aux objectifs fix\u00e9s<\/p>\n","protected":false},"author":1002816,"featured_media":937,"parent":1792,"menu_order":2,"comment_status":"closed","ping_status":"closed","template":"template-full-width.php","meta":{"_seopress_robots_primary_cat":"","_seopress_titles_title":"","_seopress_titles_desc":"","_seopress_robots_index":"","footnotes":""},"class_list":["post-1820","page","type-page","status-publish","has-post-thumbnail"],"_links":{"self":[{"href":"https:\/\/wp.unil.ch\/bluemount\/wp-json\/wp\/v2\/pages\/1820","targetHints":{"allow":["GET"]}}],"collection":[{"href":"https:\/\/wp.unil.ch\/bluemount\/wp-json\/wp\/v2\/pages"}],"about":[{"href":"https:\/\/wp.unil.ch\/bluemount\/wp-json\/wp\/v2\/types\/page"}],"author":[{"embeddable":true,"href":"https:\/\/wp.unil.ch\/bluemount\/wp-json\/wp\/v2\/users\/1002816"}],"replies":[{"embeddable":true,"href":"https:\/\/wp.unil.ch\/bluemount\/wp-json\/wp\/v2\/comments?post=1820"}],"version-history":[{"count":5,"href":"https:\/\/wp.unil.ch\/bluemount\/wp-json\/wp\/v2\/pages\/1820\/revisions"}],"predecessor-version":[{"id":1914,"href":"https:\/\/wp.unil.ch\/bluemount\/wp-json\/wp\/v2\/pages\/1820\/revisions\/1914"}],"up":[{"embeddable":true,"href":"https:\/\/wp.unil.ch\/bluemount\/wp-json\/wp\/v2\/pages\/1792"}],"wp:featuredmedia":[{"embeddable":true,"href":"https:\/\/wp.unil.ch\/bluemount\/wp-json\/wp\/v2\/media\/937"}],"wp:attachment":[{"href":"https:\/\/wp.unil.ch\/bluemount\/wp-json\/wp\/v2\/media?parent=1820"}],"curies":[{"name":"wp","href":"https:\/\/api.w.org\/{rel}","templated":true}]}}