{"id":1792,"date":"2024-06-26T13:38:21","date_gmt":"2024-06-26T11:38:21","guid":{"rendered":"https:\/\/wp.unil.ch\/bluemount\/?page_id=1792"},"modified":"2024-09-23T22:03:57","modified_gmt":"2024-09-23T20:03:57","slug":"odile","status":"publish","type":"page","link":"https:\/\/wp.unil.ch\/bluemount\/projets\/odile\/","title":{"rendered":"ODILE : Optimisation de l&rsquo;Irrigation dans l&rsquo;Entremont"},"content":{"rendered":"\n<h2 class=\"wp-block-heading has-text-color has-link-color wp-elements-2a251838b6d631477cc73dddd83e592d\" style=\"color:#a144f3\">Solution d\u2019optimisation de l\u2019irrigation<\/h2>\n\n\n\n<p>La gestion de l\u2019eau d\u2019irrigation est un <strong>enjeux soci\u00e9tal, culturel, politique et \u00e9conomique<\/strong> dans le contexte des changements climatiques.<\/p>\n\n\n\n<p>Au niveau des <strong>politiques publiques<\/strong>, elle est une probl\u00e9matique intersectorielle.<\/p>\n\n\n\n<p>Pour les <strong>agriculteurs<\/strong>, elle s\u2019ins\u00e8re dans une probl\u00e9matique complexe de gestion du temps et d\u2019optimisation des cultures afin d\u2019assurer un rendement maximal pour chaque parcelle au cours du temps selon les besoins des plantes, les caract\u00e9ristiques des parcelles ainsi que les contingences individuelles.<\/p>\n\n\n\n<p>Du point de vue des <strong>gestionnaires de l\u2019eau<\/strong>, la&nbsp;perte d\u2019eau li\u00e9e aux pratiques d\u2019irrigation actuelles est consid\u00e9rable et vient s\u2019ajouter aux fuites sur des infrastructures d\u2019acheminement d\u2019eau qui commencent \u00e0 \u00eatre v\u00e9tustes.<\/p>\n\n\n\n<p>Il s\u2019agit d\u00e9sormais d\u2019<strong>optimiser<\/strong> d\u2019une part les volumes d\u2019eau d\u2019irrigation pour \u00e9viter les conflits avec d\u2019autres usages sur le long terme et d\u2019autre part le dimensionnement des r\u00e9seaux lors de leur modernisation afin de limiter le co\u00fbt des infrastructures.&nbsp;<\/p>\n\n\n\n<h2 class=\"wp-block-heading has-text-color has-link-color wp-elements-0bfefb70148829d946052cc69d485a37\" style=\"color:#a144f3\">Objectifs<\/h2>\n\n\n\n<p>Sur la base de diff\u00e9rents sondages men\u00e9s aupr\u00e8s des parties prenantes impliqu\u00e9es dans la gestion et l\u2019utilisation de l\u2019eau d\u2019irrigation dans l\u2019<strong>agriculture de montagne dans l\u2019Entremont<\/strong> (agriculteurs, communes, institutions, et distributeurs d\u2019eau), nous souhaitons \u00e0 terme&nbsp;:&nbsp;<\/p>\n\n\n\n<ul style=\"background-color:#a144f224\" class=\"wp-block-list has-background\">\n<li>permettre aux agriculteurs de r\u00e9duire la charge de travail et les risques li\u00e9s \u00e0 l\u2019irrigation;<\/li>\n\n\n\n<li>permettre aux agriculteurs d\u2019adopter des pratiques d\u2019irrigations qui diminuent l\u2019utilisation d\u2019eau tout en garantissant un rendement et une productivit\u00e9 maximale des parcelles;<\/li>\n\n\n\n<li>permettre aux fournisseurs d\u2019\u00e9valuer en temps r\u00e9el les besoins en eau et d\u2019ainsi \u00e9laborer \u00e0 moyen terme des strat\u00e9gies durables de disponibilit\u00e9 de l\u2019eau d\u2019irrigation;<\/li>\n\n\n\n<li>permettre aux collectivit\u00e9s de diminuer la consommation totale d\u2019eau d\u2019irrigation et ainsi contribuer \u00e0 une meilleure gestion int\u00e9gr\u00e9e de l\u2019eau entre secteurs et en vue des changements climatiques en cours.<\/li>\n<\/ul>\n\n\n\n<div class=\"wp-block-group\"><div class=\"wp-block-group__inner-container is-layout-constrained wp-block-group-is-layout-constrained\">\n<h2 class=\"wp-block-heading alignwide has-text-align-center has-text-color has-link-color wp-elements-b4ddbef5f9cf1dba0bb9caa5b2c9edae\" style=\"color:#a144f3\">Pour en savoir plus<\/h2>\n\n\n\n<div class=\"wp-block-columns has-background is-layout-flex wp-container-core-columns-is-layout-9d6595d7 wp-block-columns-is-layout-flex\" style=\"background:linear-gradient(135deg,rgb(6,147,227) 0%,rgb(155,81,224) 76%,rgb(155,81,224) 100%)\">\n<div class=\"wp-block-column is-layout-flow wp-block-column-is-layout-flow\">\n<div class=\"wp-block-buttons is-content-justification-center is-layout-flex wp-container-core-buttons-is-layout-16018d1d wp-block-buttons-is-layout-flex\">\n<div class=\"wp-block-button\"><a class=\"wp-block-button__link has-primary-color has-background-background-color has-text-color has-background has-link-color wp-element-button\" href=\"https:\/\/wp.unil.ch\/bluemount\/?page_id=1799\">Partenaires<\/a><\/div>\n<\/div>\n<\/div>\n\n\n\n<div class=\"wp-block-column is-layout-flow wp-block-column-is-layout-flow\">\n<div class=\"wp-block-buttons is-content-justification-center is-layout-flex wp-container-core-buttons-is-layout-16018d1d wp-block-buttons-is-layout-flex\">\n<div class=\"wp-block-button\"><a class=\"wp-block-button__link has-primary-color has-background-background-color has-text-color has-background has-link-color wp-element-button\" href=\"https:\/\/wp.unil.ch\/bluemount\/projets\/odile\/resultats-odile\/\">R\u00e9sultats<\/a><\/div>\n<\/div>\n<\/div>\n<\/div>\n<\/div><\/div>\n\n\n\n<p><\/p>\n","protected":false},"excerpt":{"rendered":"<p>Solution d\u2019optimisation de l\u2019irrigation La gestion de l\u2019eau d\u2019irrigation est un enjeux soci\u00e9tal, culturel, politique et \u00e9conomique dans le contexte des changements climatiques. Au niveau des politiques publiques,&hellip;<\/p>\n","protected":false},"author":1002816,"featured_media":881,"parent":1496,"menu_order":2,"comment_status":"closed","ping_status":"closed","template":"template-full-width.php","meta":{"_seopress_robots_primary_cat":"","_seopress_titles_title":"","_seopress_titles_desc":"","_seopress_robots_index":"","footnotes":""},"class_list":["post-1792","page","type-page","status-publish","has-post-thumbnail"],"_links":{"self":[{"href":"https:\/\/wp.unil.ch\/bluemount\/wp-json\/wp\/v2\/pages\/1792","targetHints":{"allow":["GET"]}}],"collection":[{"href":"https:\/\/wp.unil.ch\/bluemount\/wp-json\/wp\/v2\/pages"}],"about":[{"href":"https:\/\/wp.unil.ch\/bluemount\/wp-json\/wp\/v2\/types\/page"}],"author":[{"embeddable":true,"href":"https:\/\/wp.unil.ch\/bluemount\/wp-json\/wp\/v2\/users\/1002816"}],"replies":[{"embeddable":true,"href":"https:\/\/wp.unil.ch\/bluemount\/wp-json\/wp\/v2\/comments?post=1792"}],"version-history":[{"count":5,"href":"https:\/\/wp.unil.ch\/bluemount\/wp-json\/wp\/v2\/pages\/1792\/revisions"}],"predecessor-version":[{"id":1942,"href":"https:\/\/wp.unil.ch\/bluemount\/wp-json\/wp\/v2\/pages\/1792\/revisions\/1942"}],"up":[{"embeddable":true,"href":"https:\/\/wp.unil.ch\/bluemount\/wp-json\/wp\/v2\/pages\/1496"}],"wp:featuredmedia":[{"embeddable":true,"href":"https:\/\/wp.unil.ch\/bluemount\/wp-json\/wp\/v2\/media\/881"}],"wp:attachment":[{"href":"https:\/\/wp.unil.ch\/bluemount\/wp-json\/wp\/v2\/media?parent=1792"}],"curies":[{"name":"wp","href":"https:\/\/api.w.org\/{rel}","templated":true}]}}