{"id":1787,"date":"2024-06-26T13:19:28","date_gmt":"2024-06-26T11:19:28","guid":{"rendered":"https:\/\/wp.unil.ch\/bluemount\/?page_id=1787"},"modified":"2024-06-26T13:19:28","modified_gmt":"2024-06-26T11:19:28","slug":"interface-numerique","status":"publish","type":"page","link":"https:\/\/wp.unil.ch\/bluemount\/a-propos\/axes-de-developpement\/interface-numerique\/","title":{"rendered":"Interface num\u00e9rique"},"content":{"rendered":"\n<h2 class=\"wp-block-heading has-text-color has-link-color wp-elements-400abc753949dd469edf706b6add2353\" style=\"color:#a144f3\">Connaissances scientifiques synth\u00e9tis\u00e9es<\/h2>\n\n\n\n<p>L&rsquo;<strong>objectif<\/strong> est la mise \u00e0\u00a0disposition de\u00a0r\u00e9sultats\u00a0et de\u00a0connaissances\u00a0scientifiques\u00a0<strong>synth\u00e9tis\u00e9es<\/strong>\u00a0de mani\u00e8re interactive.<\/p>\n\n\n\n<h2 class=\"wp-block-heading has-text-color has-link-color wp-elements-76e7c410ca09e6614a7918514d3e7192\" style=\"color:#a144f3\">Produit<\/h2>\n\n\n\n<p><strong>Navigateur\u00a0et visualisation\u00a0<\/strong>des indicateurs issus de la recherche \u00e0 destinations des gestionnaires et des administrations publiques.<\/p>\n\n\n\n<div class=\"wp-block-buttons is-content-justification-center is-layout-flex wp-container-core-buttons-is-layout-16018d1d wp-block-buttons-is-layout-flex\">\n<div class=\"wp-block-button\"><a class=\"wp-block-button__link has-background-color has-text-color has-background has-link-color wp-element-button\" style=\"background:linear-gradient(135deg,rgb(6,147,227) 0%,rgb(155,81,224) 63%,rgb(155,81,224) 100%)\">Acc\u00e8s au navigateur (bient\u00f4t disponible)<\/a><\/div>\n<\/div>\n","protected":false},"excerpt":{"rendered":"<p>Connaissances scientifiques synth\u00e9tis\u00e9es L&rsquo;objectif est la mise \u00e0\u00a0disposition de\u00a0r\u00e9sultats\u00a0et de\u00a0connaissances\u00a0scientifiques\u00a0synth\u00e9tis\u00e9es\u00a0de mani\u00e8re interactive. Produit Navigateur\u00a0et visualisation\u00a0des indicateurs issus de la recherche \u00e0 destinations des gestionnaires et des administrations publiques.<\/p>\n","protected":false},"author":1002816,"featured_media":1358,"parent":1465,"menu_order":1,"comment_status":"closed","ping_status":"closed","template":"template-full-width-cover.php","meta":{"_seopress_robots_primary_cat":"","_seopress_titles_title":"","_seopress_titles_desc":"","_seopress_robots_index":"","footnotes":""},"class_list":["post-1787","page","type-page","status-publish","has-post-thumbnail"],"_links":{"self":[{"href":"https:\/\/wp.unil.ch\/bluemount\/wp-json\/wp\/v2\/pages\/1787","targetHints":{"allow":["GET"]}}],"collection":[{"href":"https:\/\/wp.unil.ch\/bluemount\/wp-json\/wp\/v2\/pages"}],"about":[{"href":"https:\/\/wp.unil.ch\/bluemount\/wp-json\/wp\/v2\/types\/page"}],"author":[{"embeddable":true,"href":"https:\/\/wp.unil.ch\/bluemount\/wp-json\/wp\/v2\/users\/1002816"}],"replies":[{"embeddable":true,"href":"https:\/\/wp.unil.ch\/bluemount\/wp-json\/wp\/v2\/comments?post=1787"}],"version-history":[{"count":2,"href":"https:\/\/wp.unil.ch\/bluemount\/wp-json\/wp\/v2\/pages\/1787\/revisions"}],"predecessor-version":[{"id":1789,"href":"https:\/\/wp.unil.ch\/bluemount\/wp-json\/wp\/v2\/pages\/1787\/revisions\/1789"}],"up":[{"embeddable":true,"href":"https:\/\/wp.unil.ch\/bluemount\/wp-json\/wp\/v2\/pages\/1465"}],"wp:featuredmedia":[{"embeddable":true,"href":"https:\/\/wp.unil.ch\/bluemount\/wp-json\/wp\/v2\/media\/1358"}],"wp:attachment":[{"href":"https:\/\/wp.unil.ch\/bluemount\/wp-json\/wp\/v2\/media?parent=1787"}],"curies":[{"name":"wp","href":"https:\/\/api.w.org\/{rel}","templated":true}]}}