{"id":1689,"date":"2024-06-25T15:12:11","date_gmt":"2024-06-25T13:12:11","guid":{"rendered":"https:\/\/wp.unil.ch\/bluemount\/?page_id=1689"},"modified":"2024-06-26T11:11:14","modified_gmt":"2024-06-26T09:11:14","slug":"leau-dans-le-parc-jura-vaudois","status":"publish","type":"page","link":"https:\/\/wp.unil.ch\/bluemount\/projets\/labeau\/resultats-labeau\/leau-dans-le-parc-jura-vaudois\/","title":{"rendered":"L\u2019eau dans le Parc Jura vaudois"},"content":{"rendered":"\n<div class=\"wp-block-columns is-layout-flex wp-container-core-columns-is-layout-9d6595d7 wp-block-columns-is-layout-flex\">\n<div class=\"wp-block-column is-vertically-aligned-center is-layout-flow wp-block-column-is-layout-flow\"><div class=\"wp-block-image\">\n<figure class=\"aligncenter size-full is-resized\"><img alt=\"\" loading=\"lazy\" decoding=\"async\" width=\"453\" height=\"300\" src=\"https:\/\/wp.unil.ch\/bluemount\/files\/2024\/06\/Alpage-des-Chenevieres-commune-de-Le-Vaud-E-Reynard-1.jpg\" alt=\"\" class=\"wp-image-1693\" style=\"width:448px;height:auto\" srcset=\"https:\/\/wp.unil.ch\/bluemount\/files\/2024\/06\/Alpage-des-Chenevieres-commune-de-Le-Vaud-E-Reynard-1.jpg 453w, https:\/\/wp.unil.ch\/bluemount\/files\/2024\/06\/Alpage-des-Chenevieres-commune-de-Le-Vaud-E-Reynard-1-300x199.jpg 300w\" sizes=\"auto, (max-width: 453px) 100vw, 453px\" \/><figcaption class=\"wp-element-caption\"><em>Alpage des Chenevi\u00e8res, commune de Le Vaud<\/em><\/figcaption><\/figure>\n<\/div><\/div>\n\n\n\n<div class=\"wp-block-column is-vertically-aligned-center is-layout-flow wp-block-column-is-layout-flow\">\n<h2 class=\"wp-block-heading has-text-color has-link-color wp-elements-54c276205bd11e9f9b63886dba58428a\" style=\"color:#a144f3\">L&rsquo;eau dans les p\u00e2turages bois\u00e9s<\/h2>\n\n\n\n<p>En collaboration avec le Parc Jura vaudois, l\u2019Universit\u00e9 de Lausanne (Institut de g\u00e9ographie et durabilit\u00e9 IGD, CIRM) m\u00e8ne plusieurs recherches sur l\u2019eau dans les p\u00e2turages bois\u00e9s du Parc. L\u2019objectif est d\u2019obtenir une meilleure vision des enjeux li\u00e9s \u00e0 l\u2019exploitation combin\u00e9e de l\u2019eau, de la for\u00eat et des herbages dans les alpages du Parc.&nbsp;&nbsp;&nbsp;<\/p>\n<\/div>\n<\/div>\n\n\n\n<p>Le travail est r\u00e9alis\u00e9 sous deux formes&nbsp;:&nbsp;<\/p>\n\n\n\n<ul class=\"wp-block-list\">\n<li>Une collaboration d\u2019<strong>enseignement<\/strong>\u00a0avec le Parc dans le cadre du cours \u00ab\u00a0Am\u00e9nagement de la montagne\u00a0\u00bb du master de g\u00e9ographie (Prof. Emmanuel Reynard), depuis 2020. Les \u00e9tudiant\u00b7e\u00b7s explorent diff\u00e9rentes th\u00e9matiques territoriales des communes du Parc. La gestion de l\u2019eau dans les alpages fait chaque ann\u00e9e partie des th\u00e9matiques trait\u00e9es.\u00a0<\/li>\n\n\n\n<li>Un mandat de\u00a0<strong>recherche<\/strong>\u00a0pour la Parc, r\u00e9alis\u00e9 par le CIRM et le bureau g\u00e9au environnements (2023-2024) qui consiste \u00e0 \u00e9tudier dans le d\u00e9tail la gestion de l\u2019eau \u00e0 l\u2019\u00e9chelle d\u2019une micro-r\u00e9gion d\u2019estivage (commune de Le Vaud) \u00e0 l\u2019\u00e9chelle de cinq alpages.\u00a0<\/li>\n<\/ul>\n","protected":false},"excerpt":{"rendered":"<p>L&rsquo;eau dans les p\u00e2turages bois\u00e9s En collaboration avec le Parc Jura vaudois, l\u2019Universit\u00e9 de Lausanne (Institut de g\u00e9ographie et durabilit\u00e9 IGD, CIRM) m\u00e8ne plusieurs recherches sur l\u2019eau dans&hellip;<\/p>\n","protected":false},"author":1002816,"featured_media":0,"parent":1658,"menu_order":3,"comment_status":"closed","ping_status":"closed","template":"template-full-width.php","meta":{"_seopress_robots_primary_cat":"","_seopress_titles_title":"","_seopress_titles_desc":"","_seopress_robots_index":"","footnotes":""},"class_list":["post-1689","page","type-page","status-publish","has-post-thumbnail"],"_links":{"self":[{"href":"https:\/\/wp.unil.ch\/bluemount\/wp-json\/wp\/v2\/pages\/1689","targetHints":{"allow":["GET"]}}],"collection":[{"href":"https:\/\/wp.unil.ch\/bluemount\/wp-json\/wp\/v2\/pages"}],"about":[{"href":"https:\/\/wp.unil.ch\/bluemount\/wp-json\/wp\/v2\/types\/page"}],"author":[{"embeddable":true,"href":"https:\/\/wp.unil.ch\/bluemount\/wp-json\/wp\/v2\/users\/1002816"}],"replies":[{"embeddable":true,"href":"https:\/\/wp.unil.ch\/bluemount\/wp-json\/wp\/v2\/comments?post=1689"}],"version-history":[{"count":4,"href":"https:\/\/wp.unil.ch\/bluemount\/wp-json\/wp\/v2\/pages\/1689\/revisions"}],"predecessor-version":[{"id":1702,"href":"https:\/\/wp.unil.ch\/bluemount\/wp-json\/wp\/v2\/pages\/1689\/revisions\/1702"}],"up":[{"embeddable":true,"href":"https:\/\/wp.unil.ch\/bluemount\/wp-json\/wp\/v2\/pages\/1658"}],"wp:attachment":[{"href":"https:\/\/wp.unil.ch\/bluemount\/wp-json\/wp\/v2\/media?parent=1689"}],"curies":[{"name":"wp","href":"https:\/\/api.w.org\/{rel}","templated":true}]}}